{"id":949,"date":"2022-06-01T20:36:05","date_gmt":"2022-06-01T13:36:05","guid":{"rendered":"https:\/\/webmaibinh.com\/w\/pallethoangdung\/?post_type=product&#038;p=949"},"modified":"2023-03-28T20:22:02","modified_gmt":"2023-03-28T13:22:02","slug":"pallet-go-4-huong-nang-tai-trong-100-kg","status":"publish","type":"product","link":"https:\/\/webmaibinh.com\/w\/pallethoangdung\/san-pham\/pallet-go-4-huong-nang-tai-trong-100-kg\/","title":{"rendered":"Pallet g\u1ed7 4 h\u01b0\u1edbng n\u00e2ng \u2013 T\u1ea3i tr\u1ecdng 100 Kg"},"content":{"rendered":"<p style=\"text-align: justify;\">Lo\u1ea1i\u00a0<strong>pallet g\u1ed7<\/strong>\u00a0d\u00f9ng \u0111\u1ec3 ch\u1ee9a h\u00e0ng nh\u1eb9 nh\u01b0 v\u1ea3i, s\u1ee3i, v\u1ecf lon\u2026 Gi\u00e1 r\u1ebb v\u00e0 nh\u1eb9 l\u00e0 \u01b0u \u0111i\u1ec3m n\u1ebfu c\u00f4ng ty b\u1ea1n \u0111\u1ef1ng h\u00e0ng nh\u1eb9 th\u00ec \u0111\u00e2y l\u00e0 s\u1ea3n ph\u1ea9m ph\u00f9 h\u1ee3p nh\u1ea5t.<\/p>\n<hr \/>\n<h2>\u0110\u1eb7c \u0111i\u1ec3m s\u1ea3n ph\u1ea9m:<\/h2>\n<p>\u2013 S\u1eed d\u1ee5ng \u0111\u01b0\u1ee3c cho c\u1ea3 xe n\u00e2ng tay v\u00e0 n\u00e2ng m\u00e1y.<br \/>\n(Xem th\u00eam:\u00a0C\u00e1ch s\u1eed d\u1ee5ng pallet g\u1ed7)<br \/>\n\u2013 Ch\u1ec9 ph\u00f9 h\u1ee3p v\u1edbi l\u01b0u kho v\u00e0 v\u1eadn chuy\u1ec3n trong n\u1ed9i b\u1ed9 nh\u00e0 m\u00e1y, kh\u00f4ng th\u00edch h\u1ee3p v\u1edbi v\u1eadn chuy\u1ec3n contianer.<br \/>\n(Xem th\u00eam\u00a0C\u00e1ch \u0111\u00f3ng h\u00e0ng v\u00e0o container)<br \/>\n\u2013 S\u1ea3n ph\u1ea9m c\u00f3 th\u1ec3 \u0111\u01b0\u1ee3c s\u1ea5y kh\u00f4 ho\u1eb7c ph\u01a1i kh\u00f4 t\u1ef1 nhi\u00ean ho\u1eb7c kh\u1eed tr\u00f9ng t\u00f9y theo nhu c\u1ea7u s\u1eed d\u1ee5ng.<br \/>\n(Xem th\u00eam\u00a0khi n\u00e0o c\u1ea7n ph\u1ea3i s\u1ea5y pallet g\u1ed7,\u00a0khi n\u00e0o c\u1ea7n kh\u1eed tr\u00f9ng pallet g\u1ed7)<\/p>\n<hr \/>\n<h2>K\u00edch th\u01b0\u1edbc chi ti\u1ebft:<\/h2>\n<table border=\"1\" cellspacing=\"1\" cellpadding=\"1\">\n<tbody>\n<tr>\n<td>\u00a0<strong>M\u00c3 S\u1ea2N PH\u1ea8M<\/strong><\/td>\n<td>\u00a04W100<\/td>\n<\/tr>\n<tr>\n<td>\u00a0\u0110\u01a1n v\u1ecb<\/td>\n<td>\u00a0mm<\/td>\n<\/tr>\n<tr>\n<td>\u00a0K\u00edch th\u01b0\u1edbc t\u1ed5ng th\u1ec3<\/td>\n<td>\u00a01000 x 1000 x 140<\/td>\n<\/tr>\n<tr>\n<td>\u00a0Nguy\u00ean li\u1ec7u<\/td>\n<td>\u00a0G\u1ed7 keo(Acacia)<\/td>\n<\/tr>\n<tr>\n<td>\u00a0T\u1ea3i tr\u1ecdng<\/td>\n<td>\u00a0100 KG<\/td>\n<\/tr>\n<tr>\n<td>\u00a0S\u1ed1\u00a0h\u01b0\u1edbng n\u00e2ng<\/td>\n<td>\u00a04<\/td>\n<\/tr>\n<tr>\n<td>\u00a0Khe h\u1edf m\u1eb7t tr\u00ean<\/td>\n<td>\u00a0115<\/td>\n<\/tr>\n<tr>\n<td>\u00a0Thanh m\u1eb7t tr\u00ean<\/td>\n<td>\u00a01000 x 80 x 15 (5 thanh)<\/td>\n<\/tr>\n<tr>\n<td>\u00a0Thanh li\u00ean k\u1ebft<\/td>\n<td>\u00a01000 x 70 x 15 (3 thanh)<\/td>\n<\/tr>\n<tr>\n<td>\u00a0C\u1ee5c li\u00ean k\u1ebft<\/td>\n<td>\u00a0110 x 90 x 70 (9 c\u1ee5c)<\/td>\n<\/tr>\n<tr>\n<td>\u00a0Thanh m\u1eb7t d\u01b0\u1edbi<\/td>\n<td>\u00a01000 x 70 x 15 (3 thanh)<\/td>\n<\/tr>\n<\/tbody>\n<\/table>\n","protected":false},"excerpt":{"rendered":"<p>Lo\u1ea1i\u00a0pallet g\u1ed7\u00a0d\u00f9ng \u0111\u1ec3 ch\u1ee9a h\u00e0ng nh\u1eb9 nh\u01b0 v\u1ea3i, s\u1ee3i, v\u1ecf lon\u2026 Gi\u00e1 r\u1ebb v\u00e0 nh\u1eb9 l\u00e0 \u01b0u \u0111i\u1ec3m n\u1ebfu c\u00f4ng ty b\u1ea1n \u0111\u1ef1ng h\u00e0ng nh\u1eb9 th\u00ec \u0111\u00e2y l\u00e0 s\u1ea3n ph\u1ea9m ph\u00f9 h\u1ee3p nh\u1ea5t. \u0110\u1eb7c \u0111i\u1ec3m s\u1ea3n ph\u1ea9m: \u2013 S\u1eed d\u1ee5ng \u0111\u01b0\u1ee3c cho c\u1ea3 xe n\u00e2ng tay v\u00e0 n\u00e2ng m\u00e1y. (Xem th\u00eam:\u00a0C\u00e1ch s\u1eed d\u1ee5ng pallet g\u1ed7) [&#8230;]\n","protected":false},"featured_media":1234,"comment_status":"open","ping_status":"closed","template":"","meta":[],"_links":{"self":[{"href":"https:\/\/webmaibinh.com\/w\/pallethoangdung\/wp-json\/wp\/v2\/product\/949"}],"collection":[{"href":"https:\/\/webmaibinh.com\/w\/pallethoangdung\/wp-json\/wp\/v2\/product"}],"about":[{"href":"https:\/\/webmaibinh.com\/w\/pallethoangdung\/wp-json\/wp\/v2\/types\/product"}],"replies":[{"embeddable":true,"href":"https:\/\/webmaibinh.com\/w\/pallethoangdung\/wp-json\/wp\/v2\/comments?post=949"}],"wp:featuredmedia":[{"embeddable":true,"href":"https:\/\/webmaibinh.com\/w\/pallethoangdung\/wp-json\/wp\/v2\/media\/1234"}],"wp:attachment":[{"href":"https:\/\/webmaibinh.com\/w\/pallethoangdung\/wp-json\/wp\/v2\/media?parent=949"}],"curies":[{"name":"wp","href":"https:\/\/api.w.org\/{rel}","templated":true}]}}