{"id":1007,"date":"2022-06-02T20:24:49","date_gmt":"2022-06-02T13:24:49","guid":{"rendered":"https:\/\/webmaibinh.com\/w\/pallethoangdung\/?post_type=product&#038;p=1007"},"modified":"2023-03-28T20:16:02","modified_gmt":"2023-03-28T13:16:02","slug":"pallet-go-dinh-vi-theo-hang-hoa-2","status":"publish","type":"product","link":"https:\/\/webmaibinh.com\/w\/pallethoangdung\/san-pham\/pallet-go-dinh-vi-theo-hang-hoa-2\/","title":{"rendered":"Pallet g\u1ed7 \u0111\u1ecbnh v\u1ecb theo h\u00e0ng h\u00f3a"},"content":{"rendered":"<p style=\"text-align: justify;\"><span style=\"color: #000000;\">Lo\u1ea1i\u00a0<strong>pallet g\u1ed7<\/strong> t\u00f9y theo m\u1ee5c \u0111\u00edch s\u1eed d\u1ee5ng sao cho thu\u1eadn ti\u1ec7n trong vi\u1ec7c l\u01b0u kho v\u00e0 v\u1eadn chuy\u1ec3n h\u00e0ng, c\u00f3 th\u1ec3 \u0111\u01b0\u1ee3c thi\u1ebft k\u1ebf kh\u00e1c bi\u1ec7t v\u00ed d\u1ee5 nh\u01b0 chi\u1ebfc pallet g\u1ed7 nh\u01b0 h\u00ecnh d\u01b0\u1edbi \u0111\u00e2y l\u00e0 lo\u1ea1i pallet g\u1ed7 \u0111\u01b0\u1ee3c Pallet Nam V\u01b0\u01a1ng thi\u1ebft k\u1ebf chi\u1ec1u d\u00e0i \u0111\u00fang v\u1edbi s\u1ea3n ph\u1ea9m l\u00e0 1 chi\u1ebfc t\u1ee7 l\u1ea1nh. Xung quanh \u0111\u01b0\u1ee3c g\u1eafn th\u00eam c\u00e1c thanh n\u1eb9p g\u1ed7 vu\u00f4ng \u0111\u1ec3 c\u1ed1 \u0111\u1ecbnh, kh\u00f4ng cho t\u1ee7 b\u1ecb x\u00ea d\u1ecbch khi v\u1eadn chuy\u1ec3n. Ngo\u00e0i ra n\u00f3 c\u00f2n \u0111\u01b0\u1ee3c kho\u00e9t c\u00e1c l\u1ed7 vu\u00f4n \u0111\u00fang v\u1edbi v\u1ecb tr\u00ed y\u00eau c\u1ea7u \u0111\u1ec3 th\u1eaft d\u00e2y dai nh\u1ef1a ghim ch\u1eb7t t\u1ee7 v\u1edbi pallet g\u1ed7.<\/span><\/p>\n<figure id=\"attachment_1217\" aria-describedby=\"caption-attachment-1217\" style=\"width: 750px\" class=\"wp-caption aligncenter\"><img loading=\"lazy\" class=\"wp-image-1217 size-full\" src=\"https:\/\/webmaibinh.com\/w\/pallethoangdung\/wp-content\/uploads\/2022\/06\/Pallet-go-dinh-vi-theo-hang-hoa.jpg\" alt=\"\" width=\"750\" height=\"500\" srcset=\"https:\/\/webmaibinh.com\/w\/pallethoangdung\/wp-content\/uploads\/2022\/06\/Pallet-go-dinh-vi-theo-hang-hoa.jpg 750w, https:\/\/webmaibinh.com\/w\/pallethoangdung\/wp-content\/uploads\/2022\/06\/Pallet-go-dinh-vi-theo-hang-hoa-300x200.jpg 300w\" sizes=\"(max-width: 750px) 100vw, 750px\" \/><figcaption id=\"caption-attachment-1217\" class=\"wp-caption-text\"><\/span> <span style=\"color: #000000;\">dong pallet theo yeu cau<\/span><\/figcaption><\/figure>\n<p style=\"text-align: justify;\"><span style=\"color: #000000;\">N\u1ebfu c\u00f4ng ty b\u1ea1n c\u00f3 s\u1ea3n ph\u1ea9m \u0111\u1eb7c th\u00f9, vi\u1ec7c \u0111\u1eb7t h\u00e0ng l\u00ean m\u1ed9t chi\u1ebfc pallet g\u1ed7 th\u00f4ng th\u01b0\u1eddng g\u1eb7p kh\u00f3 kh\u0103n th\u00ec vi\u1ec7c ngh\u0129 \u0111\u1ebfn chi\u1ebfc pallet g\u1ed7 \u0111\u01b0\u1ee3c thi\u1ebft k\u1ebf ri\u00eang theo s\u1ea3n ph\u1ea9m l\u00e0 r\u1ea5t c\u1ea7n thi\u1ebft. Gi\u00fap cho vi\u1ec7c n\u00e2ng h\u1ea1 h\u00e0ng h\u00f3a c\u0169ng nh\u01b0 ti\u1ebft ki\u1ec7m chi ph\u00ed \u0111\u01b0\u1ee3c t\u1ed1i \u01b0u nh\u1ea5t.<\/span><\/p>\n<p style=\"text-align: justify;\"><span style=\"color: #000000;\"><em>Vui l\u00f2ng\u00a0<strong>li\u00ean h\u1ec7\u00a0<\/strong>\u0111\u1ec3\u00a0ch\u00fang t\u00f4i s\u1ebd t\u01b0 v\u1ea5n lo\u1ea1i pallet g\u1ed7 v\u00e0 b\u00e1o gi\u00e1 ph\u00f9 h\u1ee3p nh\u1ea5t v\u1edbi nhu c\u1ea7u c\u1ee7a b\u1ea1n.<\/em><\/span><\/p>\n<p style=\"text-align: justify;\"><span style=\"color: #000000;\">\u2013\u00a0<strong>\u0110\u1ecba ch\u1ec9:<\/strong>\u00a0S\u1ed1 42, \u0110\u01b0\u1eddng \u0110T 742, Khu ph\u1ed1 5, Ph\u01b0\u1eddng V\u0129nh T\u00e2n, Th\u1ecb x\u00e3 T\u00e2n Uy\u00ean, T\u1ec9nh B\u00ecnh D\u01b0\u01a1ng, Vi\u1ec7t Nam<\/span><br \/>\n<span style=\"color: #000000;\">\u2013<strong>\u00a0\u0110i\u1ec7n tho\u1ea1i:\u00a0<\/strong>0961 857 990<\/span><br \/>\n<span style=\"color: #000000;\">\u2013\u00a0<strong>Email:<\/strong>\u00a0palletnamvuong79@gmail.com<\/span><br \/>\n<span style=\"color: #000000;\">\u2013\u00a0<strong>Website:<\/strong>\u00a0www.palletnamvuong.com<\/span><\/p>\n<p style=\"text-align: justify;\"><span style=\"color: #000000;\"><em>Tr\u00e2n tr\u1ecdng!<\/em><\/span><\/p>\n","protected":false},"excerpt":{"rendered":"<p>Lo\u1ea1i\u00a0pallet g\u1ed7 t\u00f9y theo m\u1ee5c \u0111\u00edch s\u1eed d\u1ee5ng sao cho thu\u1eadn ti\u1ec7n trong vi\u1ec7c l\u01b0u kho v\u00e0 v\u1eadn chuy\u1ec3n h\u00e0ng, c\u00f3 th\u1ec3 \u0111\u01b0\u1ee3c thi\u1ebft k\u1ebf kh\u00e1c bi\u1ec7t v\u00ed d\u1ee5 nh\u01b0 chi\u1ebfc pallet g\u1ed7 nh\u01b0 h\u00ecnh d\u01b0\u1edbi \u0111\u00e2y l\u00e0 lo\u1ea1i pallet g\u1ed7 \u0111\u01b0\u1ee3c Pallet Nam V\u01b0\u01a1ng thi\u1ebft k\u1ebf chi\u1ec1u d\u00e0i \u0111\u00fang v\u1edbi s\u1ea3n ph\u1ea9m l\u00e0 1 [&#8230;]\n","protected":false},"featured_media":1217,"comment_status":"open","ping_status":"closed","template":"","meta":[],"_links":{"self":[{"href":"https:\/\/webmaibinh.com\/w\/pallethoangdung\/wp-json\/wp\/v2\/product\/1007"}],"collection":[{"href":"https:\/\/webmaibinh.com\/w\/pallethoangdung\/wp-json\/wp\/v2\/product"}],"about":[{"href":"https:\/\/webmaibinh.com\/w\/pallethoangdung\/wp-json\/wp\/v2\/types\/product"}],"replies":[{"embeddable":true,"href":"https:\/\/webmaibinh.com\/w\/pallethoangdung\/wp-json\/wp\/v2\/comments?post=1007"}],"wp:featuredmedia":[{"embeddable":true,"href":"https:\/\/webmaibinh.com\/w\/pallethoangdung\/wp-json\/wp\/v2\/media\/1217"}],"wp:attachment":[{"href":"https:\/\/webmaibinh.com\/w\/pallethoangdung\/wp-json\/wp\/v2\/media?parent=1007"}],"curies":[{"name":"wp","href":"https:\/\/api.w.org\/{rel}","templated":true}]}}