{"id":1004,"date":"2022-06-02T20:22:51","date_gmt":"2022-06-02T13:22:51","guid":{"rendered":"https:\/\/webmaibinh.com\/w\/pallethoangdung\/?post_type=product&#038;p=1004"},"modified":"2023-03-28T20:16:45","modified_gmt":"2023-03-28T13:16:45","slug":"pallet-go-2-huong-nang-khoet-chan","status":"publish","type":"product","link":"https:\/\/webmaibinh.com\/w\/pallethoangdung\/san-pham\/pallet-go-2-huong-nang-khoet-chan\/","title":{"rendered":"Pallet g\u1ed7 2 h\u01b0\u1edbng n\u00e2ng kho\u00e9t ch\u00e2n"},"content":{"rendered":"<p><span style=\"color: #000000;\">Ch\u1ecbu t\u1ea3i cao, va \u0111\u1eadp, qu\u0103ng qu\u1eadt t\u1ed1t. V\u1ed1n l\u00e0 lo\u1ea1i\u00a0<strong>pallet g\u1ed7<\/strong>\u00a02 h\u01b0\u1edbng n\u00e2ng nh\u01b0ng \u0111\u01b0\u1ee3c kho\u00e9t ch\u00e2n \u0111\u1ec3 s\u1eed d\u1ee5ng \u0111\u01b0\u1ee3c c\u1ea3 4 h\u01b0\u1edbng.<\/span><\/p>\n<p><span style=\"color: #000000;\"><img loading=\"lazy\" class=\"aligncenter wp-image-1219 size-full\" src=\"https:\/\/webmaibinh.com\/w\/pallethoangdung\/wp-content\/uploads\/2022\/06\/Pallet-go-2-huong-nang-khoet-chan1.jpg\" alt=\"\" width=\"500\" height=\"500\" srcset=\"https:\/\/webmaibinh.com\/w\/pallethoangdung\/wp-content\/uploads\/2022\/06\/Pallet-go-2-huong-nang-khoet-chan1.jpg 500w, https:\/\/webmaibinh.com\/w\/pallethoangdung\/wp-content\/uploads\/2022\/06\/Pallet-go-2-huong-nang-khoet-chan1-300x300.jpg 300w, https:\/\/webmaibinh.com\/w\/pallethoangdung\/wp-content\/uploads\/2022\/06\/Pallet-go-2-huong-nang-khoet-chan1-100x100.jpg 100w, https:\/\/webmaibinh.com\/w\/pallethoangdung\/wp-content\/uploads\/2022\/06\/Pallet-go-2-huong-nang-khoet-chan1-150x150.jpg 150w\" sizes=\"(max-width: 500px) 100vw, 500px\" \/><\/span><\/p>\n<h2><span style=\"color: #000000;\">\u0110\u1eb7c \u0111i\u1ec3m s\u1ea3n ph\u1ea9m:<\/span><\/h2>\n<ul>\n<li><span style=\"color: #000000;\">Ch\u1ecbu t\u1ea3i cao, ch\u1ecbu qu\u0103ng qu\u1eadt v\u00e0 tu\u1ed5i th\u1ecd s\u1eed d\u1ee5ng c\u00f3 th\u1ec3 coi nh\u01b0\u00a0<strong>t\u1ed1t nh\u1ea5t trong t\u1ea5t c\u1ea3 c\u00e1c lo\u1ea1i pallet g\u1ed7<\/strong>. V\u1edbi lo\u1ea1i n\u00e0y b\u1ea1n c\u00f3 th\u1ec3 d\u00f9ng \u0111\u1ec3 l\u01b0u kho c\u00f3 th\u1ec3 v\u1eadn chuy\u1ec3n ho\u1eb7c d\u00f9ng \u0111\u1ec3 n\u00e2ng h\u1ea1 li\u00ean t\u1ee5c m\u00e0 pallet g\u1ed7 v\u1eabn r\u1ea5t b\u1ec1n ch\u1eafc.<\/span><\/li>\n<li><span style=\"color: #000000;\">Do k\u1ebft c\u1ea5u m\u1eb7t \u0111\u00e1y nhi\u1ec1u thanh g\u1ed7 v\u00e0 2 thanh g\u1ed7 ngo\u00e0i c\u00f9ng to ch\u1eafc n\u00ean c\u00f3 th\u1ec3 x\u1ebfp l\u00e0m 2 ch\u1ed3ng pallet g\u1ed7 \u0111\u1ec3 ti\u1ebft ki\u1ec7m di\u1ec7n t\u00edch n\u1ebfu s\u1ea3n ph\u1ea9m c\u1ee9ng v\u00e0 c\u00f3 th\u1ec3 ch\u1ecbu t\u1ea3i VD nh\u01b0 th\u00f9ng phi, bom bia\u2026<\/span><\/li>\n<li><span style=\"color: #000000;\">S\u1eed d\u1ee5ng \u0111\u01b0\u1ee3c cho\u00a0c\u1ea3 xe n\u00e2ng tay v\u00e0 n\u00e2ng m\u00e1y\u00a0forklift.<\/span><br \/>\n<span style=\"color: #000000;\">(Xem th\u00eam:\u00a0C\u00e1ch s\u1eed d\u1ee5ng pallet g\u1ed7)<\/span><\/li>\n<li><span style=\"color: #000000;\">S\u1eed d\u1ee5ng thu\u1eadn ti\u1ec7n v\u00e0 t\u1ed1i \u01b0u th\u1ec3 t\u00edch cho v\u1eadn chuy\u1ec3n container.<\/span><br \/>\n<span style=\"color: #000000;\">K\u00edch th\u01b0\u1edbc 1,1m s\u1ebd x\u1ebfp c\u00f4ng v\u1eeba kh\u00edt 2 h\u00e0ng\u00a0do chi\u1ec1u r\u1ed9ng l\u00f2ng container l\u00e0 2,3m.<\/span><br \/>\n<span style=\"color: #000000;\">(Xem th\u00eam\u00a0C\u00e1ch \u0111\u00f3ng h\u00e0ng v\u00e0o container)<\/span><\/li>\n<li><span style=\"color: #000000;\">\u0110\u1eb7c bi\u1ec7t do k\u00edch th\u01b0\u1edbc c\u00e1c thanh g\u1ed7 \u0111\u01b0\u1ee3c b\u1ed1 tr\u00ed t\u1ed1i \u01b0u\u00a0n\u00ean t\u1ed1n \u00edt nguy\u00ean li\u1ec7u g\u1ed7 h\u01a1n, gi\u00e1 th\u00e0nh lo\u1ea1i pallet g\u1ed7 n\u00e0y c\u0169ng\u00a0<strong>r\u1ebb h\u01a1n c\u00e1c lo\u1ea1i pallet g\u1ed7 4 h\u01b0\u1edbng n\u00e2ng n\u1ebfu c\u00f9ng t\u1ea3i tr\u1ecdng<\/strong>.<\/span><\/li>\n<li><span style=\"color: #000000;\">S\u1ea3n ph\u1ea9m c\u00f3 th\u1ec3 \u0111\u01b0\u1ee3c s\u1ea5y kh\u00f4 ho\u1eb7c ph\u01a1i kh\u00f4 t\u1ef1 nhi\u00ean ho\u1eb7c kh\u1eed tr\u00f9ng thu\u1ed1c, kh\u1eed tr\u00f9ng nhi\u1ec7t t\u00f9y theo nhu c\u1ea7u s\u1eed d\u1ee5ng.<\/span><br \/>\n<span style=\"color: #000000;\">(Xem th\u00eam\u00a0khi n\u00e0o c\u1ea7n ph\u1ea3i s\u1ea5y pallet g\u1ed7\u00a0\u2013\u00a0khi n\u00e0o c\u1ea7n kh\u1eed tr\u00f9ng pallet g\u1ed7)<\/span><\/li>\n<\/ul>\n<h2><span style=\"color: #000000;\">K\u00edch th\u01b0\u1edbc chi ti\u1ebft:<\/span><\/h2>\n<table border=\"1\" cellspacing=\"1\" cellpadding=\"1\">\n<tbody>\n<tr>\n<td><span style=\"color: #000000;\"><strong>M\u00c3 S\u1ea2N PH\u1ea8M<\/strong><\/span><\/td>\n<td><span style=\"color: #000000;\"><strong>\u00a02W2500<\/strong><\/span><\/td>\n<\/tr>\n<tr>\n<td><span style=\"color: #000000;\">\u00a0\u0110\u01a1n v\u1ecb<\/span><\/td>\n<td><span style=\"color: #000000;\">\u00a0mm<\/span><\/td>\n<\/tr>\n<tr>\n<td><span style=\"color: #000000;\">\u00a0K\u00edch th\u01b0\u1edbc t\u1ed5ng th\u1ec3<\/span><\/td>\n<td><span style=\"color: #000000;\">\u00a01100 x 900 x 130<\/span><\/td>\n<\/tr>\n<tr>\n<td><span style=\"color: #000000;\">\u00a0Nguy\u00ean li\u1ec7u<\/span><\/td>\n<td><span style=\"color: #000000;\">\u00a0G\u1ed7 keo(Acacia)<\/span><\/td>\n<\/tr>\n<tr>\n<td><span style=\"color: #000000;\">\u00a0T\u1ea3i tr\u1ecdng<\/span><\/td>\n<td><span style=\"color: #000000;\">\u00a02500 KG<\/span><\/td>\n<\/tr>\n<tr>\n<td><span style=\"color: #000000;\">\u00a0S\u1ed1\u00a0h\u01b0\u1edbng n\u00e2ng<\/span><\/td>\n<td><span style=\"color: #000000;\">\u00a02<\/span><\/td>\n<\/tr>\n<tr>\n<td><span style=\"color: #000000;\">\u00a0Khe h\u1edf m\u1eb7t tr\u00ean<\/span><\/td>\n<td><span style=\"color: #000000;\">\u00a043<\/span><\/td>\n<\/tr>\n<tr>\n<td><span style=\"color: #000000;\">\u00a0Thanh m\u1eb7t tr\u00ean(1)<\/span><\/td>\n<td><span style=\"color: #000000;\">\u00a01100 x 120 x 20 (2 thanh)<\/span><\/td>\n<\/tr>\n<tr>\n<td><span style=\"color: #000000;\">\u00a0Thanh m\u1eb7t tr\u00ean(2)<\/span><\/td>\n<td><span style=\"color: #000000;\">\u00a01100 x 90 x 20 (5 thanh)<\/span><\/td>\n<\/tr>\n<tr>\n<td><span style=\"color: #000000;\">\u00a0Thanh li\u00ean k\u1ebft<\/span><\/td>\n<td><span style=\"color: #000000;\">\u00a0900 x 90 x 38 (3 thanh)<\/span><\/td>\n<\/tr>\n<tr>\n<td><span style=\"color: #000000;\">Thanh m\u1eb7t \u0111\u00e1y<\/span><\/td>\n<td><span style=\"color: #000000;\">\u00a01100 x 120 x 20 (2 thanh)<\/span><\/td>\n<\/tr>\n<tr>\n<td><span style=\"color: #000000;\">Thanh m\u1eb7t \u0111\u00e1y<\/span><\/td>\n<td><span style=\"color: #000000;\">\u00a01100 x 90 x 20 (3 thanh)<\/span><\/td>\n<\/tr>\n<\/tbody>\n<\/table>\n<p><span style=\"color: #000000;\"><em>K\u1ebft lu\u1eadn \u0111\u00e2y l\u00e0 lo\u1ea1i pallet g\u1ed7 l\u00fd t\u01b0\u1edfng n\u1ebfu c\u00f4ng ty b\u1ea1n s\u1eed d\u1ee5ng n\u00e2ng h\u1ea1 nhi\u1ec1u, t\u1ed1n pallet th\u00ec r\u1ea5t c\u1ea7n 1 chi\u1ebfc pallet g\u1ed7 \u0111a d\u1ee5ng nh\u01b0 th\u1ebf n\u00e0y.\u00a0<\/em><\/span><\/p>\n<p><span style=\"color: #000000;\"><em>Vui l\u00f2ng\u00a0<strong>li\u00ean h\u1ec7\u00a0<\/strong>\u0111\u1ec3\u00a0ch\u00fang t\u00f4i s\u1ebd t\u01b0 v\u1ea5n v\u00e0 b\u00e1o gi\u00e1 ph\u00f9 h\u1ee3p nh\u1ea5t v\u1edbi nhu c\u1ea7u c\u1ee7a b\u1ea1n.<\/em><\/span><\/p>\n<p><span style=\"color: #000000;\">\u2013\u00a0<strong>\u0110\u1ecba ch\u1ec9:<\/strong>\u00a0S\u1ed1 42, \u0110\u01b0\u1eddng \u0110T 742, Khu ph\u1ed1 5, Ph\u01b0\u1eddng V\u0129nh T\u00e2n, Th\u1ecb x\u00e3 T\u00e2n Uy\u00ean, T\u1ec9nh B\u00ecnh D\u01b0\u01a1ng, Vi\u1ec7t Nam<\/span><br \/>\n<span style=\"color: #000000;\">\u2013<strong>\u00a0\u0110i\u1ec7n tho\u1ea1i:\u00a0<\/strong>0961 857 990<\/span><br \/>\n<span style=\"color: #000000;\">\u2013\u00a0<strong>Email:<\/strong>\u00a0palletnamvuong79@gmail.com<\/span><br \/>\n<span style=\"color: #000000;\">\u2013\u00a0<strong>Website:<\/strong>\u00a0www.palletnamvuong.com<\/span><\/p>\n<p><span style=\"color: #000000;\"><em>Tr\u00e2n tr\u1ecdng!<\/em><\/span><\/p>\n","protected":false},"excerpt":{"rendered":"<p>Ch\u1ecbu t\u1ea3i cao, va \u0111\u1eadp, qu\u0103ng qu\u1eadt t\u1ed1t. V\u1ed1n l\u00e0 lo\u1ea1i\u00a0pallet g\u1ed7\u00a02 h\u01b0\u1edbng n\u00e2ng nh\u01b0ng \u0111\u01b0\u1ee3c kho\u00e9t ch\u00e2n \u0111\u1ec3 s\u1eed d\u1ee5ng \u0111\u01b0\u1ee3c c\u1ea3 4 h\u01b0\u1edbng. \u0110\u1eb7c \u0111i\u1ec3m s\u1ea3n ph\u1ea9m: Ch\u1ecbu t\u1ea3i cao, ch\u1ecbu qu\u0103ng qu\u1eadt v\u00e0 tu\u1ed5i th\u1ecd s\u1eed d\u1ee5ng c\u00f3 th\u1ec3 coi nh\u01b0\u00a0t\u1ed1t nh\u1ea5t trong t\u1ea5t c\u1ea3 c\u00e1c lo\u1ea1i pallet g\u1ed7. V\u1edbi lo\u1ea1i n\u00e0y [&#8230;]\n","protected":false},"featured_media":1219,"comment_status":"open","ping_status":"closed","template":"","meta":[],"_links":{"self":[{"href":"https:\/\/webmaibinh.com\/w\/pallethoangdung\/wp-json\/wp\/v2\/product\/1004"}],"collection":[{"href":"https:\/\/webmaibinh.com\/w\/pallethoangdung\/wp-json\/wp\/v2\/product"}],"about":[{"href":"https:\/\/webmaibinh.com\/w\/pallethoangdung\/wp-json\/wp\/v2\/types\/product"}],"replies":[{"embeddable":true,"href":"https:\/\/webmaibinh.com\/w\/pallethoangdung\/wp-json\/wp\/v2\/comments?post=1004"}],"wp:featuredmedia":[{"embeddable":true,"href":"https:\/\/webmaibinh.com\/w\/pallethoangdung\/wp-json\/wp\/v2\/media\/1219"}],"wp:attachment":[{"href":"https:\/\/webmaibinh.com\/w\/pallethoangdung\/wp-json\/wp\/v2\/media?parent=1004"}],"curies":[{"name":"wp","href":"https:\/\/api.w.org\/{rel}","templated":true}]}}