{"id":1001,"date":"2022-06-02T20:18:34","date_gmt":"2022-06-02T13:18:34","guid":{"rendered":"https:\/\/webmaibinh.com\/w\/pallethoangdung\/?post_type=product&#038;p=1001"},"modified":"2023-03-28T20:17:28","modified_gmt":"2023-03-28T13:17:28","slug":"pallet-go-dan","status":"publish","type":"product","link":"https:\/\/webmaibinh.com\/w\/pallethoangdung\/san-pham\/pallet-go-dan\/","title":{"rendered":"Pallet g\u1ed7 d\u00e1n"},"content":{"rendered":"<p style=\"text-align: justify;\"><span style=\"color: #000000;\">\u0110\u01b0\u1ee3c l\u00e0m b\u1eb1ng g\u1ed7 d\u00e1n, c\u00f3 \u01b0u \u0111i\u1ec3m l\u00e0 nh\u1eb9 v\u00e0 nh\u1ea5t l\u00e0 nh\u1eefng pallet c\u1ea7n ph\u1ea3i c\u00f3 m\u1eb7t tr\u00ean li\u1ec1n th\u00ec g\u1ed7 d\u00e1n s\u1ebd c\u00f3 m\u1eb7t ph\u1eb3ng v\u00e0 li\u1ec1n kh\u1ed1i.<\/span><\/p>\n<p style=\"text-align: justify;\"><span style=\"color: #000000;\">M\u1eb7t tr\u00ean pallet g\u1ed7 d\u00e1n c\u0169ng c\u00f3 th\u1ec3 \u0111\u01b0\u1ee3c l\u00e0m li\u1ec1n t\u1ea5m ho\u1eb7c c\u0169ng c\u00f3 th\u1ec3 \u0111\u01b0\u1ee3c l\u00e0m t\u1eeb nh\u1eefng thanh g\u1ed7 d\u00e1n gi\u1ed1ng nh\u01b0 pallet g\u1ed7 t\u1ef1 nhi\u00ean kh\u00e1c t\u00f9y theo nhu c\u1ea7u th\u1ef1c t\u1ebf c\u1ee7a t\u1eebng lo\u1ea1i h\u00e0ng h\u00f3a.<\/span><\/p>\n<h2 style=\"text-align: justify;\"><span style=\"color: #000000;\">Nh\u1eefng h\u00e0ng h\u00f3a n\u00ean s\u1eed d\u1ee5ng\u00a0v\u1edbi th\u00f9ng g\u1ed7 d\u00e1n\u00a0lo\u1ea1i to:<\/span><\/h2>\n<ul style=\"text-align: justify;\">\n<li><span style=\"color: #000000;\">Nh\u1eefng lo\u1ea1i h\u00e0ng \u0111\u00f3ng t\u00fai nh\u1ecf c\u00f3 th\u1ec3 x\u1ebfp l\u00ean m\u1eb7t pallet v\u00e0 kh\u00f4ng lo b\u1ecb l\u1ecdt xu\u1ed1ng khe nh\u01b0 nh\u1eefng pallet kh\u00e1c.<\/span><\/li>\n<li><span style=\"color: #000000;\">H\u00e0ng h\u00f3a l\u00e0 linh ki\u1ec7n lo\u1ea1i t\u1ea3i tr\u1ecdng nh\u1eb9 v\u00e0 c\u1ea7n tr\u00e1nh s\u1ef1 x\u00e2m nh\u1eadp c\u1ee7a kh\u00ed \u1ea9m, h\u01a1i mu\u1ed1i m\u1eb7n trong qu\u00e1 tr\u00ecnh v\u1eadn chuy\u1ec3n v\u00e0 l\u01b0u kho.<\/span><\/li>\n<li><span style=\"color: #000000;\">N\u1ebfu c\u1ea7n thi\u1ebft ph\u1ea3i tr\u00e1nh tuy\u1ec7t \u0111\u1ed1i h\u01a1i \u1ea9m c\u1ee7a m\u00f4i tr\u01b0\u1eddng b\u00ean ngo\u00e0i VD nh\u01b0 c\u00e1c m\u00e1y m\u00f3c c\u00f3 linh ki\u1ec7n \u0111i\u1ec7n t\u1eed th\u00ec c\u1ea7n ph\u1ea3i \u0111\u00f3ng g\u00f3i th\u1eadt k\u00edn s\u1ea3n ph\u1ea9m ho\u1eb7c h\u00fat ch\u00e2n kh\u00f4ng tr\u01b0\u1edbc khi cho v\u00e0o th\u00f9ng.<\/span><\/li>\n<\/ul>\n<hr \/>\n<h2 style=\"text-align: justify;\"><span style=\"color: #000000;\">\u0110\u1eb7c \u0111i\u1ec3m s\u1ea3n ph\u1ea9m:<\/span><\/h2>\n<ul style=\"text-align: justify;\">\n<li><span style=\"color: #000000;\">Do m\u1eb7t pallet k\u00edn li\u1ec1n m\u1ed9t kh\u1ed1i n\u00ean kh\u00f4ng lo s\u1ea3n ph\u1ea9m b\u1ecb h\u01a1i \u1ea9m t\u1eeb d\u01b0\u1edbi x\u00e2m nh\u1eadp v\u00e0o s\u1ea3n ph\u1ea9m \u0111\u1ec3 tr\u00ean pallet.<\/span><\/li>\n<li><span style=\"color: #000000;\">C\u00f3 th\u1ec3 n\u00e2ng \u0111\u01b0\u1ee3c c\u1ea3 4 h\u01b0\u1edbng n\u00e2ng ho\u1eb7c 2 h\u01b0\u1edbng n\u00e2ng t\u00f9y theo thi\u1ebft k\u1ebf.<\/span><\/li>\n<li><span style=\"color: #000000;\">S\u1eed d\u1ee5ng \u0111\u01b0\u1ee3c cho\u00a0c\u1ea3 xe n\u00e2ng tay v\u00e0 n\u00e2ng m\u00e1y\u00a0forklift.<\/span><\/li>\n<li><span style=\"color: #000000;\">S\u1eed d\u1ee5ng thu\u1eadn ti\u1ec7n v\u00e0 t\u1ed1i \u01b0u th\u1ec3 t\u00edch cho v\u1eadn chuy\u1ec3n container.<\/span><br \/>\n<span style=\"color: #000000;\">K\u00edch th\u01b0\u1edbc 1,1m s\u1ebd x\u1ebfp c\u00f4ng v\u1eeba kh\u00edt 2 h\u00e0ng\u00a0do chi\u1ec1u r\u1ed9ng l\u00f2ng container l\u00e0 2,3m.<\/span><br \/>\n<span style=\"color: #000000;\">(Xem th\u00eam\u00a0C\u00e1ch \u0111\u00f3ng h\u00e0ng v\u00e0o container)<\/span><\/li>\n<li><span style=\"color: #000000;\">Ch\u1ed1ng n\u1ea5m m\u1ed1c t\u1ed1t h\u01a1n so v\u1edbi pallet g\u1ed7 t\u1ef1 nhi\u00ean v\u00ec n\u00f3 \u0111\u00e3 \u0111\u01b0\u1ee3c s\u1ea5y nhi\u1ec7t cao t\u1eeb khi s\u1ea3n xu\u1ea5t g\u1ed7 d\u00e1n.\u00a0(Xem th\u00eam\u00a0khi n\u00e0o c\u1ea7n ph\u1ea3i s\u1ea5y pallet g\u1ed7\u00a0\u2013\u00a0khi n\u00e0o c\u1ea7n kh\u1eed tr\u00f9ng pallet g\u1ed7)<\/span><\/li>\n<\/ul>\n<hr \/>\n<h2 style=\"text-align: justify;\"><span style=\"color: #000000;\">K\u00edch th\u01b0\u1edbc chi ti\u1ebft:<\/span><\/h2>\n<ul style=\"text-align: justify;\">\n<li><span style=\"color: #000000;\">N\u1ebfu \u0111\u1ec3 v\u1eadn chuy\u1ec3n h\u00e0ng b\u1eb1ng container th\u00ec k\u00edch th\u01b0\u1edbc c\u1ee7a pallet\u00a0s\u1ebd \u0111\u01b0\u1ee3c thi\u1ebft k\u1ebf \u0111\u1ea3m b\u1ea3o ti\u00eau chu\u1ea9n ch\u00e8n l\u00f3t, b\u1ed1c d\u1ee1 h\u00e0ng h\u00f3a trong container sao cho:<\/span>\n<ol>\n<li><span style=\"color: #000000;\"><strong>K\u00edch th\u01b0\u1edbc bao ngo\u00e0i<\/strong>\u00a0c\u1ee7a th\u00f9ng g\u1ed7 ph\u1ea3i v\u1eeba v\u1eb7n v\u1edbi k\u00edch th\u01b0\u1edbc b\u00ean trong c\u1ee7a container.<\/span><\/li>\n<li><span style=\"color: #000000;\"><strong>K\u00edch th\u01b0\u1edbc l\u00f2ng th\u00f9ng<\/strong>\u00a0c\u1ee7a th\u00f9ng g\u1ed7 ph\u1ea3i ph\u00f9 h\u01a1p v\u1edbi k\u00edch th\u01b0\u1edbc c\u1ee7a s\u1ea3n ph\u1ea9m ch\u1ee9a b\u00ean trong<\/span><\/li>\n<\/ol>\n<\/li>\n<\/ul>\n<ul style=\"text-align: justify;\">\n<li><span style=\"color: #000000;\">C\u00f4ng ty Pallet Nam V\u01b0\u01a1ng lu\u00f4n c\u00f3 b\u1ea3ng ti\u00eau chu\u1ea9n ch\u00e8n l\u00f3t v\u00e0 b\u1ed1c d\u1ee1 h\u00e0ng h\u00f3a ri\u00eang bi\u1ec7t \u0111\u1ed1i v\u1edbi m\u1ed7i lo\u1ea1i th\u00f9ng g\u1ed7 c\u1ee7a t\u1eebng kh\u00e1ch h\u00e0ng \u0111\u1ec3 \u0111\u1ea3m b\u1ea3o quy tr\u00ecnh x\u1ebfp container c\u1ee7a b\u1ea1n kh\u00f4ng g\u1eb7p s\u1ef1 c\u1ed1 trong su\u1ed1t qu\u00e1 tr\u00ecnh x\u1ebfp container v\u00e0 v\u1eadn chuy\u1ec3n.<\/span><\/li>\n<\/ul>\n<p style=\"text-align: justify;\"><span style=\"color: #000000;\"><em>Vui l\u00f2ng\u00a0<strong>li\u00ean h\u1ec7\u00a0<\/strong>\u0111\u1ec3\u00a0ch\u00fang t\u00f4i t\u01b0 v\u1ea5n v\u00e0 thi\u1ebft k\u1ebf b\u1ea3n v\u1ebd c\u1ea5u t\u1ea1o sao cho ph\u00f9 h\u1ee3p v\u1edbi nhu c\u1ea7u c\u1ee7a b\u1ea1n nh\u1ea5t.<\/em><\/span><\/p>\n<p style=\"text-align: justify;\"><span style=\"color: #000000;\">\u2013\u00a0<strong>\u0110\u1ecba ch\u1ec9:<\/strong>\u00a0S\u1ed1 42, \u0110\u01b0\u1eddng \u0110T 742, Khu ph\u1ed1 5, Ph\u01b0\u1eddng V\u0129nh T\u00e2n, Th\u1ecb x\u00e3 T\u00e2n Uy\u00ean, T\u1ec9nh B\u00ecnh D\u01b0\u01a1ng, Vi\u1ec7t Nam<\/span><br \/>\n<span style=\"color: #000000;\">\u2013<strong>\u00a0\u0110i\u1ec7n tho\u1ea1i:\u00a0<\/strong>0961 857 990<\/span><br \/>\n<span style=\"color: #000000;\">\u2013\u00a0<strong>Email:<\/strong>\u00a0palletnamvuong79@gmail.com<\/span><br \/>\n<span style=\"color: #000000;\">\u2013\u00a0<strong>Website:<\/strong>\u00a0www.palletnamvuong.com<\/span><\/p>\n<p style=\"text-align: justify;\"><span style=\"color: #000000;\"><em>Tr\u00e2n tr\u1ecdng!<\/em><\/span><\/p>\n","protected":false},"excerpt":{"rendered":"<p>\u0110\u01b0\u1ee3c l\u00e0m b\u1eb1ng g\u1ed7 d\u00e1n, c\u00f3 \u01b0u \u0111i\u1ec3m l\u00e0 nh\u1eb9 v\u00e0 nh\u1ea5t l\u00e0 nh\u1eefng pallet c\u1ea7n ph\u1ea3i c\u00f3 m\u1eb7t tr\u00ean li\u1ec1n th\u00ec g\u1ed7 d\u00e1n s\u1ebd c\u00f3 m\u1eb7t ph\u1eb3ng v\u00e0 li\u1ec1n kh\u1ed1i. M\u1eb7t tr\u00ean pallet g\u1ed7 d\u00e1n c\u0169ng c\u00f3 th\u1ec3 \u0111\u01b0\u1ee3c l\u00e0m li\u1ec1n t\u1ea5m ho\u1eb7c c\u0169ng c\u00f3 th\u1ec3 \u0111\u01b0\u1ee3c l\u00e0m t\u1eeb nh\u1eefng thanh g\u1ed7 d\u00e1n gi\u1ed1ng [&#8230;]\n","protected":false},"featured_media":1223,"comment_status":"open","ping_status":"closed","template":"","meta":[],"_links":{"self":[{"href":"https:\/\/webmaibinh.com\/w\/pallethoangdung\/wp-json\/wp\/v2\/product\/1001"}],"collection":[{"href":"https:\/\/webmaibinh.com\/w\/pallethoangdung\/wp-json\/wp\/v2\/product"}],"about":[{"href":"https:\/\/webmaibinh.com\/w\/pallethoangdung\/wp-json\/wp\/v2\/types\/product"}],"replies":[{"embeddable":true,"href":"https:\/\/webmaibinh.com\/w\/pallethoangdung\/wp-json\/wp\/v2\/comments?post=1001"}],"wp:featuredmedia":[{"embeddable":true,"href":"https:\/\/webmaibinh.com\/w\/pallethoangdung\/wp-json\/wp\/v2\/media\/1223"}],"wp:attachment":[{"href":"https:\/\/webmaibinh.com\/w\/pallethoangdung\/wp-json\/wp\/v2\/media?parent=1001"}],"curies":[{"name":"wp","href":"https:\/\/api.w.org\/{rel}","templated":true}]}}