{"id":17,"date":"2018-02-23T10:58:57","date_gmt":"2018-02-23T03:58:57","guid":{"rendered":"https:\/\/bizhostvn.com\/w\/noithat2\/?page_id=17"},"modified":"2023-03-28T19:15:33","modified_gmt":"2023-03-28T12:15:33","slug":"lien-he","status":"publish","type":"page","link":"https:\/\/webmaibinh.com\/w\/pallethoangdung\/lien-he\/","title":{"rendered":"Li\u00ean h\u1ec7"},"content":{"rendered":"\n\t<div class=\"img has-hover x md-x lg-x y md-y lg-y\" id=\"image_1420330764\">\n\t\t\t\t\t\t\t\t<div class=\"img-inner image-cover dark\" style=\"padding-top:36%;\">\n\t\t\t<img width=\"1640\" height=\"600\" src=\"https:\/\/webmaibinh.com\/w\/pallethoangdung\/wp-content\/uploads\/2023\/03\/BN1.jpg\" class=\"attachment-original size-original\" alt=\"\" loading=\"lazy\" srcset=\"https:\/\/webmaibinh.com\/w\/pallethoangdung\/wp-content\/uploads\/2023\/03\/BN1.jpg 1640w, https:\/\/webmaibinh.com\/w\/pallethoangdung\/wp-content\/uploads\/2023\/03\/BN1-300x110.jpg 300w, https:\/\/webmaibinh.com\/w\/pallethoangdung\/wp-content\/uploads\/2023\/03\/BN1-1024x375.jpg 1024w, https:\/\/webmaibinh.com\/w\/pallethoangdung\/wp-content\/uploads\/2023\/03\/BN1-768x281.jpg 768w, https:\/\/webmaibinh.com\/w\/pallethoangdung\/wp-content\/uploads\/2023\/03\/BN1-1536x562.jpg 1536w\" sizes=\"(max-width: 1640px) 100vw, 1640px\" \/>\t\t\t\t\t\t\n\t\t\t\t\t<\/div>\n\t\t\t\t\t\t\t\t\n<style>\n#image_1420330764 {\n  width: 100%;\n}\n<\/style>\n\t<\/div>\n\t\n\n\t<section class=\"section\" id=\"section_643018117\">\n\t\t<div class=\"bg section-bg fill bg-fill bg-loaded bg-loaded\" >\n\n\t\t\t\n\t\t\t\n\t\t\t\n\n\t\t<\/div>\n\n\t\t<div class=\"section-content relative\">\n\t\t\t\n\n<div class=\"row row-small\"  id=\"row-963649958\">\n\n\n\t<div id=\"col-510023064\" class=\"col medium-8 small-12 large-8\"  >\n\t\t<div class=\"col-inner\"  >\n\t\t\t\n\t\t\t\n\n<h3 style=\"text-align: justify;\"><span style=\"color: #000000; font-size: 100%;\">Li\u00ean h\u1ec7 v\u1edbi ch\u00fang t\u00f4i<\/span><\/h3>\n<p style=\"text-align: justify;\"><span style=\"color: #000000; font-size: 100%;\">Pallet Nam V\u01b0\u01a1ng chuy\u00ean s\u1ea3n xu\u1ea5t, cung c\u1ea5p c\u00e1c s\u1ea3n ph\u1ea9m pallet ch\u1ea5t l\u01b0\u1ee3ng l\u00e0 t\u1eeb g\u1ed7, nh\u1ef1a, kim lo\u1ea1i,.. v\u00e0 c\u00e1c d\u1ecbch v\u1ee5 b\u00e1n bu\u00f4n, thu mua ph\u1ebf li\u1ec7u, b\u00e1n bu\u00f4n s\u1eaft th\u00e9p, m\u00f9n c\u01b0a, d\u0103m b\u00e0o, c\u1ee7i v\u1ee5n, c\u1ee7i x\u00e2y.<\/span><\/p>\n<p style=\"text-align: justify;\"><span style=\"font-size: 100%; color: #000000;\">M\u1ecdi th\u00f4ng tin c\u1ea7n t\u01b0 v\u1ea5n v\u00e0 b\u00e1o gi\u00e1, vui l\u00f2ng li\u00ean h\u1ec7 qua form sau:<\/span><\/p>\n<div role=\"form\" class=\"wpcf7\" id=\"wpcf7-f352-o1\" lang=\"vi\" dir=\"ltr\">\n<div class=\"screen-reader-response\"><p role=\"status\" aria-live=\"polite\" aria-atomic=\"true\"><\/p> <ul><\/ul><\/div>\n<form action=\"\/w\/pallethoangdung\/wp-json\/wp\/v2\/pages\/17#wpcf7-f352-o1\" method=\"post\" class=\"wpcf7-form init\" novalidate=\"novalidate\" data-status=\"init\">\n<div style=\"display: none;\">\n<input type=\"hidden\" name=\"_wpcf7\" value=\"352\" \/>\n<input type=\"hidden\" name=\"_wpcf7_version\" value=\"5.3\" \/>\n<input type=\"hidden\" name=\"_wpcf7_locale\" value=\"vi\" \/>\n<input type=\"hidden\" name=\"_wpcf7_unit_tag\" value=\"wpcf7-f352-o1\" \/>\n<input type=\"hidden\" name=\"_wpcf7_container_post\" value=\"0\" \/>\n<input type=\"hidden\" name=\"_wpcf7_posted_data_hash\" value=\"\" \/>\n<\/div>\n<p><span class=\"wpcf7-form-control-wrap text-705\"><input type=\"text\" name=\"text-705\" value=\"\" size=\"40\" class=\"wpcf7-form-control wpcf7-text wpcf7-validates-as-required\" aria-required=\"true\" aria-invalid=\"false\" placeholder=\"H\u1ecd t\u00ean c\u1ee7a b\u1ea1n...\" \/><\/span><br \/>\n<span class=\"wpcf7-form-control-wrap tel-63\"><input type=\"tel\" name=\"tel-63\" value=\"\" size=\"40\" class=\"wpcf7-form-control wpcf7-text wpcf7-tel wpcf7-validates-as-required wpcf7-validates-as-tel\" aria-required=\"true\" aria-invalid=\"false\" placeholder=\"S\u1ed1 \u0111i\u1ec7n tho\u1ea1i...\" \/><\/span><br \/>\n<input type=\"submit\" value=\"G\u1eedi li\u00ean h\u1ec7\" class=\"wpcf7-form-control wpcf7-submit\" \/><\/p>\n<div class=\"wpcf7-response-output\" aria-hidden=\"true\"><\/div><\/form><\/div>\n\n\n\t\t<\/div>\n\t\t\t<\/div>\n\n\t\n\n\t<div id=\"col-1913241788\" class=\"col medium-4 small-12 large-4\"  >\n\t\t<div class=\"col-inner\"  >\n\t\t\t\n\t\t\t\n\n<h3 style=\"text-align: justify;\"><span style=\"color: #000000; font-size: 100%;\">Th\u00f4ng tin li\u00ean h\u1ec7<\/span><\/h3>\n<p style=\"text-align: justify;\"><span style=\"font-size: 100%; color: #000000;\">Vui l\u00f2ng li\u00ean h\u1ec7 v\u1edbi ch\u00fang t\u00f4i qua c\u00e1c th\u00f4ng tin sau:<\/span><\/p>\n<p style=\"text-align: justify;\"><span style=\"color: #000000; font-size: 100%;\">&#8211; <strong>\u0110\u1ecba ch\u1ec9:<\/strong> S\u1ed1 42, \u0110\u01b0\u1eddng \u0110T 742, Khu ph\u1ed1 5, Ph\u01b0\u1eddng V\u0129nh T\u00e2n, Th\u1ecb x\u00e3 T\u00e2n Uy\u00ean, T\u1ec9nh B\u00ecnh D\u01b0\u01a1ng, Vi\u1ec7t Nam<br \/>&#8211;<strong> \u0110i\u1ec7n tho\u1ea1i: <\/strong>0961 857 990<br \/>&#8211; <strong>Email:<\/strong> palletnamvuong79@gmail.com<br \/>&#8211; <strong>Website:<\/strong> www.palletnamvuong.com<\/span><\/p>\n\n\t\t<\/div>\n\t\t\t<\/div>\n\n\t\n\n<\/div>\n<div class=\"row row-small\"  id=\"row-581597176\">\n\n\n\t<div id=\"col-1811626932\" class=\"col small-12 large-12\"  >\n\t\t<div class=\"col-inner\"  >\n\t\t\t\n\t\t\t\n\n<h3><span style=\"font-size: 95%;\">V\u1ecb tr\u00ed tr\u00ean b\u1ea3n \u0111\u1ed3<\/span><\/h3>\n<p><span style=\"font-size: 95%;\">Qu\u00fd kh\u00e1ch vui l\u00f2ng xem th\u00f4ng tin b\u1ea3n \u0111\u1ed3 \u0111\u1ebfn c\u1eeda h\u00e0ng \u0111\u01b0\u1ee3c nhanh v\u00e0 ch\u00ednh x\u00e1c nh\u1ea5t:<br \/>\n<iframe src=\"https:\/\/www.google.com\/maps\/embed?pb=!1m18!1m12!1m3!1d3292.041313081623!2d106.70793890006802!3d11.119414018885314!2m3!1f0!2f0!3f0!3m2!1i1024!2i768!4f13.1!3m3!1m2!1s0x3174cf43790fd085%3A0xf47b60e11b69b67b!2zNDIgxJBUNzQyLCBWxKluaCBUw6JuLCBUw6JuIFV5w6puLCBCw6xuaCBExrDGoW5nLCBWaeG7h3QgTmFt!5e0!3m2!1svi!2s!4v1680005811405!5m2!1svi!2s\" width=\"1800\" height=\"450\" style=\"border:0;\" allowfullscreen=\"\" loading=\"lazy\" referrerpolicy=\"no-referrer-when-downgrade\"><\/iframe>\n\n\t\t<\/div>\n\t\t\t<\/div>\n\n\t\n\n<\/div>\n\n\t\t<\/div>\n\n\t\t\n<style>\n#section_643018117 {\n  padding-top: 30px;\n  padding-bottom: 30px;\n}\n<\/style>\n\t<\/section>\n\t\n\n","protected":false},"excerpt":{"rendered":"","protected":false},"author":1,"featured_media":0,"parent":0,"menu_order":0,"comment_status":"closed","ping_status":"closed","template":"page-blank.php","meta":[],"_links":{"self":[{"href":"https:\/\/webmaibinh.com\/w\/pallethoangdung\/wp-json\/wp\/v2\/pages\/17"}],"collection":[{"href":"https:\/\/webmaibinh.com\/w\/pallethoangdung\/wp-json\/wp\/v2\/pages"}],"about":[{"href":"https:\/\/webmaibinh.com\/w\/pallethoangdung\/wp-json\/wp\/v2\/types\/page"}],"author":[{"embeddable":true,"href":"https:\/\/webmaibinh.com\/w\/pallethoangdung\/wp-json\/wp\/v2\/users\/1"}],"replies":[{"embeddable":true,"href":"https:\/\/webmaibinh.com\/w\/pallethoangdung\/wp-json\/wp\/v2\/comments?post=17"}],"version-history":[{"count":14,"href":"https:\/\/webmaibinh.com\/w\/pallethoangdung\/wp-json\/wp\/v2\/pages\/17\/revisions"}],"predecessor-version":[{"id":1215,"href":"https:\/\/webmaibinh.com\/w\/pallethoangdung\/wp-json\/wp\/v2\/pages\/17\/revisions\/1215"}],"wp:attachment":[{"href":"https:\/\/webmaibinh.com\/w\/pallethoangdung\/wp-json\/wp\/v2\/media?parent=17"}],"curies":[{"name":"wp","href":"https:\/\/api.w.org\/{rel}","templated":true}]}}