{"id":15,"date":"2018-02-23T10:58:46","date_gmt":"2018-02-23T03:58:46","guid":{"rendered":"https:\/\/bizhostvn.com\/w\/noithat2\/?page_id=15"},"modified":"2023-03-28T19:10:09","modified_gmt":"2023-03-28T12:10:09","slug":"gioi-thieu","status":"publish","type":"page","link":"https:\/\/webmaibinh.com\/w\/pallethoangdung\/gioi-thieu\/","title":{"rendered":"Gi\u1edbi thi\u1ec7u"},"content":{"rendered":"\n\t<div class=\"img has-hover x md-x lg-x y md-y lg-y\" id=\"image_1569301859\">\n\t\t\t\t\t\t\t\t<div class=\"img-inner image-cover dark\" style=\"padding-top:32%;\">\n\t\t\t<img width=\"2048\" height=\"750\" src=\"https:\/\/webmaibinh.com\/w\/pallethoangdung\/wp-content\/uploads\/2023\/03\/BN4.jpg\" class=\"attachment-original size-original\" alt=\"\" loading=\"lazy\" srcset=\"https:\/\/webmaibinh.com\/w\/pallethoangdung\/wp-content\/uploads\/2023\/03\/BN4.jpg 2048w, https:\/\/webmaibinh.com\/w\/pallethoangdung\/wp-content\/uploads\/2023\/03\/BN4-300x110.jpg 300w, https:\/\/webmaibinh.com\/w\/pallethoangdung\/wp-content\/uploads\/2023\/03\/BN4-1024x375.jpg 1024w, https:\/\/webmaibinh.com\/w\/pallethoangdung\/wp-content\/uploads\/2023\/03\/BN4-768x281.jpg 768w, https:\/\/webmaibinh.com\/w\/pallethoangdung\/wp-content\/uploads\/2023\/03\/BN4-1536x563.jpg 1536w\" sizes=\"(max-width: 2048px) 100vw, 2048px\" \/>\t\t\t\t\t\t\n\t\t\t\t\t<\/div>\n\t\t\t\t\t\t\t\t\n<style>\n#image_1569301859 {\n  width: 100%;\n}\n<\/style>\n\t<\/div>\n\t\n\n\t<section class=\"section\" id=\"section_461591826\">\n\t\t<div class=\"bg section-bg fill bg-fill bg-loaded bg-loaded\" >\n\n\t\t\t\n\t\t\t\n\t\t\t\n\n\t\t<\/div>\n\n\t\t<div class=\"section-content relative\">\n\t\t\t\n\n<div class=\"row\"  id=\"row-674570669\">\n\n\n\t<div id=\"col-227295869\" class=\"col medium-6 small-12 large-6\"  >\n\t\t<div class=\"col-inner\"  >\n\t\t\t\n\t\t\t\n\n<p style=\"text-align: justify;\"><span style=\"color: #000000; font-size: 100%;\"><strong>Pallet Nam V\u01b0\u01a1ng &#8220;Gi\u00e1 r\u1ebb b\u1ea5t ng\u1edd\u00a0 \u2013 ch\u1ea5t l\u01b0\u1ee3ng b\u1ec1n b\u1ec9\u201d<\/strong><\/span><\/p>\n<p style=\"text-align: justify;\"><span style=\"color: #000000; font-size: 100%;\">V\u1edbi kinh nghi\u1ec7m 10 n\u0103m trong ngh\u1ec1, Pallet Nam V\u01b0\u01a1ng lu\u00f4n \u0111\u00e1p \u1ee9ng nhu c\u1ea7u c\u1ee7a kh\u00e1ch h\u00e0ng qua t\u1eebng s\u1ea3n ph\u1ea9m<\/span><\/p>\n<p style=\"text-align: justify;\"><span style=\"color: #000000; font-size: 100%;\">C\u00e1c m\u1eabu pallet c\u1ee7a C\u00f4ng ty Pallet Nam V\u01b0\u01a1ng \u0111\u01b0\u1ee3c thi\u1ebft k\u1ebf c\u00f3 k\u1ebft c\u1ea5u ch\u1ecbu l\u1ef1c c\u1ef1c k\u1ef3 t\u1ed1t, ph\u00f9 h\u1ee3p \u0111\u1ec3 ch\u1ecbu l\u1ef1c c\u1ee7a nh\u1eefng h\u00e0ng h\u00f3a c\u00f3 kh\u1ed1i l\u01b0\u1ee3ng n\u1eb7ng<\/span><\/p>\n<p style=\"text-align: justify;\"><span style=\"color: #000000; font-size: 100%;\">C\u00e1c s\u1ea3n ph\u1ea9m c\u1ee7a C\u00f4ng ty Pallet Nam V\u01b0\u01a1ng \u0111\u01b0\u1ee3c qu\u1ea3n l\u00fd ngay t\u1eeb c\u00e1c v\u1eadt li\u1ec7u \u0111\u1ea7u v\u00e0o. C\u00f4ng \u0111o\u1ea1n s\u1ea3n xu\u1ea5t v\u1edbi ph\u1ea7n khung ho\u00e0n to\u00e0n b\u1eb1ng g\u1ed7 t\u1ef1 nhi\u00ean; \u0111\u00e3 qua x\u1eed l\u00fd t\u1ea9m s\u1ea5y ch\u1ed1ng m\u1ed1i m\u1ecdt, cong v\u00eanh, &#8230; \u0111\u1ea3m b\u1ea3o c\u1ea3 v\u1ec1 th\u1ea9m m\u1ef9 v\u00e0 ch\u1ea5t l\u01b0\u1ee3ng.<\/span><\/p>\n\t<div class=\"img has-hover x md-x lg-x y md-y lg-y\" id=\"image_699122537\">\n\t\t\t\t\t\t\t\t<div class=\"img-inner dark\" >\n\t\t\t<img width=\"800\" height=\"714\" src=\"https:\/\/webmaibinh.com\/w\/pallethoangdung\/wp-content\/uploads\/2023\/03\/LOGO-NAM-VUONG-1.jpg\" class=\"attachment-large size-large\" alt=\"\" loading=\"lazy\" srcset=\"https:\/\/webmaibinh.com\/w\/pallethoangdung\/wp-content\/uploads\/2023\/03\/LOGO-NAM-VUONG-1.jpg 800w, https:\/\/webmaibinh.com\/w\/pallethoangdung\/wp-content\/uploads\/2023\/03\/LOGO-NAM-VUONG-1-300x268.jpg 300w, https:\/\/webmaibinh.com\/w\/pallethoangdung\/wp-content\/uploads\/2023\/03\/LOGO-NAM-VUONG-1-768x685.jpg 768w\" sizes=\"(max-width: 800px) 100vw, 800px\" \/>\t\t\t\t\t\t\n\t\t\t\t\t<\/div>\n\t\t\t\t\t\t\t\t\n<style>\n#image_699122537 {\n  width: 85%;\n}\n<\/style>\n\t<\/div>\n\t\n\n\n\t\t<\/div>\n\t\t\t<\/div>\n\n\t\n\n\t<div id=\"col-464307563\" class=\"col medium-6 small-12 large-6\"  >\n\t\t<div class=\"col-inner\"  >\n\t\t\t\n\t\t\t\n\n\t<div class=\"img has-hover x md-x lg-x y md-y lg-y\" id=\"image_2031282828\">\n\t\t\t\t\t\t\t\t<div class=\"img-inner dark\" >\n\t\t\t\t\t\t\t\t\t\n\t\t\t\t\t<\/div>\n\t\t\t\t\t\t\t\t\n<style>\n#image_2031282828 {\n  width: 80%;\n}\n<\/style>\n\t<\/div>\n\t\n\n<p><span style=\"font-size: 100%; color: #000000;\">Ch\u00fang t\u00f4i s\u1ea3n xu\u1ea5t theo \u0111\u01a1n \u0111\u1eb7t v\u00e0 t\u01b0 v\u1eabn mi\u1ec5n ph\u00ed c\u00e1c lo\u1ea1i v\u1eadt li\u1ec7u, m\u00e0u s\u1eafc, c\u00e1ch b\u1ea3o d\u01b0\u1ee1ng sao cho ph\u00f9 h\u1ee3p v\u1edbi kh\u00f4ng gian c\u0169ng nh\u01b0 \u0111\u1ed9 b\u1ec1n c\u1ee7a s\u1ea3n ph\u1ea9m.<\/span><\/p>\n<p><span style=\"color: #000000; font-size: 100%;\"><strong>C\u00d4NG TY TNHH SX-TM-DV PALLET NAM V\u01af\u01a0NG<\/strong><\/span><\/p>\n<ul>\n<li><span style=\"font-size: 100%; color: #000000;\"><strong>\u0110\u1ecba ch\u1ec9:<\/strong> S\u1ed1 42, \u0110\u01b0\u1eddng \u0110T 742, Khu ph\u1ed1 5, Ph\u01b0\u1eddng V\u0129nh T\u00e2n, Th\u1ecb x\u00e3 T\u00e2n Uy\u00ean, T\u1ec9nh B\u00ecnh D\u01b0\u01a1ng, Vi\u1ec7t Nam<\/span><\/li>\n<li><span style=\"font-size: 100%; color: #000000;\"><strong>MST:\u00a0<\/strong> 3703114503<\/span><\/li>\n<li><span style=\"font-size: 100%; color: #000000;\"><strong>Gmail:<\/strong> palletnamvuong79@gmail.com<\/span><\/li>\n<li><span style=\"font-size: 100%; color: #000000;\"><strong>S\u0110T: <\/strong>0961 857 990<\/span><\/li>\n<\/ul>\n<p><iframe src=\"https:\/\/www.google.com\/maps\/embed?pb=!1m18!1m12!1m3!1d3914.9128730986286!2d106.70646965064128!3d11.119866692050193!2m3!1f0!2f0!3f0!3m2!1i1024!2i768!4f13.1!3m3!1m2!1s0x3174cf43790fd085%3A0xf47b60e11b69b67b!2zNDIgxJBUNzQyLCBWxKluaCBUw6JuLCBUw6JuIFV5w6puLCBCw6xuaCBExrDGoW5nLCBWaeG7h3QgTmFt!5e0!3m2!1svi!2s!4v1680005049274!5m2!1svi!2s\" width=\"660\" height=\"450\" style=\"border:0;\" allowfullscreen=\"\" loading=\"lazy\" referrerpolicy=\"no-referrer-when-downgrade\"><\/iframe><\/p>\n\n\t\t<\/div>\n\t\t\t<\/div>\n\n\t\n\n\t<div id=\"col-685129756\" class=\"col small-12 large-12\"  >\n\t\t<div class=\"col-inner\"  >\n\t\t\t\n\t\t\t\n\n\t<div class=\"img has-hover x md-x lg-x y md-y lg-y\" id=\"image_1940996281\">\n\t\t\t\t\t\t\t\t<div class=\"img-inner image-cover dark\" style=\"padding-top:32%;\">\n\t\t\t<img width=\"1680\" height=\"572\" src=\"https:\/\/webmaibinh.com\/w\/pallethoangdung\/wp-content\/uploads\/2022\/06\/pallet-banner.jpg\" class=\"attachment-original size-original\" alt=\"\" loading=\"lazy\" srcset=\"https:\/\/webmaibinh.com\/w\/pallethoangdung\/wp-content\/uploads\/2022\/06\/pallet-banner.jpg 1680w, https:\/\/webmaibinh.com\/w\/pallethoangdung\/wp-content\/uploads\/2022\/06\/pallet-banner-300x102.jpg 300w, https:\/\/webmaibinh.com\/w\/pallethoangdung\/wp-content\/uploads\/2022\/06\/pallet-banner-1024x349.jpg 1024w, https:\/\/webmaibinh.com\/w\/pallethoangdung\/wp-content\/uploads\/2022\/06\/pallet-banner-768x261.jpg 768w, https:\/\/webmaibinh.com\/w\/pallethoangdung\/wp-content\/uploads\/2022\/06\/pallet-banner-1536x523.jpg 1536w\" sizes=\"(max-width: 1680px) 100vw, 1680px\" \/>\t\t\t\t\t\t\n\t\t\t\t\t<\/div>\n\t\t\t\t\t\t\t\t\n<style>\n#image_1940996281 {\n  width: 100%;\n}\n<\/style>\n\t<\/div>\n\t\n\n\n\t\t<\/div>\n\t\t\t<\/div>\n\n\t\n\n\t<div id=\"col-358263964\" class=\"col medium-6 small-12 large-6\"  >\n\t\t<div class=\"col-inner\"  >\n\t\t\t\n\t\t\t\n\n<h3><strong>S\u1ea3n ph\u1ea9m Pallet ch\u1ea5t l\u01b0\u1ee3ng cao<\/strong><\/h3>\n<p><span style=\"font-size: 95%;\">Ch\u00fang t\u00f4i nh\u1eadn thi\u1ebft k\u1ebf v\u00e0 s\u1ea3n xu\u1ea5t c\u00e1c s\u1ea3n ph\u1ea9m Pallet t\u1eeb b\u00ecnh d\u00e2n \u0111\u1ebfn cao c\u1ea5p, \u0111\u1ea3m b\u1ea3o ch\u1ea5t l\u01b0\u1ee3ng t\u1ed1t nh\u1ea5t m\u00e0 gi\u00e1 th\u00e0nh l\u1ea1i ph\u00f9 h\u1ee3p v\u1edbi nhu c\u1ea7u c\u1ee7a qu\u00fd kh\u00e1ch h\u00e0ng.<\/span><\/p>\n<div class=\"row row-small\"  id=\"row-1292256067\">\n\n\n\t<div id=\"col-48745720\" class=\"col medium-3 small-6 large-3\"  >\n\t\t<div class=\"col-inner\"  >\n\t\t\t\n\t\t\t\n\n\n\t\t<div class=\"icon-box featured-box icon-box-center text-center\"  >\n\t\t\t\t\t<div class=\"icon-box-img\" style=\"width: 478px\">\n\t\t\t\t<div class=\"icon\">\n\t\t\t\t\t<div class=\"icon-inner\" >\n\t\t\t\t\t\t<img width=\"300\" height=\"300\" src=\"https:\/\/webmaibinh.com\/w\/pallethoangdung\/wp-content\/uploads\/2022\/06\/z1-300x300.jpg\" class=\"attachment-medium size-medium\" alt=\"\" loading=\"lazy\" srcset=\"https:\/\/webmaibinh.com\/w\/pallethoangdung\/wp-content\/uploads\/2022\/06\/z1-300x300.jpg 300w, https:\/\/webmaibinh.com\/w\/pallethoangdung\/wp-content\/uploads\/2022\/06\/z1-100x100.jpg 100w, https:\/\/webmaibinh.com\/w\/pallethoangdung\/wp-content\/uploads\/2022\/06\/z1-150x150.jpg 150w, https:\/\/webmaibinh.com\/w\/pallethoangdung\/wp-content\/uploads\/2022\/06\/z1.jpg 650w\" sizes=\"(max-width: 300px) 100vw, 300px\" \/>\t\t\t\t\t<\/div>\n\t\t\t\t<\/div>\n\t\t\t<\/div>\n\t\t\t\t<div class=\"icon-box-text last-reset\">\n\t\t\t\t\t\t\t\t\t\n\n<p style=\"text-align: center;\"><a href=\"https:\/\/webmaibinh.com\/w\/pallethoangdung\/danh-muc\/san-pham-pallet-go\/\">S\u1ea2N PH\u1ea8M PALLET G\u1ed6<\/a><\/p>\n\n\t\t<\/div>\n\t<\/div>\n\t\n\t\n\n\t\t<\/div>\n\t\t\t<\/div>\n\n\t\n\n\t<div id=\"col-1683551846\" class=\"col medium-3 small-6 large-3\"  >\n\t\t<div class=\"col-inner\"  >\n\t\t\t\n\t\t\t\n\n\n\t\t<div class=\"icon-box featured-box icon-box-center text-center\"  >\n\t\t\t\t\t<div class=\"icon-box-img\" style=\"width: 117px\">\n\t\t\t\t<div class=\"icon\">\n\t\t\t\t\t<div class=\"icon-inner\" >\n\t\t\t\t\t\t<img width=\"300\" height=\"300\" src=\"https:\/\/webmaibinh.com\/w\/pallethoangdung\/wp-content\/uploads\/2022\/06\/pallet-thep-1-300x300.jpg\" class=\"attachment-medium size-medium\" alt=\"\" loading=\"lazy\" srcset=\"https:\/\/webmaibinh.com\/w\/pallethoangdung\/wp-content\/uploads\/2022\/06\/pallet-thep-1-300x300.jpg 300w, https:\/\/webmaibinh.com\/w\/pallethoangdung\/wp-content\/uploads\/2022\/06\/pallet-thep-1-100x100.jpg 100w, https:\/\/webmaibinh.com\/w\/pallethoangdung\/wp-content\/uploads\/2022\/06\/pallet-thep-1-150x150.jpg 150w, https:\/\/webmaibinh.com\/w\/pallethoangdung\/wp-content\/uploads\/2022\/06\/pallet-thep-1-768x768.jpg 768w, https:\/\/webmaibinh.com\/w\/pallethoangdung\/wp-content\/uploads\/2022\/06\/pallet-thep-1.jpg 1000w\" sizes=\"(max-width: 300px) 100vw, 300px\" \/>\t\t\t\t\t<\/div>\n\t\t\t\t<\/div>\n\t\t\t<\/div>\n\t\t\t\t<div class=\"icon-box-text last-reset\">\n\t\t\t\t\t\t\t\t\t\n\n<p style=\"text-align: center;\"><a href=\"https:\/\/webmaibinh.com\/w\/pallethoangdung\/danh-muc\/san-pham-pallet-kim-loai\/\">S\u1ea2N PH\u1ea8M PALLET KIM LO\u1ea0I<\/a><\/p>\n\n\t\t<\/div>\n\t<\/div>\n\t\n\t\n\n\t\t<\/div>\n\t\t\t<\/div>\n\n\t\n\n\t<div id=\"col-1051123874\" class=\"col medium-3 small-6 large-3\"  >\n\t\t<div class=\"col-inner\"  >\n\t\t\t\n\t\t\t\n\n\n\t\t<div class=\"icon-box featured-box icon-box-center text-center\"  >\n\t\t\t\t\t<div class=\"icon-box-img\" style=\"width: 129px\">\n\t\t\t\t<div class=\"icon\">\n\t\t\t\t\t<div class=\"icon-inner\" >\n\t\t\t\t\t\t<img width=\"300\" height=\"300\" src=\"https:\/\/webmaibinh.com\/w\/pallethoangdung\/wp-content\/uploads\/2022\/06\/c-300x300.jpg\" class=\"attachment-medium size-medium\" alt=\"\" loading=\"lazy\" srcset=\"https:\/\/webmaibinh.com\/w\/pallethoangdung\/wp-content\/uploads\/2022\/06\/c-300x300.jpg 300w, https:\/\/webmaibinh.com\/w\/pallethoangdung\/wp-content\/uploads\/2022\/06\/c-100x100.jpg 100w, https:\/\/webmaibinh.com\/w\/pallethoangdung\/wp-content\/uploads\/2022\/06\/c-150x150.jpg 150w, https:\/\/webmaibinh.com\/w\/pallethoangdung\/wp-content\/uploads\/2022\/06\/c.jpg 600w\" sizes=\"(max-width: 300px) 100vw, 300px\" \/>\t\t\t\t\t<\/div>\n\t\t\t\t<\/div>\n\t\t\t<\/div>\n\t\t\t\t<div class=\"icon-box-text last-reset\">\n\t\t\t\t\t\t\t\t\t\n\n<p style=\"text-align: center;\"><a href=\"https:\/\/webmaibinh.com\/w\/pallethoangdung\/danh-muc\/san-pham-pallet-nhua\/\">S\u1ea2N PH\u1ea8M PALLET NH\u1ef0A<\/a><\/p>\n\n\t\t<\/div>\n\t<\/div>\n\t\n\t\n\n\t\t<\/div>\n\t\t\t<\/div>\n\n\t\n\n\t<div id=\"col-1997427260\" class=\"col medium-3 small-6 large-3\"  >\n\t\t<div class=\"col-inner\"  >\n\t\t\t\n\t\t\t\n\n\n\t\t<div class=\"icon-box featured-box icon-box-center text-center\"  >\n\t\t\t\t\t<div class=\"icon-box-img\" style=\"width: 177px\">\n\t\t\t\t<div class=\"icon\">\n\t\t\t\t\t<div class=\"icon-inner\" >\n\t\t\t\t\t\t<img width=\"300\" height=\"300\" src=\"https:\/\/webmaibinh.com\/w\/pallethoangdung\/wp-content\/uploads\/2023\/03\/s1-300x300.jpg\" class=\"attachment-medium size-medium\" alt=\"\" loading=\"lazy\" srcset=\"https:\/\/webmaibinh.com\/w\/pallethoangdung\/wp-content\/uploads\/2023\/03\/s1-300x300.jpg 300w, https:\/\/webmaibinh.com\/w\/pallethoangdung\/wp-content\/uploads\/2023\/03\/s1-100x100.jpg 100w, https:\/\/webmaibinh.com\/w\/pallethoangdung\/wp-content\/uploads\/2023\/03\/s1-150x150.jpg 150w, https:\/\/webmaibinh.com\/w\/pallethoangdung\/wp-content\/uploads\/2023\/03\/s1.jpg 600w\" sizes=\"(max-width: 300px) 100vw, 300px\" \/>\t\t\t\t\t<\/div>\n\t\t\t\t<\/div>\n\t\t\t<\/div>\n\t\t\t\t<div class=\"icon-box-text last-reset\">\n\t\t\t\t\t\t\t\t\t\n\n<p><a href=\"https:\/\/webmaibinh.com\/w\/pallethoangdung\/danh-muc\/pallet-chat-luong-cao\/\">PALLET CH\u1ea4T L\u01af\u1ee2NG CAO<\/a><\/p>\n\n\t\t<\/div>\n\t<\/div>\n\t\n\t\n\n\t\t<\/div>\n\t\t\t<\/div>\n\n\t\n\n<\/div>\n\n\t\t<\/div>\n\t\t\t<\/div>\n\n\t\n\n\t<div id=\"col-676494321\" class=\"col medium-6 small-12 large-6\"  >\n\t\t<div class=\"col-inner\"  >\n\t\t\t\n\t\t\t\n\n\t<div class=\"img has-hover x md-x lg-x y md-y lg-y\" id=\"image_1917609566\">\n\t\t\t\t\t\t\t\t<div class=\"img-inner image-cover dark\" style=\"padding-top:67%;margin:-11px 0px 0px 0px;\">\n\t\t\t<img width=\"770\" height=\"472\" src=\"https:\/\/webmaibinh.com\/w\/pallethoangdung\/wp-content\/uploads\/2022\/06\/S8.png\" class=\"attachment-original size-original\" alt=\"\" loading=\"lazy\" srcset=\"https:\/\/webmaibinh.com\/w\/pallethoangdung\/wp-content\/uploads\/2022\/06\/S8.png 770w, https:\/\/webmaibinh.com\/w\/pallethoangdung\/wp-content\/uploads\/2022\/06\/S8-300x184.png 300w, https:\/\/webmaibinh.com\/w\/pallethoangdung\/wp-content\/uploads\/2022\/06\/S8-768x471.png 768w\" sizes=\"(max-width: 770px) 100vw, 770px\" \/>\t\t\t\t\t\t\n\t\t\t\t\t<\/div>\n\t\t\t\t\t\t\t\t\n<style>\n#image_1917609566 {\n  width: 100%;\n}\n<\/style>\n\t<\/div>\n\t\n\n\n\t\t<\/div>\n\t\t\t<\/div>\n\n\t\n\n\t<div id=\"col-1909712649\" class=\"col medium-6 small-12 large-6\"  >\n\t\t<div class=\"col-inner\"  >\n\t\t\t\n\t\t\t\n\n\t<div class=\"img has-hover x md-x lg-x y md-y lg-y\" id=\"image_867414965\">\n\t\t\t\t\t\t\t\t<div class=\"img-inner image-cover dark\" style=\"padding-top:70%;margin:16px 0px 0px 0px;\">\n\t\t\t<img width=\"770\" height=\"544\" src=\"https:\/\/webmaibinh.com\/w\/pallethoangdung\/wp-content\/uploads\/2022\/06\/S88.png\" class=\"attachment-large size-large\" alt=\"\" loading=\"lazy\" srcset=\"https:\/\/webmaibinh.com\/w\/pallethoangdung\/wp-content\/uploads\/2022\/06\/S88.png 770w, https:\/\/webmaibinh.com\/w\/pallethoangdung\/wp-content\/uploads\/2022\/06\/S88-300x212.png 300w, https:\/\/webmaibinh.com\/w\/pallethoangdung\/wp-content\/uploads\/2022\/06\/S88-768x543.png 768w\" sizes=\"(max-width: 770px) 100vw, 770px\" \/>\t\t\t\t\t\t\n\t\t\t\t\t<\/div>\n\t\t\t\t\t\t\t\t\n<style>\n#image_867414965 {\n  width: 100%;\n}\n<\/style>\n\t<\/div>\n\t\n\n\n\t\t<\/div>\n\t\t\t<\/div>\n\n\t\n\n\t<div id=\"col-197494387\" class=\"col medium-6 small-12 large-6\"  >\n\t\t<div class=\"col-inner\"  >\n\t\t\t\n\t\t\t\n\n<h3><strong>D\u1ecbch v\u1ee5 b\u00e1n bu\u00f4n ph\u1ebf li\u1ec7u, <\/strong><strong>m\u00f9n c\u01b0a, d\u0103m b\u00e0o, c\u1ee7i v\u1ee5n, c\u1ee7i x\u00e2y\u00a0<\/strong><\/h3>\n<p>\u00a0<\/p>\n<div class=\"row row-small\"  id=\"row-322442979\">\n\n\n\t<div id=\"col-605846415\" class=\"col medium-3 small-6 large-3\"  >\n\t\t<div class=\"col-inner\"  >\n\t\t\t\n\t\t\t\n\n\n\t\t<div class=\"icon-box featured-box icon-box-center text-center is-large\"  >\n\t\t\t\t\t<div class=\"icon-box-img\" style=\"width: 310px\">\n\t\t\t\t<div class=\"icon\">\n\t\t\t\t\t<div class=\"icon-inner\" >\n\t\t\t\t\t\t<img width=\"300\" height=\"214\" src=\"https:\/\/webmaibinh.com\/w\/pallethoangdung\/wp-content\/uploads\/2022\/06\/31-300x214.jpg\" class=\"attachment-medium size-medium\" alt=\"\" loading=\"lazy\" srcset=\"https:\/\/webmaibinh.com\/w\/pallethoangdung\/wp-content\/uploads\/2022\/06\/31-300x214.jpg 300w, https:\/\/webmaibinh.com\/w\/pallethoangdung\/wp-content\/uploads\/2022\/06\/31-768x549.jpg 768w, https:\/\/webmaibinh.com\/w\/pallethoangdung\/wp-content\/uploads\/2022\/06\/31.jpg 840w\" sizes=\"(max-width: 300px) 100vw, 300px\" \/>\t\t\t\t\t<\/div>\n\t\t\t\t<\/div>\n\t\t\t<\/div>\n\t\t\t\t<div class=\"icon-box-text last-reset\">\n\t\t\t\t\t\t\t\t\t\n\n<p style=\"text-align: center;\"><a href=\"https:\/\/webmaibinh.com\/w\/pallethoangdung\/bai-viet\/dich-vu\/ban-buon-phe-lieu\/\">B\u00c1N BU\u00d4N PH\u1ebe LI\u1ec6U<\/a><\/p>\n\n\t\t<\/div>\n\t<\/div>\n\t\n\t\n\n\t\t<\/div>\n\t\t\t<\/div>\n\n\t\n\n\t<div id=\"col-607465954\" class=\"col medium-3 small-6 large-3\"  >\n\t\t<div class=\"col-inner\"  >\n\t\t\t\n\t\t\t\n\n\n\t\t<div class=\"icon-box featured-box icon-box-center text-center is-large\"  style=\"margin:3px 0px 0px 0px;\">\n\t\t\t\t\t<div class=\"icon-box-img\" style=\"width: 376px\">\n\t\t\t\t<div class=\"icon\">\n\t\t\t\t\t<div class=\"icon-inner\" >\n\t\t\t\t\t\t<img width=\"300\" height=\"203\" src=\"https:\/\/webmaibinh.com\/w\/pallethoangdung\/wp-content\/uploads\/2022\/06\/st-300x203.jpeg\" class=\"attachment-medium size-medium\" alt=\"\" loading=\"lazy\" srcset=\"https:\/\/webmaibinh.com\/w\/pallethoangdung\/wp-content\/uploads\/2022\/06\/st-300x203.jpeg 300w, https:\/\/webmaibinh.com\/w\/pallethoangdung\/wp-content\/uploads\/2022\/06\/st.jpeg 621w\" sizes=\"(max-width: 300px) 100vw, 300px\" \/>\t\t\t\t\t<\/div>\n\t\t\t\t<\/div>\n\t\t\t<\/div>\n\t\t\t\t<div class=\"icon-box-text last-reset\">\n\t\t\t\t\t\t\t\t\t\n\n<p style=\"text-align: center;\"><a href=\"https:\/\/webmaibinh.com\/w\/pallethoangdung\/bai-viet\/dich-vu\/ban-buon-sat-thep\/\">B\u00c1N BU\u00d4N S\u1eaeT TH\u00c9P<\/a><\/p>\n\n\t\t<\/div>\n\t<\/div>\n\t\n\t\n\n\t\t<\/div>\n\t\t\t<\/div>\n\n\t\n\n\t<div id=\"col-518197301\" class=\"col medium-3 small-6 large-3\"  >\n\t\t<div class=\"col-inner\"  >\n\t\t\t\n\t\t\t\n\n\n\t\t<div class=\"icon-box featured-box icon-box-center text-center is-large\"  style=\"margin:3px 0px 0px 0px;\">\n\t\t\t\t\t<div class=\"icon-box-img\" style=\"width: 231px\">\n\t\t\t\t<div class=\"icon\">\n\t\t\t\t\t<div class=\"icon-inner\" >\n\t\t\t\t\t\t<img width=\"300\" height=\"203\" src=\"https:\/\/webmaibinh.com\/w\/pallethoangdung\/wp-content\/uploads\/2022\/06\/mua-phe-lieu-long-an-gia-cao-300x203.jpeg\" class=\"attachment-medium size-medium\" alt=\"\" loading=\"lazy\" srcset=\"https:\/\/webmaibinh.com\/w\/pallethoangdung\/wp-content\/uploads\/2022\/06\/mua-phe-lieu-long-an-gia-cao-300x203.jpeg 300w, https:\/\/webmaibinh.com\/w\/pallethoangdung\/wp-content\/uploads\/2022\/06\/mua-phe-lieu-long-an-gia-cao.jpeg 620w\" sizes=\"(max-width: 300px) 100vw, 300px\" \/>\t\t\t\t\t<\/div>\n\t\t\t\t<\/div>\n\t\t\t<\/div>\n\t\t\t\t<div class=\"icon-box-text last-reset\">\n\t\t\t\t\t\t\t\t\t\n\n<p style=\"text-align: center;\"><a href=\"https:\/\/webmaibinh.com\/w\/pallethoangdung\/bai-viet\/dich-vu\/thu-mua-phe-lieu\/\">THU MUA PH\u1ebe LI\u1ec6U<\/a><\/p>\n\n\t\t<\/div>\n\t<\/div>\n\t\n\t\n\n\t\t<\/div>\n\t\t\t<\/div>\n\n\t\n\n\t<div id=\"col-428557480\" class=\"col medium-3 small-6 large-3\"  >\n\t\t<div class=\"col-inner\"  >\n\t\t\t\n\t\t\t\n\n\n\t\t<div class=\"icon-box featured-box icon-box-center text-center\"  style=\"margin:6px 0px 0px 0px;\">\n\t\t\t\t\t<div class=\"icon-box-img\" style=\"width: 280px\">\n\t\t\t\t<div class=\"icon\">\n\t\t\t\t\t<div class=\"icon-inner\" >\n\t\t\t\t\t\t<img width=\"300\" height=\"200\" src=\"https:\/\/webmaibinh.com\/w\/pallethoangdung\/wp-content\/uploads\/2022\/06\/d-300x200.jpg\" class=\"attachment-medium size-medium\" alt=\"\" loading=\"lazy\" srcset=\"https:\/\/webmaibinh.com\/w\/pallethoangdung\/wp-content\/uploads\/2022\/06\/d-300x200.jpg 300w, https:\/\/webmaibinh.com\/w\/pallethoangdung\/wp-content\/uploads\/2022\/06\/d.jpg 379w\" sizes=\"(max-width: 300px) 100vw, 300px\" \/>\t\t\t\t\t<\/div>\n\t\t\t\t<\/div>\n\t\t\t<\/div>\n\t\t\t\t<div class=\"icon-box-text last-reset\">\n\t\t\t\t\t\t\t\t\t\n\n<p style=\"text-align: center;\"><a href=\"https:\/\/webmaibinh.com\/w\/pallethoangdung\/bai-viet\/dich-vu\/ban-buon-mun-cua-dam-bao-cui-vun-cui-xay\/\">B\u00c1N BU\u00d4N M\u00d9N C\u01afA, D\u0102M B\u00c0O, C\u1ee6I V\u1ee4N, C\u1ee6I X\u00c2Y<\/a><\/p>\n\n\t\t<\/div>\n\t<\/div>\n\t\n\t\n\n\t\t<\/div>\n\t\t\t<\/div>\n\n\t\n\n<\/div>\n\n\t\t<\/div>\n\t\t\t<\/div>\n\n\t\n\n<\/div>\n\n\t\t<\/div>\n\n\t\t\n<style>\n#section_461591826 {\n  padding-top: 30px;\n  padding-bottom: 30px;\n}\n<\/style>\n\t<\/section>\n\t\n\n","protected":false},"excerpt":{"rendered":"","protected":false},"author":1,"featured_media":0,"parent":0,"menu_order":0,"comment_status":"closed","ping_status":"closed","template":"page-blank.php","meta":[],"_links":{"self":[{"href":"https:\/\/webmaibinh.com\/w\/pallethoangdung\/wp-json\/wp\/v2\/pages\/15"}],"collection":[{"href":"https:\/\/webmaibinh.com\/w\/pallethoangdung\/wp-json\/wp\/v2\/pages"}],"about":[{"href":"https:\/\/webmaibinh.com\/w\/pallethoangdung\/wp-json\/wp\/v2\/types\/page"}],"author":[{"embeddable":true,"href":"https:\/\/webmaibinh.com\/w\/pallethoangdung\/wp-json\/wp\/v2\/users\/1"}],"replies":[{"embeddable":true,"href":"https:\/\/webmaibinh.com\/w\/pallethoangdung\/wp-json\/wp\/v2\/comments?post=15"}],"version-history":[{"count":86,"href":"https:\/\/webmaibinh.com\/w\/pallethoangdung\/wp-json\/wp\/v2\/pages\/15\/revisions"}],"predecessor-version":[{"id":1214,"href":"https:\/\/webmaibinh.com\/w\/pallethoangdung\/wp-json\/wp\/v2\/pages\/15\/revisions\/1214"}],"wp:attachment":[{"href":"https:\/\/webmaibinh.com\/w\/pallethoangdung\/wp-json\/wp\/v2\/media?parent=15"}],"curies":[{"name":"wp","href":"https:\/\/api.w.org\/{rel}","templated":true}]}}