{"id":21,"date":"2019-01-15T21:10:14","date_gmt":"2019-01-15T14:10:14","guid":{"rendered":"http:\/\/halona.muathemewordpress.net\/?page_id=21"},"modified":"2019-07-01T22:02:03","modified_gmt":"2019-07-01T15:02:03","slug":"gioi-thieu","status":"publish","type":"page","link":"https:\/\/webmaibinh.com\/w\/nongsan22011\/gioi-thieu\/","title":{"rendered":"Gi\u1edbi thi\u1ec7u"},"content":{"rendered":"\t<section class=\"section hide-for-medium\" id=\"section_69667414\">\n\t\t<div class=\"bg section-bg fill bg-fill  bg-loaded\" >\n\n\t\t\t\n\t\t\t\n\t\t\t\n\n\t\t<\/div>\n\n\t\t<div class=\"section-content relative\">\n\t\t\t\n\n  <div class=\"banner has-hover\" id=\"banner-267243791\">\n          <div class=\"banner-inner fill\">\n        <div class=\"banner-bg fill\" >\n            <div class=\"bg fill bg-fill \"><\/div>\n                                    \n                    <\/div>\n        <div class=\"banner-layers container\">\n            <div class=\"fill banner-link\"><\/div>            \n   <div id=\"text-box-586602544\" class=\"text-box banner-layer x5 md-x5 lg-x5 y50 md-y50 lg-y50 res-text\">\n                                <div class=\"text dark\">\n              \n              <div class=\"text-inner text-center\">\n                  \n<div role=\"form\" class=\"wpcf7\" id=\"wpcf7-f244-o1\" lang=\"vi\" dir=\"ltr\">\n<div class=\"screen-reader-response\"><p role=\"status\" aria-live=\"polite\" aria-atomic=\"true\"><\/p> <ul><\/ul><\/div>\n<form action=\"\/w\/nongsan22011\/wp-json\/wp\/v2\/pages\/21#wpcf7-f244-o1\" method=\"post\" class=\"wpcf7-form init\" novalidate=\"novalidate\" data-status=\"init\">\n<div style=\"display: none;\">\n<input type=\"hidden\" name=\"_wpcf7\" value=\"244\" \/>\n<input type=\"hidden\" name=\"_wpcf7_version\" value=\"5.3\" \/>\n<input type=\"hidden\" name=\"_wpcf7_locale\" value=\"vi\" \/>\n<input type=\"hidden\" name=\"_wpcf7_unit_tag\" value=\"wpcf7-f244-o1\" \/>\n<input type=\"hidden\" name=\"_wpcf7_container_post\" value=\"0\" \/>\n<input type=\"hidden\" name=\"_wpcf7_posted_data_hash\" value=\"\" \/>\n<\/div>\n<div class=\"form-tu-van\">\n<div class=\"title\">Li\u00ean h\u1ec7 t\u01b0 v\u1ea5n mua h\u00e0ng<\/div>\n<p><span class=\"wpcf7-form-control-wrap text-858\"><input type=\"text\" name=\"text-858\" value=\"\" size=\"40\" class=\"wpcf7-form-control wpcf7-text wpcf7-validates-as-required\" aria-required=\"true\" aria-invalid=\"false\" placeholder=\"H\u1ecd t\u00ean c\u1ee7a b\u1ea1n..\" \/><\/span><br \/>\n<span class=\"wpcf7-form-control-wrap tel-939\"><input type=\"tel\" name=\"tel-939\" value=\"\" size=\"40\" class=\"wpcf7-form-control wpcf7-text wpcf7-tel wpcf7-validates-as-required wpcf7-validates-as-tel\" aria-required=\"true\" aria-invalid=\"false\" placeholder=\"S\u1ed1 \u0111i\u1ec7n tho\u1ea1i...\" \/><\/span><br \/>\n<span class=\"wpcf7-form-control-wrap textarea-5\"><textarea name=\"textarea-5\" cols=\"40\" rows=\"10\" class=\"wpcf7-form-control wpcf7-textarea\" aria-invalid=\"false\" placeholder=\"N\u1ed9i dung c\u1ea7n t\u01b0 v\u1ea5n...\"><\/textarea><\/span><br \/>\n<input type=\"submit\" value=\"G\u1eedi li\u00ean h\u1ec7\" class=\"wpcf7-form-control wpcf7-submit\" \/>\n<\/p><\/div>\n<div class=\"wpcf7-response-output\" aria-hidden=\"true\"><\/div><\/form><\/div>\n              <\/div>\n           <\/div>\n                            \n<style>\n#text-box-586602544 {\n  width: 60%;\n}\n#text-box-586602544 .text {\n  font-size: 100%;\n}\n@media (min-width:550px) {\n  #text-box-586602544 {\n    width: 30%;\n  }\n}\n<\/style>\n    <\/div>\n \n        <\/div>\n      <\/div>\n\n            \n<style>\n#banner-267243791 {\n  padding-top: 31%;\n}\n#banner-267243791 .bg.bg-loaded {\n  background-image: url(https:\/\/webmaibinh.com\/w\/nongsan22011\/wp-content\/uploads\/2019\/07\/banner-home-1.png);\n}\n<\/style>\n  <\/div>\n\n\n\t\t<\/div>\n\n\t\t\n<style>\n#section_69667414 {\n  padding-top: 0px;\n  padding-bottom: 0px;\n}\n<\/style>\n\t<\/section>\n\t\n\t<section class=\"section\" id=\"section_489836246\">\n\t\t<div class=\"bg section-bg fill bg-fill  bg-loaded\" >\n\n\t\t\t\n\t\t\t\n\t\t\t\n\n\t\t<\/div>\n\n\t\t<div class=\"section-content relative\">\n\t\t\t\n<div class=\"row\"  id=\"row-339520920\">\n\n\t<div id=\"col-1802903011\" class=\"col medium-6 small-12 large-6\"  >\n\t\t<div class=\"col-inner\"  >\n\t\t\t\n\t\t\t\n\t<div id=\"gap-1492001053\" class=\"gap-element clearfix\" style=\"display:block; height:auto;\">\n\t\t\n<style>\n#gap-1492001053 {\n  padding-top: 49px;\n}\n<\/style>\n\t<\/div>\n\t\n<h1><strong>V\u1ec0 CH\u00daNG T\u00d4I<\/strong><\/h1>\n<p>C\u00f4ng ty c\u1ed5 ph\u1ea7n th\u1ef1c ph\u1ea9m dinh d\u01b0\u1ee1ng\u00a0 l\u00e0 C\u00f4ng ty chuy\u00ean cung c\u1ea5p c\u00e1c lo\u1ea1i tr\u00e1i c\u00e2y hoa qu\u1ea3, rau s\u1ea1ch. Ch\u00fang t\u00f4i cam k\u1ebft ch\u1ea5t l\u01b0\u1ee3ng s\u1ea3n ph\u1ea9m s\u1ea1ch t\u1eeb thi\u00ean nhi\u00ean kh\u00f4ng quah\u00f3a ch\u1ea5t.<\/p>\n<p>Rau c\u1ee7 qu\u1ea3 c\u1ea3u ch\u00fang t\u00f4i s\u1ebd mang \u0111\u1ebfn kh\u00e1ch h\u00e0ng m\u1ed9t s\u1ea3n ph\u1ea9m ch\u1ea5t l\u01b0\u1ee3ng, m\u1ed9t th\u01b0\u01a1ng hi\u1ec7u \u0111\u00e1ng tin c\u1eady. C\u00f4ng ty ch\u00fang t\u00f4i mong mu\u1ed1n c\u00f3 c\u01a1 h\u1ed9i \u0111\u01b0\u1ee3c ph\u1ee5c v\u1ee5 qu\u00fd kh\u00e1ch v\u00e0 g\u00f3p ph\u1ea7n ph\u00e1t tri\u1ec1n ng\u00e0nhth\u1ef1c ph\u1ea9m s\u1ea1ch t\u1ea1i Vi\u1ec7t Nam<\/p>\n\t\t<\/div>\n\t\t\t<\/div>\n\n\t\n\n\t<div id=\"col-1746719266\" class=\"col medium-6 small-12 large-6\"  >\n\t\t<div class=\"col-inner\"  >\n\t\t\t\n\t\t\t\n\t<div class=\"img has-hover x md-x lg-x y md-y lg-y\" id=\"image_1668905922\">\n\t\t\t\t\t\t\t\t<div class=\"img-inner dark\" >\n\t\t\t<img width=\"754\" height=\"464\" src=\"https:\/\/webmaibinh.com\/w\/nongsan22011\/wp-content\/uploads\/2019\/07\/banner-main-002-1.png\" class=\"attachment-original size-original\" alt=\"\" loading=\"lazy\" srcset=\"https:\/\/webmaibinh.com\/w\/nongsan22011\/wp-content\/uploads\/2019\/07\/banner-main-002-1.png 754w, https:\/\/webmaibinh.com\/w\/nongsan22011\/wp-content\/uploads\/2019\/07\/banner-main-002-1-510x314.png 510w\" sizes=\"(max-width: 754px) 100vw, 754px\" \/>\t\t\t\t\t\t\n\t\t\t\t\t<\/div>\n\t\t\t\t\t\t\t\t\n<style>\n#image_1668905922 {\n  width: 100%;\n}\n<\/style>\n\t<\/div>\n\t\n\t\t<\/div>\n\t\t\t<\/div>\n\n\t\n<\/div>\n\t\t<\/div>\n\n\t\t\n<style>\n#section_489836246 {\n  padding-top: 30px;\n  padding-bottom: 30px;\n  background-color: rgb(255, 255, 255);\n}\n<\/style>\n\t<\/section>\n\t\n\t<section class=\"section\" id=\"section_1794296714\">\n\t\t<div class=\"bg section-bg fill bg-fill  bg-loaded\" >\n\n\t\t\t\n\t\t\t\n\t\t\t\n\n\t\t<\/div>\n\n\t\t<div class=\"section-content relative\">\n\t\t\t\n<div class=\"row\"  id=\"row-855188874\">\n\n\t<div id=\"col-1069650359\" class=\"col small-12 large-12\"  >\n\t\t<div class=\"col-inner\"  >\n\t\t\t\n\t\t\t\n<div class=\"container section-title-container\" ><h3 class=\"section-title section-title-center\"><b><\/b><span class=\"section-title-main\" style=\"font-size:130%;color:rgb(72, 1, 1);\">V\u00cc SAO CH\u1eccN S\u1ea2N PH\u1ea8M C\u1ee6A CH\u00daNG T\u00d4I<\/span><b><\/b><\/h3><\/div>\n\t<div id=\"gap-1272168932\" class=\"gap-element clearfix\" style=\"display:block; height:auto;\">\n\t\t\n<style>\n#gap-1272168932 {\n  padding-top: 11px;\n}\n<\/style>\n\t<\/div>\n\t\n<p style=\"text-align: center;\">Rau c\u1ee7 qu\u1ea3 c\u1ea3u ch\u00fang t\u00f4i s\u1ebd mang \u0111\u1ebfn kh\u00e1ch h\u00e0ng m\u1ed9t s\u1ea3n ph\u1ea9m ch\u1ea5t l\u01b0\u1ee3ng, m\u1ed9t th\u01b0\u01a1ng hi\u1ec7u \u0111\u00e1ng tin c\u1eady. C\u00f4ng ty ch\u00fang t\u00f4i mong mu\u1ed1n c\u00f3 c\u01a1 h\u1ed9i \u0111\u01b0\u1ee3c ph\u1ee5c v\u1ee5 qu\u00fd kh\u00e1ch v\u00e0 g\u00f3p ph\u1ea7n ph\u00e1t tri\u1ec1n ng\u00e0nhth\u1ef1c ph\u1ea9m s\u1ea1ch t\u1ea1i Vi\u1ec7t Nam<\/p>\n\t\t<\/div>\n\t\t\t<\/div>\n\n\t\n<\/div>\n<div class=\"row\"  id=\"row-410842068\">\n\n\t<div id=\"col-282297471\" class=\"col medium-4 small-12 large-4\"  >\n\t\t<div class=\"col-inner\"  >\n\t\t\t\n\t\t\t\n\n\t\t<div class=\"icon-box featured-box icon-box-center text-center\"  >\n\t\t\t\t\t<div class=\"icon-box-img\" style=\"width: 205px\">\n\t\t\t\t<div class=\"icon\">\n\t\t\t\t\t<div class=\"icon-inner\" >\n\t\t\t\t\t\t<img width=\"300\" height=\"89\" src=\"https:\/\/webmaibinh.com\/w\/nongsan22011\/wp-content\/uploads\/2019\/01\/q1-2-370x110-300x89.png\" class=\"attachment-medium size-medium\" alt=\"\" loading=\"lazy\" srcset=\"https:\/\/webmaibinh.com\/w\/nongsan22011\/wp-content\/uploads\/2019\/01\/q1-2-370x110-300x89.png 300w, https:\/\/webmaibinh.com\/w\/nongsan22011\/wp-content\/uploads\/2019\/01\/q1-2-370x110.png 370w\" sizes=\"(max-width: 300px) 100vw, 300px\" \/>\t\t\t\t\t<\/div>\n\t\t\t\t<\/div>\n\t\t\t<\/div>\n\t\t\t\t<div class=\"icon-box-text last-reset\">\n\t\t\t\t\t\t\t\t\t\n<h4 style=\"text-align: center;\">MI\u1ec4N PH\u00cd V\u1eacN CHUY\u1ec2N<\/h4>\n<p>B\u00e1n k\u00ednh 2km<\/p>\n\t\t<\/div>\n\t<\/div>\n\t\n\t\n\t\t<\/div>\n\t\t\t<\/div>\n\n\t\n\n\t<div id=\"col-972367936\" class=\"col medium-4 small-12 large-4\"  >\n\t\t<div class=\"col-inner\"  >\n\t\t\t\n\t\t\t\n\n\t\t<div class=\"icon-box featured-box icon-box-center text-center\"  >\n\t\t\t\t\t<div class=\"icon-box-img\" style=\"width: 205px\">\n\t\t\t\t<div class=\"icon\">\n\t\t\t\t\t<div class=\"icon-inner\" >\n\t\t\t\t\t\t<img width=\"300\" height=\"89\" src=\"https:\/\/webmaibinh.com\/w\/nongsan22011\/wp-content\/uploads\/2019\/01\/q2-2-370x110-300x89.png\" class=\"attachment-medium size-medium\" alt=\"\" loading=\"lazy\" srcset=\"https:\/\/webmaibinh.com\/w\/nongsan22011\/wp-content\/uploads\/2019\/01\/q2-2-370x110-300x89.png 300w, https:\/\/webmaibinh.com\/w\/nongsan22011\/wp-content\/uploads\/2019\/01\/q2-2-370x110.png 370w\" sizes=\"(max-width: 300px) 100vw, 300px\" \/>\t\t\t\t\t<\/div>\n\t\t\t\t<\/div>\n\t\t\t<\/div>\n\t\t\t\t<div class=\"icon-box-text last-reset\">\n\t\t\t\t\t\t\t\t\t\n<h4 style=\"text-align: center;\">H\u1ed7 tr\u1ee3 24\/7<\/h4>\n<p style=\"text-align: center;\"><span style=\"font-size: 90%;\">\u00a0Hotline:\u00a00906.399.613<\/span><\/p>\n\t\t<\/div>\n\t<\/div>\n\t\n\t\n\t\t<\/div>\n\t\t\t<\/div>\n\n\t\n\n\t<div id=\"col-911702067\" class=\"col medium-4 small-12 large-4\"  >\n\t\t<div class=\"col-inner\"  >\n\t\t\t\n\t\t\t\n\n\t\t<div class=\"icon-box featured-box icon-box-center text-center\"  >\n\t\t\t\t\t<div class=\"icon-box-img\" style=\"width: 205px\">\n\t\t\t\t<div class=\"icon\">\n\t\t\t\t\t<div class=\"icon-inner\" >\n\t\t\t\t\t\t<img width=\"300\" height=\"89\" src=\"https:\/\/webmaibinh.com\/w\/nongsan22011\/wp-content\/uploads\/2019\/01\/q3-2-370x110-300x89.png\" class=\"attachment-medium size-medium\" alt=\"\" loading=\"lazy\" srcset=\"https:\/\/webmaibinh.com\/w\/nongsan22011\/wp-content\/uploads\/2019\/01\/q3-2-370x110-300x89.png 300w, https:\/\/webmaibinh.com\/w\/nongsan22011\/wp-content\/uploads\/2019\/01\/q3-2-370x110.png 370w\" sizes=\"(max-width: 300px) 100vw, 300px\" \/>\t\t\t\t\t<\/div>\n\t\t\t\t<\/div>\n\t\t\t<\/div>\n\t\t\t\t<div class=\"icon-box-text last-reset\">\n\t\t\t\t\t\t\t\t\t\n<h4 style=\"text-align: center;\"><span style=\"font-size: 90%;\">Gi\u1edd l\u00e0m vi\u1ec7c<\/span><\/h4>\n<p style=\"text-align: center;\">T2 &#8211; T7 Gi\u1edd h\u00e0nh ch\u00ednh<\/p>\n\t\t<\/div>\n\t<\/div>\n\t\n\t\n\t\t<\/div>\n\t\t\t<\/div>\n\n\t\n<\/div>\n\t\t<\/div>\n\n\t\t\n<style>\n#section_1794296714 {\n  padding-top: 30px;\n  padding-bottom: 30px;\n  background-color: rgb(253, 194, 21);\n}\n<\/style>\n\t<\/section>\n\t\n\t<section class=\"section\" id=\"section_151482163\">\n\t\t<div class=\"bg section-bg fill bg-fill  bg-loaded\" >\n\n\t\t\t\n\t\t\t\n\t\t\t\n\n\t\t<\/div>\n\n\t\t<div class=\"section-content relative\">\n\t\t\t\n<div class=\"row\"  id=\"row-1964590198\">\n\n\t<div id=\"col-2032077397\" class=\"col small-12 large-12\"  >\n\t\t<div class=\"col-inner\"  >\n\t\t\t\n\t\t\t\n\n  \n    <div class=\"row large-columns-4 medium-columns-3 small-columns-2 row-small\">\n          <div class=\"gallery-col col\" >\n          <div class=\"col-inner\">\n            <a class=\"image-lightbox lightbox-gallery\" href=\"https:\/\/webmaibinh.com\/w\/nongsan22011\/wp-content\/uploads\/2019\/01\/Screenshot_1.png\" title=\"\">            <div class=\"box has-hover gallery-box box-none\">\n              <div class=\"box-image image-overlay-add image-cover\" style=\"padding-top:100%;\">\n                <img width=\"715\" height=\"645\" src=\"https:\/\/webmaibinh.com\/w\/nongsan22011\/wp-content\/uploads\/2019\/01\/Screenshot_1.png\" class=\"attachment-original size-original\" alt=\"\" loading=\"lazy\" ids=\"758,759,760,761\" style=\"none\" col_spacing=\"small\" image_height=\"100%\" image_size=\"original\" image_overlay=\"rgba(0, 0, 0, 0.29)\" image_hover=\"overlay-add\" srcset=\"https:\/\/webmaibinh.com\/w\/nongsan22011\/wp-content\/uploads\/2019\/01\/Screenshot_1.png 715w, https:\/\/webmaibinh.com\/w\/nongsan22011\/wp-content\/uploads\/2019\/01\/Screenshot_1-510x460.png 510w\" sizes=\"(max-width: 715px) 100vw, 715px\" \/>                                  <div class=\"overlay fill\"\n                      style=\"background-color: rgba(0, 0, 0, 0.29)\">\n                  <\/div>\n                                                              <\/div>\n              <div class=\"box-text text-left\" >\n                 <p><\/p>\n              <\/div>\n            <\/div>\n            <\/a>          <\/div>\n         <\/div>\n                 <div class=\"gallery-col col\" >\n          <div class=\"col-inner\">\n            <a class=\"image-lightbox lightbox-gallery\" href=\"https:\/\/webmaibinh.com\/w\/nongsan22011\/wp-content\/uploads\/2019\/01\/Screenshot_2.png\" title=\"\">            <div class=\"box has-hover gallery-box box-none\">\n              <div class=\"box-image image-overlay-add image-cover\" style=\"padding-top:100%;\">\n                <img width=\"728\" height=\"665\" src=\"https:\/\/webmaibinh.com\/w\/nongsan22011\/wp-content\/uploads\/2019\/01\/Screenshot_2.png\" class=\"attachment-original size-original\" alt=\"\" loading=\"lazy\" ids=\"758,759,760,761\" style=\"none\" col_spacing=\"small\" image_height=\"100%\" image_size=\"original\" image_overlay=\"rgba(0, 0, 0, 0.29)\" image_hover=\"overlay-add\" srcset=\"https:\/\/webmaibinh.com\/w\/nongsan22011\/wp-content\/uploads\/2019\/01\/Screenshot_2.png 728w, https:\/\/webmaibinh.com\/w\/nongsan22011\/wp-content\/uploads\/2019\/01\/Screenshot_2-510x466.png 510w\" sizes=\"(max-width: 728px) 100vw, 728px\" \/>                                  <div class=\"overlay fill\"\n                      style=\"background-color: rgba(0, 0, 0, 0.29)\">\n                  <\/div>\n                                                              <\/div>\n              <div class=\"box-text text-left\" >\n                 <p><\/p>\n              <\/div>\n            <\/div>\n            <\/a>          <\/div>\n         <\/div>\n                 <div class=\"gallery-col col\" >\n          <div class=\"col-inner\">\n            <a class=\"image-lightbox lightbox-gallery\" href=\"https:\/\/webmaibinh.com\/w\/nongsan22011\/wp-content\/uploads\/2019\/01\/Screenshot_3.png\" title=\"\">            <div class=\"box has-hover gallery-box box-none\">\n              <div class=\"box-image image-overlay-add image-cover\" style=\"padding-top:100%;\">\n                <img width=\"719\" height=\"669\" src=\"https:\/\/webmaibinh.com\/w\/nongsan22011\/wp-content\/uploads\/2019\/01\/Screenshot_3.png\" class=\"attachment-original size-original\" alt=\"\" loading=\"lazy\" ids=\"758,759,760,761\" style=\"none\" col_spacing=\"small\" image_height=\"100%\" image_size=\"original\" image_overlay=\"rgba(0, 0, 0, 0.29)\" image_hover=\"overlay-add\" srcset=\"https:\/\/webmaibinh.com\/w\/nongsan22011\/wp-content\/uploads\/2019\/01\/Screenshot_3.png 719w, https:\/\/webmaibinh.com\/w\/nongsan22011\/wp-content\/uploads\/2019\/01\/Screenshot_3-510x475.png 510w\" sizes=\"(max-width: 719px) 100vw, 719px\" \/>                                  <div class=\"overlay fill\"\n                      style=\"background-color: rgba(0, 0, 0, 0.29)\">\n                  <\/div>\n                                                              <\/div>\n              <div class=\"box-text text-left\" >\n                 <p><\/p>\n              <\/div>\n            <\/div>\n            <\/a>          <\/div>\n         <\/div>\n                 <div class=\"gallery-col col\" >\n          <div class=\"col-inner\">\n            <a class=\"image-lightbox lightbox-gallery\" href=\"https:\/\/webmaibinh.com\/w\/nongsan22011\/wp-content\/uploads\/2019\/01\/Screenshot_4.png\" title=\"\">            <div class=\"box has-hover gallery-box box-none\">\n              <div class=\"box-image image-overlay-add image-cover\" style=\"padding-top:100%;\">\n                <img width=\"721\" height=\"667\" src=\"https:\/\/webmaibinh.com\/w\/nongsan22011\/wp-content\/uploads\/2019\/01\/Screenshot_4.png\" class=\"attachment-original size-original\" alt=\"\" loading=\"lazy\" ids=\"758,759,760,761\" style=\"none\" col_spacing=\"small\" image_height=\"100%\" image_size=\"original\" image_overlay=\"rgba(0, 0, 0, 0.29)\" image_hover=\"overlay-add\" srcset=\"https:\/\/webmaibinh.com\/w\/nongsan22011\/wp-content\/uploads\/2019\/01\/Screenshot_4.png 721w, https:\/\/webmaibinh.com\/w\/nongsan22011\/wp-content\/uploads\/2019\/01\/Screenshot_4-510x472.png 510w\" sizes=\"(max-width: 721px) 100vw, 721px\" \/>                                  <div class=\"overlay fill\"\n                      style=\"background-color: rgba(0, 0, 0, 0.29)\">\n                  <\/div>\n                                                              <\/div>\n              <div class=\"box-text text-left\" >\n                 <p><\/p>\n              <\/div>\n            <\/div>\n            <\/a>          <\/div>\n         <\/div>\n         <\/div>\n\t\t<\/div>\n\t\t\t<\/div>\n\n\t\n<\/div>\n\t\t<\/div>\n\n\t\t\n<style>\n#section_151482163 {\n  padding-top: 30px;\n  padding-bottom: 30px;\n}\n<\/style>\n\t<\/section>\n\t\n","protected":false},"excerpt":{"rendered":"","protected":false},"author":1,"featured_media":0,"parent":0,"menu_order":0,"comment_status":"closed","ping_status":"closed","template":"page-blank.php","meta":[],"_links":{"self":[{"href":"https:\/\/webmaibinh.com\/w\/nongsan22011\/wp-json\/wp\/v2\/pages\/21"}],"collection":[{"href":"https:\/\/webmaibinh.com\/w\/nongsan22011\/wp-json\/wp\/v2\/pages"}],"about":[{"href":"https:\/\/webmaibinh.com\/w\/nongsan22011\/wp-json\/wp\/v2\/types\/page"}],"author":[{"embeddable":true,"href":"https:\/\/webmaibinh.com\/w\/nongsan22011\/wp-json\/wp\/v2\/users\/1"}],"replies":[{"embeddable":true,"href":"https:\/\/webmaibinh.com\/w\/nongsan22011\/wp-json\/wp\/v2\/comments?post=21"}],"version-history":[{"count":4,"href":"https:\/\/webmaibinh.com\/w\/nongsan22011\/wp-json\/wp\/v2\/pages\/21\/revisions"}],"predecessor-version":[{"id":801,"href":"https:\/\/webmaibinh.com\/w\/nongsan22011\/wp-json\/wp\/v2\/pages\/21\/revisions\/801"}],"wp:attachment":[{"href":"https:\/\/webmaibinh.com\/w\/nongsan22011\/wp-json\/wp\/v2\/media?parent=21"}],"curies":[{"name":"wp","href":"https:\/\/api.w.org\/{rel}","templated":true}]}}