{"id":148,"date":"2018-07-18T23:39:03","date_gmt":"2018-07-18T23:39:03","guid":{"rendered":"http:\/\/nuocdua.khowebseotop.vn\/?post_type=product&#038;p=148"},"modified":"2018-07-18T23:39:56","modified_gmt":"2018-07-18T23:39:56","slug":"dau-dua-tinh-khiet","status":"publish","type":"product","link":"https:\/\/webmaibinh.com\/w\/nongsan12011\/san-pham\/dau-dua-tinh-khiet\/","title":{"rendered":"D\u1ea7u d\u1eeba tinh khi\u1ebft"},"content":{"rendered":"<p>T\u1ef1 h\u00e0o l\u00e0 nh\u00e0 cung c\u1ea5p d\u1ea7u d\u1eeba h\u00e0ng \u0111\u1ea7u t\u1ea1i Vi\u1ec7t Nam v\u00e0 c\u00e1c v\u00f9ng l\u00e2n c\u1eadn, d\u1ea7u d\u1eeba tinh khi\u1ebft v\u1edbi h\u01b0\u01a1ng th\u01a1m d\u1ec5 ch\u1ecbu, bao g\u1ed3m c\u00e1c ch\u1ea5t ch\u1ed1ng oxy ho\u00e1, axit b\u00e9o chu\u1ed7i trung b\u00ecnh (MCFA) v\u00e0 vitamin, c\u00f9ng nhi\u1ec1u th\u1ee9 kh\u00e1c.<\/p>\n<p>Betrimex, m\u1ed9t trong nh\u1eefng nh\u00e0 cung c\u1ea5p d\u1ea7u d\u1eeba tinh khi\u1ebft h\u00e0ng \u0111\u1ea7u t\u1ea1i Vi\u1ec7t Nam, \u0111\u00e3 v\u00e0 \u0111ang lu\u00f4n n\u1ed7 l\u1ef1c kh\u00f4ng ng\u1eebng \u0111\u1ec3 \u0111\u00f3ng g\u00f3p v\u00e0o s\u1ef1 ph\u00e1t tri\u1ec3n c\u1ee7a ng\u00e0nh c\u00f4ng nghi\u1ec7p d\u1eeba, \u0111\u1ed3ng th\u1eddi mang l\u1ea1i nh\u1eefng s\u1ea3n ph\u1ea9m d\u1ea7u d\u1eeba ch\u1ea5t l\u01b0\u1ee3ng v\u00e0 dinh d\u01b0\u1ee1ng nh\u1ea5t cho ng\u01b0\u1eddi ti\u00eau d\u00f9ng n\u1ed9i \u0111\u1ecba v\u00e0 qu\u1ed1c t\u1ebf.<\/p>\n","protected":false},"excerpt":{"rendered":"<div class=\"text-tt-dt text-uppercase\">MI\u00caU T\u1ea2:<\/div>\n<div class=\"text-show-dt\">\n<p>\u0110\u01b0\u1ee3c chi\u1ebft xu\u1ea5t 100% t\u1eeb c\u01a1m d\u1eeba t\u1ef1 nhi\u00ean b\u1eb1ng c\u00f4ng ngh\u1ec7 \u00e9p l\u1ea1nh cao c\u1ea5p kh\u00f4ng t\u1ea1o ra nhi\u1ec7t trong qu\u00e1 tr\u00ecnh s\u1ea3n xu\u1ea5t, d\u1ea7u d\u1eeba tinh khi\u1ebft gi\u1eef tr\u1ecdn d\u01b0\u1ee1ng ch\u1ea5t t\u1ef1 nhi\u00ean, gi\u00e0u protein, vitamin v\u00e0 c\u00e1c ch\u1ea5t ch\u1ed1ng oxy h\u00f3a. D\u1ea7u d\u1eeba tinh khi\u1ebft c\u00f3 nhi\u1ec1u c\u00f4ng d\u1ee5ng h\u1eefu \u00edch trong cu\u1ed9c s\u1ed1ng nh\u01b0 l\u00e0m \u0111\u1eb9p, s\u1eed d\u1ee5ng trong m\u00f3n \u0103n &#8211; u\u1ed1ng ho\u1eb7c s\u1eed d\u1ee5ng tr\u1ef1c ti\u1ebfp.<\/p>\n<p>L\u00e0 m\u1ed9t trong nh\u1eefng nh\u00e0 cung c\u1ea5p d\u1ea7u d\u1eeba s\u1eed d\u1ee5ng d\u00e2y chuy\u1ec1n c\u00f4ng ngh\u1ec7 \u00e9p l\u1ea1nh.<\/p>\n<\/div>\n<div class=\"text-tt-dt text-uppercase\">QUY C\u00c1CH \u0110\u00d3NG G\u00d3I:<\/div>\n<div class=\"text-show-dt\">\n<p>\u0110\u01b0\u1ee3c \u0111\u00f3ng trong chai v\u1edbi dung t\u00edch 90ml &amp; 150ml ho\u1eb7c trong l\u1ecd th\u1ee7y tinh 250ml &amp; 500ml.\u00a0D\u1ea7u d\u1eeba tinh khi\u1ebft lu\u00f4n duy tr\u00ec \u0111\u01b0\u1ee3c \u0111\u1ed9 tinh khi\u1ebft, s\u1ef1 t\u01b0\u01a1i m\u00e1t v\u00e0 ngu\u1ed3n d\u01b0\u1ee1ng ch\u1ea5t d\u1ed3i d\u00e0o.<\/p>\n<\/div>\n","protected":false},"featured_media":149,"comment_status":"open","ping_status":"closed","template":"","meta":[],"_links":{"self":[{"href":"https:\/\/webmaibinh.com\/w\/nongsan12011\/wp-json\/wp\/v2\/product\/148"}],"collection":[{"href":"https:\/\/webmaibinh.com\/w\/nongsan12011\/wp-json\/wp\/v2\/product"}],"about":[{"href":"https:\/\/webmaibinh.com\/w\/nongsan12011\/wp-json\/wp\/v2\/types\/product"}],"replies":[{"embeddable":true,"href":"https:\/\/webmaibinh.com\/w\/nongsan12011\/wp-json\/wp\/v2\/comments?post=148"}],"wp:featuredmedia":[{"embeddable":true,"href":"https:\/\/webmaibinh.com\/w\/nongsan12011\/wp-json\/wp\/v2\/media\/149"}],"wp:attachment":[{"href":"https:\/\/webmaibinh.com\/w\/nongsan12011\/wp-json\/wp\/v2\/media?parent=148"}],"curies":[{"name":"wp","href":"https:\/\/api.w.org\/{rel}","templated":true}]}}