{"id":145,"date":"2018-07-18T23:36:59","date_gmt":"2018-07-18T23:36:59","guid":{"rendered":"http:\/\/nuocdua.khowebseotop.vn\/?post_type=product&#038;p=145"},"modified":"2018-07-18T23:40:01","modified_gmt":"2018-07-18T23:40:01","slug":"sua-dua","status":"publish","type":"product","link":"https:\/\/webmaibinh.com\/w\/nongsan12011\/san-pham\/sua-dua\/","title":{"rendered":"S\u1eefa d\u1eeba"},"content":{"rendered":"<p>T\u1ef1 h\u00e0o l\u00e0 nh\u00e0 cung c\u1ea5p s\u1eefa d\u1eeba h\u00e0ng \u0111\u1ea7u t\u1ea1i Vi\u1ec7t Nam v\u00e0 c\u00e1c v\u00f9ng l\u00e2n c\u1eadn, c\u00e1c s\u1ea3n ph\u1ea9m s\u1eefa d\u1eeba c\u1ee7a ch\u00fang t\u00f4i \u0111\u01b0\u1ee3c ph\u00e2n ph\u1ed1i r\u1ed9ng kh\u1eafp, \u0111\u00e3 v\u00e0 \u0111ang chinh ph\u1ee5c \u0111\u01b0\u1ee3c c\u00e1c th\u1ecb tr\u01b0\u1eddng n\u1ed5i ti\u1ebfng kh\u1eaft khe v\u00e0 kh\u00f3 t\u00ednh nh\u01b0 Nh\u1eadt B\u1ea3n, Ch\u00e2u \u00c2u, H\u00e0n Qu\u1ed1c, Hoa K\u1ef3\u2026.<\/p>\n","protected":false},"excerpt":{"rendered":"<div class=\"text-tt-dt text-uppercase\">MI\u00caU T\u1ea2:<\/div>\n<div class=\"text-show-dt\">\n<p>S\u1eefa d\u1eeba Cocoxim l\u00e0 s\u1ef1 k\u1ebft h\u1ee3p tinh t\u1ebf c\u1ee7a n\u01b0\u1edbc d\u1eeba nguy\u00ean ch\u1ea5t B\u1ebfn Tre c\u00f9ng S\u1eefa d\u1eeba \u00e9p l\u1ea1nh t\u1eeb c\u01a1m d\u1eeba t\u01b0\u01a1i, t\u1ea1o n\u00ean m\u1ed9t lo\u1ea1i th\u1ee9c u\u1ed1ng thanh m\u00e1t b\u1ed5 d\u01b0\u1ee1ng cho ng\u00e0y l\u00e0m vi\u1ec7c hi\u1ec7u qu\u1ea3 v\u00e0 n\u0103ng \u0111\u1ed9ng.<\/p>\n<p>Kh\u00f4ng ch\u1ec9 l\u00e0 s\u1ea3n ph\u1ea9m gi\u1ea3i kh\u00e1t hi\u1ec7u qu\u1ea3, S\u1eefa d\u1eeba Cocoxim c\u00f2n cung c\u1ea5p nhi\u1ec1u d\u01b0\u1ee1ng ch\u1ea5t t\u1ed1t cho c\u01a1 th\u1ec3 nh\u01b0 Iron, K, Ca, Mg\u2026, ch\u1ee9a Lauric Acid v\u00e0 gi\u00e0u kho\u00e1ng ch\u1ea5t thi\u00ean nhi\u00ean t\u1eeb d\u1eeba.<\/p>\n<\/div>\n<div class=\"text-tt-dt text-uppercase\">QUY C\u00c1CH \u0110\u00d3NG G\u00d3I:<\/div>\n<div class=\"text-show-dt\">\n<p>S\u1eefa d\u1eeba Cocoxim \u0111\u01b0\u1ee3c s\u1ea3n xu\u1ea5t tr\u00ean d\u00e2y chuy\u1ec1n c\u00f4ng ngh\u1ec7 hi\u1ec7n \u0111\u1ea1i Tetra Pak v\u00e0 c\u00f4ng ngh\u1ec7 ti\u1ec7t tr\u00f9ng UHT tr\u1ef1c ti\u1ebfp, c\u00f9ng nh\u1eefng \u01b0u \u0111i\u1ec3m n\u1ed5i b\u1eadt sau:<\/p>\n<p>&#8211; Ho\u00e0n to\u00e0n kh\u00f4ng ch\u1ee9a gluten hay th\u00e0nh ph\u1ea7n t\u1eeb s\u1eefa \u0111\u1ed9ng v\u1eadt, kh\u00f4ng cholesterol.<\/p>\n<p>&#8211; Kh\u00f4ng s\u1eed d\u1ee5ng ch\u1ea5t b\u1ea3o qu\u1ea3n, ch\u1ea5t h\u00f3a h\u1ecdc hay nguy\u00ean li\u1ec7u bi\u1ebfn \u0111\u1ed5i gen.<\/p>\n<p>&#8211; S\u1eed d\u1ee5ng nguy\u00ean li\u1ec7u d\u1eeba t\u01b0\u01a1i t\u1eeb B\u1ebfn Tre. Kh\u00f4ng l\u00e0m t\u1eeb n\u01b0\u1edbc d\u1eeba c\u00f4 \u0111\u1eb7c.<\/p>\n<\/div>\n","protected":false},"featured_media":146,"comment_status":"open","ping_status":"closed","template":"","meta":[],"_links":{"self":[{"href":"https:\/\/webmaibinh.com\/w\/nongsan12011\/wp-json\/wp\/v2\/product\/145"}],"collection":[{"href":"https:\/\/webmaibinh.com\/w\/nongsan12011\/wp-json\/wp\/v2\/product"}],"about":[{"href":"https:\/\/webmaibinh.com\/w\/nongsan12011\/wp-json\/wp\/v2\/types\/product"}],"replies":[{"embeddable":true,"href":"https:\/\/webmaibinh.com\/w\/nongsan12011\/wp-json\/wp\/v2\/comments?post=145"}],"wp:featuredmedia":[{"embeddable":true,"href":"https:\/\/webmaibinh.com\/w\/nongsan12011\/wp-json\/wp\/v2\/media\/146"}],"wp:attachment":[{"href":"https:\/\/webmaibinh.com\/w\/nongsan12011\/wp-json\/wp\/v2\/media?parent=145"}],"curies":[{"name":"wp","href":"https:\/\/api.w.org\/{rel}","templated":true}]}}