{"id":41,"date":"2017-07-21T03:24:55","date_gmt":"2017-07-21T03:24:55","guid":{"rendered":"http:\/\/nuocdua.khowebseotop.vn\/?page_id=41"},"modified":"2019-09-27T17:50:20","modified_gmt":"2019-09-27T10:50:20","slug":"trang-chu","status":"publish","type":"page","link":"https:\/\/webmaibinh.com\/w\/nongsan12011\/","title":{"rendered":"Trang ch\u1ee7"},"content":{"rendered":"\n\t<section class=\"section\" id=\"section_2104806206\">\n\t\t<div class=\"bg section-bg fill bg-fill  bg-loaded\" >\n\n\t\t\t\n\t\t\t\n\t\t\t\n\n\t\t<\/div>\n\n\t\t<div class=\"section-content relative\">\n\t\t\t\n\n<div class=\"slider-wrapper relative\" id=\"slider-1719339561\" >\n    <div class=\"slider slider-nav-circle slider-nav-large slider-nav-light slider-style-normal\"\n        data-flickity-options='{\n            \"cellAlign\": \"center\",\n            \"imagesLoaded\": true,\n            \"lazyLoad\": 1,\n            \"freeScroll\": false,\n            \"wrapAround\": true,\n            \"autoPlay\": 6000,\n            \"pauseAutoPlayOnHover\" : true,\n            \"prevNextButtons\": true,\n            \"contain\" : true,\n            \"adaptiveHeight\" : true,\n            \"dragThreshold\" : 10,\n            \"percentPosition\": true,\n            \"pageDots\": true,\n            \"rightToLeft\": false,\n            \"draggable\": true,\n            \"selectedAttraction\": 0.1,\n            \"parallax\" : 0,\n            \"friction\": 0.6        }'\n        >\n        \n\n\t<div class=\"img has-hover x md-x lg-x y md-y lg-y\" id=\"image_1315849487\">\n\t\t\t\t\t\t\t\t<div class=\"img-inner dark\" >\n\t\t\t<img width=\"1920\" height=\"600\" src=\"https:\/\/webmaibinh.com\/w\/nongsan12011\/wp-content\/uploads\/2018\/07\/main-banner_home_organic-vn.jpg\" class=\"attachment-original size-original\" alt=\"\" loading=\"lazy\" srcset=\"https:\/\/webmaibinh.com\/w\/nongsan12011\/wp-content\/uploads\/2018\/07\/main-banner_home_organic-vn.jpg 1920w, https:\/\/webmaibinh.com\/w\/nongsan12011\/wp-content\/uploads\/2018\/07\/main-banner_home_organic-vn-510x159.jpg 510w, https:\/\/webmaibinh.com\/w\/nongsan12011\/wp-content\/uploads\/2018\/07\/main-banner_home_organic-vn-800x250.jpg 800w, https:\/\/webmaibinh.com\/w\/nongsan12011\/wp-content\/uploads\/2018\/07\/main-banner_home_organic-vn-768x240.jpg 768w, https:\/\/webmaibinh.com\/w\/nongsan12011\/wp-content\/uploads\/2018\/07\/main-banner_home_organic-vn-1400x438.jpg 1400w\" sizes=\"(max-width: 1920px) 100vw, 1920px\" \/>\t\t\t\t\t\t\n\t\t\t\t\t<\/div>\n\t\t\t\t\t\t\t\t\n<style>\n#image_1315849487 {\n  width: 100%;\n}\n<\/style>\n\t<\/div>\n\t\n\n\t<div class=\"img has-hover x md-x lg-x y md-y lg-y\" id=\"image_434168442\">\n\t\t\t\t\t\t\t\t<div class=\"img-inner dark\" >\n\t\t\t<img width=\"1920\" height=\"600\" src=\"https:\/\/webmaibinh.com\/w\/nongsan12011\/wp-content\/uploads\/2018\/07\/btm_3millionusd_vn.png\" class=\"attachment-original size-original\" alt=\"\" loading=\"lazy\" srcset=\"https:\/\/webmaibinh.com\/w\/nongsan12011\/wp-content\/uploads\/2018\/07\/btm_3millionusd_vn.png 1920w, https:\/\/webmaibinh.com\/w\/nongsan12011\/wp-content\/uploads\/2018\/07\/btm_3millionusd_vn-510x159.png 510w, https:\/\/webmaibinh.com\/w\/nongsan12011\/wp-content\/uploads\/2018\/07\/btm_3millionusd_vn-800x250.png 800w, https:\/\/webmaibinh.com\/w\/nongsan12011\/wp-content\/uploads\/2018\/07\/btm_3millionusd_vn-768x240.png 768w, https:\/\/webmaibinh.com\/w\/nongsan12011\/wp-content\/uploads\/2018\/07\/btm_3millionusd_vn-1400x438.png 1400w\" sizes=\"(max-width: 1920px) 100vw, 1920px\" \/>\t\t\t\t\t\t\n\t\t\t\t\t<\/div>\n\t\t\t\t\t\t\t\t\n<style>\n#image_434168442 {\n  width: 100%;\n}\n<\/style>\n\t<\/div>\n\t\n\n\t<div class=\"img has-hover x md-x lg-x y md-y lg-y\" id=\"image_1536766581\">\n\t\t\t\t\t\t\t\t<div class=\"img-inner dark\" >\n\t\t\t<img width=\"1920\" height=\"600\" src=\"https:\/\/webmaibinh.com\/w\/nongsan12011\/wp-content\/uploads\/2018\/07\/banner-milk_tv_pc.png\" class=\"attachment-original size-original\" alt=\"\" loading=\"lazy\" srcset=\"https:\/\/webmaibinh.com\/w\/nongsan12011\/wp-content\/uploads\/2018\/07\/banner-milk_tv_pc.png 1920w, https:\/\/webmaibinh.com\/w\/nongsan12011\/wp-content\/uploads\/2018\/07\/banner-milk_tv_pc-510x159.png 510w, https:\/\/webmaibinh.com\/w\/nongsan12011\/wp-content\/uploads\/2018\/07\/banner-milk_tv_pc-800x250.png 800w, https:\/\/webmaibinh.com\/w\/nongsan12011\/wp-content\/uploads\/2018\/07\/banner-milk_tv_pc-768x240.png 768w, https:\/\/webmaibinh.com\/w\/nongsan12011\/wp-content\/uploads\/2018\/07\/banner-milk_tv_pc-1400x438.png 1400w\" sizes=\"(max-width: 1920px) 100vw, 1920px\" \/>\t\t\t\t\t\t\n\t\t\t\t\t<\/div>\n\t\t\t\t\t\t\t\t\n<style>\n#image_1536766581 {\n  width: 100%;\n}\n<\/style>\n\t<\/div>\n\t\n\n\t<div class=\"img has-hover x md-x lg-x y md-y lg-y\" id=\"image_1385242291\">\n\t\t\t\t\t\t\t\t<div class=\"img-inner dark\" >\n\t\t\t<img width=\"1920\" height=\"600\" src=\"https:\/\/webmaibinh.com\/w\/nongsan12011\/wp-content\/uploads\/2018\/07\/kv-viepc.jpg\" class=\"attachment-original size-original\" alt=\"\" loading=\"lazy\" srcset=\"https:\/\/webmaibinh.com\/w\/nongsan12011\/wp-content\/uploads\/2018\/07\/kv-viepc.jpg 1920w, https:\/\/webmaibinh.com\/w\/nongsan12011\/wp-content\/uploads\/2018\/07\/kv-viepc-510x159.jpg 510w, https:\/\/webmaibinh.com\/w\/nongsan12011\/wp-content\/uploads\/2018\/07\/kv-viepc-800x250.jpg 800w, https:\/\/webmaibinh.com\/w\/nongsan12011\/wp-content\/uploads\/2018\/07\/kv-viepc-768x240.jpg 768w, https:\/\/webmaibinh.com\/w\/nongsan12011\/wp-content\/uploads\/2018\/07\/kv-viepc-1400x438.jpg 1400w\" sizes=\"(max-width: 1920px) 100vw, 1920px\" \/>\t\t\t\t\t\t\n\t\t\t\t\t<\/div>\n\t\t\t\t\t\t\t\t\n<style>\n#image_1385242291 {\n  width: 100%;\n}\n<\/style>\n\t<\/div>\n\t\n\n\n     <\/div>\n\n     <div class=\"loading-spin dark large centered\"><\/div>\n\n     <\/div>\n\n\n\n\t\t<\/div>\n\n\t\t\n<style>\n#section_2104806206 {\n  padding-top: 0px;\n  padding-bottom: 0px;\n}\n<\/style>\n\t<\/section>\n\t\n\t<section class=\"section\" id=\"section_1331609784\">\n\t\t<div class=\"bg section-bg fill bg-fill  bg-loaded\" >\n\n\t\t\t\n\t\t\t\n\t\t\t\n\n\t\t<\/div>\n\n\t\t<div class=\"section-content relative\">\n\t\t\t\n\n<div class=\"row\"  id=\"row-1828902507\">\n\n\n\t<div id=\"col-639189690\" class=\"col small-12 large-12\"  >\n\t\t<div class=\"col-inner\"  >\n\t\t\t\n\t\t\t\n\n<div class=\"row\"  id=\"row-1708001048\">\n\n\n\t<div id=\"col-1163882722\" class=\"col medium-4 small-12 large-4\"  >\n\t\t<div class=\"col-inner\"  >\n\t\t\t\n\t\t\t\n\n<div class=\"item-oll text-center active\">\n<p class=\"tt1 gr-avo-24 text-uppercase\">Nh\u1eefng s\u1ea3n ph\u1ea9m<\/p>\n<p class=\"tt2 text-uppercase\">tuy\u1ec7t v\u1eddi<\/p>\n<p class=\"desc\">Ch\u00fang t\u00f4i t\u1ef1 h\u00e0o mang \u0111\u1ebfn nh\u1eefng s\u1ea3n ph\u1ea9m ch\u1ea5t l\u01b0\u1ee3ng nh\u1ea5t, ngon nh\u1ea5t v\u00ec s\u1ee9c kh\u1ecfe ng\u01b0\u1eddi d\u00f9ng.<\/p>\n<div class=\"line\"><\/div>\n<\/div>\n\t<div class=\"img has-hover x md-x lg-x y md-y lg-y\" id=\"image_1193638248\">\n\t\t\t\t\t\t<div data-animate=\"fadeInLeft\">\t\t<div class=\"img-inner dark\" >\n\t\t\t<img width=\"334\" height=\"215\" src=\"https:\/\/webmaibinh.com\/w\/nongsan12011\/wp-content\/uploads\/2018\/07\/h11.jpg\" class=\"attachment-original size-original\" alt=\"\" loading=\"lazy\" \/>\t\t\t\t\t\t\n\t\t\t\t\t<\/div>\n\t\t<\/div>\t\t\t\t\t\t\n<style>\n#image_1193638248 {\n  width: 100%;\n}\n<\/style>\n\t<\/div>\n\t\n\n\n\t\t<\/div>\n\t\t\t<\/div>\n\n\t\n\n\t<div id=\"col-204946434\" class=\"col medium-4 small-12 large-4\"  >\n\t\t<div class=\"col-inner\"  >\n\t\t\t\n\t\t\t\n\n<div class=\"item-oll text-center active\">\n<p class=\"tt1 gr-avo-24 text-uppercase\">H\u1ec7 th\u1ed1ng ph\u00e2n ph\u1ed1i<\/p>\n<p class=\"tt2 text-uppercase\">r\u1ed9ng kh\u1eafp<\/p>\n<p class=\"desc\">S\u1ea3n ph\u1ea9m c\u1ee7a ch\u00fang t\u00f4i c\u00f3 m\u1eb7t tr\u00ean 40 qu\u1ed1c gia kh\u00e1c nhau tr\u00ean th\u1ebf gi\u1edbi<\/p>\n<div class=\"line\"><\/div>\n<\/div>\n\t<div class=\"img has-hover x md-x lg-x y md-y lg-y\" id=\"image_2081699515\">\n\t\t\t\t\t\t<div data-animate=\"fadeInUp\">\t\t<div class=\"img-inner dark\" >\n\t\t\t<img width=\"334\" height=\"215\" src=\"https:\/\/webmaibinh.com\/w\/nongsan12011\/wp-content\/uploads\/2018\/07\/h22.jpg\" class=\"attachment-original size-original\" alt=\"\" loading=\"lazy\" \/>\t\t\t\t\t\t\n\t\t\t\t\t<\/div>\n\t\t<\/div>\t\t\t\t\t\t\n<style>\n#image_2081699515 {\n  width: 100%;\n}\n<\/style>\n\t<\/div>\n\t\n\n\n\t\t<\/div>\n\t\t\t<\/div>\n\n\t\n\n\t<div id=\"col-1562765888\" class=\"col medium-4 small-12 large-4\"  >\n\t\t<div class=\"col-inner\"  >\n\t\t\t\n\t\t\t\n\n<div class=\"item-oll text-center active\">\n<p class=\"tt1 gr-avo-24 text-uppercase\">V\u00f9ng nguy\u00ean li\u1ec7u<\/p>\n<p class=\"tt2 text-uppercase\">ch\u1ea5t l\u01b0\u1ee3ng<\/p>\n<p class=\"desc\">T\u1eeb nh\u1eefng v\u01b0\u1eddn d\u1eeba uy t\u00edn x\u1ee9 Vi\u1ec7t t\u01b0\u01a1i t\u1ed1t, cho n\u0103ng su\u1ea5t cao v\u00e0 ch\u1ea5t l\u01b0\u1ee3ng<\/p>\n<div class=\"line\"><\/div>\n<\/div>\n\t<div class=\"img has-hover x md-x lg-x y md-y lg-y\" id=\"image_915512834\">\n\t\t\t\t\t\t<div data-animate=\"fadeInRight\">\t\t<div class=\"img-inner dark\" >\n\t\t\t<img width=\"334\" height=\"215\" src=\"https:\/\/webmaibinh.com\/w\/nongsan12011\/wp-content\/uploads\/2018\/07\/h33.jpg\" class=\"attachment-original size-original\" alt=\"\" loading=\"lazy\" \/>\t\t\t\t\t\t\n\t\t\t\t\t<\/div>\n\t\t<\/div>\t\t\t\t\t\t\n<style>\n#image_915512834 {\n  width: 100%;\n}\n<\/style>\n\t<\/div>\n\t\n\n\n\t\t<\/div>\n\t\t\t<\/div>\n\n\t\n\n<\/div>\n\n\t\t<\/div>\n\t\t\t<\/div>\n\n\t\n\n<\/div>\n\n\t\t<\/div>\n\n\t\t\n<style>\n#section_1331609784 {\n  padding-top: 30px;\n  padding-bottom: 30px;\n}\n<\/style>\n\t<\/section>\n\t\n\t<section class=\"section\" id=\"section_1416468161\">\n\t\t<div class=\"bg section-bg fill bg-fill  bg-loaded\" >\n\n\t\t\t\n\t\t\t\n\t\t\t\n\n\t\t<\/div>\n\n\t\t<div class=\"section-content relative\">\n\t\t\t\n\n<div class=\"row\"  id=\"row-1040594297\">\n\n\n\t<div id=\"col-1812555131\" class=\"col small-12 large-12\"  >\n\t\t<div class=\"col-inner\"  >\n\t\t\t\n\t\t\t\n\n<h3 style=\"text-align: center;\"><span style=\"color: #66cc00; font-size: 130%;\">S\u1ea2N PH\u1ea8M C\u1ee6A CH\u00daNG T\u00d4I<\/span><\/h3>\n\n  \n    <div class=\"row large-columns-4 medium-columns-3 small-columns-2 row-small has-shadow row-box-shadow-1\">\n  \t\n\t     \n\t\t\t\t\t\t            \t\n\t            \t<div class=\"col\" >\n\t\t\t\t\t\t<div class=\"col-inner\">\n\t\t\t\t\t\t\n<div class=\"badge-container absolute left top z-1\">\n<\/div>\n\t\t\t\t\t\t<div class=\"product-small box has-hover box-normal box-text-bottom\">\n\t\t\t\t\t\t\t<div class=\"box-image\" >\n\t\t\t\t\t\t\t\t<div class=\"\" >\n\t\t\t\t\t\t\t\t\t<a href=\"https:\/\/webmaibinh.com\/w\/nongsan12011\/san-pham\/nuoc-dua-trai-cay\/\">\n\t\t\t\t\t\t\t\t\t\t<img width=\"247\" height=\"296\" src=\"https:\/\/webmaibinh.com\/w\/nongsan12011\/wp-content\/uploads\/2018\/07\/sen-1-247x296.jpg\" class=\"show-on-hover absolute fill hide-for-small back-image\" alt=\"\" loading=\"lazy\" \/><img width=\"247\" height=\"296\" src=\"https:\/\/webmaibinh.com\/w\/nongsan12011\/wp-content\/uploads\/2018\/07\/sen-1-247x296.jpg\" class=\"attachment-woocommerce_thumbnail size-woocommerce_thumbnail\" alt=\"\" loading=\"lazy\" \/>\t\t\t\t\t\t\t\t\t<\/a>\n\t\t\t\t\t\t\t\t\t\t\t\t\t\t\t\t\t\t \t\t\t\t\t\t\t\t<\/div>\n\t\t\t\t\t\t\t\t<div class=\"image-tools top right show-on-hover\">\n\t\t\t\t\t\t\t\t\t\t\t\t\t\t\t\t\t<\/div>\n\t\t\t\t\t\t\t\t\t\t\t\t\t\t\t\t\t<div class=\"image-tools grid-tools text-center hide-for-small bottom hover-slide-in show-on-hover\">\n\t\t\t\t\t\t\t\t\t\t  <a class=\"quick-view\" data-prod=\"150\" href=\"#quick-view\">Quick View<\/a>\t\t\t\t\t\t\t\t\t<\/div>\n\t\t\t\t\t\t\t\t\t\t\t\t\t\t\t\t\t\t\t\t\t\t\t<\/div>\n\n\t\t\t\t\t\t\t<div class=\"box-text text-center\" >\n\t\t\t\t\t\t\t\t<div class=\"title-wrapper\">\t\t<p class=\"category uppercase is-smaller no-text-overflow product-cat op-7\">\n\t\t\tS\u1ea3n ph\u1ea9m t\u1eeb d\u1eeba\t\t<\/p>\n\t<\/div><div class=\"price-wrapper\"><\/div>\t\t\t\t\t\t\t<\/div>\n\t\t\t\t\t\t<\/div>\n\t\t\t\t\t\t<\/div>\n\t\t\t\t\t<\/div>\n\t\t\t\t\t\t            \n\t\t\t\t\t\t            \t\n\t            \t<div class=\"col\" >\n\t\t\t\t\t\t<div class=\"col-inner\">\n\t\t\t\t\t\t\n<div class=\"badge-container absolute left top z-1\">\n<\/div>\n\t\t\t\t\t\t<div class=\"product-small box has-hover box-normal box-text-bottom\">\n\t\t\t\t\t\t\t<div class=\"box-image\" >\n\t\t\t\t\t\t\t\t<div class=\"\" >\n\t\t\t\t\t\t\t\t\t<a href=\"https:\/\/webmaibinh.com\/w\/nongsan12011\/san-pham\/dau-dua-tinh-khiet\/\">\n\t\t\t\t\t\t\t\t\t\t<img width=\"247\" height=\"296\" src=\"https:\/\/webmaibinh.com\/w\/nongsan12011\/wp-content\/uploads\/2018\/07\/organic-virgin-coconut-oil-247x296.jpg\" class=\"show-on-hover absolute fill hide-for-small back-image\" alt=\"\" loading=\"lazy\" \/><img width=\"247\" height=\"296\" src=\"https:\/\/webmaibinh.com\/w\/nongsan12011\/wp-content\/uploads\/2018\/07\/organic-virgin-coconut-oil-247x296.jpg\" class=\"attachment-woocommerce_thumbnail size-woocommerce_thumbnail\" alt=\"\" loading=\"lazy\" \/>\t\t\t\t\t\t\t\t\t<\/a>\n\t\t\t\t\t\t\t\t\t\t\t\t\t\t\t\t\t\t \t\t\t\t\t\t\t\t<\/div>\n\t\t\t\t\t\t\t\t<div class=\"image-tools top right show-on-hover\">\n\t\t\t\t\t\t\t\t\t\t\t\t\t\t\t\t\t<\/div>\n\t\t\t\t\t\t\t\t\t\t\t\t\t\t\t\t\t<div class=\"image-tools grid-tools text-center hide-for-small bottom hover-slide-in show-on-hover\">\n\t\t\t\t\t\t\t\t\t\t  <a class=\"quick-view\" data-prod=\"148\" href=\"#quick-view\">Quick View<\/a>\t\t\t\t\t\t\t\t\t<\/div>\n\t\t\t\t\t\t\t\t\t\t\t\t\t\t\t\t\t\t\t\t\t\t\t<\/div>\n\n\t\t\t\t\t\t\t<div class=\"box-text text-center\" >\n\t\t\t\t\t\t\t\t<div class=\"title-wrapper\">\t\t<p class=\"category uppercase is-smaller no-text-overflow product-cat op-7\">\n\t\t\tS\u1ea3n ph\u1ea9m t\u1eeb d\u1eeba\t\t<\/p>\n\t<\/div><div class=\"price-wrapper\"><\/div>\t\t\t\t\t\t\t<\/div>\n\t\t\t\t\t\t<\/div>\n\t\t\t\t\t\t<\/div>\n\t\t\t\t\t<\/div>\n\t\t\t\t\t\t            \n\t\t\t\t\t\t            \t\n\t            \t<div class=\"col\" >\n\t\t\t\t\t\t<div class=\"col-inner\">\n\t\t\t\t\t\t\n<div class=\"badge-container absolute left top z-1\">\n<\/div>\n\t\t\t\t\t\t<div class=\"product-small box has-hover box-normal box-text-bottom\">\n\t\t\t\t\t\t\t<div class=\"box-image\" >\n\t\t\t\t\t\t\t\t<div class=\"\" >\n\t\t\t\t\t\t\t\t\t<a href=\"https:\/\/webmaibinh.com\/w\/nongsan12011\/san-pham\/sua-dua\/\">\n\t\t\t\t\t\t\t\t\t\t<img width=\"247\" height=\"296\" src=\"https:\/\/webmaibinh.com\/w\/nongsan12011\/wp-content\/uploads\/2018\/07\/sua-dua-nguyen-chat-247x296.jpg\" class=\"show-on-hover absolute fill hide-for-small back-image\" alt=\"\" loading=\"lazy\" \/><img width=\"247\" height=\"296\" src=\"https:\/\/webmaibinh.com\/w\/nongsan12011\/wp-content\/uploads\/2018\/07\/sua-dua-nguyen-chat-247x296.jpg\" class=\"attachment-woocommerce_thumbnail size-woocommerce_thumbnail\" alt=\"\" loading=\"lazy\" \/>\t\t\t\t\t\t\t\t\t<\/a>\n\t\t\t\t\t\t\t\t\t\t\t\t\t\t\t\t\t\t \t\t\t\t\t\t\t\t<\/div>\n\t\t\t\t\t\t\t\t<div class=\"image-tools top right show-on-hover\">\n\t\t\t\t\t\t\t\t\t\t\t\t\t\t\t\t\t<\/div>\n\t\t\t\t\t\t\t\t\t\t\t\t\t\t\t\t\t<div class=\"image-tools grid-tools text-center hide-for-small bottom hover-slide-in show-on-hover\">\n\t\t\t\t\t\t\t\t\t\t  <a class=\"quick-view\" data-prod=\"145\" href=\"#quick-view\">Quick View<\/a>\t\t\t\t\t\t\t\t\t<\/div>\n\t\t\t\t\t\t\t\t\t\t\t\t\t\t\t\t\t\t\t\t\t\t\t<\/div>\n\n\t\t\t\t\t\t\t<div class=\"box-text text-center\" >\n\t\t\t\t\t\t\t\t<div class=\"title-wrapper\">\t\t<p class=\"category uppercase is-smaller no-text-overflow product-cat op-7\">\n\t\t\tS\u1ea3n ph\u1ea9m t\u1eeb d\u1eeba\t\t<\/p>\n\t<\/div><div class=\"price-wrapper\"><\/div>\t\t\t\t\t\t\t<\/div>\n\t\t\t\t\t\t<\/div>\n\t\t\t\t\t\t<\/div>\n\t\t\t\t\t<\/div>\n\t\t\t\t\t\t            \n\t\t\t\t\t\t            \t\n\t            \t<div class=\"col\" >\n\t\t\t\t\t\t<div class=\"col-inner\">\n\t\t\t\t\t\t\n<div class=\"badge-container absolute left top z-1\">\n<\/div>\n\t\t\t\t\t\t<div class=\"product-small box has-hover box-normal box-text-bottom\">\n\t\t\t\t\t\t\t<div class=\"box-image\" >\n\t\t\t\t\t\t\t\t<div class=\"\" >\n\t\t\t\t\t\t\t\t\t<a href=\"https:\/\/webmaibinh.com\/w\/nongsan12011\/san-pham\/nuoc-dua-nguyen-chat\/\">\n\t\t\t\t\t\t\t\t\t\t<img width=\"247\" height=\"296\" src=\"https:\/\/webmaibinh.com\/w\/nongsan12011\/wp-content\/uploads\/2018\/07\/organic1-247x296.jpg\" class=\"show-on-hover absolute fill hide-for-small back-image\" alt=\"\" loading=\"lazy\" \/><img width=\"247\" height=\"296\" src=\"https:\/\/webmaibinh.com\/w\/nongsan12011\/wp-content\/uploads\/2018\/07\/organic-247x296.jpg\" class=\"attachment-woocommerce_thumbnail size-woocommerce_thumbnail\" alt=\"\" loading=\"lazy\" \/>\t\t\t\t\t\t\t\t\t<\/a>\n\t\t\t\t\t\t\t\t\t\t\t\t\t\t\t\t\t\t \t\t\t\t\t\t\t\t<\/div>\n\t\t\t\t\t\t\t\t<div class=\"image-tools top right show-on-hover\">\n\t\t\t\t\t\t\t\t\t\t\t\t\t\t\t\t\t<\/div>\n\t\t\t\t\t\t\t\t\t\t\t\t\t\t\t\t\t<div class=\"image-tools grid-tools text-center hide-for-small bottom hover-slide-in show-on-hover\">\n\t\t\t\t\t\t\t\t\t\t  <a class=\"quick-view\" data-prod=\"106\" href=\"#quick-view\">Quick View<\/a>\t\t\t\t\t\t\t\t\t<\/div>\n\t\t\t\t\t\t\t\t\t\t\t\t\t\t\t\t\t\t\t\t\t\t\t<\/div>\n\n\t\t\t\t\t\t\t<div class=\"box-text text-center\" >\n\t\t\t\t\t\t\t\t<div class=\"title-wrapper\">\t\t<p class=\"category uppercase is-smaller no-text-overflow product-cat op-7\">\n\t\t\tS\u1ea3n ph\u1ea9m t\u1eeb d\u1eeba\t\t<\/p>\n\t<\/div><div class=\"price-wrapper\"><\/div>\t\t\t\t\t\t\t<\/div>\n\t\t\t\t\t\t<\/div>\n\t\t\t\t\t\t<\/div>\n\t\t\t\t\t<\/div>\n\t\t\t\t\t\t            \t        <\/div>\n\n\n\t\t<\/div>\n\t\t\t<\/div>\n\n\t\n\n<\/div>\n\n\t\t<\/div>\n\n\t\t\n<style>\n#section_1416468161 {\n  padding-top: 30px;\n  padding-bottom: 30px;\n  background-color: rgb(245, 245, 244);\n}\n<\/style>\n\t<\/section>\n\t\n\t<section class=\"section section-giao-dich\" id=\"section_1732197971\">\n\t\t<div class=\"bg section-bg fill bg-fill  bg-loaded\" >\n\n\t\t\t\n\t\t\t\n\t\t\t\n\n\t\t<\/div>\n\n\t\t<div class=\"section-content relative\">\n\t\t\t\n\n<div class=\"row\"  id=\"row-115534526\">\n\n\n\t<div id=\"col-2138107538\" class=\"col small-12 large-12\"  >\n\t\t<div class=\"col-inner text-center\"  >\n\t\t\t\n\t\t\t\n\n<p class=\"gr-avo-24 text-uppercase\" style=\"text-align: center;\">GIAO D\u1ecaCH D\u1ec4 D\u00c0NG V\u1edaI ALIBABA.COM<\/p>\n<p class=\"sec-desc\" style=\"text-align: center;\">K\u1ebft h\u1ee3p c\u00f9ng trang mua b\u00e1n tr\u1ef1c tuy\u1ebfn Alibaba,<br \/>\nch\u00fang t\u00f4i g\u1edfi \u0111\u1ebfn b\u1ea1n s\u1ef1 ti\u1ec7n l\u1ee3i v\u00e0 ho\u00e0n to\u00e0n y\u00ean t\u00e2m khi \u0111\u1eb7t h\u00e0ng.<\/p>\n<a href=\"\/lien-he\/\" target=\"_self\" class=\"button primary\"  style=\"border-radius:35px;\">\n    <span>\u0110\u1eb7t h\u00e0ng ngay<\/span>\n  <\/a>\n\n\n\t<div class=\"img has-hover x md-x lg-x y md-y lg-y\" id=\"image_86181735\">\n\t\t\t\t\t\t\t\t<div class=\"img-inner dark\" >\n\t\t\t<img width=\"1020\" height=\"322\" src=\"https:\/\/webmaibinh.com\/w\/nongsan12011\/wp-content\/uploads\/2018\/07\/alibaba1.png\" class=\"attachment-large size-large\" alt=\"\" loading=\"lazy\" srcset=\"https:\/\/webmaibinh.com\/w\/nongsan12011\/wp-content\/uploads\/2018\/07\/alibaba1.png 1156w, https:\/\/webmaibinh.com\/w\/nongsan12011\/wp-content\/uploads\/2018\/07\/alibaba1-510x161.png 510w, https:\/\/webmaibinh.com\/w\/nongsan12011\/wp-content\/uploads\/2018\/07\/alibaba1-800x253.png 800w, https:\/\/webmaibinh.com\/w\/nongsan12011\/wp-content\/uploads\/2018\/07\/alibaba1-768x242.png 768w\" sizes=\"(max-width: 1020px) 100vw, 1020px\" \/>\t\t\t\t\t\t\n\t\t\t\t\t<\/div>\n\t\t\t\t\t\t\t\t\n<style>\n#image_86181735 {\n  width: 100%;\n}\n<\/style>\n\t<\/div>\n\t\n\n\n\t\t<\/div>\n\t\t\t<\/div>\n\n\t\n\n<\/div>\n\n\t\t<\/div>\n\n\t\t\n<style>\n#section_1732197971 {\n  padding-top: 30px;\n  padding-bottom: 30px;\n}\n<\/style>\n\t<\/section>\n\t\n\n","protected":false},"excerpt":{"rendered":"","protected":false},"author":1,"featured_media":0,"parent":0,"menu_order":0,"comment_status":"closed","ping_status":"closed","template":"page-blank.php","meta":[],"_links":{"self":[{"href":"https:\/\/webmaibinh.com\/w\/nongsan12011\/wp-json\/wp\/v2\/pages\/41"}],"collection":[{"href":"https:\/\/webmaibinh.com\/w\/nongsan12011\/wp-json\/wp\/v2\/pages"}],"about":[{"href":"https:\/\/webmaibinh.com\/w\/nongsan12011\/wp-json\/wp\/v2\/types\/page"}],"author":[{"embeddable":true,"href":"https:\/\/webmaibinh.com\/w\/nongsan12011\/wp-json\/wp\/v2\/users\/1"}],"replies":[{"embeddable":true,"href":"https:\/\/webmaibinh.com\/w\/nongsan12011\/wp-json\/wp\/v2\/comments?post=41"}],"version-history":[{"count":15,"href":"https:\/\/webmaibinh.com\/w\/nongsan12011\/wp-json\/wp\/v2\/pages\/41\/revisions"}],"predecessor-version":[{"id":359,"href":"https:\/\/webmaibinh.com\/w\/nongsan12011\/wp-json\/wp\/v2\/pages\/41\/revisions\/359"}],"wp:attachment":[{"href":"https:\/\/webmaibinh.com\/w\/nongsan12011\/wp-json\/wp\/v2\/media?parent=41"}],"curies":[{"name":"wp","href":"https:\/\/api.w.org\/{rel}","templated":true}]}}