{"id":108,"date":"2019-01-07T16:21:32","date_gmt":"2019-01-07T16:21:32","guid":{"rendered":"http:\/\/noithat9.khowebseotop.vn\/?post_type=product&#038;p=108"},"modified":"2019-01-09T08:03:26","modified_gmt":"2019-01-09T08:03:26","slug":"ban-giam-doc-1m6-mia-mia16-084","status":"publish","type":"product","link":"https:\/\/webmaibinh.com\/w\/noithat92011\/san-pham\/ban-giam-doc-1m6-mia-mia16-084\/","title":{"rendered":"B\u00e0n gi\u00e1m \u0111\u1ed1c 1m6 Mia MIA16-084"},"content":{"rendered":"<p>S\u1ea3n ph\u1ea9m b\u00e0n l\u00e0m vi\u1ec7c GA12-D-084 l\u00e0 d\u00f2ng s\u1ea3n ph\u1ea9m m\u1edbi c\u1ee7a Govi, s\u1ea3n ph\u1ea9m ra \u0111\u1eddi nh\u1eadn \u0111\u01b0\u1ee3c t\u00edn hi\u1ec7u \u0111\u00f3n nh\u1eadn r\u1ea5t t\u1ed1t t\u1eeb ph\u00eda kh\u00e1ch h\u00e0ng, n\u1ebfu b\u1ea1n ch\u1ecdn c\u00f3 \u00fd \u0111\u1ecbnh, h\u00e3y c\u00e2n nh\u1eafc c\u00e1c \u0111i\u1ec3m n\u1ed5i tr\u1ed9i c\u1ee7a chi\u1ebfc b\u00e0n n\u00e0y nh\u00e9!<\/p>\n<p>Th\u1ee9 nh\u1ea5t, gi\u1ed1ng c\u00e1c b\u00e0n l\u00e0m vi\u1ec7c ch\u00e2n s\u1eaft kh\u00e1c c\u1ee7a Govi, s\u1ea3n ph\u1ea9m c\u1ef1c k\u1ef3\u00a0<strong>d\u1ec5 d\u00e0ng th\u00e1o l\u1eafp<\/strong>, m\u1ed9t \u0111i\u1ec3m c\u1ed9ng l\u1edbn cho vi\u1ec7c v\u1eadn chuy\u1ec3n, c\u0169ng nh\u01b0 t\u00ednh ch\u1ea5t l\u00e2u d\u00e0i cho c\u00e1c doanh nghi\u1ec7p khi di chuy\u1ec3n \u0111\u1ecba \u0111i\u1ec3m.<br \/>\nTh\u1ee9 hai,\u00a0<strong>ki\u1ec3u d\u00e1ng ch\u00e2n c\u1ef1c k\u1ef3 hi\u1ec7n \u0111\u1ea1i v\u00e0 sang tr\u1ecdng<\/strong>. C\u00f3 th\u1ec3 n\u00f3i tr\u00ean th\u1ecb tr\u01b0\u1eddng hi\u1ec7n t\u1ea1i, Govi l\u00e0 th\u01b0\u01a1ng hi\u1ec7u \u0111\u1ed9c quy\u1ec1n m\u1eabu ch\u00e2n n\u00e0y, v\u1edbi nghi\u00ean c\u1ee9u ki\u1ec3u d\u00e1ng theo trend th\u1ebf gi\u1edbi, n\u00eau b\u1eadt t\u1eebng g\u00f3c c\u1ea1nh, \u0111\u1eb7c bi\u1ec7t mang l\u1ea1i m\u1ed9t t\u1ed5ng th\u1ec3 c\u1ef1c k\u1ef3 ch\u1eafc ch\u1eafn, ho\u00e0n h\u1ea3o.<\/p>\n<p>N\u1ebfu b\u1ea1n l\u00e0 m\u1ed9t c\u00e1 nh\u00e2n \u0111ang mong mu\u1ed1n l\u1ef1a ch\u1ecdn m\u1ed9t chi\u1ebfc b\u00e0n l\u00e0m vi\u1ec7c, hay m\u1ed9t C\u00f4ng ty \u0111ang t\u00ecm ki\u1ebfm nh\u1eefng chi\u1ebfc b\u00e0n v\u0103n ph\u00f2ng ph\u00f9 h\u1ee3p, th\u00ec \u0111\u00e2y ch\u1eafc ch\u1eafn l\u00e0 m\u1ed9t l\u1ef1a ch\u1ecdn b\u1ea1n n\u00ean c\u00e2n nh\u1eafc, kh\u00f4ng n\u00ean b\u1ecf qua.<\/p>\n<p><img loading=\"lazy\" class=\"alignnone wp-image-83 size-full\" src=\"http:\/\/noithat9.khowebseotop.vn\/wp-content\/uploads\/2019\/01\/Ban-lam-viec-GA12-D-084-5.jpg\" alt=\"\" width=\"900\" height=\"900\" srcset=\"https:\/\/webmaibinh.com\/w\/noithat92011\/wp-content\/uploads\/2019\/01\/Ban-lam-viec-GA12-D-084-5.jpg 900w, https:\/\/webmaibinh.com\/w\/noithat92011\/wp-content\/uploads\/2019\/01\/Ban-lam-viec-GA12-D-084-5-510x510.jpg 510w, https:\/\/webmaibinh.com\/w\/noithat92011\/wp-content\/uploads\/2019\/01\/Ban-lam-viec-GA12-D-084-5-280x280.jpg 280w, https:\/\/webmaibinh.com\/w\/noithat92011\/wp-content\/uploads\/2019\/01\/Ban-lam-viec-GA12-D-084-5-400x400.jpg 400w, https:\/\/webmaibinh.com\/w\/noithat92011\/wp-content\/uploads\/2019\/01\/Ban-lam-viec-GA12-D-084-5-768x768.jpg 768w, https:\/\/webmaibinh.com\/w\/noithat92011\/wp-content\/uploads\/2019\/01\/Ban-lam-viec-GA12-D-084-5-800x800.jpg 800w, https:\/\/webmaibinh.com\/w\/noithat92011\/wp-content\/uploads\/2019\/01\/Ban-lam-viec-GA12-D-084-5-100x100.jpg 100w\" sizes=\"(max-width: 900px) 100vw, 900px\" \/><\/p>\n<p><img loading=\"lazy\" class=\"alignnone wp-image-84 size-full\" src=\"http:\/\/noithat9.khowebseotop.vn\/wp-content\/uploads\/2019\/01\/Ban-lam-viec-GA12-D-084-11.jpg\" alt=\"\" width=\"900\" height=\"621\" srcset=\"https:\/\/webmaibinh.com\/w\/noithat92011\/wp-content\/uploads\/2019\/01\/Ban-lam-viec-GA12-D-084-11.jpg 900w, https:\/\/webmaibinh.com\/w\/noithat92011\/wp-content\/uploads\/2019\/01\/Ban-lam-viec-GA12-D-084-11-510x352.jpg 510w, https:\/\/webmaibinh.com\/w\/noithat92011\/wp-content\/uploads\/2019\/01\/Ban-lam-viec-GA12-D-084-11-580x400.jpg 580w, https:\/\/webmaibinh.com\/w\/noithat92011\/wp-content\/uploads\/2019\/01\/Ban-lam-viec-GA12-D-084-11-768x530.jpg 768w\" sizes=\"(max-width: 900px) 100vw, 900px\" \/><\/p>\n<p><img loading=\"lazy\" class=\"alignnone wp-image-85 size-full\" src=\"http:\/\/noithat9.khowebseotop.vn\/wp-content\/uploads\/2019\/01\/khung-ch\u00e2n-d\u1ec5-th\u00e1o-l\u1eafpa.jpg\" alt=\"\" width=\"900\" height=\"631\" srcset=\"https:\/\/webmaibinh.com\/w\/noithat92011\/wp-content\/uploads\/2019\/01\/khung-ch\u00e2n-d\u1ec5-th\u00e1o-l\u1eafpa.jpg 900w, https:\/\/webmaibinh.com\/w\/noithat92011\/wp-content\/uploads\/2019\/01\/khung-ch\u00e2n-d\u1ec5-th\u00e1o-l\u1eafpa-510x358.jpg 510w, https:\/\/webmaibinh.com\/w\/noithat92011\/wp-content\/uploads\/2019\/01\/khung-ch\u00e2n-d\u1ec5-th\u00e1o-l\u1eafpa-571x400.jpg 571w, https:\/\/webmaibinh.com\/w\/noithat92011\/wp-content\/uploads\/2019\/01\/khung-ch\u00e2n-d\u1ec5-th\u00e1o-l\u1eafpa-768x538.jpg 768w\" sizes=\"(max-width: 900px) 100vw, 900px\" \/><\/p>\n<p><img loading=\"lazy\" class=\"alignnone wp-image-86 size-full\" src=\"http:\/\/noithat9.khowebseotop.vn\/wp-content\/uploads\/2019\/01\/Ban-lam-viec-GA12-D-084-12.jpg\" alt=\"\" width=\"900\" height=\"600\" srcset=\"https:\/\/webmaibinh.com\/w\/noithat92011\/wp-content\/uploads\/2019\/01\/Ban-lam-viec-GA12-D-084-12.jpg 900w, https:\/\/webmaibinh.com\/w\/noithat92011\/wp-content\/uploads\/2019\/01\/Ban-lam-viec-GA12-D-084-12-510x340.jpg 510w, https:\/\/webmaibinh.com\/w\/noithat92011\/wp-content\/uploads\/2019\/01\/Ban-lam-viec-GA12-D-084-12-600x400.jpg 600w, https:\/\/webmaibinh.com\/w\/noithat92011\/wp-content\/uploads\/2019\/01\/Ban-lam-viec-GA12-D-084-12-768x512.jpg 768w\" sizes=\"(max-width: 900px) 100vw, 900px\" \/><\/p>\n","protected":false},"excerpt":{"rendered":"<p>S\u1ea3n ph\u1ea9m b\u00e0n l\u00e0m vi\u1ec7c GA12-D-084 l\u00e0 d\u00f2ng s\u1ea3n ph\u1ea9m m\u1edbi c\u1ee7a Govi, s\u1ea3n ph\u1ea9m ra \u0111\u1eddi nh\u1eadn \u0111\u01b0\u1ee3c t\u00edn hi\u1ec7u \u0111\u00f3n nh\u1eadn r\u1ea5t t\u1ed1t t\u1eeb ph\u00eda kh\u00e1ch h\u00e0ng, n\u1ebfu b\u1ea1n ch\u1ecdn c\u00f3 \u00fd \u0111\u1ecbnh, h\u00e3y c\u00e2n nh\u1eafc c\u00e1c \u0111i\u1ec3m n\u1ed5i tr\u1ed9i c\u1ee7a chi\u1ebfc b\u00e0n n\u00e0y nh\u00e9! Th\u1ee9 nh\u1ea5t, gi\u1ed1ng c\u00e1c b\u00e0n l\u00e0m vi\u1ec7c ch\u00e2n&#8230;<\/p>\n","protected":false},"featured_media":109,"comment_status":"open","ping_status":"closed","template":"","meta":[],"_links":{"self":[{"href":"https:\/\/webmaibinh.com\/w\/noithat92011\/wp-json\/wp\/v2\/product\/108"}],"collection":[{"href":"https:\/\/webmaibinh.com\/w\/noithat92011\/wp-json\/wp\/v2\/product"}],"about":[{"href":"https:\/\/webmaibinh.com\/w\/noithat92011\/wp-json\/wp\/v2\/types\/product"}],"replies":[{"embeddable":true,"href":"https:\/\/webmaibinh.com\/w\/noithat92011\/wp-json\/wp\/v2\/comments?post=108"}],"wp:featuredmedia":[{"embeddable":true,"href":"https:\/\/webmaibinh.com\/w\/noithat92011\/wp-json\/wp\/v2\/media\/109"}],"wp:attachment":[{"href":"https:\/\/webmaibinh.com\/w\/noithat92011\/wp-json\/wp\/v2\/media?parent=108"}],"curies":[{"name":"wp","href":"https:\/\/api.w.org\/{rel}","templated":true}]}}