{"id":176,"date":"2019-01-09T01:57:40","date_gmt":"2019-01-09T01:57:40","guid":{"rendered":"http:\/\/noithat9.khowebseotop.vn\/?page_id=176"},"modified":"2019-01-09T01:57:40","modified_gmt":"2019-01-09T01:57:40","slug":"chinh-sach-doi-tra","status":"publish","type":"page","link":"https:\/\/webmaibinh.com\/w\/noithat92011\/chinh-sach-doi-tra\/","title":{"rendered":"Ch\u00ednh s\u00e1ch \u0111\u1ed5i tr\u1ea3"},"content":{"rendered":"<p><strong>QUY \u0110\u1ecaNH CHUNG V\u1ec0 CH\u00cdNH S\u00c1CH \u0110\u1ed4I TR\u1ea2:<\/strong><\/p>\n<p><em><strong>Ch\u00ednh s\u00e1ch \u0111\u1ed5i tr\u1ea3 ch\u1ec9 \u00e1p d\u1ee5ng cho c\u00e1c d\u00f2ng s\u1ea3n ph\u1ea9m Gh\u1ebf v\u0103n ph\u00f2ng. Ri\u00eang b\u00e0n, t\u1ee7 kh\u00f4ng \u00e1p d\u1ee5ng ch\u00ednh s\u00e1ch \u0111\u1ed5i tr\u1ea3!<\/strong><\/em><\/p>\n<p>Qu\u00fd kh\u00e1ch c\u00f3 th\u1ec3 th\u1ef1c hi\u1ec7n \u0111\u1ed5i tr\u1ea3 h\u00e0ng trong v\u00f2ng 3 ng\u00e0y k\u1ec3 t\u1eeb ng\u00e0y nh\u1eadn h\u00e0ng. C\u00e1c s\u1ea3n ph\u1ea9m th\u1ef1c hi\u1ec7n \u0111\u1ed5i tr\u1ea3 ph\u1ea3i c\u00f2n nguy\u00ean v\u1eb9n, kh\u00f4ng c\u00f3 d\u1ea5u hi\u1ec7u \u0111\u00e3 qua s\u1eed d\u1ee5ng v\u00e0 c\u00f2n nguy\u00ean tem, m\u00e1c, nguy\u00ean \u0111ai nguy\u00ean ki\u1ec7n ( tr\u1eeb tr\u01b0\u1eddng h\u1ee3p s\u1ea3n ph\u1ea9m b\u1ecb l\u1ed7i ho\u1eb7c h\u01b0 h\u1ea1i trong qu\u00e1 tr\u00ecnh v\u1eadn chuy\u1ec3n). Ngo\u00e0i ra, kh\u00e1ch h\u00e0ng ph\u1ea3i c\u00f2n gi\u1eef H\u00f3a \u0111\u01a1n mua h\u00e0ng t\u1ea1i Th\u01b0\u01a1ng hi\u1ec7u n\u1ed9i th\u1ea5t GOVI.<\/p>\n<p>Qu\u00e1 tr\u00ecnh \u0111\u1ed5i tr\u1ea3 h\u00e0ng ch\u1ec9 \u0111\u01b0\u1ee3c th\u1ef1c hi\u1ec7n khi h\u00e0ng \u0111\u01b0\u1ee3c ho\u00e0n v\u1ec1 t\u1ea1i kho. Ch\u00fang t\u00f4i s\u1ebd ki\u1ec3m tra ch\u1ea5t l\u01b0\u1ee3ng s\u1ea3n ph\u1ea9m \u0111\u1ec3 ti\u1ebfn h\u00e0nh \u0111\u1ed5i tr\u1ea3 nhanh nh\u1ea5t theo quy \u0111\u1ecbnh.<\/p>\n<p><strong>C\u00c1C TR\u01af\u1edcNG H\u1ee2P \u0110\u1ed4I TR\u1ea2:<\/strong><\/p>\n<p>1. Tr\u01b0\u1eddng h\u1ee3p qu\u00fd kh\u00e1ch \u0111\u00e3 mua h\u00e0ng v\u00e0 \u0111\u00e3 th\u1ef1c hi\u1ec7n thanh to\u00e1n nh\u01b0ng d\u01b0 ti\u1ec1n do chuy\u1ec3n th\u1eeba. C\u00f4ng ty C\u1ed5 ph\u1ea7n Govi Vi\u1ec7t Nam s\u1ebd ho\u00e0n tr\u1ea3 l\u1ea1i ti\u1ec1n cho Qu\u00fd kh\u00e1ch\u00a0theo th\u1eddi h\u1ea1n nh\u01b0 sau: Qu\u00fd kh\u00e1ch s\u1ebd nh\u1eadn \u0111\u01b0\u1ee3c ti\u1ec1n b\u1eb1ng h\u00ecnh th\u1ee9c chuy\u1ec3n kho\u1ea3n trong th\u1eddi gian t\u1eeb 3-5 ng\u00e0y ( tr\u1eeb th\u1ee9 7, CN v\u00e0 ng\u00e0y l\u1ec5) k\u1ec3 t\u1eeb khi C\u00f4ng ty C\u1ed5 ph\u1ea7n Govi Vi\u1ec7t Nam\u00a0nh\u1eadn \u0111\u01b0\u1ee3c \u0111\u1ec1 ngh\u1ecb thanh to\u00e1n t\u1eeb ph\u00eda Qu\u00fd kh\u00e1ch h\u00e0ng.<br \/>\n2. C\u00f4ng ty C\u1ed5 ph\u1ea7n Govi Vi\u1ec7t Nam s\u1ebd kh\u00f4ng ho\u00e0n tr\u1ea3 l\u1ea1i ti\u1ec1n trong c\u00e1c tr\u01b0\u1eddng h\u1ee3p sau:<br \/>\n2.1 Tr\u01b0\u1eddng h\u1ee3p Qu\u00fd kh\u00e1ch h\u00e0ng \u0111\u00e3 \u0111\u1eb7t h\u00e0ng t\u1ea1i c\u00f4ng ty v\u00e0 thanh to\u00e1n ti\u1ec1n 1 ph\u1ea7n ti\u1ec1n ho\u1eb7c \u0111\u00e3 thanh to\u00e1n h\u1ebft.<br \/>\n2.2 Tr\u01b0\u1eddng h\u1ee3p Qu\u00fd kh\u00e1ch kh\u00f4ng \u01b0ng s\u1ea3n ph\u1ea9m \u0111\u00e3 \u0111\u1eb7t Qu\u00fd kh\u00e1ch h\u00e0ng c\u00f3 th\u1ec3 li\u00ean h\u1ec7 b\u00e1n h\u00e0ng \u0111\u1ec3 \u0111\u1ed5i sang s\u1ea3n ph\u1ea9m kh\u00e1c c\u00f3 gi\u00e1 tr\u1ecb t\u01b0\u01a1ng \u0111\u01b0\u01a1ng ti\u1ec1n ho\u1eb7c cao h\u01a1n gi\u00e1 tr\u1ecb c\u1ee7a\u00a0s\u1ea3n ph\u1ea9m \u0111\u00e3 mua. N\u1ebfu \u0111\u1ed5i sang s\u1ea3n ph\u1ea9m c\u00f3 gi\u00e1 tr\u1ecb th\u1ea5p h\u01a1n Qu\u00fd kh\u00e1ch s\u1ebd kh\u00f4ng \u0111\u01b0\u1ee3c ho\u00e0n l\u1ea1i s\u1ed1 ti\u1ec1n th\u1eeba.<br \/>\n2.3 Tr\u01b0\u1eddng h\u1ee3p Qu\u00fd kh\u00e1ch h\u00e0ng \u0111\u00e3 mua s\u1ea3n ph\u1ea9m m\u00e0 b\u1ecb l\u1ed7i, C\u00f4ng ty s\u1ebd \u0111\u1ed5i tr\u1ea3 l\u1ea1i cho Qu\u00fd kh\u00e1ch s\u1ea3n ph\u1ea9m \u0111\u00f3 ho\u1eb7c s\u1ea3n ph\u1ea9m kh\u00e1c c\u00f3 gi\u00e1 tr\u1ecb t\u01b0\u01a1ng \u0111\u01b0\u01a1ng.<\/p>\n<p><em><strong>\u00a0<\/strong><strong>\u0110I\u1ec0U KI\u1ec6N \u0110\u1ed4I TR\u1ea2<\/strong><\/em><\/p>\n<p>Ch\u00fang t\u00f4i ch\u1ec9 ch\u1ea5p nh\u1eadn \u0111\u1ed5i tr\u1ea3 cho c\u00e1c s\u1ea3n ph\u1ea9m c\u00f2n nguy\u00ean \u0111i\u1ec1u ki\u1ec7n ban \u0111\u1ea7u, c\u00f2n h\u00f3a \u0111\u01a1n mua h\u00e0ng t\u1ea1i GOVI v\u00e0 s\u1ea3n ph\u1ea9m ch\u01b0a qua s\u1eed d\u1ee5ng, bao g\u1ed3m:<\/p>\n<ul>\n<li>Tem\/ phi\u1ebfu b\u1ea3o h\u00e0nh, tem th\u01b0\u01a1ng hi\u1ec7u v\u00e0 c\u00e1c qu\u00e0 t\u1eb7ng k\u00e8m theo (n\u1ebfu c\u00f3) v.v\u2026 ph\u1ea3i c\u00f2n \u0111\u1ea7y \u0111\u1ee7 v\u00e0 nguy\u00ean v\u1eb9n.<\/li>\n<li>H\u00e0ng h\u00f3a nh\u1eadn l\u1ea1i ph\u1ea3i m\u1edbi \u00edt nh\u1ea5t 95%, c\u00f2n \u0111\u1ea7y \u0111\u1ee7 linh ph\u1ee5 ki\u1ec7n k\u00e8m theo<\/li>\n<li>H\u00e0ng h\u00f3a nh\u1eadn l\u1ea1i ph\u1ea3i \u0111\u1ea3m b\u1ea3o \u0111\u1ea7y \u0111\u1ee7 bao b\u00ec, x\u1ed1p ( n\u1ebfu c\u00f3)<\/li>\n<\/ul>\n<p><em><strong>PH\u01af\u01a0NG TH\u1ee8C HO\u00c0N TI\u1ec0N<\/strong><\/em><\/p>\n<p>T\u00f9y theo l\u00fd do ho\u00e0n tr\u1ea3 s\u1ea3n ph\u1ea9m v\u00e0 k\u1ebft qu\u1ea3 \u0111\u00e1nh gi\u00e1 ch\u1ea5t l\u01b0\u1ee3ng t\u1ea1i ph\u00f2ng k\u1ef9 thu\u1eadt, GOVI s\u1ebd ho\u00e0n l\u1ea1i ti\u1ec1n m\u1eb7t cho qu\u00fd kh\u00e1ch h\u00e0ng sau 24 gi\u1edd.<strong><em>Tr\u00e2n tr\u1ecdng c\u1ea3m \u01a1n Qu\u00fd kh\u00e1ch!<\/em><\/strong><\/p>\n<p>&nbsp;<\/p>\n","protected":false},"excerpt":{"rendered":"<p>QUY \u0110\u1ecaNH CHUNG V\u1ec0 CH\u00cdNH S\u00c1CH \u0110\u1ed4I TR\u1ea2: Ch\u00ednh s\u00e1ch \u0111\u1ed5i tr\u1ea3 ch\u1ec9 \u00e1p d\u1ee5ng cho c\u00e1c d\u00f2ng s\u1ea3n ph\u1ea9m Gh\u1ebf v\u0103n ph\u00f2ng. Ri\u00eang b\u00e0n, t\u1ee7 kh\u00f4ng \u00e1p d\u1ee5ng ch\u00ednh s\u00e1ch \u0111\u1ed5i tr\u1ea3! Qu\u00fd kh\u00e1ch c\u00f3 th\u1ec3 th\u1ef1c hi\u1ec7n \u0111\u1ed5i tr\u1ea3 h\u00e0ng trong v\u00f2ng 3 ng\u00e0y k\u1ec3 t\u1eeb ng\u00e0y nh\u1eadn h\u00e0ng. C\u00e1c s\u1ea3n ph\u1ea9m th\u1ef1c&#8230;<\/p>\n","protected":false},"author":1,"featured_media":0,"parent":0,"menu_order":0,"comment_status":"closed","ping_status":"closed","template":"","meta":[],"_links":{"self":[{"href":"https:\/\/webmaibinh.com\/w\/noithat92011\/wp-json\/wp\/v2\/pages\/176"}],"collection":[{"href":"https:\/\/webmaibinh.com\/w\/noithat92011\/wp-json\/wp\/v2\/pages"}],"about":[{"href":"https:\/\/webmaibinh.com\/w\/noithat92011\/wp-json\/wp\/v2\/types\/page"}],"author":[{"embeddable":true,"href":"https:\/\/webmaibinh.com\/w\/noithat92011\/wp-json\/wp\/v2\/users\/1"}],"replies":[{"embeddable":true,"href":"https:\/\/webmaibinh.com\/w\/noithat92011\/wp-json\/wp\/v2\/comments?post=176"}],"version-history":[{"count":1,"href":"https:\/\/webmaibinh.com\/w\/noithat92011\/wp-json\/wp\/v2\/pages\/176\/revisions"}],"predecessor-version":[{"id":177,"href":"https:\/\/webmaibinh.com\/w\/noithat92011\/wp-json\/wp\/v2\/pages\/176\/revisions\/177"}],"wp:attachment":[{"href":"https:\/\/webmaibinh.com\/w\/noithat92011\/wp-json\/wp\/v2\/media?parent=176"}],"curies":[{"name":"wp","href":"https:\/\/api.w.org\/{rel}","templated":true}]}}