{"id":19,"date":"2018-11-22T11:49:34","date_gmt":"2018-11-22T04:49:34","guid":{"rendered":"https:\/\/tppone.com\/demo\/noithat6\/?page_id=19"},"modified":"2018-11-25T13:07:37","modified_gmt":"2018-11-25T06:07:37","slug":"bang-gia","status":"publish","type":"page","link":"https:\/\/webmaibinh.com\/w\/noithat6\/bang-gia\/","title":{"rendered":"B\u1ea3ng gi\u00e1"},"content":{"rendered":"<div class=\"row\"  id=\"row-1233602002\">\n\n\t<div id=\"col-1814850706\" class=\"col small-12 large-12\"  >\n\t\t<div class=\"col-inner\"  >\n\t\t\t\n\t\t\t\n\t<div class=\"img has-hover x md-x lg-x y md-y lg-y\" id=\"image_1291607134\">\n\t\t\t\t\t\t\t\t<div class=\"img-inner dark\" >\n\t\t\t<img width=\"1366\" height=\"435\" src=\"https:\/\/webmaibinh.com\/w\/noithat6\/wp-content\/uploads\/2018\/11\/slider3.jpg\" class=\"attachment-original size-original\" alt=\"\" loading=\"lazy\" srcset=\"https:\/\/webmaibinh.com\/w\/noithat6\/wp-content\/uploads\/2018\/11\/slider3.jpg 1366w, https:\/\/webmaibinh.com\/w\/noithat6\/wp-content\/uploads\/2018\/11\/slider3-300x96.jpg 300w, https:\/\/webmaibinh.com\/w\/noithat6\/wp-content\/uploads\/2018\/11\/slider3-768x245.jpg 768w, https:\/\/webmaibinh.com\/w\/noithat6\/wp-content\/uploads\/2018\/11\/slider3-1024x326.jpg 1024w\" sizes=\"(max-width: 1366px) 100vw, 1366px\" \/>\t\t\t\t\t\t\n\t\t\t\t\t<\/div>\n\t\t\t\t\t\t\t\t\n<style>\n#image_1291607134 {\n  width: 100%;\n}\n<\/style>\n\t<\/div>\n\t\n\t\t<\/div>\n\t\t\t<\/div>\n\n\t\n<\/div>\n\t<section class=\"section bang-gia\" id=\"section_1298455907\">\n\t\t<div class=\"bg section-bg fill bg-fill  bg-loaded\" >\n\n\t\t\t\n\t\t\t\n\t\t\t\n\n\t\t<\/div>\n\n\t\t<div class=\"section-content relative\">\n\t\t\t\n<div class=\"row\"  id=\"row-2004053009\">\n\n\t<div id=\"col-1394343479\" class=\"col small-12 large-12\"  >\n\t\t<div class=\"col-inner\"  >\n\t\t\t\n\t\t\t\n<div class=\"container section-title-container\" ><h2 class=\"section-title section-title-center\"><b><\/b><span class=\"section-title-main\" style=\"color:rgb(255, 84, 0);\">B\u1ea3ng gi\u00e1 thi\u1ebft k\u1ebf Ki\u1ebfn tr\u00fac v\u00e0 N\u1ed9i th\u1ea5t<\/span><b><\/b><\/h2><\/div>\n\t\t<\/div>\n\t\t\t<\/div>\n\n\t\n\n\t<div id=\"col-291526540\" class=\"col medium-3 small-12 large-3\"  >\n\t\t<div class=\"col-inner\"  >\n\t\t\t\n\t\t\t\n<div class=\"pricing-table-wrapper\">\n  <div class=\"pricing-table ux_price_table text-center\"style=\"border-radius:4px;\">\n    <div class=\"pricing-table-header\">\n      <div class=\"title uppercase strong\">G\u00f3i th\u00f4ng d\u1ee5ng<\/div>\n      <div class=\"price is-xxlarge\">120.000 \u0111\/m2<\/div>\n              <div class=\"description is-small\">\n          H\u1ed3 s\u01a1 g\u1ed3m: Ki\u1ebfn tr\u00fac, k\u1ebft c\u1ea5u, \u0111i\u1ec7n n\u01b0\u1edbc        <\/div>\n          <\/div>\n    <div class=\"pricing-table-items items\">\n      \n<div class=\"bullet-item\" title=\"\"><span class=\"text\">Th\u1eddi gian ho\u00e0n th\u00e0nh: 3 tu\u1ea7n<\/span><\/div>\n<div class=\"bullet-item\" title=\"\"><span class=\"text\">B\u1ea3o hanh 4 n\u0103m<\/span><\/div>\n<a rel=\"noopener noreferrer\" href=\"#\" target=\"_blank\" class=\"button primary lowercase\"  style=\"border-radius:4px;\">\n    <span>+ Xem chi ti\u1ebft<\/span>\n  <\/a>\n\n    <\/div>\n      <\/div>\n<\/div>\n\n\n\t\t<\/div>\n\t\t\t<\/div>\n\n\t\n\n\t<div id=\"col-402253284\" class=\"col medium-3 small-12 large-3\"  >\n\t\t<div class=\"col-inner\"  >\n\t\t\t\n\t\t\t\n<div class=\"pricing-table-wrapper\">\n  <div class=\"pricing-table ux_price_table text-center featured-table\"style=\"border-radius:4px;\">\n    <div class=\"pricing-table-header\">\n      <div class=\"title uppercase strong\">G\u00f3i ti\u1ebft ki\u1ec7m<\/div>\n      <div class=\"price is-xxlarge\">700.0000\/hs<\/div>\n              <div class=\"description is-small\">\n          H\u1ed3 s\u01a1 g\u1ed3m: m\u1eb7t b\u1eb1ng, m\u1eb7t \u0111\u1ee9ng, ph\u1ed1i c\u1ea3nh c\u00f4ng tr\u00ecnh, b\u1ea3n v\u1ebd chi ti\u1ebft        <\/div>\n          <\/div>\n    <div class=\"pricing-table-items items\">\n      \n<div class=\"bullet-item\" title=\"\"><span class=\"text\">Th\u1eddi gian ho\u00e0n th\u00e0nh: 1 tu\u1ea7n<\/span><\/div>\n<div class=\"bullet-item\" title=\"\"><span class=\"text\">B\u1ea3o hanh 4 n\u0103m<\/span><\/div>\n<a rel=\"noopener noreferrer\" href=\"#\" target=\"_blank\" class=\"button primary lowercase\"  style=\"border-radius:4px;\">\n    <span>+ Xem chi ti\u1ebft<\/span>\n  <\/a>\n\n    <\/div>\n      <\/div>\n<\/div>\n\n\n\t\t<\/div>\n\t\t\t<\/div>\n\n\t\n\n\t<div id=\"col-318292638\" class=\"col medium-3 small-12 large-3\"  >\n\t\t<div class=\"col-inner\"  >\n\t\t\t\n\t\t\t\n<div class=\"pricing-table-wrapper\">\n  <div class=\"pricing-table ux_price_table text-center\"style=\"border-radius:4px;\">\n    <div class=\"pricing-table-header\">\n      <div class=\"title uppercase strong\">G\u00f3i cao c\u1ea5p 1<\/div>\n      <div class=\"price is-xxlarge\">200.000 \u0111\/m2<\/div>\n              <div class=\"description is-small\">\n          H\u1ed3 s\u01a1 g\u1ed3m: Ki\u1ebfn tr\u00fac c\u00f4ng tr\u00ecnh, k\u1ebft c\u1ea5u, thi\u1ebft k\u1ebf n\u1ed9i th\u1ea5t, \u0111i\u1ec7n n\u01b0\u1edbc        <\/div>\n          <\/div>\n    <div class=\"pricing-table-items items\">\n      \n<div class=\"bullet-item\" title=\"\"><span class=\"text\">Th\u1eddi gian ho\u00e0n th\u00e0nh: 5 tu\u1ea7n<\/span><\/div>\n<div class=\"bullet-item\" title=\"\"><span class=\"text\">Th\u1eddi gian ho\u00e0n th\u00e0nh: 5 tu\u1ea7n<\/span><\/div>\n<a rel=\"noopener noreferrer\" href=\"#\" target=\"_blank\" class=\"button primary lowercase\"  style=\"border-radius:4px;\">\n    <span>+ Xem chi ti\u1ebft<\/span>\n  <\/a>\n\n    <\/div>\n      <\/div>\n<\/div>\n\n\n\t\t<\/div>\n\t\t\t<\/div>\n\n\t\n\n\t<div id=\"col-1847636120\" class=\"col medium-3 small-12 large-3\"  >\n\t\t<div class=\"col-inner\"  >\n\t\t\t\n\t\t\t\n<div class=\"pricing-table-wrapper\">\n  <div class=\"pricing-table ux_price_table text-center\"style=\"border-radius:4px;\">\n    <div class=\"pricing-table-header\">\n      <div class=\"title uppercase strong\">G\u00f3i cao c\u1ea5p 2<\/div>\n      <div class=\"price is-xxlarge\">250.000 \u0111\/m2<\/div>\n              <div class=\"description is-small\">\n          H\u1ed3 s\u01a1 g\u1ed3m: Ki\u1ebfn tr\u00fac, n\u1ed9i th\u1ea5t, \u0111i\u1ec7n n\u01b0\u1edbc, k\u1ebft c\u1ea5u, t\u01b0 v\u1ea5n ho\u00e0n thi\u1ec7n        <\/div>\n          <\/div>\n    <div class=\"pricing-table-items items\">\n      \n<div class=\"bullet-item\" title=\"\"><span class=\"text\">Th\u1eddi gian ho\u00e0n th\u00e0nh: 5 tu\u1ea7n<\/span><\/div>\n<div class=\"bullet-item\" title=\"\"><span class=\"text\">B\u1ea3o h\u00e0nh 5 nam<\/span><\/div>\n<a rel=\"noopener noreferrer\" href=\"#\" target=\"_blank\" class=\"button primary lowercase\"  style=\"border-radius:4px;\">\n    <span>+ Xem chi ti\u1ebft<\/span>\n  <\/a>\n\n    <\/div>\n      <\/div>\n<\/div>\n\n\n\t\t<\/div>\n\t\t\t<\/div>\n\n\t\n\n\t<div id=\"col-513745693\" class=\"col medium-6 small-12 large-6\"  >\n\t\t<div class=\"col-inner\"  >\n\t\t\t\n\t\t\t\n<div role=\"form\" class=\"wpcf7\" id=\"wpcf7-f678-o1\" lang=\"vi\" dir=\"ltr\">\n<div class=\"screen-reader-response\"><p role=\"status\" aria-live=\"polite\" aria-atomic=\"true\"><\/p> <ul><\/ul><\/div>\n<form action=\"\/w\/noithat6\/wp-json\/wp\/v2\/pages\/19#wpcf7-f678-o1\" method=\"post\" class=\"wpcf7-form init\" novalidate=\"novalidate\" data-status=\"init\">\n<div style=\"display: none;\">\n<input type=\"hidden\" name=\"_wpcf7\" value=\"678\" \/>\n<input type=\"hidden\" name=\"_wpcf7_version\" value=\"5.3\" \/>\n<input type=\"hidden\" name=\"_wpcf7_locale\" value=\"vi\" \/>\n<input type=\"hidden\" name=\"_wpcf7_unit_tag\" value=\"wpcf7-f678-o1\" \/>\n<input type=\"hidden\" name=\"_wpcf7_container_post\" value=\"0\" \/>\n<input type=\"hidden\" name=\"_wpcf7_posted_data_hash\" value=\"\" \/>\n<\/div>\n<div class=\"yeu-cau-tu-van\">\n<h3>G\u1eedi y\u00eau c\u1ea7u t\u01b0 v\u1ea5n mi\u1ec5n ph\u00ed<\/h3>\n<p class=\"thong-tin-top\">\nQu\u00fd kh\u00e1ch h\u00e0ng c\u00f3 th\u1ec3 g\u1eedi y\u00eau c\u1ea7u \u0111\u1ec3 ch\u00fang t\u00f4i t\u01b0 v\u1ea5n mi\u1ec5n ph\u00ed t\u1ea1i \u0111\u00e2y. Y\u00eau c\u1ea7u t\u01b0 v\u1ea5n c\u1ee7a b\u1ea1n s\u1ebd \u0111\u01b0\u1ee3c g\u1eedi t\u1edbi c\u00e1c chuy\u00ean gia c\u1ee7a ch\u00fang t\u00f4i. Ch\u00fang t\u00f4i s\u1ebd tr\u1ea3 l\u1eddi s\u1edbm nh\u1ea5t c\u00f3 th\u1ec3 th\u00f4ng qua Email, S\u0110T ho\u1eb7c \u0111\u1ecba ch\u1ec9 li\u00ean h\u1ec7. Xin c\u1ea3m \u01a1n!<\/p>\n<div class=\"form-tu-van\">\n<div class=\"left\">\n<span class=\"wpcf7-form-control-wrap text-208\"><input type=\"text\" name=\"text-208\" value=\"\" size=\"40\" class=\"wpcf7-form-control wpcf7-text wpcf7-validates-as-required\" aria-required=\"true\" aria-invalid=\"false\" placeholder=\"H\u1ecd v\u00e0 t\u00ean...\" \/><\/span><br \/>\n<span class=\"wpcf7-form-control-wrap email-603\"><input type=\"email\" name=\"email-603\" value=\"\" size=\"40\" class=\"wpcf7-form-control wpcf7-text wpcf7-email wpcf7-validates-as-email\" aria-invalid=\"false\" placeholder=\"\u0110\u1ecba ch\u1ec9 email...\" \/><\/span><br \/>\n<span class=\"wpcf7-form-control-wrap tel-511\"><input type=\"tel\" name=\"tel-511\" value=\"\" size=\"40\" class=\"wpcf7-form-control wpcf7-text wpcf7-tel wpcf7-validates-as-required wpcf7-validates-as-tel\" aria-required=\"true\" aria-invalid=\"false\" placeholder=\"S\u1ed1 \u0111i\u1ec7n tho\u1ea1i...\" \/><\/span><br \/>\n<span class=\"wpcf7-form-control-wrap text-234\"><input type=\"text\" name=\"text-234\" value=\"\" size=\"40\" class=\"wpcf7-form-control wpcf7-text\" aria-invalid=\"false\" placeholder=\"\u0110\u1ecba ch\u1ec9 c\u1ee7a b\u1ea1n...\" \/><\/span>\n<\/div>\n<div class=\"right\">\n<span class=\"wpcf7-form-control-wrap textarea-734\"><textarea name=\"textarea-734\" cols=\"40\" rows=\"10\" class=\"wpcf7-form-control wpcf7-textarea\" aria-invalid=\"false\" placeholder=\"N\u1ed9i dung y\u00eau c\u1ea7u...\"><\/textarea><\/span>\n<\/div>\n<div class=\"clearboth\"><\/div>\n<\/div>\n<p class=\"luu-y\">L\u01b0u \u00fd: C\u00e1c th\u00f4ng tin b\u1ea1n cung c\u1ea5p c\u00e0ng chi ti\u1ebft th\u00ec ch\u00fang t\u00f4i c\u00e0ng c\u00f3 c\u01a1 s\u1edf \u0111\u1ec3 \u0111\u01b0a ra ph\u01b0\u01a1ng \u00e1n t\u1ed1i \u01b0u h\u01a1n.<\/p>\n<p class=\"thong-tin-bottom\">\nG\u1ee3i \u00fd vi\u1ebft y\u00eau c\u1ea7u: \u0110\u1ecba ch\u1ec9 khu \u0111\u1ea5t, di\u1ec7n t\u00edch \u0111\u1ea5t, k\u00edch th\u01b0\u1edbc c\u00e1c c\u1ea1nh. Lo\u1ea1i h\u00ecnh b\u1ea1n l\u1ef1a ch\u1ecdn (bi\u1ec7t th\u1ef1, nh\u00e0 ph\u1ed1 \u2026) B\u1ea1n \u0111\u1ecbnh x\u00e2y m\u1ea5y t\u1ea7ng. M\u1ed7i t\u1ea7ng b\u1ea1n y\u00eau c\u1ea7u c\u00e1c ph\u00f2ng n\u00e0o, kh\u00f4ng gian n\u00e0o. S\u1ed1 ti\u1ec1n d\u1ef1 ki\u1ebfn ...<\/p>\n<p><input type=\"submit\" value=\"G\u1eedi y\u00eau c\u1ea7u\" class=\"wpcf7-form-control wpcf7-submit\" \/>\n<\/p><\/div>\n<div class=\"wpcf7-response-output\" aria-hidden=\"true\"><\/div><\/form><\/div>\n\t\t<\/div>\n\t\t\t<\/div>\n\n\t\n\n\t<div id=\"col-213281288\" class=\"col medium-6 small-12 large-6\"  >\n\t\t<div class=\"col-inner\"  >\n\t\t\t\n\t\t\t\n\n\t\t<div class=\"icon-box featured-box icon-box-left text-left\"  >\n\t\t\t\t\t<div class=\"icon-box-img\" style=\"width: 92px\">\n\t\t\t\t<div class=\"icon\">\n\t\t\t\t\t<div class=\"icon-inner\" >\n\t\t\t\t\t\t<img width=\"120\" height=\"121\" src=\"https:\/\/webmaibinh.com\/w\/noithat6\/wp-content\/uploads\/2018\/11\/icon-4-1.png\" class=\"attachment-medium size-medium\" alt=\"\" loading=\"lazy\" \/>\t\t\t\t\t<\/div>\n\t\t\t\t<\/div>\n\t\t\t<\/div>\n\t\t\t\t<div class=\"icon-box-text last-reset\">\n\t\t\t\t\t\t\t\t\t\n<h3><span style=\"color: #000000;\">Thi\u1ebft k\u1ebf<\/span><\/h3>\n<p><span style=\"font-size: 95%;\">Thi\u1ebft k\u1ebf ki\u1ebfn tr\u00fac, khai tri\u1ec3n chi ti\u1ebft b\u1ea3n v\u1ebd, s\u01a1 \u0111\u1ed3 \u0111i\u1ec7n n\u01b0\u1edbc, k\u1ebft c\u1ea5u, ph\u1ed1i c\u1ea3nh ngo\u1ea1i th\u1ea5t, n\u1ed9i th\u1ea5t kh\u00f4ng gian 3 chi\u1ec1u, h\u1ed3 s\u01a1 k\u1ef9 thu\u1eadt thi c\u00f4ng, h\u1ed3 s\u01a1 xin c\u1ea5p ph\u00e9p x\u00e2y d\u1ef1ng, gi\u00e1m s\u00e1t t\u00e1c gi\u1ea3.<\/span><\/p>\n\t\t<\/div>\n\t<\/div>\n\t\n\t\n\n\t\t<div class=\"icon-box featured-box icon-box-left text-left\"  >\n\t\t\t\t\t<div class=\"icon-box-img\" style=\"width: 92px\">\n\t\t\t\t<div class=\"icon\">\n\t\t\t\t\t<div class=\"icon-inner\" >\n\t\t\t\t\t\t<img width=\"120\" height=\"121\" src=\"https:\/\/webmaibinh.com\/w\/noithat6\/wp-content\/uploads\/2018\/11\/icon-3.png\" class=\"attachment-medium size-medium\" alt=\"\" loading=\"lazy\" \/>\t\t\t\t\t<\/div>\n\t\t\t\t<\/div>\n\t\t\t<\/div>\n\t\t\t\t<div class=\"icon-box-text last-reset\">\n\t\t\t\t\t\t\t\t\t\n<h3><span style=\"color: #000000;\">Thi c\u00f4ng ph\u1ea7n thu\u00ea<\/span><\/h3>\n<p><span style=\"font-size: 95%;\">L\u1eadp kh\u00e1i to\u00e1n, li\u1ec7t k\u00ea r\u00f5 ch\u1ee7ng lo\u1ea1i v\u00e0 kh\u1ed1i l\u01b0\u1ee3ng v\u1eadt t\u01b0 nh\u01b0: s\u1eaft th\u00e9p, xi m\u0103ng, \u1ed1ng n\u01b0\u1edbc, d\u00e2y \u0111i\u1ec7n\u2026 Mua b\u1ea3o hi\u1ec3m cho c\u00f4ng tr\u00ecnh nh\u1eb1m m\u1ee5c \u0111\u00edch gi\u1ea3m thi\u1ec3u m\u1ecdi r\u1ee7i ro trong qu\u00e1 tr\u00ecnh thi c\u00f4ng.<\/span><\/p>\n\t\t<\/div>\n\t<\/div>\n\t\n\t\n\n\t\t<div class=\"icon-box featured-box icon-box-left text-left\"  >\n\t\t\t\t\t<div class=\"icon-box-img\" style=\"width: 92px\">\n\t\t\t\t<div class=\"icon\">\n\t\t\t\t\t<div class=\"icon-inner\" >\n\t\t\t\t\t\t<img width=\"120\" height=\"121\" src=\"https:\/\/webmaibinh.com\/w\/noithat6\/wp-content\/uploads\/2018\/11\/icon-2.png\" class=\"attachment-medium size-medium\" alt=\"\" loading=\"lazy\" \/>\t\t\t\t\t<\/div>\n\t\t\t\t<\/div>\n\t\t\t<\/div>\n\t\t\t\t<div class=\"icon-box-text last-reset\">\n\t\t\t\t\t\t\t\t\t\n<h3><span style=\"color: #000000;\">Ho\u00e0n thi\u1ec7n<\/span><\/h3>\n<p><span style=\"font-size: 95%;\">L\u1eafp \u0111\u1eb7t c\u1eeda, l\u00f3t s\u00e0n, tr\u1ea7n th\u1ea1ch cao, s\u01a1n. L\u1eafp \u0111\u1eb7t thi\u1ebft b\u1ecb v\u1ec7 sinh, v\u00f2i n\u01b0\u1edbc, v\u00f2i sen t\u1eafm\u2026 L\u1eafp \u0111\u1eb7t trang thi\u1ebft b\u1ecb \u0111i\u1ec7n: c\u00f4ng t\u1eafc, \u0111\u00e8n chi\u1ebfu s\u00e1ng, m\u00e1y b\u01a1m, h\u1ec7 th\u1ed1ng c\u1ea3m \u1ee9ng th\u00f4ng minh\u2026<\/span><\/p>\n\t\t<\/div>\n\t<\/div>\n\t\n\t\n\n\t\t<div class=\"icon-box featured-box icon-box-left text-left\"  >\n\t\t\t\t\t<div class=\"icon-box-img\" style=\"width: 92px\">\n\t\t\t\t<div class=\"icon\">\n\t\t\t\t\t<div class=\"icon-inner\" >\n\t\t\t\t\t\t<img width=\"120\" height=\"121\" src=\"https:\/\/webmaibinh.com\/w\/noithat6\/wp-content\/uploads\/2018\/11\/icon-1.png\" class=\"attachment-medium size-medium\" alt=\"\" loading=\"lazy\" \/>\t\t\t\t\t<\/div>\n\t\t\t\t<\/div>\n\t\t\t<\/div>\n\t\t\t\t<div class=\"icon-box-text last-reset\">\n\t\t\t\t\t\t\t\t\t\n<h3><span style=\"color: #000000;\">N\u1ed9i th\u1ea5t<\/span><\/h3>\n<p><span style=\"font-size: 95%;\">Li\u1ec7t k\u00ea \u0111\u1ea7y \u0111\u1ee7 c\u00e1c v\u1eadt d\u1ee5ng n\u1ed9i th\u1ea5t, ch\u1ea5t li\u1ec7u, m\u00e3 s\u1ed1 m\u00e0u v\u00e0 gi\u00e1 th\u00e0nh cho m\u1ed7i s\u1ea3n ph\u1ea9m. Thi c\u00f4ng, s\u1ea3n xu\u1ea5t ho\u1eb7c \u0111\u1eb7t h\u00e0ng n\u1ed9i th\u1ea5t theo ch\u1ec9 \u0111\u1ecbnh c\u1ee7a chuy\u00ean vi\u00ean thi\u1ebft k\u1ebf n\u1ed9i th\u1ea5t.<\/span><\/p>\n\t\t<\/div>\n\t<\/div>\n\t\n\t\n\t\t<\/div>\n\t\t\t<\/div>\n\n\t\n\n\t<div id=\"col-1676619824\" class=\"col cot12-2 small-12 large-12\"  >\n\t\t<div class=\"col-inner\"  >\n\t\t\t\n\t\t\t\n<h2 style=\"text-align: center;\">Ch\u00fang t\u00f4i v\u1edbi 15+ n\u0103m kinh nghi\u1ec7m, b\u1ea1n c\u00f3 th\u1ec3 l\u00e0m vi\u1ec7c v\u1edbi ch\u00fang t\u00f4i t\u1ea1i b\u1ea5t k\u1ef3 t\u1ec9nh th\u00e0nh n\u00e0o!<\/h2>\n\t\t<\/div>\n\t\t\t<\/div>\n\n\t\n<\/div>\n\t\t<\/div>\n\n\t\t\n<style>\n#section_1298455907 {\n  padding-top: 30px;\n  padding-bottom: 30px;\n}\n<\/style>\n\t<\/section>\n\t\n <div class=\"thong-tin-lien-he\">\n<div class=\"tieu-de\">Th\u00f4ng tin li\u00ean h\u1ec7:<\/div>\n<ul class=\"thong-tin\">\n<li class=\"ten-cong-ty\">C\u00f4ng ty C\u1ed5 ph\u1ea7n Ki\u1ebfn tr\u00fac X\u00e2y d\u1ef1ng GiuseArt<\/li>\n<li><span>Li\u00ean h\u1ec7:<\/span><span class=\"info\"> L\u00ea V\u0103n Thi\u1ec7n<\/span><\/li>\n<li><span>Phone:<\/span><span class=\"info\">  0972939830<\/span><\/li>\n<li><span>Email:<\/span> <span class=\"info\"> giuselethien@gmail.com<\/span><\/li>\n<li><span>Website:<\/span> <span class=\"info\"> www.giuseart.com<\/span><\/li>\n<\/ul>\n<div class=\"right\">\nH\u00e3y li\u00ean h\u1ec7 v\u1edbi ch\u00fang t\u00f4i \u0111\u1ec3 \u0111\u01b0\u1ee3c t\u01b0 v\u1ea5n thi c\u00f4ng x\u00e2y d\u1ef1ng v\u00e0 thi\u1ebft k\u1ebf nh\u00e0 \u01a1\u0309, thi\u1ebft k\u1ebf bi\u1ec7t th\u1ef1 t\u00e2n c\u1ed5 \u0111i\u1ec3n, thi\u00eat k\u1ebf l\u00e2u \u0111\u00e0i ki\u1ec3u ph\u00e1p, thi\u1ebft k\u1ebf v\u00e0 thi c\u00f4ng n\u1ed9i th\u1ea5t, thi\u1ebft k\u1ebf kh\u00e1ch s\u1ea1n, thi\u1ebft k\u1ebf nh\u00e0 h\u00e0ng, thi\u1ebft k\u1ebf shop, c\u1eeda h\u00e0ng, showroom \u2026\n<\/div>\n<div class=\"clearboth\"><\/div>\n<\/div>","protected":false},"excerpt":{"rendered":"<p>Th\u00f4ng tin li\u00ean h\u1ec7: C\u00f4ng ty C\u1ed5 ph\u1ea7n Ki\u1ebfn tr\u00fac X\u00e2y d\u1ef1ng GiuseArt Li\u00ean h\u1ec7: L\u00ea V\u0103n Thi\u1ec7n Phone: 0972939830 Email: giuselethien@gmail.com Website: www.giuseart.com H\u00e3y li\u00ean h\u1ec7 v\u1edbi ch\u00fang t\u00f4i \u0111\u1ec3 \u0111\u01b0\u1ee3c t\u01b0 v\u1ea5n thi c\u00f4ng x\u00e2y d\u1ef1ng v\u00e0 thi\u1ebft k\u1ebf nh\u00e0 \u01a1\u0309, thi\u1ebft k\u1ebf bi\u1ec7t th\u1ef1 t\u00e2n c\u1ed5 \u0111i\u1ec3n, thi\u00eat k\u1ebf l\u00e2u \u0111\u00e0i ki\u1ec3u &#8230;<\/p>\n","protected":false},"author":1,"featured_media":0,"parent":0,"menu_order":0,"comment_status":"closed","ping_status":"closed","template":"","meta":[],"_links":{"self":[{"href":"https:\/\/webmaibinh.com\/w\/noithat6\/wp-json\/wp\/v2\/pages\/19"}],"collection":[{"href":"https:\/\/webmaibinh.com\/w\/noithat6\/wp-json\/wp\/v2\/pages"}],"about":[{"href":"https:\/\/webmaibinh.com\/w\/noithat6\/wp-json\/wp\/v2\/types\/page"}],"author":[{"embeddable":true,"href":"https:\/\/webmaibinh.com\/w\/noithat6\/wp-json\/wp\/v2\/users\/1"}],"replies":[{"embeddable":true,"href":"https:\/\/webmaibinh.com\/w\/noithat6\/wp-json\/wp\/v2\/comments?post=19"}],"version-history":[{"count":6,"href":"https:\/\/webmaibinh.com\/w\/noithat6\/wp-json\/wp\/v2\/pages\/19\/revisions"}],"predecessor-version":[{"id":896,"href":"https:\/\/webmaibinh.com\/w\/noithat6\/wp-json\/wp\/v2\/pages\/19\/revisions\/896"}],"wp:attachment":[{"href":"https:\/\/webmaibinh.com\/w\/noithat6\/wp-json\/wp\/v2\/media?parent=19"}],"curies":[{"name":"wp","href":"https:\/\/api.w.org\/{rel}","templated":true}]}}