{"id":10,"date":"2018-03-13T10:15:05","date_gmt":"2018-03-13T03:15:05","guid":{"rendered":"http:\/\/noithat3.khowebseotop.vn\/?page_id=10"},"modified":"2020-05-07T11:22:16","modified_gmt":"2020-05-07T04:22:16","slug":"lien-he","status":"publish","type":"page","link":"https:\/\/webmaibinh.com\/w\/noithat32011\/lien-he\/","title":{"rendered":"Li\u00ean h\u1ec7"},"content":{"rendered":"\n\t<div class=\"img has-hover x md-x lg-x y md-y lg-y\" id=\"image_1735494154\">\n\t\t\t\t\t\t\t\t<div class=\"img-inner image-cover dark\" style=\"padding-top:25%;\">\n\t\t\t<img width=\"1600\" height=\"1042\" src=\"https:\/\/webmaibinh.com\/w\/noithat32011\/wp-content\/uploads\/2018\/03\/home-4.jpg\" class=\"attachment-original size-original\" alt=\"\" loading=\"lazy\" srcset=\"https:\/\/webmaibinh.com\/w\/noithat32011\/wp-content\/uploads\/2018\/03\/home-4.jpg 1600w, https:\/\/webmaibinh.com\/w\/noithat32011\/wp-content\/uploads\/2018\/03\/home-4-510x332.jpg 510w, https:\/\/webmaibinh.com\/w\/noithat32011\/wp-content\/uploads\/2018\/03\/home-4-300x195.jpg 300w, https:\/\/webmaibinh.com\/w\/noithat32011\/wp-content\/uploads\/2018\/03\/home-4-768x500.jpg 768w, https:\/\/webmaibinh.com\/w\/noithat32011\/wp-content\/uploads\/2018\/03\/home-4-1024x667.jpg 1024w\" sizes=\"(max-width: 1600px) 100vw, 1600px\" \/>\t\t\t\t\t\t\n\t\t\t\t\t<\/div>\n\t\t\t\t\t\t\t\t\n<style>\n#image_1735494154 {\n  width: 100%;\n}\n<\/style>\n\t<\/div>\n\t\n\n\t<section class=\"section\" id=\"section_1293054602\">\n\t\t<div class=\"bg section-bg fill bg-fill  bg-loaded\" >\n\n\t\t\t\n\t\t\t\n\t\t\t\n\n\t\t<\/div>\n\n\t\t<div class=\"section-content relative\">\n\t\t\t\n\n<div class=\"row\"  id=\"row-2113446564\">\n\n\n\t<div id=\"col-1675029003\" class=\"col medium-7 small-12 large-7\"  >\n\t\t<div class=\"col-inner\"  >\n\t\t\t\n\t\t\t\n\n<p><span style=\"font-size: 130%; color: #000000;\"><strong>Li\u00ean h\u1ec7 v\u1edbi ch\u00fang t\u00f4i<\/strong><\/span><\/p>\n<p><span style=\"color: #333333; font-size: 95%;\">Cane Funiture cung c\u1ea5p c\u00e1c s\u1ea3n ph\u1ea9m n\u1ed9i th\u1ea5t phong ph\u00fa v\u00e0 c\u00e1c d\u1ecbch v\u1ee5 s\u1eeda ch\u1eefa, x\u00e2y d\u1ef1ng c\u00f4ng tr\u00ecnh b\u1ea3o \u0111\u1ea3m an to\u00e0n, \u0111\u00fang ti\u1ebfn \u0111\u1ed9 v\u00e0 k\u1ef9 thu\u1eadt y\u00eau c\u1ea7u.<\/span><\/p>\n<p><span style=\"color: #333333; font-size: 95%;\">Cane Funiture cung c\u1ea5p c\u00e1c s\u1ea3n ph\u1ea9m n\u1ed9i th\u1ea5t phong ph\u00fa v\u00e0 c\u00e1c d\u1ecbch v\u1ee5 s\u1eeda ch\u1eefa, x\u00e2y d\u1ef1ng c\u00f4ng tr\u00ecnh b\u1ea3o \u0111\u1ea3m an to\u00e0n, \u0111\u00fang ti\u1ebfn \u0111\u1ed9 v\u00e0 k\u1ef9 thu\u1eadt y\u00eau c\u1ea7u.<\/span><\/p>\n\n\t\t<\/div>\n\t\t\t<\/div>\n\n\t\n\n\t<div id=\"col-1680873595\" class=\"col medium-5 small-12 large-5\"  >\n\t\t<div class=\"col-inner\"  >\n\t\t\t\n\t\t\t\n\n<p><span style=\"font-size: 130%;\"><strong><span style=\"color: #000000;\">Th\u00f4ng tin li\u00ean h\u1ec7<\/span><\/strong><\/span><\/p>\n<p><span style=\"font-size: 95%; color: #333333;\">Lorem ipsum dolor sit amet, consectetuer adipiscing elit, sed diam nonummy nibh euismod tincidunt ut laoreet dolore magna aliquam erat volutpat.<\/span><\/p>\n<p><span style=\"font-size: 95%; color: #333333;\">&#8211;<strong> \u0110\u1ecba ch\u1ec9:<\/strong> Ph\u1ea1m V\u0103n B\u1ea1ch, P. 15, Q. T\u00e2n B\u00ecnh, Tp. HCM<\/span><br \/><span style=\"font-size: 95%; color: #333333;\">&#8211; <strong>S\u0110T:<\/strong> 0999.999.999<\/span><br \/><span style=\"font-size: 95%; color: #333333;\">&#8211; <strong>Email:<\/strong>\u00a0email@gmail.com<\/span><br \/><span style=\"font-size: 95%; color: #333333;\">&#8211; <strong>Website:<\/strong> www.tenweb.vn<\/span><\/p>\n\n\t\t<\/div>\n\t\t\t<\/div>\n\n\t\n\n\t<div id=\"col-900821326\" class=\"col small-12 large-12\"  >\n\t\t<div class=\"col-inner\"  >\n\t\t\t\n\t\t\t\n\n<p><span style=\"color: #000000; font-size: 130%;\"><strong>T\u00ecm \u0111\u01b0\u1eddng \u0111i:<\/strong><\/span><\/p>\n<p><iframe src=\"https:\/\/www.google.com\/maps\/embed?pb=!1m18!1m12!1m3!1d3898.971672381678!2d109.17471331543706!3d12.250196233609083!2m3!1f0!2f0!3f0!3m2!1i1024!2i768!4f13.1!3m3!1m2!1s0x31705d7832855599%3A0xc8c963c33762ebd7!2zTuG7mWkgVGjhuqV0IMSQxINuZyBI4buT!5e0!3m2!1svi!2s!4v1528098795246\" width=\"100%\" height=\"450\" frameborder=\"0\" style=\"border:0\" allowfullscreen><\/iframe><\/p>\n\n\t\t<\/div>\n\t\t\t<\/div>\n\n\t\n\n<\/div>\n\n\t\t<\/div>\n\n\t\t\n<style>\n#section_1293054602 {\n  padding-top: 30px;\n  padding-bottom: 30px;\n}\n<\/style>\n\t<\/section>\n\t\n\n","protected":false},"excerpt":{"rendered":"","protected":false},"author":2,"featured_media":0,"parent":0,"menu_order":0,"comment_status":"closed","ping_status":"closed","template":"page-blank.php","meta":[],"_links":{"self":[{"href":"https:\/\/webmaibinh.com\/w\/noithat32011\/wp-json\/wp\/v2\/pages\/10"}],"collection":[{"href":"https:\/\/webmaibinh.com\/w\/noithat32011\/wp-json\/wp\/v2\/pages"}],"about":[{"href":"https:\/\/webmaibinh.com\/w\/noithat32011\/wp-json\/wp\/v2\/types\/page"}],"author":[{"embeddable":true,"href":"https:\/\/webmaibinh.com\/w\/noithat32011\/wp-json\/wp\/v2\/users\/2"}],"replies":[{"embeddable":true,"href":"https:\/\/webmaibinh.com\/w\/noithat32011\/wp-json\/wp\/v2\/comments?post=10"}],"version-history":[{"count":8,"href":"https:\/\/webmaibinh.com\/w\/noithat32011\/wp-json\/wp\/v2\/pages\/10\/revisions"}],"predecessor-version":[{"id":1509,"href":"https:\/\/webmaibinh.com\/w\/noithat32011\/wp-json\/wp\/v2\/pages\/10\/revisions\/1509"}],"wp:attachment":[{"href":"https:\/\/webmaibinh.com\/w\/noithat32011\/wp-json\/wp\/v2\/media?parent=10"}],"curies":[{"name":"wp","href":"https:\/\/api.w.org\/{rel}","templated":true}]}}