{"id":70,"date":"2018-01-26T01:26:15","date_gmt":"2018-01-25T18:26:15","guid":{"rendered":"https:\/\/bizhostvn.com\/w\/noithat3\/?page_id=70"},"modified":"2018-01-26T12:10:50","modified_gmt":"2018-01-26T05:10:50","slug":"lien-he","status":"publish","type":"page","link":"https:\/\/webmaibinh.com\/w\/noithat3\/lien-he\/","title":{"rendered":"Li\u00ean h\u1ec7"},"content":{"rendered":"\t<div class=\"img has-hover x md-x lg-x y md-y lg-y\" id=\"image_1882130946\">\n\t\t\t\t\t\t\t\t<div class=\"img-inner image-cover dark\" style=\"padding-top:30%;\">\n\t\t\t<img width=\"1600\" height=\"591\" src=\"https:\/\/webmaibinh.com\/w\/noithat3\/wp-content\/uploads\/2018\/01\/1.jpg\" class=\"attachment-original size-original\" alt=\"\" loading=\"lazy\" srcset=\"https:\/\/webmaibinh.com\/w\/noithat3\/wp-content\/uploads\/2018\/01\/1.jpg 1600w, https:\/\/webmaibinh.com\/w\/noithat3\/wp-content\/uploads\/2018\/01\/1-300x111.jpg 300w, https:\/\/webmaibinh.com\/w\/noithat3\/wp-content\/uploads\/2018\/01\/1-768x284.jpg 768w, https:\/\/webmaibinh.com\/w\/noithat3\/wp-content\/uploads\/2018\/01\/1-1024x378.jpg 1024w\" sizes=\"(max-width: 1600px) 100vw, 1600px\" \/>\t\t\t\t\t\t\n\t\t\t\t\t<\/div>\n\t\t\t\t\t\t\t\t\n<style>\n#image_1882130946 {\n  width: 100%;\n}\n<\/style>\n\t<\/div>\n\t\n\t<div id=\"gap-590120351\" class=\"gap-element clearfix\" style=\"display:block; height:auto;\">\n\t\t\n<style>\n#gap-590120351 {\n  padding-top: 30px;\n}\n<\/style>\n\t<\/div>\n\t\n<div class=\"row\"  id=\"row-28578952\">\n\n\t<div id=\"col-394008632\" class=\"col small-12 large-12\"  >\n\t\t<div class=\"col-inner\"  >\n\t\t\t\n\t\t\t\n<h3 style=\"text-align: center;\"><span style=\"font-size: 120%; color: #ff6600;\">TH\u00d4NG TIN LI\u00caN H\u1ec6<\/span><\/h3>\n<p><img loading=\"lazy\" class=\"aligncenter wp-image-109\" src=\"https:\/\/bizhostvn.com\/w\/noithat3\/wp-content\/uploads\/2018\/01\/line.png\" alt=\"\" width=\"70\" height=\"5\" \/><\/p>\n\t\t<\/div>\n\t\t\t<\/div>\n\n\t\n\n\t<div id=\"col-1928182593\" class=\"col medium-6 small-12 large-6\"  >\n\t\t<div class=\"col-inner\"  >\n\t\t\t\n\t\t\t\n<p><span style=\"font-size: 90%;\">Shop m\u1ef9 ph\u1ea9m Nessy ho\u1ea1t \u0111\u1ed9ng v\u1edbi ti\u00eau ch\u00ed mang \u0111\u1ebfn l\u1ee3i \u00edch t\u1ed1i \u0111a cho kh\u00e1ch h\u00e0ng, l\u1ea5y ch\u1eef t\u00edn l\u00e0m ti\u1ec1n \u0111\u1ec3 ph\u00e1t tri\u1ec3n.<\/span><\/p>\n<h3><span style=\"font-size: 18.144px; line-height: 27.216px;\">Thi\u1ebft k\u1ebf chuy\u00ean nghi\u1ec7p<\/span><\/h3>\n<p><span style=\"font-size: 90%;\">Ch\u00fang t\u00f4i cam k\u1ebft 100% m\u1ef9 ph\u1ea9m b\u00e1n tr\u00ean website \u0111\u1ec1u c\u00f3 ngu\u1ed3n g\u1ed1c, xu\u1ea5t x\u1ee9 r\u00f5 r\u00e0ng, \u0111\u1ea3m b\u1ea3o ti\u00eau chu\u1ea9n ch\u1ea5t l\u01b0\u1ee3ng, v\u00e0 \u0111\u1ea3m b\u1ea3o s\u1ee9c kh\u1ecfe ng\u01b0\u1eddi ti\u00eau d\u00f9ng. N\u00f3i kh\u00f4ng v\u1edbi h\u00e0ng gi\u1ea3, h\u00e0ng nh\u00e1i, h\u00e0ng k\u00e9m ch\u1ea5t l\u01b0\u1ee3ng.<\/span><\/p>\n<h3>\u0110\u1ecba ch\u1ec9<\/h3>\n<p><span style=\"font-size: 90%;\">S\u1ed1 29 ng\u00f5 18 L\u01b0\u01a1ng Ng\u1ecdc Quy\u1ebfn, H\u00e0 \u0110\u00f4ng, H\u00e0 N\u1ed9i<\/span><\/p>\n<h3>S\u1ed1 \u0111i\u1ec7n tho\u1ea1i<\/h3>\n<p><span style=\"font-size: 90%;\">0972939830\/ 0963.853.837<\/span><\/p>\n<h3>K\u1ebft n\u1ed1i<\/h3>\n<p>Email: webdesign@gmail.com<\/p>\n<div class=\"social-icons follow-icons full-width text-left\" ><a href=\"#\" target=\"_blank\" data-label=\"Facebook\"  rel=\"noopener noreferrer nofollow\" class=\"icon primary button circle facebook tooltip\" title=\"Follow on Facebook\"><i class=\"icon-facebook\" ><\/i><\/a><a href=\"mailto:#\" data-label=\"E-mail\"  rel=\"nofollow\" class=\"icon primary button circle  email tooltip\" title=\"Send us an email\"><i class=\"icon-envelop\" ><\/i><\/a><a href=\"tel:#\" target=\"_blank\"  data-label=\"Phone\"  rel=\"noopener noreferrer nofollow\" class=\"icon primary button circle  phone tooltip\" title=\"Call us\"><i class=\"icon-phone\" ><\/i><\/a><a href=\"#\" target=\"_blank\" rel=\"noopener noreferrer nofollow\" data-label=\"YouTube\" class=\"icon primary button circle  youtube tooltip\" title=\"Follow on YouTube\"><i class=\"icon-youtube\" ><\/i><\/a><\/div>\n\t\t<\/div>\n\t\t\t<\/div>\n\n\t\n\n\t<div id=\"col-263855846\" class=\"col medium-6 small-12 large-6\"  >\n\t\t<div class=\"col-inner\"  >\n\t\t\t\n\t\t\t\n<h3>Bi\u1ec3u m\u1eabu li\u00ean h\u1ec7<\/h3>\n<div role=\"form\" class=\"wpcf7\" id=\"wpcf7-f399-o1\" lang=\"vi\" dir=\"ltr\">\n<div class=\"screen-reader-response\"><p role=\"status\" aria-live=\"polite\" aria-atomic=\"true\"><\/p> <ul><\/ul><\/div>\n<form action=\"\/w\/noithat3\/wp-json\/wp\/v2\/pages\/70#wpcf7-f399-o1\" method=\"post\" class=\"wpcf7-form init\" novalidate=\"novalidate\" data-status=\"init\">\n<div style=\"display: none;\">\n<input type=\"hidden\" name=\"_wpcf7\" value=\"399\" \/>\n<input type=\"hidden\" name=\"_wpcf7_version\" value=\"5.3\" \/>\n<input type=\"hidden\" name=\"_wpcf7_locale\" value=\"vi\" \/>\n<input type=\"hidden\" name=\"_wpcf7_unit_tag\" value=\"wpcf7-f399-o1\" \/>\n<input type=\"hidden\" name=\"_wpcf7_container_post\" value=\"0\" \/>\n<input type=\"hidden\" name=\"_wpcf7_posted_data_hash\" value=\"\" \/>\n<\/div>\n<p><span class=\"wpcf7-form-control-wrap text-877\"><input type=\"text\" name=\"text-877\" value=\"\" size=\"40\" class=\"wpcf7-form-control wpcf7-text wpcf7-validates-as-required\" aria-required=\"true\" aria-invalid=\"false\" placeholder=\"T\u00ean c\u1ee7a b\u1ea1n\" \/><\/span><br \/>\n<span class=\"wpcf7-form-control-wrap email-430\"><input type=\"email\" name=\"email-430\" value=\"\" size=\"40\" class=\"wpcf7-form-control wpcf7-text wpcf7-email wpcf7-validates-as-required wpcf7-validates-as-email\" aria-required=\"true\" aria-invalid=\"false\" placeholder=\"Email c\u1ee7a b\u1ea1n...\" \/><\/span><br \/>\n<span class=\"wpcf7-form-control-wrap tel-785\"><input type=\"tel\" name=\"tel-785\" value=\"\" size=\"40\" class=\"wpcf7-form-control wpcf7-text wpcf7-tel wpcf7-validates-as-required wpcf7-validates-as-tel\" aria-required=\"true\" aria-invalid=\"false\" placeholder=\"S\u1ed1 \u0111i\u1ec7n tho\u1ea1i..\" \/><\/span><br \/>\n<span class=\"wpcf7-form-control-wrap text-875\"><input type=\"text\" name=\"text-875\" value=\"\" size=\"40\" class=\"wpcf7-form-control wpcf7-text wpcf7-validates-as-required\" aria-required=\"true\" aria-invalid=\"false\" placeholder=\"Ti\u00eau \u0111\u1ec1 li\u00ean h\u1ec7\" \/><\/span><br \/>\n<span class=\"wpcf7-form-control-wrap textarea-637\"><textarea name=\"textarea-637\" cols=\"40\" rows=\"10\" class=\"wpcf7-form-control wpcf7-textarea wpcf7-validates-as-required\" aria-required=\"true\" aria-invalid=\"false\" placeholder=\"N\u1ed9i dung c\u1ea7n li\u00ean h\u1ec7\"><\/textarea><\/span><br \/>\n<input type=\"submit\" value=\"G\u1eedi li\u00ean h\u1ec7\" class=\"wpcf7-form-control wpcf7-submit\" \/><\/p>\n<div class=\"wpcf7-response-output\" aria-hidden=\"true\"><\/div><\/form><\/div>\n\t\t<\/div>\n\t\t\t<\/div>\n\n\t\n<\/div>\n<p><iframe style=\"border: 0;\" src=\"https:\/\/www.google.com\/maps\/embed?pb=!1m18!1m12!1m3!1d3725.176207435059!2d105.79311171432775!3d20.985572644628526!2m3!1f0!2f0!3f0!3m2!1i1024!2i768!4f13.1!3m3!1m2!1s0x3135acc60eedcf1b%3A0x3ffac4b020db073b!2zTMawxqFuZyBOZ-G7jWMgUXV54bq_biwgVsSDbiBRdcOhbiwgSMOgIMSQw7RuZywgSMOgIE7hu5lpLCBWaeG7h3QgTmFt!5e0!3m2!1svi!2s!4v1516943063206\" width=\"100%\" height=\"350\" frameborder=\"0\" allowfullscreen=\"allowfullscreen\"><\/iframe><\/p>\n","protected":false},"excerpt":{"rendered":"","protected":false},"author":1,"featured_media":0,"parent":0,"menu_order":0,"comment_status":"closed","ping_status":"closed","template":"page-blank.php","meta":[],"_links":{"self":[{"href":"https:\/\/webmaibinh.com\/w\/noithat3\/wp-json\/wp\/v2\/pages\/70"}],"collection":[{"href":"https:\/\/webmaibinh.com\/w\/noithat3\/wp-json\/wp\/v2\/pages"}],"about":[{"href":"https:\/\/webmaibinh.com\/w\/noithat3\/wp-json\/wp\/v2\/types\/page"}],"author":[{"embeddable":true,"href":"https:\/\/webmaibinh.com\/w\/noithat3\/wp-json\/wp\/v2\/users\/1"}],"replies":[{"embeddable":true,"href":"https:\/\/webmaibinh.com\/w\/noithat3\/wp-json\/wp\/v2\/comments?post=70"}],"version-history":[{"count":14,"href":"https:\/\/webmaibinh.com\/w\/noithat3\/wp-json\/wp\/v2\/pages\/70\/revisions"}],"predecessor-version":[{"id":402,"href":"https:\/\/webmaibinh.com\/w\/noithat3\/wp-json\/wp\/v2\/pages\/70\/revisions\/402"}],"wp:attachment":[{"href":"https:\/\/webmaibinh.com\/w\/noithat3\/wp-json\/wp\/v2\/media?parent=70"}],"curies":[{"name":"wp","href":"https:\/\/api.w.org\/{rel}","templated":true}]}}