{"id":66,"date":"2018-01-26T01:25:18","date_gmt":"2018-01-25T18:25:18","guid":{"rendered":"https:\/\/bizhostvn.com\/w\/noithat3\/?page_id=66"},"modified":"2018-01-26T11:58:47","modified_gmt":"2018-01-26T04:58:47","slug":"gioi-thieu","status":"publish","type":"page","link":"https:\/\/webmaibinh.com\/w\/noithat3\/gioi-thieu\/","title":{"rendered":"Gi\u1edbi thi\u1ec7u"},"content":{"rendered":"\t<div class=\"img has-hover x md-x lg-x y md-y lg-y\" id=\"image_183106968\">\n\t\t\t\t\t\t\t\t<div class=\"img-inner image-cover dark\" style=\"padding-top:20%;\">\n\t\t\t<img width=\"1600\" height=\"591\" src=\"https:\/\/webmaibinh.com\/w\/noithat3\/wp-content\/uploads\/2018\/01\/2.jpg\" class=\"attachment-original size-original\" alt=\"\" loading=\"lazy\" srcset=\"https:\/\/webmaibinh.com\/w\/noithat3\/wp-content\/uploads\/2018\/01\/2.jpg 1600w, https:\/\/webmaibinh.com\/w\/noithat3\/wp-content\/uploads\/2018\/01\/2-300x111.jpg 300w, https:\/\/webmaibinh.com\/w\/noithat3\/wp-content\/uploads\/2018\/01\/2-768x284.jpg 768w, https:\/\/webmaibinh.com\/w\/noithat3\/wp-content\/uploads\/2018\/01\/2-1024x378.jpg 1024w\" sizes=\"(max-width: 1600px) 100vw, 1600px\" \/>\t\t\t\t\t\t\n\t\t\t\t\t<\/div>\n\t\t\t\t\t\t\t\t\n<style>\n#image_183106968 {\n  width: 100%;\n}\n<\/style>\n\t<\/div>\n\t\n\t<div id=\"gap-359791325\" class=\"gap-element clearfix\" style=\"display:block; height:auto;\">\n\t\t\n<style>\n#gap-359791325 {\n  padding-top: 30px;\n}\n<\/style>\n\t<\/div>\n\t\n<div class=\"row row-small\"  id=\"row-1459220663\">\n\n\t<div id=\"col-1219593708\" class=\"col small-12 large-12\"  >\n\t\t<div class=\"col-inner\"  >\n\t\t\t\n\t\t\t\n<h3 style=\"text-align: center;\"><span style=\"font-size: 120%; color: #ff6600;\">GI\u1edaI THI\u1ec6U<\/span><\/h3>\n<p><img loading=\"lazy\" class=\"aligncenter wp-image-109\" src=\"https:\/\/bizhostvn.com\/w\/noithat3\/wp-content\/uploads\/2018\/01\/line.png\" alt=\"\" width=\"70\" height=\"5\" \/><\/p>\n<p>Thietkenhahanghanoi\u00a0l\u00e0 c\u00f4ng ty thi\u1ebft k\u1ebf thi c\u00f4ng n\u1ed9i th\u1ea5t nh\u00e0 h\u00e0ng chuy\u00ean nghi\u1ec7p uy t\u00edn h\u00e0ng \u0111\u1ea7u t\u1ea1i H\u00e0 N\u1ed9i. v\u1edbi ph\u01b0\u01a1ng ch\u00e2m 4s \u201cs\u00e1ng, sang, s\u00e0nh, sung\u201d \u0111em h\u01a1i h\u01b0\u1edbng m\u1edbi cho kh\u00f4ng gian n\u1ed9i th\u1ea5t c\u1ee7a b\u1ea1n\u00a0.\u0110\u1ebfn v\u1edbi c\u00f4ng ty ch\u00fang t\u00f4i, b\u1ea1n s\u1ebd c\u1ea3m th\u1ea5y th\u1eadt s\u1ef1 h\u00e0i l\u00f2ng khi \u0111\u01b0\u1ee3c ph\u1ee5c v\u1ee5 b\u1edfi \u0111\u1ed9i ng\u0169 Ki\u1ebfn tr\u00fac s\u01b0 gi\u00e0u kinh nghi\u1ec7m trong l\u0129nh v\u1ef1c t\u01b0 v\u1ea5n thi\u1ebft k\u1ebf Ki\u1ebfn tr\u00fac,\u00a0thi\u1ebft k\u1ebf n\u1ed9i th\u1ea5t v\u00e0 thi c\u00f4ng n\u1ed9i ngo\u1ea1i th\u1ea5t nh\u00e0 h\u00e0ng chuy\u00ean nghi\u1ec7p v\u1edbi c\u00e1c c\u00f4ng tr\u00ecnh v\u1ec1 phong c\u00e1ch nh\u01b0 nh\u00e0 h\u00e0ng Nh\u1eadt B\u1ea3n, H\u00e0n Qu\u1ed1c, Phong c\u00e1ch Ch\u00e2u \u00c2u, Trung Qu\u1ed1c; C\u00f4ng tr\u00ecnh theo m\u00f3n \u0103n nh\u01b0 nh\u00e0 h\u00e0ng n\u01b0\u1edbng, l\u1ea9u b\u0103ng chuy\u1ec1n, BBQ, Buffet, Shushi, Cafe\u2026 v\u00e0 l\u1ed1i thi\u1ebft k\u1ebf thi c\u00f4ng nh\u00e0 h\u00e0ng sang tr\u1ecdng chuy\u00ean nghi\u1ec7p\u2026 N\u1ed5i tr\u1ed9i h\u01a1n c\u1ea3 \u00a0thi\u1ebft k\u1ebf nh\u00e0 h\u00e0ng \u0103n u\u1ed1ng , thi\u1ebft k\u1ebf nh\u00e0 h\u00e0ng Nh\u1eadt B\u1ea3n, Thi\u1ebft k\u1ebf nh\u00e0 h\u00e0ng H\u00e0n Qu\u1ed1c v\u00e0 thi\u1ebft k\u1ebf nh\u00e0 h\u00e0ng sang tr\u1ecdng.<\/p>\n<h3 class=\"w-iconbox-title\"><span style=\"color: #ff6600;\">\u0110\u1ed9i ng\u0169 thi\u1ebft k\u1ebf thi c\u00f4ng chuy\u00ean nghi\u1ec7p<\/span><\/h3>\n<div class=\"w-iconbox-text\">Ardeco v\u1edbi s\u1ef1 c\u1ed1ng hi\u1ebfn c\u1ee7a to\u00e0n th\u1ec3 t\u1eadp th\u1ec3 \u0111\u1ed9i ng\u0169 Ki\u1ebfn tr\u00fac s\u01b0 v\u00e0 k\u1ef9 s\u01b0 chuy\u00ean nghi\u1ec7p v\u00f4 c\u00f9ng n\u0103ng \u0111\u1ed9ng v\u00e0 s\u00e1ng t\u1ea1o . Ch\u00fang t\u00f4i kh\u00f4ng ch\u1ec9 thi\u1ebft k\u1ebf v\u00e0 thi c\u00f4ng nh\u00e0 h\u00e0ng\u00a0c\u1ee7a b\u1ea1n m\u00e0 ch\u00fang t\u00f4i c\u00f2n t\u01b0 v\u1ea5n cho b\u1ea1n nh\u1eefng ki\u1ebfn th\u1ee9c chuy\u00ean nghi\u1ec7p nh\u1ea5t cho nh\u00e0 h\u00e0ng c\u1ee7a b\u1ea1n tr\u1edf n\u00ean l\u00f4i cu\u1ed1n v\u00e0 thu h\u00fat h\u01a1n r\u1ea5t nhi\u1ec1u v\u1edbi ki\u1ebfn th\u1ee9c chuy\u00ean m\u00f4n c\u1ee7a ch\u00fang t\u00f4i.<\/div>\n<div class=\"w-iconbox-text\">\n<h3 class=\"w-iconbox-title\"><span style=\"color: #ff6600;\">Thi\u1ebft k\u1ebf s\u00e1ng t\u1ea1o<\/span><\/h3>\n<div class=\"w-iconbox-text\">Ardeco s\u1edf h\u1eefu 100% nh\u1eefng chuy\u00ean gia t\u01b0 v\u1ea5n thi\u1ebft k\u1ebf nh\u00e0 h\u00e0ng v\u00f4 c\u00f9ng tr\u1ebb tu\u1ed5i \u0111\u1ea7y n\u0103ng \u0111\u1ed9ng v\u00e0 s\u00e1ng t\u1ea1o. Ch\u00fang t\u00f4i lu\u00f4n t\u1ef1 h\u00e0o l\u00e0 \u0111\u01a1n v\u1ecb tr\u1ebb ti\u00ean phong trong l\u0129nh v\u1ef1c nh\u00e0 h\u00e0ng v\u1edbi nh\u1eefng phong c\u00e1ch thi\u1ebft k\u1ebf \u0111\u1eb7c bi\u1ec7t \u1ea5n t\u01b0\u1ee3ng v\u00e0 m\u1edbi m\u1ebb<\/div>\n<div class=\"w-iconbox-text\">\n<h3 class=\"w-iconbox-title\"><span style=\"color: #ff6600;\">Gi\u00e1 c\u1ea3 v\u00f4 c\u00f9ng h\u1ee3p l\u00fd<\/span><\/h3>\n<div class=\"w-iconbox-text\">Kh\u00f4ng ch\u1ec9 mang \u0111\u1ebfn cho b\u1ea1n nh\u1eefng nh\u00e0 h\u00e0ng \u0111\u1eb9p nhanh ch\u00f3ng m\u00e0 ch\u00fang t\u00f4i c\u00f2n gi\u00fap b\u1ea1n ti\u1ebft ki\u1ec7m m\u1ed9t kho\u1ea3n chi ph\u00ed kh\u00e1 l\u1edbn \u0111\u1ebfn t\u1eeb t\u01b0 v\u1ea5n thi\u1ebft k\u1ebf nh\u00e0 h\u00e0ng. \u0110\u1ebfn v\u1edbi ch\u00fang t\u00f4i , b\u1ea1n s\u1ebd nh\u1eadn \u0111\u01b0\u1ee3c nh\u1eefng \u01b0u \u0111\u00e3i v\u00f4 c\u00f9ng h\u1ea5p d\u1eabn khi b\u1ea1n s\u1eed d\u1ee5ng d\u1ecbch v\u1ee5 c\u1ee7a ch\u00fang t\u00f4i v\u1edbi b\u00e1o gi\u00e1 thi\u1ebft n\u1ed9i th\u1ea5t nh\u00e0 h\u00e0ng c\u1ef1c \u1ea5n t\u01b0\u1ee3ng<\/div>\n<div class=\"w-iconbox-text\">\n<h3 class=\"w-iconbox-title\"><span style=\"color: #ff6600;\">Ho\u00e0n th\u00e0nh c\u00f4ng tr\u00ecnh v\u01b0\u1ee3t ti\u1ebfn \u0111\u1ed9<\/span><\/h3>\n<div class=\"w-iconbox-text\">Ch\u00fang t\u00f4i lu\u00f4n lu\u00f4n c\u1ed1 g\u1eafng ho\u00e0n th\u00e0nh d\u1ef1 \u00e1n m\u1ed9t c\u00e1ch nhanh nh\u1ea5t , chuy\u00ean nghi\u1ec7p nh\u1ea5t v\u00e0 ti\u1ebft ki\u1ec7m chi ph\u00ed \u201d th\u1eddi gian\u201d cho b\u1ea1n . V\u1edbi \u0111\u1ed9i ng\u0169 ki\u1ebfn tr\u00fac s\u01b0 thi\u1ebft k\u1ebf v\u00e0 k\u1ef9 s\u01b0 thi c\u00f4ng n\u1ed9i th\u1ea5t nh\u00e0 h\u00e0ng chuy\u00ean nghi\u1ec7p, ch\u00fang t\u00f4i cam k\u1ebft ti\u1ebfn \u0111\u1ed9 ho\u00e0n th\u00e0nh v\u01b0\u1ee3t qua ch\u1ec9 ti\u00eau \u0111\u1ec1 ra.<\/div>\n<div class=\"w-iconbox-text\">\n<h3><span style=\"color: #ff6600;\"><strong>C\u00e1c b\u01b0\u1edbc\u00a0thi\u1ebft\u00a0k\u1ebf thi c\u00f4ng \u00a0nh\u00e0 h\u00e0ng kh\u00e1ch s\u1ea1n \u00a0theo y\u00eau c\u1ea7u chuy\u00ean nghi\u1ec7p\u00a0th\u01b0\u1eddng s\u1eed d\u1ee5ng<\/strong><\/span><\/h3>\n<p>\u2013 Ti\u1ec1m hi\u1ec3u \u00a0nhu c\u1ea7u, \u00fd t\u01b0\u1edfng \u00a0kh\u00e1ch h\u00e0ng v\u00e0 kh\u1ea3o s\u00e1t m\u1eb7t b\u1eb1ng \u0111\u1ec3\u00a0b\u1ed1 tr\u00ed thi\u1ebft k\u1ebf\u00a0 v\u00e0 trang\u00a0 tr\u00ed\u00a0 nh\u00e0 h\u00e0ng.<\/p>\n<p>\u2013 V\u1ebd b\u1ea3n v\u1ebd 2D v\u00e0 tr\u00ecnh b\u00e0y b\u1ea3n v\u1ebd k\u1ef9 thu\u1eadt<\/p>\n<p>\u2013 L\u00ean ng\u00e2n s\u00e1ch d\u1ef1 to\u00e1n v\u00e0 \u00a0d\u1ef1 tr\u00f9\u00a0chi ph\u00ed\u00a0thi\u1ebft k\u1ebf v\u00e0 thi c\u00f4ng nh\u00e0 h\u00e0ng<\/p>\n<p>\u2013 \u00a0V\u1ebd ph\u1ed1i c\u1ea3nh 3D, m\u1eb7t c\u1eaft 3D d\u1ef1 \u00e1n v\u00e0 tr\u00ecnh\u00a0 ch\u1ee7 nh\u00e0 h\u00e0ng ph\u00ea duy\u1ec7t<\/p>\n<p>\u2013 Duy\u1ec7t m\u1eabu v\u00e0 k\u00fd k\u1ebft h\u1ee3p \u0111\u1ed3ng.<\/p>\n<p>\u2013\u00a0\u00a0Thi\u1ebft k\u1ebf thi c\u00f4ng nh\u00e0 h\u00e0ng kh\u00e1ch s\u1ea1n\u00a0theo y\u00eau c\u1ea7u\u00a0\u00a0nh\u1eefng b\u1ea3n v\u1ebd chi ti\u1ebft<\/p>\n<p>\u2013 Thi c\u00f4ng theo b\u1ea3n v\u1ebd thi\u1ebft k\u1ebf c\u1ee7a ch\u1ee7 \u0111\u1ea7u t\u01b0 v\u00e0 b\u00e1m s\u00e1t \u0111\u01a1n v\u1ecb thi\u1ebft k\u1ebf<\/p>\n<\/div>\n<\/div>\n<\/div>\n<\/div>\n\t\t<\/div>\n\t\t\t<\/div>\n\n\t\n<\/div>\n","protected":false},"excerpt":{"rendered":"","protected":false},"author":1,"featured_media":0,"parent":0,"menu_order":0,"comment_status":"closed","ping_status":"closed","template":"page-blank.php","meta":[],"_links":{"self":[{"href":"https:\/\/webmaibinh.com\/w\/noithat3\/wp-json\/wp\/v2\/pages\/66"}],"collection":[{"href":"https:\/\/webmaibinh.com\/w\/noithat3\/wp-json\/wp\/v2\/pages"}],"about":[{"href":"https:\/\/webmaibinh.com\/w\/noithat3\/wp-json\/wp\/v2\/types\/page"}],"author":[{"embeddable":true,"href":"https:\/\/webmaibinh.com\/w\/noithat3\/wp-json\/wp\/v2\/users\/1"}],"replies":[{"embeddable":true,"href":"https:\/\/webmaibinh.com\/w\/noithat3\/wp-json\/wp\/v2\/comments?post=66"}],"version-history":[{"count":9,"href":"https:\/\/webmaibinh.com\/w\/noithat3\/wp-json\/wp\/v2\/pages\/66\/revisions"}],"predecessor-version":[{"id":388,"href":"https:\/\/webmaibinh.com\/w\/noithat3\/wp-json\/wp\/v2\/pages\/66\/revisions\/388"}],"wp:attachment":[{"href":"https:\/\/webmaibinh.com\/w\/noithat3\/wp-json\/wp\/v2\/media?parent=66"}],"curies":[{"name":"wp","href":"https:\/\/api.w.org\/{rel}","templated":true}]}}