{"id":91,"date":"2017-07-24T03:49:27","date_gmt":"2017-07-24T03:49:27","guid":{"rendered":"https:\/\/noithat.khowebseotop.vn\/?post_type=product&#038;p=91"},"modified":"2017-07-25T06:30:23","modified_gmt":"2017-07-25T06:30:23","slug":"giuong-ngu-go-tu-nhien-gn01","status":"publish","type":"product","link":"https:\/\/webmaibinh.com\/w\/noithat2011\/san-pham\/giuong-ngu-go-tu-nhien-gn01\/","title":{"rendered":"Gi\u01b0\u1eddng ng\u1ee7 g\u1ed7 t\u1ef1 nhi\u00ean GN01"},"content":{"rendered":"<p>M\u1ed9c ngh\u1ec7 thu\u1eadt\u00a0xin gi\u1edbi thi\u1ec7u c\u00e1c m\u1eabu\u00a0gi\u01b0\u1eddng ng\u1ee7 g\u1ed7 c\u00f4ng nghi\u1ec7p \u0111\u01b0\u1ee3c thi\u1ebft k\u1ebf ch\u1eafc ch\u1eafn v\u1edbi ch\u00e2n gi\u01b0\u1eddng \u0111\u1ed9c \u0111\u00e1o. Ch\u00e2n gi\u01b0\u1eddng l\u00e0 ch\u00e2n ngang, ch\u1ec9 hai ch\u00e2n ch\u1ea1y d\u1ecdc chi\u1ec1u ngang c\u1ee7a gi\u01b0\u1eddng.Qu\u00fd kh\u00e1ch h\u00e0ng c\u00f3 nhu c\u1ea7u thi\u1ebft k\u1ebf gi\u01b0\u1eddng ng\u1ee7 h\u00e3y li\u00ean h\u1ec7 v\u1edbi ch\u00fang t\u00f4i \u0111\u1ec3 nh\u1eadn \u0111\u01b0\u1ee3c nh\u1eefng t\u01b0 v\u1ea5n t\u1ed1t nh\u1ea5t<\/p>\n<figure id=\"attachment_92\" aria-describedby=\"caption-attachment-92\" style=\"width: 601px\" class=\"wp-caption aligncenter\"><img loading=\"lazy\" class=\"size-medium wp-image-92\" src=\"\/wp-content\/uploads\/2017\/07\/giuong-ngu-go-oc-cho-26-601x400.jpg\" alt=\"\" width=\"601\" height=\"400\" srcset=\"https:\/\/webmaibinh.com\/w\/noithat2011\/wp-content\/uploads\/2017\/07\/giuong-ngu-go-oc-cho-26-601x400.jpg 601w, https:\/\/webmaibinh.com\/w\/noithat2011\/wp-content\/uploads\/2017\/07\/giuong-ngu-go-oc-cho-26-510x340.jpg 510w, https:\/\/webmaibinh.com\/w\/noithat2011\/wp-content\/uploads\/2017\/07\/giuong-ngu-go-oc-cho-26-768x511.jpg 768w, https:\/\/webmaibinh.com\/w\/noithat2011\/wp-content\/uploads\/2017\/07\/giuong-ngu-go-oc-cho-26.jpg 850w\" sizes=\"(max-width: 601px) 100vw, 601px\" \/><figcaption id=\"caption-attachment-92\" class=\"wp-caption-text\">gi\u01b0\u1eddng ng\u1ee7 l\u00f4i cu\u1ed1n v\u00e0 hi\u1ec7n \u0111\u1ea1i<\/figcaption><\/figure>\n","protected":false},"excerpt":{"rendered":"<p>M\u1ed9c ngh\u1ec7 thu\u1eadt\u00a0xin gi\u1edbi thi\u1ec7u c\u00e1c m\u1eabu\u00a0gi\u01b0\u1eddng ng\u1ee7 g\u1ed7 c\u00f4ng nghi\u1ec7p \u0111\u01b0\u1ee3c thi\u1ebft k\u1ebf ch\u1eafc ch\u1eafn v\u1edbi ch\u00e2n gi\u01b0\u1eddng \u0111\u1ed9c \u0111\u00e1o. Ch\u00e2n gi\u01b0\u1eddng l\u00e0 ch\u00e2n ngang, ch\u1ec9 hai ch\u00e2n ch\u1ea1y d\u1ecdc chi\u1ec1u ngang c\u1ee7a gi\u01b0\u1eddng.Qu\u00fd kh\u00e1ch h\u00e0ng c\u00f3 nhu c\u1ea7u thi\u1ebft k\u1ebf gi\u01b0\u1eddng ng\u1ee7 h\u00e3y li\u00ean h\u1ec7 v\u1edbi ch\u00fang t\u00f4i \u0111\u1ec3 nh\u1eadn \u0111\u01b0\u1ee3c nh\u1eefng t\u01b0 [&#8230;]\n","protected":false},"featured_media":93,"comment_status":"open","ping_status":"closed","template":"","meta":[],"_links":{"self":[{"href":"https:\/\/webmaibinh.com\/w\/noithat2011\/wp-json\/wp\/v2\/product\/91"}],"collection":[{"href":"https:\/\/webmaibinh.com\/w\/noithat2011\/wp-json\/wp\/v2\/product"}],"about":[{"href":"https:\/\/webmaibinh.com\/w\/noithat2011\/wp-json\/wp\/v2\/types\/product"}],"replies":[{"embeddable":true,"href":"https:\/\/webmaibinh.com\/w\/noithat2011\/wp-json\/wp\/v2\/comments?post=91"}],"wp:featuredmedia":[{"embeddable":true,"href":"https:\/\/webmaibinh.com\/w\/noithat2011\/wp-json\/wp\/v2\/media\/93"}],"wp:attachment":[{"href":"https:\/\/webmaibinh.com\/w\/noithat2011\/wp-json\/wp\/v2\/media?parent=91"}],"curies":[{"name":"wp","href":"https:\/\/api.w.org\/{rel}","templated":true}]}}