{"id":89,"date":"2017-07-24T03:42:29","date_gmt":"2017-07-24T03:42:29","guid":{"rendered":"https:\/\/noithat.khowebseotop.vn\/?post_type=product&#038;p=89"},"modified":"2017-07-24T03:42:30","modified_gmt":"2017-07-24T03:42:30","slug":"ke-tivi-ktv-02","status":"publish","type":"product","link":"https:\/\/webmaibinh.com\/w\/noithat2011\/san-pham\/ke-tivi-ktv-02\/","title":{"rendered":"K\u1ec7 tivi KTV 02"},"content":{"rendered":"<p>K\u1ec7 tivi K02\u00a0l\u00e0 k\u1ec7 tivi \u0111\u01b0\u1ee3c thi\u1ebft k\u1ebf v\u1edbi phong c\u00e1ch hi\u1ec7n \u0111\u1ea1i, sang tr\u1ecdng. \u0110\u01b0\u1ee3c thi\u1ebft k\u1ebf v\u1edbi ki\u1ec3u d\u00e1ng \u0111\u1ed9c \u0111\u00e1o, m\u1edbi l\u1ea1 s\u1ebd gi\u00fap t\u1ea1o \u0111i\u1ec3m nh\u1ea5n cho kh\u00f4ng gian ph\u00f2ng kh\u00e1ch c\u1ee7a b\u1ea1n. L\u00e0 s\u1ef1 k\u1ebft h\u1ee3p gi\u1eefa k\u1ec7 tivi\u00a0v\u00e0 k\u1ec7 trang tr\u00ed s\u1ebd gi\u00fap to\u00e1t l\u00ean \u0111\u01b0\u1ee3c c\u00e1 t\u00ednh c\u1ee7a b\u1ea1n.<\/p>\n<p><img loading=\"lazy\" class=\"aligncenter wp-image-90 size-full\" src=\"\/wp-content\/uploads\/2017\/07\/mau-07.jpg\" alt=\"\" width=\"650\" height=\"650\" srcset=\"https:\/\/webmaibinh.com\/w\/noithat2011\/wp-content\/uploads\/2017\/07\/mau-07.jpg 650w, https:\/\/webmaibinh.com\/w\/noithat2011\/wp-content\/uploads\/2017\/07\/mau-07-100x100.jpg 100w, https:\/\/webmaibinh.com\/w\/noithat2011\/wp-content\/uploads\/2017\/07\/mau-07-510x510.jpg 510w, https:\/\/webmaibinh.com\/w\/noithat2011\/wp-content\/uploads\/2017\/07\/mau-07-280x280.jpg 280w, https:\/\/webmaibinh.com\/w\/noithat2011\/wp-content\/uploads\/2017\/07\/mau-07-400x400.jpg 400w\" sizes=\"(max-width: 650px) 100vw, 650px\" \/><\/p>\n","protected":false},"excerpt":{"rendered":"<p>K\u1ec7 tivi K02\u00a0l\u00e0 k\u1ec7 tivi \u0111\u01b0\u1ee3c thi\u1ebft k\u1ebf v\u1edbi phong c\u00e1ch hi\u1ec7n \u0111\u1ea1i, sang tr\u1ecdng. \u0110\u01b0\u1ee3c thi\u1ebft k\u1ebf v\u1edbi ki\u1ec3u d\u00e1ng \u0111\u1ed9c \u0111\u00e1o, m\u1edbi l\u1ea1 s\u1ebd gi\u00fap t\u1ea1o \u0111i\u1ec3m nh\u1ea5n cho kh\u00f4ng gian ph\u00f2ng kh\u00e1ch c\u1ee7a b\u1ea1n. L\u00e0 s\u1ef1 k\u1ebft h\u1ee3p gi\u1eefa k\u1ec7 tivi\u00a0v\u00e0 k\u1ec7 trang tr\u00ed s\u1ebd gi\u00fap to\u00e1t l\u00ean \u0111\u01b0\u1ee3c c\u00e1 t\u00ednh c\u1ee7a [&#8230;]\n","protected":false},"featured_media":90,"comment_status":"open","ping_status":"closed","template":"","meta":[],"_links":{"self":[{"href":"https:\/\/webmaibinh.com\/w\/noithat2011\/wp-json\/wp\/v2\/product\/89"}],"collection":[{"href":"https:\/\/webmaibinh.com\/w\/noithat2011\/wp-json\/wp\/v2\/product"}],"about":[{"href":"https:\/\/webmaibinh.com\/w\/noithat2011\/wp-json\/wp\/v2\/types\/product"}],"replies":[{"embeddable":true,"href":"https:\/\/webmaibinh.com\/w\/noithat2011\/wp-json\/wp\/v2\/comments?post=89"}],"wp:featuredmedia":[{"embeddable":true,"href":"https:\/\/webmaibinh.com\/w\/noithat2011\/wp-json\/wp\/v2\/media\/90"}],"wp:attachment":[{"href":"https:\/\/webmaibinh.com\/w\/noithat2011\/wp-json\/wp\/v2\/media?parent=89"}],"curies":[{"name":"wp","href":"https:\/\/api.w.org\/{rel}","templated":true}]}}