{"id":84,"date":"2017-07-24T03:32:08","date_gmt":"2017-07-24T03:32:08","guid":{"rendered":"https:\/\/noithat.khowebseotop.vn\/?post_type=product&#038;p=84"},"modified":"2017-07-24T03:32:09","modified_gmt":"2017-07-24T03:32:09","slug":"ke-tivi-ktv-01","status":"publish","type":"product","link":"https:\/\/webmaibinh.com\/w\/noithat2011\/san-pham\/ke-tivi-ktv-01\/","title":{"rendered":"K\u1ec7 tivi KTV 01"},"content":{"rendered":"<p>K\u1ec7 tivi K01 \u0111\u01b0\u1ee3c thi\u1ebft k\u1ebf theo ki\u1ec3u hi\u1ec7n \u0111\u1ea1i, ph\u00f9 h\u1ee3p v\u1edbi m\u1ecdi kh\u00f4ng gian ph\u00f2ng kh\u00e1ch. C\u00e1c b\u1ea1n c\u00f3 th\u1ec3 l\u1ef1a ch\u1ecdn m\u1eabu thi\u1ebft k\u1ebf k\u1ec7 tivi nh\u00e0 m\u00ecnh gi\u1ed1ng nh\u01b0 k\u1ec7 tivi KTV01 n\u00e0y c\u1ee7a ch\u00fang\u00a0 t\u00f4i, c\u00f2n v\u1ec1 k\u00edch th\u01b0\u1edbc sao cho ph\u00f9 h\u1ee3p v\u1edbi kh\u00f4ng gian ph\u00f2ng kh\u00e1ch nh\u00e0 b\u1ea1n, s\u1ebd \u0111\u01b0\u1ee3c c\u00e1c KTS c\u1ee7a c\u00f4ng ty t\u00ednh to\u00e1n v\u00e0 t\u01b0 v\u1ea5n. KTV01 \u0111\u01b0\u1ee3c thi\u1ebft k\u1ebf g\u1ed3m 1 n\u01a1i \u0111\u1ec3 \u0111\u1eb7t tivi v\u00e0 c\u00e1c \u0111\u1ed3 c\u00f4ng ngh\u1ec7 kh\u00e1c nh\u01b0 \u0111\u1ea7u m\u00e1y, b\u0103ng \u0111\u0129a, loa,\u2026 m\u1ed9t k\u1ec7 tr\u00ean \u0111\u1ec3 \u0111\u1eb7t nh\u1eefng \u0111\u1ed3 l\u01b0u ni\u1ec7m nh\u01b0 \u1ea3nh hay c\u00e1c \u0111\u1ed3 d\u00f9ng trang tr\u00ed; b\u00ean c\u1ea1nh \u0111\u00f3 ph\u00e1i m\u1ea1nh c\u00f2n c\u00f3 cho m\u00ecnh c\u1ea3 m\u1ed9t t\u1ee7 r\u01b0\u1ee3u\u00a0 \u0111\u1ec3 gia ch\u1ee7 c\u00f3 th\u1ec3 tr\u01b0ng b\u00e0y nh\u1eefng nh\u00e3n hi\u1ec7u r\u01b0\u1ee3u qu\u00fd m\u00e0 m\u00ecnh c\u00f3, v\u1eeba gi\u00fap d\u1ec5 d\u00e0ng trong vi\u1ec7c s\u1eed d\u1ee5ng ch\u00fang \u0111\u1ec3 ti\u1ebfp nh\u1eefng v\u1ecb kh\u00e1ch qu\u00fd c\u1ee7a m\u00ecnh, v\u1eeba gi\u00fap th\u1ec3 hi\u1ec7n \u0111\u1eb3ng c\u1ea5p c\u1ee7a gia ch\u1ee7.<\/p>\n<p><img loading=\"lazy\" class=\"aligncenter wp-image-88 size-full\" src=\"\/wp-content\/uploads\/2017\/07\/mau603.jpg\" alt=\"\" width=\"825\" height=\"825\" srcset=\"https:\/\/webmaibinh.com\/w\/noithat2011\/wp-content\/uploads\/2017\/07\/mau603.jpg 825w, https:\/\/webmaibinh.com\/w\/noithat2011\/wp-content\/uploads\/2017\/07\/mau603-100x100.jpg 100w, https:\/\/webmaibinh.com\/w\/noithat2011\/wp-content\/uploads\/2017\/07\/mau603-510x510.jpg 510w, https:\/\/webmaibinh.com\/w\/noithat2011\/wp-content\/uploads\/2017\/07\/mau603-280x280.jpg 280w, https:\/\/webmaibinh.com\/w\/noithat2011\/wp-content\/uploads\/2017\/07\/mau603-400x400.jpg 400w, https:\/\/webmaibinh.com\/w\/noithat2011\/wp-content\/uploads\/2017\/07\/mau603-768x768.jpg 768w, https:\/\/webmaibinh.com\/w\/noithat2011\/wp-content\/uploads\/2017\/07\/mau603-800x800.jpg 800w\" sizes=\"(max-width: 825px) 100vw, 825px\" \/><\/p>\n<p>Ph\u00f2ng kh\u00e1ch c\u1ee7a nh\u00e0 b\u1ea1n s\u1ebd th\u1eadt sang tr\u1ecdng v\u00e0 hi\u1ec7n \u0111\u1ea1i n\u1ebfu c\u00f3 s\u1ef1 g\u00f3p m\u1eb7t c\u1ee7a k\u1ec7 tivi KTV01. Kh\u00f4ng ph\u1ea3i ng\u1eabu nhi\u00ean m\u00e0 ch\u00fang t\u00f4i n\u00f3i nh\u01b0 v\u1eady, m\u00e0 b\u1edfi v\u00ec k\u1ec7 tivi KTV01\u00a0mang trong m\u00ecnh s\u1ee9 m\u1ec7nh \u0111\u00f3. N\u00f3 l\u00e0 s\u1ef1 k\u1ebft h\u1ee3p c\u1ee7a k\u1ec7 tivi v\u00e0 t\u1ee7 r\u01b0\u1ee3u v\u00e0 c\u1ea3 k\u1ec7 \u0111\u1ef1ng \u0111\u1ed3. M\u1ed9t s\u1ea3n ph\u1ea9m c\u00f3 qu\u00e1 nhi\u1ec1u \u01b0u \u0111i\u1ec3m th\u00ec kh\u00f4ng c\u00f3 l\u00ed do g\u00ec \u0111\u1ec3 b\u1ea1n t\u1eeb ch\u1ed1i ph\u1ea3i kh\u00f4ng?<\/p>\n","protected":false},"excerpt":{"rendered":"<p>K\u1ec7 tivi K01 \u0111\u01b0\u1ee3c thi\u1ebft k\u1ebf theo ki\u1ec3u hi\u1ec7n \u0111\u1ea1i, ph\u00f9 h\u1ee3p v\u1edbi m\u1ecdi kh\u00f4ng gian ph\u00f2ng kh\u00e1ch. C\u00e1c b\u1ea1n c\u00f3 th\u1ec3 l\u1ef1a ch\u1ecdn m\u1eabu thi\u1ebft k\u1ebf k\u1ec7 tivi nh\u00e0 m\u00ecnh gi\u1ed1ng nh\u01b0 k\u1ec7 tivi KTV01 n\u00e0y c\u1ee7a ch\u00fang\u00a0 t\u00f4i, c\u00f2n v\u1ec1 k\u00edch th\u01b0\u1edbc sao cho ph\u00f9 h\u1ee3p v\u1edbi kh\u00f4ng gian ph\u00f2ng kh\u00e1ch nh\u00e0 b\u1ea1n, [&#8230;]\n","protected":false},"featured_media":86,"comment_status":"open","ping_status":"closed","template":"","meta":[],"_links":{"self":[{"href":"https:\/\/webmaibinh.com\/w\/noithat2011\/wp-json\/wp\/v2\/product\/84"}],"collection":[{"href":"https:\/\/webmaibinh.com\/w\/noithat2011\/wp-json\/wp\/v2\/product"}],"about":[{"href":"https:\/\/webmaibinh.com\/w\/noithat2011\/wp-json\/wp\/v2\/types\/product"}],"replies":[{"embeddable":true,"href":"https:\/\/webmaibinh.com\/w\/noithat2011\/wp-json\/wp\/v2\/comments?post=84"}],"wp:featuredmedia":[{"embeddable":true,"href":"https:\/\/webmaibinh.com\/w\/noithat2011\/wp-json\/wp\/v2\/media\/86"}],"wp:attachment":[{"href":"https:\/\/webmaibinh.com\/w\/noithat2011\/wp-json\/wp\/v2\/media?parent=84"}],"curies":[{"name":"wp","href":"https:\/\/api.w.org\/{rel}","templated":true}]}}