{"id":82,"date":"2017-07-24T03:22:19","date_gmt":"2017-07-24T03:22:19","guid":{"rendered":"https:\/\/noithat.khowebseotop.vn\/?post_type=product&#038;p=82"},"modified":"2017-07-25T00:04:46","modified_gmt":"2017-07-25T00:04:46","slug":"mau-ban-sang-trong-ba03","status":"publish","type":"product","link":"https:\/\/webmaibinh.com\/w\/noithat2011\/san-pham\/mau-ban-sang-trong-ba03\/","title":{"rendered":"M\u1eabu b\u00e0n \u0103n sang tr\u1ecdng BA03"},"content":{"rendered":"<p>\u0110\u1ec3 l\u1ef1a ch\u1ecdn b\u1ed9\u00a0b\u00e0n \u0103n sang tr\u1ecdng\u00a0, hi\u1ec7n \u0111\u1ea1i l\u1ea1i t\u0103ng v\u1ebb quy\u1ebfn r\u0169 cho c\u0103n ph\u00f2ng th\u00ec d\u01b0\u1edbi \u0111\u00e2y ch\u00ednh l\u00e0 b\u1ed9 s\u1ea3n ph\u1ea9m\u00a0b\u00e0n \u0103n \u0111\u1eb9p\u00a0 v\u00e0 \u0111\u1ed9c \u0111\u00e1o, r\u1ea5t \u0111\u00e1ng \u0111\u1ec3 c\u00e1c b\u1ea1n quan t\u00e2m \u0111\u1ea5y. V\u1ec1 c\u1ea3 c\u00f4ng d\u1ee5ng l\u1eabn ch\u1ea5t li\u1ec7u c\u1ee7a b\u1ed9\u00a0b\u00e0n \u0103n th\u00f4ng minh\u00a0 n\u00e0y s\u1ebd kh\u00f4ng khi\u1ebfn b\u1ea1n ph\u1ea3i lo ng\u1ea1i hay b\u0103n kho\u0103n \u0111i\u1ec1u g\u00ec, m\u00e0 s\u1eb5n s\u00e0ng \u201c r\u01b0\u1edbc\u201dem n\u00f3 v\u1ec1 l\u00e0m c\u1ee7a ri\u00eang c\u1ee7a gia \u0111\u00ecnh m\u00ecnh \u0111\u00f3.<\/p>\n<figure id=\"attachment_83\" aria-describedby=\"caption-attachment-83\" style=\"width: 650px\" class=\"wp-caption aligncenter\"><img loading=\"lazy\" class=\"size-full wp-image-83\" src=\"\/wp-content\/uploads\/2017\/07\/ban-ghe-an-go-oc-cho.jpg\" alt=\"\" width=\"650\" height=\"357\" srcset=\"https:\/\/webmaibinh.com\/w\/noithat2011\/wp-content\/uploads\/2017\/07\/ban-ghe-an-go-oc-cho.jpg 650w, https:\/\/webmaibinh.com\/w\/noithat2011\/wp-content\/uploads\/2017\/07\/ban-ghe-an-go-oc-cho-510x280.jpg 510w\" sizes=\"(max-width: 650px) 100vw, 650px\" \/><figcaption id=\"caption-attachment-83\" class=\"wp-caption-text\">b\u00e0n \u0103n g\u1ed7 \u00f3c ch\u00f3 \u0111\u1eb9p gi\u00e1 g\u1ebb<\/figcaption><\/figure>\n<p>&nbsp;<\/p>\n","protected":false},"excerpt":{"rendered":"<p>\u0110\u1ec3 l\u1ef1a ch\u1ecdn b\u1ed9\u00a0b\u00e0n \u0103n sang tr\u1ecdng\u00a0, hi\u1ec7n \u0111\u1ea1i l\u1ea1i t\u0103ng v\u1ebb quy\u1ebfn r\u0169 cho c\u0103n ph\u00f2ng th\u00ec d\u01b0\u1edbi \u0111\u00e2y ch\u00ednh l\u00e0 b\u1ed9 s\u1ea3n ph\u1ea9m\u00a0b\u00e0n \u0103n \u0111\u1eb9p\u00a0 v\u00e0 \u0111\u1ed9c \u0111\u00e1o, r\u1ea5t \u0111\u00e1ng \u0111\u1ec3 c\u00e1c b\u1ea1n quan t\u00e2m \u0111\u1ea5y. V\u1ec1 c\u1ea3 c\u00f4ng d\u1ee5ng l\u1eabn ch\u1ea5t li\u1ec7u c\u1ee7a b\u1ed9\u00a0b\u00e0n \u0103n th\u00f4ng minh\u00a0 n\u00e0y s\u1ebd kh\u00f4ng khi\u1ebfn b\u1ea1n [&#8230;]\n","protected":false},"featured_media":94,"comment_status":"open","ping_status":"closed","template":"","meta":[],"_links":{"self":[{"href":"https:\/\/webmaibinh.com\/w\/noithat2011\/wp-json\/wp\/v2\/product\/82"}],"collection":[{"href":"https:\/\/webmaibinh.com\/w\/noithat2011\/wp-json\/wp\/v2\/product"}],"about":[{"href":"https:\/\/webmaibinh.com\/w\/noithat2011\/wp-json\/wp\/v2\/types\/product"}],"replies":[{"embeddable":true,"href":"https:\/\/webmaibinh.com\/w\/noithat2011\/wp-json\/wp\/v2\/comments?post=82"}],"wp:featuredmedia":[{"embeddable":true,"href":"https:\/\/webmaibinh.com\/w\/noithat2011\/wp-json\/wp\/v2\/media\/94"}],"wp:attachment":[{"href":"https:\/\/webmaibinh.com\/w\/noithat2011\/wp-json\/wp\/v2\/media?parent=82"}],"curies":[{"name":"wp","href":"https:\/\/api.w.org\/{rel}","templated":true}]}}