{"id":78,"date":"2017-07-24T03:17:23","date_gmt":"2017-07-24T03:17:23","guid":{"rendered":"https:\/\/noithat.khowebseotop.vn\/?post_type=product&#038;p=78"},"modified":"2017-07-25T00:04:58","modified_gmt":"2017-07-25T00:04:58","slug":"ban-go-tu-nhien-ba02","status":"publish","type":"product","link":"https:\/\/webmaibinh.com\/w\/noithat2011\/san-pham\/ban-go-tu-nhien-ba02\/","title":{"rendered":"B\u00e0n \u0103n g\u1ed7 t\u1ef1 nhi\u00ean BA02"},"content":{"rendered":"<p>G\u1ed7 x\u00e0 c\u1eeb t\u1eeb l\u00e2u \u0111\u00e3 tr\u1edf th\u00e0nh c\u00e1i t\u00ean kh\u00f4ng th\u1ec3 kh\u00f4ng nh\u1eafc t\u1edbi m\u1ed7i khi l\u1ef1a ch\u1ecdn thi\u1ebft k\u1ebf n\u1ed9i th\u1ea5t cho kh\u00f4ng ch\u1ec9 n\u1ed9i th\u1ea5t ph\u00f2ng kh\u00e1ch,\u00a0m\u00e0 c\u00f2n cho thi\u1ebft k\u1ebf n\u1ed9i th\u1ea5t ph\u00f2ng ng\u1ee7 c\u0169ng nh\u01b0 n\u1ed9i th\u1ea5t ph\u00f2ng b\u1ebfp.\u00a0Kh\u00f4ng ph\u1ea3i ng\u1eabu nhi\u00ean m\u00e0 g\u1ed7 x\u00e0 c\u1eeb l\u1ea1i chi\u1ebfm \u0111\u01b0\u1ee3c ph\u1ea7n l\u1edbn thi\u1ec7n c\u1ea3m c\u1ee7a ng\u01b0\u1eddi s\u1eed d\u1ee5ng, m\u00e0 l\u00e0 nh\u1edd n\u00f3 c\u00f3 cho m\u00ecnh nh\u1eefng \u0111\u1eb7c t\u00ednh ri\u00eang kh\u00f4ng l\u1eabn v\u00e0o \u0111\u00e2u \u0111\u01b0\u1ee3c v\u1edbi c\u00e1c lo\u1ea1i g\u1ed7 kh\u00e1c.<\/p>\n<p>G\u1ed7 x\u00e0 c\u1eeb v\u00e2n to, nhi\u1ec1u v\u00e2n. B\u1ea3n th\u00e2n g\u1ed7 m\u1ed9c m\u00e0u s\u00e1ng v\u00e2n \u0111\u1eb9p d\u1ec5 ph\u1ed1i m\u00e0u, n\u00ean r\u1ea5t \u0111\u01b0\u1ee3c \u01b0a chu\u1ed9ng trong thi\u1ebft k\u1ebf \u0111\u1ed3 n\u1ed9i th\u1ea5t. T\u00ednh \u1ed5n \u0111\u1ecbnh c\u1ee7a g\u1ed7 cao, gi\u00e1 th\u00e0nh ch\u1ea5p nh\u1eadn \u0111\u01b0\u1ee3c gi\u00fap x\u00e0 c\u1eeb \u0111ang l\u00e0 th\u1ecb y\u1ebfu tr\u00ean th\u1ecb tr\u01b0\u1eddng n\u1ed9i th\u1ea5t. S\u1ed3i th\u01b0\u1eddng m\u1ecdc ho\u1eb7c \u0111\u01b0\u1ee3c tr\u1ed3ng r\u1ea3i r\u00e1c t\u1eeb r\u1eebng ch\u00e2u \u00c2u, nhi\u1ec1u \u1edf ch\u00e2u M\u1ef9 nh\u1ea5t l\u00e0 Canada. Nga v\u1ed1n l\u00e0 n\u01b0\u1edbc c\u00f3 r\u1eebng tr\u1ed3ng chi\u1ebfm di\u1ec7n t\u00edch kh\u00e1 l\u1edbn khu v\u1ef1c \u0110\u00f4ng \u00c2u v\u00e0 g\u1ed7 s\u1ed3i c\u0169ng m\u1ecdc ho\u1eb7c \u0111\u01b0\u1ee3c tr\u1ed3ng nhi\u1ec1u n\u01a1i \u0111\u00e2y.<\/p>\n<figure id=\"attachment_81\" aria-describedby=\"caption-attachment-81\" style=\"width: 600px\" class=\"wp-caption aligncenter\"><img loading=\"lazy\" class=\"size-medium wp-image-81\" src=\"\/wp-content\/uploads\/2017\/07\/ban-ghe-phong-an-dep-1-600x400.jpg\" alt=\"\" width=\"600\" height=\"400\" srcset=\"https:\/\/webmaibinh.com\/w\/noithat2011\/wp-content\/uploads\/2017\/07\/ban-ghe-phong-an-dep-1-600x400.jpg 600w, https:\/\/webmaibinh.com\/w\/noithat2011\/wp-content\/uploads\/2017\/07\/ban-ghe-phong-an-dep-1-510x340.jpg 510w, https:\/\/webmaibinh.com\/w\/noithat2011\/wp-content\/uploads\/2017\/07\/ban-ghe-phong-an-dep-1-768x512.jpg 768w, https:\/\/webmaibinh.com\/w\/noithat2011\/wp-content\/uploads\/2017\/07\/ban-ghe-phong-an-dep-1.jpg 825w\" sizes=\"(max-width: 600px) 100vw, 600px\" \/><figcaption id=\"caption-attachment-81\" class=\"wp-caption-text\">b\u1ed9 b\u00e0n gh\u1ebf ph\u00f2ng b\u1ebfp \u0111\u1eb9p<\/figcaption><\/figure>\n<p>Ch\u00ednh v\u00ec nh\u1eefng \u01b0u \u0111i\u1ec3m v\u01b0\u1ee3t tr\u1ed9i \u0111\u00f3 n\u00ean khi thi\u1ebft k\u1ebf b\u1ed9 b\u00e0n \u0103n BA02\u00a0 ch\u00fang t\u00f4i \u0111\u00e3 l\u1ef1a ch\u1ecdn ch\u1ea5t li\u1ec7u l\u00e0 g\u1ed7 x\u00e0 c\u1eeb\u00a0\u0111\u1ec3 thi c\u00f4ng l\u00e0m n\u00ean s\u1ea3n ph\u1ea9m n\u00e0y.<\/p>\n<p>V\u1edbi thi\u1ebft k\u1ebf \u0111\u1eb7c bi\u1ec7t mang l\u1ea1i v\u1ebb sang tr\u1ecdng v\u00e0 \u0111\u1eb3ng c\u1ea5p c\u1ee7a gia ch\u1ee7, b\u1ed9 b\u00e0n \u0103n BA12 kh\u00f4ng kh\u00f3 \u0111\u1ec3 \u0111\u01b0\u1ee3c b\u00ecnh ch\u1ecdn l\u00e0 b\u1ed9 b\u00e0n \u0103n b\u00e1n ch\u1ea1y nh\u1ea5t th\u1ecb tr\u01b0\u1eddng n\u1ed9i th\u1ea5t hi\u1ec7n nay. Thi\u1ebft k\u1ebf n\u00e0y\u00a0 \u0111\u1eb7c bi\u1ec7t \u1edf ch\u1ed7, m\u1eb7t b\u00e0n \u0103n \u0111\u01b0\u1ee3c t\u1ea1o n\u00ean t\u1eeb 1 l\u00e1t g\u1ed7 nguy\u00ean b\u1ea3n c\u1ee7a th\u00e2n c\u00e2y g\u1ed7 x\u00e0 c\u1eeb. M\u1eb7t b\u00e0n m\u00e0 b\u1ea1n \u0111ang th\u1ea5y kh\u00f4ng ph\u1ea3i \u0111\u01b0\u1ee3c c\u1eaft gh\u00e9p t\u1eeb nhi\u1ec1u l\u00e1t g\u1ed7 m\u00e0 ch\u1ec9 t\u1eeb 1 l\u00e1t g\u1ed7 t\u1eeb th\u00e2n c\u00e2y c\u1ee7a g\u1ed7 x\u00e0 c\u1eeb th\u00f4i \u0111\u1ea5y. Th\u1eadt \u1ea5n t\u01b0\u1ee3ng ph\u1ea3i kh\u00f4ng?<\/p>\n","protected":false},"excerpt":{"rendered":"<p>G\u1ed7 x\u00e0 c\u1eeb t\u1eeb l\u00e2u \u0111\u00e3 tr\u1edf th\u00e0nh c\u00e1i t\u00ean kh\u00f4ng th\u1ec3 kh\u00f4ng nh\u1eafc t\u1edbi m\u1ed7i khi l\u1ef1a ch\u1ecdn thi\u1ebft k\u1ebf n\u1ed9i th\u1ea5t cho kh\u00f4ng ch\u1ec9 n\u1ed9i th\u1ea5t ph\u00f2ng kh\u00e1ch,\u00a0m\u00e0 c\u00f2n cho thi\u1ebft k\u1ebf n\u1ed9i th\u1ea5t ph\u00f2ng ng\u1ee7 c\u0169ng nh\u01b0 n\u1ed9i th\u1ea5t ph\u00f2ng b\u1ebfp.\u00a0Kh\u00f4ng ph\u1ea3i ng\u1eabu nhi\u00ean m\u00e0 g\u1ed7 x\u00e0 c\u1eeb l\u1ea1i chi\u1ebfm \u0111\u01b0\u1ee3c ph\u1ea7n [&#8230;]\n","protected":false},"featured_media":79,"comment_status":"open","ping_status":"closed","template":"","meta":[],"_links":{"self":[{"href":"https:\/\/webmaibinh.com\/w\/noithat2011\/wp-json\/wp\/v2\/product\/78"}],"collection":[{"href":"https:\/\/webmaibinh.com\/w\/noithat2011\/wp-json\/wp\/v2\/product"}],"about":[{"href":"https:\/\/webmaibinh.com\/w\/noithat2011\/wp-json\/wp\/v2\/types\/product"}],"replies":[{"embeddable":true,"href":"https:\/\/webmaibinh.com\/w\/noithat2011\/wp-json\/wp\/v2\/comments?post=78"}],"wp:featuredmedia":[{"embeddable":true,"href":"https:\/\/webmaibinh.com\/w\/noithat2011\/wp-json\/wp\/v2\/media\/79"}],"wp:attachment":[{"href":"https:\/\/webmaibinh.com\/w\/noithat2011\/wp-json\/wp\/v2\/media?parent=78"}],"curies":[{"name":"wp","href":"https:\/\/api.w.org\/{rel}","templated":true}]}}