{"id":72,"date":"2017-07-24T03:03:36","date_gmt":"2017-07-24T03:03:36","guid":{"rendered":"https:\/\/noithat.khowebseotop.vn\/?post_type=product&#038;p=72"},"modified":"2017-07-25T00:06:07","modified_gmt":"2017-07-25T00:06:07","slug":"ban-ghe-phong-khach-bg03","status":"publish","type":"product","link":"https:\/\/webmaibinh.com\/w\/noithat2011\/san-pham\/ban-ghe-phong-khach-bg03\/","title":{"rendered":"B\u00e0n gh\u1ebf ph\u00f2ng kh\u00e1ch BG03"},"content":{"rendered":"<p>N\u1eb1m trong c\u00e1c m\u1eabu b\u00e0n gh\u1ebf g\u1ed7 ph\u00f2ng kh\u00e1ch c\u00f3 ki\u1ec3u d\u00e1ng \u0111\u1ed9c \u0111\u00e1o nh\u1ea5t, b\u1ed9 b\u00e0n gh\u1ebf ph\u00f2ng kh\u00e1ch BG03\u00a0 th\u1ef1c s\u1ef1 \u0111\u00e3 l\u00e0m h\u00e0i l\u00f2ng nh\u1eefng v\u1ecb kh\u00e1ch kh\u00f3 t\u00ednh c\u1ee7a c\u00f4ng ty ch\u00fang t\u00f4i. Nh\u1edd k\u1ebft c\u1ea5u \u0111\u1eb7c bi\u1ec7t trong s\u1ef1 pha tr\u1ed9n gi\u1eefa h\u1ecda ti\u1ebft c\u1ed5 k\u00ednh v\u00e0 hi\u1ec7n \u0111\u1ea1i, b\u1ed9 b\u00e0n gh\u1ebf ph\u00f2ng kh\u00e1ch B03\u00a0\u0111\u00e3 mang \u0111\u1ebfn m\u1ed9t kh\u00f4ng gian ph\u00f2ng kh\u00e1ch l\u1ecbch thi\u1ec7p, trang tr\u1ecdng v\u00e0 m\u1edbi l\u1ea1 cho gia ch\u1ee7. \u0110\u1ed3ng th\u1eddi, b\u1ed9 n\u1ed9i th\u1ea5t ph\u00f2ng kh\u00e1ch n\u00e0y\u00a0c\u0169ng mang l\u1ea1i th\u1ebf \u201ch\u01b0ng th\u1ecbnh\u201d l\u1edbn cho ch\u1ee7 nh\u00e0 nh\u1edd ki\u1ec3u d\u00e1ng ch\u1eef L v\u00e0 khung gh\u1ebf \u0111\u01b0\u1ee3c thi\u1ebft k\u1ebf ch\u1eafc ch\u1eafn.<\/p>\n<figure id=\"attachment_77\" aria-describedby=\"caption-attachment-77\" style=\"width: 578px\" class=\"wp-caption aligncenter\"><img loading=\"lazy\" class=\"size-medium wp-image-77\" src=\"\/wp-content\/uploads\/2017\/07\/ban-ghe-go-phong-khach-dep1-bg27-578x400.jpg\" alt=\"\" width=\"578\" height=\"400\" srcset=\"https:\/\/webmaibinh.com\/w\/noithat2011\/wp-content\/uploads\/2017\/07\/ban-ghe-go-phong-khach-dep1-bg27-578x400.jpg 578w, https:\/\/webmaibinh.com\/w\/noithat2011\/wp-content\/uploads\/2017\/07\/ban-ghe-go-phong-khach-dep1-bg27-510x353.jpg 510w, https:\/\/webmaibinh.com\/w\/noithat2011\/wp-content\/uploads\/2017\/07\/ban-ghe-go-phong-khach-dep1-bg27.jpg 650w\" sizes=\"(max-width: 578px) 100vw, 578px\" \/><figcaption id=\"caption-attachment-77\" class=\"wp-caption-text\">B\u00e0n gh\u1ebf g\u1ed7 ph\u00f2ng kh\u00e1ch \u0111\u1eb9p, b\u00e0n gh\u1ebf hi\u1ec7n \u0111\u1ea1i<\/figcaption><\/figure>\n","protected":false},"excerpt":{"rendered":"<p>N\u1eb1m trong c\u00e1c m\u1eabu b\u00e0n gh\u1ebf g\u1ed7 ph\u00f2ng kh\u00e1ch c\u00f3 ki\u1ec3u d\u00e1ng \u0111\u1ed9c \u0111\u00e1o nh\u1ea5t, b\u1ed9 b\u00e0n gh\u1ebf ph\u00f2ng kh\u00e1ch BG03\u00a0 th\u1ef1c s\u1ef1 \u0111\u00e3 l\u00e0m h\u00e0i l\u00f2ng nh\u1eefng v\u1ecb kh\u00e1ch kh\u00f3 t\u00ednh c\u1ee7a c\u00f4ng ty ch\u00fang t\u00f4i. Nh\u1edd k\u1ebft c\u1ea5u \u0111\u1eb7c bi\u1ec7t trong s\u1ef1 pha tr\u1ed9n gi\u1eefa h\u1ecda ti\u1ebft c\u1ed5 k\u00ednh v\u00e0 hi\u1ec7n \u0111\u1ea1i, b\u1ed9 [&#8230;]\n","protected":false},"featured_media":75,"comment_status":"open","ping_status":"closed","template":"","meta":[],"_links":{"self":[{"href":"https:\/\/webmaibinh.com\/w\/noithat2011\/wp-json\/wp\/v2\/product\/72"}],"collection":[{"href":"https:\/\/webmaibinh.com\/w\/noithat2011\/wp-json\/wp\/v2\/product"}],"about":[{"href":"https:\/\/webmaibinh.com\/w\/noithat2011\/wp-json\/wp\/v2\/types\/product"}],"replies":[{"embeddable":true,"href":"https:\/\/webmaibinh.com\/w\/noithat2011\/wp-json\/wp\/v2\/comments?post=72"}],"wp:featuredmedia":[{"embeddable":true,"href":"https:\/\/webmaibinh.com\/w\/noithat2011\/wp-json\/wp\/v2\/media\/75"}],"wp:attachment":[{"href":"https:\/\/webmaibinh.com\/w\/noithat2011\/wp-json\/wp\/v2\/media?parent=72"}],"curies":[{"name":"wp","href":"https:\/\/api.w.org\/{rel}","templated":true}]}}