{"id":62,"date":"2017-07-24T02:40:03","date_gmt":"2017-07-24T02:40:03","guid":{"rendered":"https:\/\/noithat.khowebseotop.vn\/?post_type=product&#038;p=62"},"modified":"2017-07-24T02:40:20","modified_gmt":"2017-07-24T02:40:20","slug":"mau-ban-ghe-go-phong-khach-bg01","status":"publish","type":"product","link":"https:\/\/webmaibinh.com\/w\/noithat2011\/san-pham\/mau-ban-ghe-go-phong-khach-bg01\/","title":{"rendered":"M\u1eabu b\u00e0n gh\u1ebf g\u1ed7 ph\u00f2ng kh\u00e1ch BG01"},"content":{"rendered":"<p>M\u1eabu b\u00e0n gh\u1ebf ph\u00f2ng kh\u00e1ch BG01\u00a0l\u00e0 m\u1ed9t s\u1ea3n ph\u1ea9m ho\u00e0n h\u1ea3o \u0111\u1ebfn t\u1eebng chi ti\u1ebft. \u0110\u01b0\u1ee3c thi\u1ebft k\u1ebf t\u1ec9 m\u1ec9, ch\u00fa tr\u1ecdng \u0111\u1ebfn t\u1eebng \u0111\u01b0\u1eddng n\u00e9t, m\u1ed1i n\u1ed1i gh\u00e9p mang \u0111\u1ebfn m\u1ed9t b\u1ed9 s\u1ea3n ph\u1ea9m \u0111\u1ed9c \u0111\u00e1o. S\u1eed d\u1ee5ng ch\u1ea5t li\u1ec7u g\u1ed7 t\u1ef1 nhi\u00ean \u2013 \u00f3c ch\u00f3 cao c\u1ea5p v\u1edbi \u0111\u1eb7c t\u00ednh s\u00e1ng b\u00f3ng, b\u1ec1n, \u0111\u1eb9p l\u00e0m n\u00ean m\u1ed9t b\u1ed9 b\u00e0n gh\u1ebf\u00a0sang tr\u1ecdng, tinh t\u1ebf, \u0111\u1eb3ng c\u1ea5p cho n\u1ed9i th\u1ea5t ph\u00f2ng kh\u00e1ch. Thi\u1ebft k\u1ebf th\u1ec3 hi\u1ec7n \u0111\u01b0\u1ee3c s\u1ef1 v\u1eefng ch\u00e3i b\u1edfi tay gh\u1ebf v\u00e0 ch\u00e2n tr\u1ee5 to, ch\u1eafc ch\u1eafn. S\u1ea3n ph\u1ea9m \u0111\u01b0\u1ee3c s\u1ea3n xu\u1ea5t theo ti\u00eau chu\u1ea9n<\/p>\n<p><img loading=\"lazy\" class=\"size-medium wp-image-64 aligncenter\" src=\"\/wp-content\/uploads\/2017\/07\/mau1-1-600x400.jpg\" alt=\"\" width=\"600\" height=\"400\" srcset=\"https:\/\/webmaibinh.com\/w\/noithat2011\/wp-content\/uploads\/2017\/07\/mau1-1-600x400.jpg 600w, https:\/\/webmaibinh.com\/w\/noithat2011\/wp-content\/uploads\/2017\/07\/mau1-1-510x340.jpg 510w, https:\/\/webmaibinh.com\/w\/noithat2011\/wp-content\/uploads\/2017\/07\/mau1-1-768x512.jpg 768w, https:\/\/webmaibinh.com\/w\/noithat2011\/wp-content\/uploads\/2017\/07\/mau1-1.jpg 825w\" sizes=\"(max-width: 600px) 100vw, 600px\" \/><\/p>\n","protected":false},"excerpt":{"rendered":"<p>M\u1eabu b\u00e0n gh\u1ebf ph\u00f2ng kh\u00e1ch BG01\u00a0l\u00e0 m\u1ed9t s\u1ea3n ph\u1ea9m ho\u00e0n h\u1ea3o \u0111\u1ebfn t\u1eebng chi ti\u1ebft. \u0110\u01b0\u1ee3c thi\u1ebft k\u1ebf t\u1ec9 m\u1ec9, ch\u00fa tr\u1ecdng \u0111\u1ebfn t\u1eebng \u0111\u01b0\u1eddng n\u00e9t, m\u1ed1i n\u1ed1i gh\u00e9p mang \u0111\u1ebfn m\u1ed9t b\u1ed9 s\u1ea3n ph\u1ea9m \u0111\u1ed9c \u0111\u00e1o. S\u1eed d\u1ee5ng ch\u1ea5t li\u1ec7u g\u1ed7 t\u1ef1 nhi\u00ean \u2013 \u00f3c ch\u00f3 cao c\u1ea5p v\u1edbi \u0111\u1eb7c t\u00ednh s\u00e1ng b\u00f3ng, b\u1ec1n, [&#8230;]\n","protected":false},"featured_media":63,"comment_status":"open","ping_status":"closed","template":"","meta":[],"_links":{"self":[{"href":"https:\/\/webmaibinh.com\/w\/noithat2011\/wp-json\/wp\/v2\/product\/62"}],"collection":[{"href":"https:\/\/webmaibinh.com\/w\/noithat2011\/wp-json\/wp\/v2\/product"}],"about":[{"href":"https:\/\/webmaibinh.com\/w\/noithat2011\/wp-json\/wp\/v2\/types\/product"}],"replies":[{"embeddable":true,"href":"https:\/\/webmaibinh.com\/w\/noithat2011\/wp-json\/wp\/v2\/comments?post=62"}],"wp:featuredmedia":[{"embeddable":true,"href":"https:\/\/webmaibinh.com\/w\/noithat2011\/wp-json\/wp\/v2\/media\/63"}],"wp:attachment":[{"href":"https:\/\/webmaibinh.com\/w\/noithat2011\/wp-json\/wp\/v2\/media?parent=62"}],"curies":[{"name":"wp","href":"https:\/\/api.w.org\/{rel}","templated":true}]}}