{"id":1172,"date":"2019-12-31T15:13:17","date_gmt":"2019-12-31T15:13:17","guid":{"rendered":"http:\/\/ebuild.muathemewordpress.net\/?post_type=product&#038;p=1172"},"modified":"2019-12-31T15:34:21","modified_gmt":"2019-12-31T15:34:21","slug":"ban-cau-hai-khoi-inax-c-117va-bw1","status":"publish","type":"product","link":"https:\/\/webmaibinh.com\/w\/noithat192011\/san-pham\/ban-cau-hai-khoi-inax-c-117va-bw1\/","title":{"rendered":"B\u00c0N C\u1ea6U HAI KH\u1ed0I INAX C-117VA\/BW1"},"content":{"rendered":"<h3 class=\"title\">GI\u1edaI THI\u1ec6U S\u1ea2N PH\u1ea8M<\/h3>\n<p><strong>Th\u00f4ng tin c\u01a1 b\u1ea3n ch\u1eadu \u0111\u1eb7t tr\u00ean b\u00e0n TOTO LW574JW\/F#W:<\/strong><br \/>\n&#8211; L\u1ed7 b\u1eaft v\u00f2i: Tr\u00ean b\u00e0n<br \/>\n&#8211; K\u00edch th\u01b0\u1edbc (DxRxC): 420 x 420 x 125 (mm)<br \/>\n&#8211; V\u1eadt li\u1ec7u: S\u1ee9 v\u1ec7 sinh<br \/>\n&#8211; M\u00e0u s\u1eafc: Tr\u1eafng<br \/>\n&#8211; S\u1ea3n xu\u1ea5t: Vi\u1ec7t Nam<br \/>\n(S\u1ea3n ph\u1ea9m kh\u00f4ng bao g\u1ed3m v\u00f2i ch\u1eadu)<\/p>\n<p><strong>\u0110\u1eb7c \u0111i\u1ec3m:<\/strong><br \/>\n&#8211; S\u1ea3n ph\u1ea9m \u0111\u01b0\u1ee3c l\u00e0m t\u1eeb s\u1ee9 v\u1ec7 sinh cao c\u1ea5p theo ti\u00eau chu\u1ea9n Nh\u1eadt B\u1ea3n, \u0111\u1ea3m b\u1ea3o lu\u00f4n tr\u1eafng s\u00e1ng, ch\u1ecbu l\u1ef1c t\u1ed1t, gi\u00fap ch\u1eadu r\u1eeda lu\u00f4n b\u1ec1n \u0111\u1eb9p sau th\u1eddi gian s\u1eed d\u1ee5ng<br \/>\n&#8211; D\u1ec5 d\u00e0ng v\u1ec7 sinh v\u1edbi th\u00e2n lavabo tr\u1eafng b\u00f3ng, tr\u01a1n nh\u1eb5n, ch\u1ed1ng b\u00e1m b\u1ea9n hi\u1ec7u qu\u1ea3. H\u1ea1n ch\u1ebf s\u1eed d\u1ee5ng ch\u1ea5t t\u1ea9y r\u1eeda, an to\u00e0n cho s\u1ee9c kh\u1ecfe ng\u01b0\u1eddi s\u1eed d\u1ee5ng v\u00e0 m\u00f4i tr\u01b0\u1eddng xung quanh.<br \/>\n&#8211; K\u00edch th\u01b0\u1edbc v\u00e0 ki\u1ec3u d\u00e0ng \u0111\u1eb7t b\u00e0n hi\u1ec7n \u0111\u1ea1i, l\u00f2ng b\u1ed3n tho\u1ea3i, ch\u1ee9a n\u01b0\u1edbc tho\u1ea3i m\u00e1i, th\u00e2n b\u1ed3n \u0111\u01b0\u1ee3c thi\u1ebft k\u1ebf h\u00e0i h\u00f2a, ph\u00f9 h\u1ee3p v\u1edbi nh\u1eefng ch\u1ee9c n\u0103ng s\u1eed d\u1ee5ng c\u01a1 b\u1ea3n, gi\u00fap cho c\u0103n ph\u00f2ng t\u1eafm c\u1ee7a b\u1ea1n th\u00eam sang tr\u1ecdng, phong c\u00e1ch<\/p>\n<p><strong>B\u1ea3n v\u1ebd thi\u1ebft k\u1ebf:<\/strong><\/p>\n<p><strong><img src=\"https:\/\/ebuild.vn\/static\/images\/6.TOTO\/Chau-rua-TOTO\/chau-dat-tren-ban-toto-LW574JW_F-2.png\" alt=\"\" \/><\/strong><\/p>\n<p>&nbsp;<\/p>\n<p>&nbsp;<\/p>\n","protected":false},"excerpt":{"rendered":"<p>GI\u1edaI THI\u1ec6U S\u1ea2N PH\u1ea8M Th\u00f4ng tin c\u01a1 b\u1ea3n ch\u1eadu \u0111\u1eb7t tr\u00ean b\u00e0n TOTO LW574JW\/F#W: &#8211; L\u1ed7 b\u1eaft v\u00f2i: Tr\u00ean b\u00e0n &#8211; K\u00edch th\u01b0\u1edbc (DxRxC): 420 x 420 x 125 (mm) &#8211; V\u1eadt li\u1ec7u: S\u1ee9 v\u1ec7 sinh &#8211; M\u00e0u s\u1eafc: Tr\u1eafng &#8211; S\u1ea3n xu\u1ea5t: Vi\u1ec7t Nam (S\u1ea3n ph\u1ea9m kh\u00f4ng bao g\u1ed3m v\u00f2i ch\u1eadu) \u0110\u1eb7c \u0111i\u1ec3m: &#8211; &#8230;<\/p>\n","protected":false},"featured_media":1173,"comment_status":"open","ping_status":"closed","template":"","meta":[],"brands":[{"id":65,"name":"Inax","slug":"inax"}],"_links":{"self":[{"href":"https:\/\/webmaibinh.com\/w\/noithat192011\/wp-json\/wp\/v2\/product\/1172"}],"collection":[{"href":"https:\/\/webmaibinh.com\/w\/noithat192011\/wp-json\/wp\/v2\/product"}],"about":[{"href":"https:\/\/webmaibinh.com\/w\/noithat192011\/wp-json\/wp\/v2\/types\/product"}],"replies":[{"embeddable":true,"href":"https:\/\/webmaibinh.com\/w\/noithat192011\/wp-json\/wp\/v2\/comments?post=1172"}],"wp:featuredmedia":[{"embeddable":true,"href":"https:\/\/webmaibinh.com\/w\/noithat192011\/wp-json\/wp\/v2\/media\/1173"}],"wp:attachment":[{"href":"https:\/\/webmaibinh.com\/w\/noithat192011\/wp-json\/wp\/v2\/media?parent=1172"}],"curies":[{"name":"wp","href":"https:\/\/api.w.org\/{rel}","templated":true}]}}