{"id":1092,"date":"2019-12-30T16:31:49","date_gmt":"2019-12-30T16:31:49","guid":{"rendered":"http:\/\/ebuild.muathemewordpress.net\/?page_id=1092"},"modified":"2019-12-30T16:31:49","modified_gmt":"2019-12-30T16:31:49","slug":"chinh-sach-doi-tra","status":"publish","type":"page","link":"https:\/\/webmaibinh.com\/w\/noithat192011\/chinh-sach-doi-tra\/","title":{"rendered":"Ch\u00ednh s\u00e1ch \u0111\u1ed5i tr\u1ea3"},"content":{"rendered":"<h3 class=\"title-block\">CH\u00cdNH S\u00c1CH \u0110\u1ed4I TR\u1ea2<\/h3>\n<div class=\"text\">\n<h3>EBUIL.VN \u2013 V\u1eacT LI\u1ec6U X\u00c2Y D\u1ef0NG ONLINE, GI\u00c1 T\u1ed0T, GIAO D\u1ecaCH D\u1ec4 D\u00c0NG<\/h3>\n<p>Ebuil.vn t\u1ef1 h\u00e0o l\u00e0 S\u00e0n giao d\u1ecbch th\u01b0\u01a1ng m\u1ea1i \u0111i\u1ec7n t\u1eed \u0111\u1ea7u ti\u1ec7n t\u1ea1i Vi\u1ec7t Nam chuy\u00ean v\u1ec1 kinh doanh v\u1eadt li\u1ec7u x\u00e2y d\u1ef1ng. Website \u0111\u01b0\u1ee3c x\u00e2y d\u1ef1ng v\u00e0 ph\u00e1t tri\u1ec3n b\u1edfi C\u00f4ng ty TNHH Siam City Cement Vi\u1ec7t Nam \u2013 m\u1ed9t th\u00e0nh vi\u00ean c\u1ee7a T\u1eadp \u0111o\u00e0n s\u1ea3n xu\u1ea5t xi m\u0103ng h\u00e0ng \u0111\u1ea7u Th\u00e1i Lan, Siam City Cement.<\/p>\n<p>Gi\u1eef vai tr\u00f2 ti\u00ean phong, c\u1ea7u n\u1ed1i gi\u1eefa doanh nghi\u1ec7p s\u1ea3n xu\u1ea5t &#8211; ph\u00e2n ph\u1ed1i v\u1eadt li\u1ec7u x\u00e2y d\u1ef1ng v\u1edbi doanh nghi\u1ec7p v\u00e0 c\u00e1 nh\u00e2n \u0111ang t\u00ecm ki\u1ebfm v\u1eadt li\u1ec7u x\u00e2y d\u1ef1ng cho c\u00e1c d\u1ef1 \u00e1n\/c\u00f4ng tr\u00ecnh c\u00f4ng nghi\u1ec7p ho\u1eb7c d\u00e2n d\u1ee5ng, Ebuild.vn gi\u00fap ng\u01b0\u1eddi mua c\u00f3 \u0111\u01b0\u1ee3c s\u1ea3n ph\u1ea9m ch\u1ea5t l\u01b0\u1ee3ng, nhanh ch\u00f3ng v\u1edbi gi\u00e1 t\u1ed1t nh\u1ea5t; \u0111\u1ed3ng th\u1eddi n\u00e2ng t\u1ea7m uy t\u00edn th\u01b0\u01a1ng hi\u1ec7u, \u0111em \u0111\u1ebfn cho ng\u01b0\u1eddi b\u00e1n &#8211; nh\u00e0 cung c\u1ea5p m\u1ed9t th\u1ecb tr\u01b0\u1eddng r\u1ed9ng l\u1edbn v\u00e0 gi\u1ea3i ph\u00e1p kinh doanh hi\u1ec7u qu\u1ea3. Ph\u01b0\u01a1ng h\u01b0\u1edbng ho\u1ea1t \u0111\u1ed9ng c\u1ee7a Ebuild.vn: k\u1ebft n\u1ed1i ng\u01b0\u1eddi mua v\u00e0 ng\u01b0\u1eddi b\u00e1n, tinh gi\u1ea3n quy tr\u00ecnh mua b\u00e1n, t\u1eeb \u0111\u00f3 t\u0103ng s\u1ed1 l\u01b0\u1ee3ng v\u00e0 t\u1ea7n su\u1ea5t s\u1ea3n ph\u1ea9m b\u00e1n ra.<\/p>\n<p>Ebuild \u0111em \u0111\u1ebfn cho ng\u01b0\u1eddi mua:<\/p>\n<ul>\n<li>+ Nhi\u1ec1u s\u1ea3n ph\u1ea9m x\u00e2y d\u1ef1ng ch\u1ea5t l\u01b0\u1ee3ng, \u0111a d\u1ea1ng v\u1ec1 m\u1eabu m\u00e3.<\/li>\n<li>+ Nh\u00e0 cung c\u1ea5p uy t\u00edn h\u00e0ng \u0111\u1ea7u.<\/li>\n<li>+ Gi\u00e1 t\u1ed1t t\u1eeb g\u1ed1c.<\/li>\n<li>+ Thao t\u00e1c mua h\u00e0ng \u0111\u01a1n gi\u1ea3n, nhanh ch\u00f3ng cho m\u1ecdi y\u00eau c\u1ea7u.<\/li>\n<li>+ Giao h\u00e0ng t\u1eadn n\u01a1i, \u0111\u1ea3m b\u1ea3o \u0111\u1ee7 s\u1ed1 l\u01b0\u1ee3ng, \u0111\u00fang ch\u1ea5t l\u01b0\u1ee3ng.<\/li>\n<li>+ Ch\u00ednh s\u00e1ch ch\u0103m s\u00f3c kh\u00e1ch h\u00e0ng v\u00e0 t\u01b0 v\u1ea5n chuy\u00ean nghi\u1ec7p.<\/li>\n<li>+ \u0110\u1ea3m b\u1ea3o an to\u00e0n trong m\u1ecdi giao d\u1ecbch<\/li>\n<\/ul>\n<p>Ebuild \u0111em \u0111\u1ebfn cho nh\u00e0 cung c\u1ea5p:<\/p>\n<ul>\n<li>+ T\u0103ng kh\u1ea3 n\u0103ng ph\u00e1t tri\u1ec3n kinh doanh, m\u1edf r\u1ed9ng th\u1ecb tr\u01b0\u1eddng v\u1edbi gi\u1ea3i ph\u00e1p b\u00e1n h\u00e0ng to\u00e0n di\u1ec7n.<\/li>\n<li>+ T\u0103ng \u0111\u1ed9 tin c\u1eady cho th\u01b0\u01a1ng hi\u1ec7u.<\/li>\n<li>+ H\u1ec7 th\u1ed1ng qu\u1ea3n l\u00fd \u0111\u1ea3m b\u1ea3o an to\u00e0n, thu\u1eadn ti\u1ec7n.<\/li>\n<li>+ C\u1ed5ng thanh to\u00e1n t\u1ee9c th\u1eddi, nhanh ch\u00f3ng<\/li>\n<\/ul>\n<\/div>\n","protected":false},"excerpt":{"rendered":"<p>CH\u00cdNH S\u00c1CH \u0110\u1ed4I TR\u1ea2 EBUIL.VN \u2013 V\u1eacT LI\u1ec6U X\u00c2Y D\u1ef0NG ONLINE, GI\u00c1 T\u1ed0T, GIAO D\u1ecaCH D\u1ec4 D\u00c0NG Ebuil.vn t\u1ef1 h\u00e0o l\u00e0 S\u00e0n giao d\u1ecbch th\u01b0\u01a1ng m\u1ea1i \u0111i\u1ec7n t\u1eed \u0111\u1ea7u ti\u1ec7n t\u1ea1i Vi\u1ec7t Nam chuy\u00ean v\u1ec1 kinh doanh v\u1eadt li\u1ec7u x\u00e2y d\u1ef1ng. Website \u0111\u01b0\u1ee3c x\u00e2y d\u1ef1ng v\u00e0 ph\u00e1t tri\u1ec3n b\u1edfi C\u00f4ng ty TNHH Siam City Cement &#8230;<\/p>\n","protected":false},"author":2,"featured_media":0,"parent":0,"menu_order":0,"comment_status":"closed","ping_status":"closed","template":"page-left-sidebar.php","meta":[],"_links":{"self":[{"href":"https:\/\/webmaibinh.com\/w\/noithat192011\/wp-json\/wp\/v2\/pages\/1092"}],"collection":[{"href":"https:\/\/webmaibinh.com\/w\/noithat192011\/wp-json\/wp\/v2\/pages"}],"about":[{"href":"https:\/\/webmaibinh.com\/w\/noithat192011\/wp-json\/wp\/v2\/types\/page"}],"author":[{"embeddable":true,"href":"https:\/\/webmaibinh.com\/w\/noithat192011\/wp-json\/wp\/v2\/users\/2"}],"replies":[{"embeddable":true,"href":"https:\/\/webmaibinh.com\/w\/noithat192011\/wp-json\/wp\/v2\/comments?post=1092"}],"version-history":[{"count":1,"href":"https:\/\/webmaibinh.com\/w\/noithat192011\/wp-json\/wp\/v2\/pages\/1092\/revisions"}],"predecessor-version":[{"id":1093,"href":"https:\/\/webmaibinh.com\/w\/noithat192011\/wp-json\/wp\/v2\/pages\/1092\/revisions\/1093"}],"wp:attachment":[{"href":"https:\/\/webmaibinh.com\/w\/noithat192011\/wp-json\/wp\/v2\/media?parent=1092"}],"curies":[{"name":"wp","href":"https:\/\/api.w.org\/{rel}","templated":true}]}}