{"id":1082,"date":"2019-12-30T16:29:49","date_gmt":"2019-12-30T16:29:49","guid":{"rendered":"http:\/\/ebuild.muathemewordpress.net\/?page_id=1082"},"modified":"2019-12-30T16:29:49","modified_gmt":"2019-12-30T16:29:49","slug":"quy-che-san-giao-dich","status":"publish","type":"page","link":"https:\/\/webmaibinh.com\/w\/noithat192011\/quy-che-san-giao-dich\/","title":{"rendered":"Quy ch\u1ebf s\u00e0n giao d\u1ecbch"},"content":{"rendered":"<h3 class=\"title-block\">QUY CH\u1ebe S\u00c0N GIAO D\u1ecaCH<\/h3>\n<div class=\"text\">\n<h3>EBUIL.VN \u2013 V\u1eacT LI\u1ec6U X\u00c2Y D\u1ef0NG ONLINE, GI\u00c1 T\u1ed0T, GIAO D\u1ecaCH D\u1ec4 D\u00c0NG<\/h3>\n<p><strong>I. QUY \u0110\u1ecaNH CHUNG<\/strong><\/p>\n<p>T\u00ean mi\u1ec1n website: www.ebuild.vn.<\/p>\n<p>\u0110\u1ecbnh ngh\u0129a chung:<\/p>\n<ul>\n<li>+ Ng\u01b0\u1eddi b\u00e1n : l\u00e0 th\u01b0\u01a1ng nh\u00e2n, t\u1ed5 ch\u1ee9c, c\u00e1 nh\u00e2n s\u1eed d\u1ee5ng Ebuild.vn \u0111\u1ec3 \u0111\u0103ng tin rao v\u1eb7t tr\u1ef1c tuy\u1ebfn, \u0111\u0103ng tin gi\u1edbi thi\u1ec7u s\u1ea3n ph\u1ea9m v\u00e0 \u0111\u0103ng b\u00e1n s\u1ea3n ph\u1ea9m.<\/li>\n<li>+ Ng\u01b0\u1eddi mua : l\u00e0 th\u01b0\u01a1ng nh\u00e2n, t\u1ed5 ch\u1ee9c, c\u00e1 nh\u00e2n c\u00f3 nhu c\u1ea7u t\u00ecm hi\u1ec3u th\u00f4ng tin v\u1ec1 s\u1ea3n ph\u1ea9m \u0111\u01b0\u1ee3c \u0111\u0103ng t\u1ea3i tr\u00ean Ebuild.vn \u0111\u1ec3 mua s\u1ea3n ph\u1ea9m.<\/li>\n<li>+ Th\u00e0nh vi\u00ean : l\u00e0 th\u01b0\u01a1ng nh\u00e2n, t\u1ed5 ch\u1ee9c, c\u00e1 nh\u00e2n \u0111\u0103ng k\u00fd s\u1eed d\u1ee5ng website TM\u0110T Ebuild.vn, bao g\u1ed3m ng\u01b0\u1eddi b\u00e1n v\u00e0 ng\u01b0\u1eddi mua.<\/li>\n<li>+ S\u1ea3n ph\u1ea9m\/ H\u00e0ng h\u00f3a: l\u00e0 nh\u1eefng s\u1ea3n ph\u1ea9m \u0111\u01b0\u1ee3c giao d\u1ecbch tr\u00ean Ebuild.vn.<\/li>\n<li>+ Ban qu\u1ea3n l\u00fd website: l\u00e0 c\u00e1c b\u1ed9 ph\u1eadn ph\u1ee5 tr\u00e1ch website TM\u0110T Ebuild.vn tr\u1ef1c thu\u1ed9c SCC-VN.<\/li>\n<\/ul>\n<p>&nbsp;<\/p>\n<p><strong>II. QUY TR\u00ccNH GIAO D\u1ecaCH<\/strong><\/p>\n<p>1. Quy tr\u00ecnh d\u00e0nh cho ng\u01b0\u1eddi mua h\u00e0ng: Khi c\u00f3 nhu c\u1ea7u mua h\u00e0ng tr\u00ean Ebuild.vn, ng\u01b0\u1eddi mua c\u1ea7n th\u1ef1c hi\u1ec7n theo c\u00e1c b\u01b0\u1edbc sau \u0111\u00e2y:<\/p>\n<ul>\n<li>+ B\u01b0\u1edbc 1: T\u00ecm ki\u1ebfm, tham kh\u1ea3o th\u00f4ng tin s\u1ea3n ph\u1ea9m v\u00e0 ng\u01b0\u1eddi b\u00e1n m\u00e0 ng\u01b0\u1eddi mua \u0111ang quan t\u00e2m;<\/li>\n<li>+ B\u01b0\u1edbc 2: Tham kh\u1ea3o th\u00f4ng tin gi\u00e1 v\u00e0 ch\u00ednh s\u00e1ch h\u1ed7 tr\u1ee3 c\u1ee7a b\u00ean b\u00e1n s\u1ea3n ph\u1ea9m m\u00e0 ng\u01b0\u1eddi mua \u0111ang c\u00f3 nhu c\u1ea7u mua;<\/li>\n<li>+ B\u01b0\u1edbc 3: D\u1ef1a tr\u00ean th\u00f4ng tin tham kh\u1ea3o \u0111\u01b0\u1ee3c t\u1eeb ng\u01b0\u1eddi b\u00e1n s\u1ea3n ph\u1ea9m, d\u1ecbch v\u1ee5 ng\u01b0\u1eddi mua ti\u1ebfn h\u00e0nh \u0111\u1eb7t h\u00e0ng v\u00e0 cung c\u1ea5p c\u00e1c th\u00f4ng tin \u0111\u1ecba ch\u1ec9 nh\u1eadn h\u00e0ng v\u00e0 c\u00f3 li\u00ean h\u1ec7 v\u1edbi ng\u01b0\u1eddi b\u00e1n qua th\u00f4ng tin li\u00ean h\u1ec7 \u0111\u0103ng t\u1ea3i trong n\u1ed9i dung tin b\u00e1n h\u00e0ng h\u00f3a \u0111\u1ec3 h\u1ecfi v\u1ec1 th\u00eam th\u00f4ng tin s\u1ea3n ph\u1ea9m;<\/li>\n<li>+ B\u01b0\u1edbc 4: Sau khi \u0111\u00e3 cung c\u1ea5p th\u00f4ng tin v\u00e0 quy\u1ebft \u0111\u1ecbnh mua h\u00e0ng, ng\u01b0\u1eddi mua c\u00f3 th\u1ec3 quy\u1ebft \u0111\u1ecbnh \u0111\u1eb7t h\u00e0ng;<\/li>\n<li>+ B\u01b0\u1edbc 5: Ng\u01b0\u1eddi mua l\u1ef1a ch\u1ecdn c\u00e1ch th\u1ee9c giao d\u1ecbch;<\/li>\n<li>+ B\u01b0\u1edbc 6: Ng\u01b0\u1eddi mua nh\u1eadn s\u1ea3n ph\u1ea9m, d\u1ecbch v\u1ee5;<\/li>\n<li>+ B\u01b0\u1edbc 7: Ng\u01b0\u1eddi mua th\u1eafc m\u1eafc, khi\u1ebfu n\u1ea1i ng\u01b0\u1eddi b\u00e1n (n\u1ebfu c\u00f3).<\/li>\n<\/ul>\n<p>&nbsp;<\/p>\n<p>2. Quy tr\u00ecnh d\u00e0nh cho ng\u01b0\u1eddi \u0111\u1ed1i t\u00e1c (ng\u01b0\u1eddi b\u00e1n h\u00e0ng): \u0110\u1ec3 \u0111\u01b0a tin b\u00e1n h\u00e0ng l\u00ean website, ng\u01b0\u1eddi b\u00e1n c\u1ea7n th\u1ef1c hi\u1ec7n theo c\u00e1c b\u01b0\u1edbc sau \u0111\u00e2y:<\/p>\n<ul>\n<li>+ B\u01b0\u1edbc 1: \u0110\u00e0m ph\u00e1n v\u00e0 k\u00fd k\u1ebft h\u1ee3p \u0111\u1ed3ng v\u1edbi ch\u1ee7 s\u1edf h\u1eefu c\u1ee7a Ebuild.vn, khi h\u1ee3p \u0111\u1ed3ng \u0111\u01b0\u1ee3c k\u00fd k\u1ebft, ng\u01b0\u1eddi b\u00e1n s\u1ebd \u0111\u01b0\u1ee3c cung c\u1ea5p m\u1ed9t t\u00e0i kho\u1ea3n;<\/li>\n<li>+ B\u01b0\u1edbc 2: \u0110\u0103ng nh\u1eadp v\u1edbi th\u00f4ng tin t\u00e0i kho\u1ea3n \u0111\u00e3 \u0111\u01b0\u1ee3c c\u1ea5p b\u1edfi Ebuild.vn;<\/li>\n<li>+ B\u01b0\u1edbc 3: Ng\u01b0\u1eddi b\u00e1n ch\u1ecdn ch\u1ee9c n\u0103ng \u201c\u0110\u0103ng tin\u201d v\u00e0 c\u00f3 th\u1ec3 \u0111i\u1ec1u ch\u1ec9nh th\u00f4ng tin trong ph\u1ea1m vi nh\u1eefng s\u1ea3n c\u1ee7a m\u00ecnh v\u1ec1 m\u1eb7t gi\u00e1 c\u00e0, h\u00ecnh \u1ea3nh v\u00e0 m\u00f4 t\u1ea3 s\u1ea3n ph\u1ea9m.<\/li>\n<\/ul>\n<p>&nbsp;<\/p>\n<p>Th\u00f4ng tin do ng\u01b0\u1eddi b\u00e1n \u0111\u01b0a l\u00ean Ebuild.vn s\u1ebd \u0111\u01b0\u1ee3c ki\u1ec3m so\u00e1t th\u00f4ng qua c\u00e1c c\u01a1 ch\u1ebf sau:<\/p>\n<ul>\n<li>+ C\u01a1 ch\u1ebf ki\u1ec3m so\u00e1t t\u1ef1 \u0111\u1ed9ng th\u00f4ng tin tr\u00ean website: Ebuild.vn ki\u1ec3m so\u00e1t t\u1ef1 \u0111\u1ed9ng th\u00f4ng tin khi th\u1ea5y vi ph\u1ea1m quy ch\u1ebf ho\u1ea1t \u0111\u1ed9ng c\u1ee7a website s\u1ebd t\u1ef1 \u0111\u1ed9ng lo\u1ea1i b\u1ecf m\u00e0 kh\u00f4ng c\u1ea7n th\u00f4ng b\u00e1o cho th\u00e0nh vi\u00ean. V\u00e0 ch\u00fang t\u00f4i kh\u00f4ng gi\u1ea3i quy\u1ebft b\u1ea5t k\u1ef3 tranh ch\u1ea5p c\u0169ng nh\u01b0 b\u1ea5t k\u1ef3 khi\u1ebfu n\u1ea1i n\u00e0o c\u1ee7a th\u00e0nh vi\u00ean v\u1ec1 s\u1ea3n ph\u1ea9m m\u00e0 b\u1ecb Ban qu\u1ea3n l\u00fd Ebuild.vn ph\u00e1t hi\u1ec7n vi ph\u1ea1m lo\u1ea1i b\u1ecf.<\/li>\n<li>+ C\u01a1 ch\u1ebf ki\u1ec3m so\u00e1t ri\u00eang th\u00f4ng tin tr\u00ean website: \u0110\u1ed1i v\u1edbi vi\u1ec7c ki\u1ec3m duy\u1ec7t th\u00f4ng tin th\u00e0nh vi\u00ean ph\u1ea3n \u00e1nh, Ebuild.vn s\u1ebd ti\u1ebfn h\u00e0nh li\u00ean h\u1ec7 tr\u1ef1c ti\u1ebfp \u0111\u1ebfn ng\u01b0\u1eddi ph\u1ea3n \u00e1nh \u0111\u1ec3 x\u00e1c th\u1ef1c th\u00f4ng tin. Khi ph\u00e1t hi\u1ec7n vi ph\u1ea1m quy ch\u1ebf ho\u1ea1t \u0111\u1ed9ng c\u1ee7a website, B\u1ed9 ph\u1eadn ki\u1ec3m duy\u1ec7t n\u1ed9i dung s\u1ebd ti\u1ebfn h\u00e0nh x\u00f3a b\u1ecf n\u1ed9i dung \u0111\u00f3 v\u00e0 c\u00f3 g\u1eedi c\u1ea3nh c\u00e1o \u0111\u1ebfn ng\u01b0\u1eddi \u0111\u0103ng tin.<\/li>\n<\/ul>\n<p>&nbsp;<\/p>\n<p>3. Quy tr\u00ecnh giao nh\u1eadn v\u1eadn chuy\u1ec3n<\/p>\n<p>Trong tr\u01b0\u1eddng h\u1ee3p c\u00e1c b\u00ean \u0111\u00e3 l\u1ef1a ch\u1ecdn ph\u01b0\u01a1ng th\u1ee9c mua b\u00e1n h\u00e0ng ho\u00e1 l\u00e0 giao h\u00e0ng t\u1ea1i nh\u00e0, Ebuild.vn s\u1ebd h\u1ed7 tr\u1ee3 ng\u01b0\u1eddi b\u00e1n v\u1eadn chuy\u1ec3n h\u00e0ng ho\u00e1, b\u1eb1ng to\u00e0n quy\u1ec1n quy\u1ebft \u0111\u1ecbnh c\u1ee7a m\u00ecnh, ch\u1ec9 \u0111\u1ecbnh b\u00ean th\u1ee9 ba l\u00e0 \u0111\u1ed1i t\u00e1c cung c\u1ea5p d\u1ecbch v\u1ee5 v\u1eadn chuy\u1ec3n c\u1ee7a Ebuild.vn.<\/p>\n<p>T\u1ea1i \u0111\u00e2y, ng\u01b0\u1eddi b\u00e1n v\u00e0 Ebuild.vn l\u1ef1a ch\u1ecdn \u0111\u1ec3 tho\u1ea3 thu\u1eadn vi\u1ec7c v\u1eadn chuy\u1ec3n h\u00e0ng ho\u00e1 theo m\u1ed9t trong ba ph\u01b0\u01a1ng th\u1ee9c:<\/p>\n<ul>\n<li>+ Ng\u01b0\u1eddi b\u00e1n t\u1ef1 v\u1eadn chuy\u1ec3n h\u00e0ng \u0111\u1ebfn \u0111\u1ecba \u0111i\u1ec3m ch\u1ec9 \u0111\u1ecbnh c\u1ee7a Ebuild.vn v\u00e0 Ebuild.vn c\u00f3 tr\u00e1ch nhi\u1ec7m b\u1ea3o qu\u1ea3n, b\u00e0n giao h\u00e0ng ho\u00e1 cho \u0111\u1ed1i t\u00e1c v\u1eadn chuy\u1ec3n<\/li>\n<li>+ \u0110\u1ed1i t\u00e1c v\u1eadn chuy\u1ec3n s\u1ebd \u0111\u1ebfn l\u1ea5y h\u00e0ng h\u00f3a t\u1ea1i \u0111\u1ecba \u0111i\u1ec3m \u0111\u0103ng k\u00fd c\u1ee7a ng\u01b0\u1eddi b\u00e1n<\/li>\n<li>+ Ng\u01b0\u1eddi b\u00e1n s\u1ebd \u0111\u1ebfn giao h\u00e0ng ho\u00e1 t\u1ea1i \u0111\u1ecba \u0111i\u1ec3m ch\u1ec9 \u0111\u1ecbnh c\u1ee7a \u0111\u1ed1i t\u00e1c v\u1eadn chuy\u1ec3n. Trong b\u1ea5t k\u1ef3 ph\u01b0\u01a1ng th\u1ee9c v\u1eadn chuy\u1ec3n k\u1ec3 tr\u00ean, ng\u01b0\u1eddi b\u00e1n s\u1ebd \u0111\u01b0\u1ee3c t\u00ednh ph\u00ed c\u1ed1 \u0111\u1ecbnh v\u00e0 c\u00e1c ph\u00ed d\u1ecbch v\u1ee5 kh\u00e1c (n\u1ebfu c\u00f3 s\u1eed d\u1ee5ng) theo quy \u0111\u1ecbnh c\u1ee7a \u0111\u1ed1i t\u00e1c giao nh\u1eadn c\u1ee5 th\u1ec3.<\/li>\n<\/ul>\n<p>&nbsp;<\/p>\n<p>4. Quy tr\u00ecnh x\u00e1c nh\u1eadn \/ h\u1ee7y \u0111\u01a1n h\u00e0ng<\/p>\n<p>Quy tr\u00ecnh x\u00e1c nh\u1eadn \u0111\u01a1n h\u00e0ng:<\/p>\n<ul>\n<li>+ Khi ng\u01b0\u1eddi mua \u0111\u1eb7t h\u00e0ng t\u1ea1i Ebuild.vn, ch\u00fang t\u00f4i s\u1ebd nh\u1eadn \u0111\u01b0\u1ee3c y\u00eau c\u1ea7u \u0111\u1eb7t h\u00e0ng v\u00e0 g\u1eedi \u0111\u1ebfn ng\u01b0\u1eddi mua m\u00e3 s\u1ed1 \u0111\u01a1n h\u00e0ng. Tuy nhi\u00ean, y\u00eau c\u1ea7u \u0111\u1eb7t h\u00e0ng c\u1ea7n th\u00f4ng qua m\u1ed9t b\u01b0\u1edbc x\u00e1c nh\u1eadn \u0111\u01a1n h\u00e0ng, Ebuild.vn ch\u1ec9 x\u00e1c nh\u1eadn \u0111\u01a1n h\u00e0ng n\u1ebfu y\u00eau c\u1ea7u \u0111\u1eb7t h\u00e0ng c\u1ee7a ng\u01b0\u1eddi mua th\u1ecfa m\u00e3n c\u00e1c ti\u00eau ch\u00ed th\u1ef1c hi\u1ec7n \u0111\u01a1n h\u00e0ng do Ebuild.vn cung c\u1ea5p;<\/li>\n<li>+ \u0110\u1ec3 y\u00eau c\u1ea7u \u0111\u1eb7t h\u00e0ng \u0111\u01b0\u1ee3c x\u00e1c nh\u1eadn nhanh ch\u00f3ng, qu\u00fd kh\u00e1ch vui l\u00f2ng cung c\u1ea5p \u0111\u00fang v\u00e0 \u0111\u1ea7y \u0111\u1ee7 c\u00e1c th\u00f4ng tin li\u00ean quan \u0111\u1ebfn vi\u1ec7c giao nh\u1eadn.<\/li>\n<\/ul>\n<p>Quy tr\u00ecnh h\u1ee7y \u0111\u01a1n h\u00e0ng:<\/p>\n<ul>\n<li>+ Trong m\u1ecdi tr\u01b0\u1eddng h\u1ee3p, ng\u01b0\u1eddi mua \u0111\u1ec1u c\u00f3 quy\u1ec1n ch\u1ea5m d\u1ee9t giao d\u1ecbch , h\u1ee7y \u0111\u01a1n h\u00e0ng \u0111\u00e3 \u0111\u1eb7t theo c\u00e1c bi\u1ec7n ph\u00e1p sau \u0111\u00e2y:<\/li>\n<li>+ Th\u00f4ng b\u00e1o cho Ebuild.vn v\u1ec1 vi\u1ec7c h\u1ee7y giao d\u1ecbch qua Hotline 0931409490;<\/li>\n<li>+ Tr\u1ea3 l\u1ea1i h\u00e0ng ho\u00e1 \u0111\u00e3 nh\u1eadn nh\u01b0ng ch\u01b0a s\u1eed d\u1ee5ng ho\u1eb7c h\u01b0\u1edfng b\u1ea5t k\u1ef3 l\u1ee3i \u00edch n\u00e0o t\u1eeb h\u00e0ng h\u00f3a \u0111\u00f3 (theo quy \u0111\u1ecbnh c\u1ee7a ch\u00ednh s\u00e1ch \u0111\u1ed5i tr\u1ea3 h\u00e0ng )<\/li>\n<\/ul>\n<\/div>\n","protected":false},"excerpt":{"rendered":"<p>QUY CH\u1ebe S\u00c0N GIAO D\u1ecaCH EBUIL.VN \u2013 V\u1eacT LI\u1ec6U X\u00c2Y D\u1ef0NG ONLINE, GI\u00c1 T\u1ed0T, GIAO D\u1ecaCH D\u1ec4 D\u00c0NG I. QUY \u0110\u1ecaNH CHUNG T\u00ean mi\u1ec1n website: www.ebuild.vn. \u0110\u1ecbnh ngh\u0129a chung: + Ng\u01b0\u1eddi b\u00e1n : l\u00e0 th\u01b0\u01a1ng nh\u00e2n, t\u1ed5 ch\u1ee9c, c\u00e1 nh\u00e2n s\u1eed d\u1ee5ng Ebuild.vn \u0111\u1ec3 \u0111\u0103ng tin rao v\u1eb7t tr\u1ef1c tuy\u1ebfn, \u0111\u0103ng tin gi\u1edbi thi\u1ec7u s\u1ea3n &#8230;<\/p>\n","protected":false},"author":2,"featured_media":0,"parent":0,"menu_order":0,"comment_status":"closed","ping_status":"closed","template":"page-left-sidebar.php","meta":[],"_links":{"self":[{"href":"https:\/\/webmaibinh.com\/w\/noithat192011\/wp-json\/wp\/v2\/pages\/1082"}],"collection":[{"href":"https:\/\/webmaibinh.com\/w\/noithat192011\/wp-json\/wp\/v2\/pages"}],"about":[{"href":"https:\/\/webmaibinh.com\/w\/noithat192011\/wp-json\/wp\/v2\/types\/page"}],"author":[{"embeddable":true,"href":"https:\/\/webmaibinh.com\/w\/noithat192011\/wp-json\/wp\/v2\/users\/2"}],"replies":[{"embeddable":true,"href":"https:\/\/webmaibinh.com\/w\/noithat192011\/wp-json\/wp\/v2\/comments?post=1082"}],"version-history":[{"count":1,"href":"https:\/\/webmaibinh.com\/w\/noithat192011\/wp-json\/wp\/v2\/pages\/1082\/revisions"}],"predecessor-version":[{"id":1083,"href":"https:\/\/webmaibinh.com\/w\/noithat192011\/wp-json\/wp\/v2\/pages\/1082\/revisions\/1083"}],"wp:attachment":[{"href":"https:\/\/webmaibinh.com\/w\/noithat192011\/wp-json\/wp\/v2\/media?parent=1082"}],"curies":[{"name":"wp","href":"https:\/\/api.w.org\/{rel}","templated":true}]}}