{"id":1080,"date":"2019-12-30T16:29:29","date_gmt":"2019-12-30T16:29:29","guid":{"rendered":"http:\/\/ebuild.muathemewordpress.net\/?page_id=1080"},"modified":"2019-12-30T16:29:29","modified_gmt":"2019-12-30T16:29:29","slug":"hop-tac-cung-phat-trien-thuong-hieu","status":"publish","type":"page","link":"https:\/\/webmaibinh.com\/w\/noithat192011\/hop-tac-cung-phat-trien-thuong-hieu\/","title":{"rendered":"H\u1ee3p t\u00e1c c\u00f9ng ph\u00e1t tri\u1ec3n th\u01b0\u01a1ng hi\u1ec7u"},"content":{"rendered":"<p>H\u1ee3p t\u00e1c c\u00f9ng ph\u00e1t tri\u1ec3n th\u01b0\u01a1ng hi\u1ec7u<\/p>\n<p>&nbsp;<\/p>\n","protected":false},"excerpt":{"rendered":"<p>H\u1ee3p t\u00e1c c\u00f9ng ph\u00e1t tri\u1ec3n th\u01b0\u01a1ng hi\u1ec7u &nbsp;<\/p>\n","protected":false},"author":2,"featured_media":0,"parent":0,"menu_order":0,"comment_status":"closed","ping_status":"closed","template":"page-left-sidebar.php","meta":[],"_links":{"self":[{"href":"https:\/\/webmaibinh.com\/w\/noithat192011\/wp-json\/wp\/v2\/pages\/1080"}],"collection":[{"href":"https:\/\/webmaibinh.com\/w\/noithat192011\/wp-json\/wp\/v2\/pages"}],"about":[{"href":"https:\/\/webmaibinh.com\/w\/noithat192011\/wp-json\/wp\/v2\/types\/page"}],"author":[{"embeddable":true,"href":"https:\/\/webmaibinh.com\/w\/noithat192011\/wp-json\/wp\/v2\/users\/2"}],"replies":[{"embeddable":true,"href":"https:\/\/webmaibinh.com\/w\/noithat192011\/wp-json\/wp\/v2\/comments?post=1080"}],"version-history":[{"count":1,"href":"https:\/\/webmaibinh.com\/w\/noithat192011\/wp-json\/wp\/v2\/pages\/1080\/revisions"}],"predecessor-version":[{"id":1081,"href":"https:\/\/webmaibinh.com\/w\/noithat192011\/wp-json\/wp\/v2\/pages\/1080\/revisions\/1081"}],"wp:attachment":[{"href":"https:\/\/webmaibinh.com\/w\/noithat192011\/wp-json\/wp\/v2\/media?parent=1080"}],"curies":[{"name":"wp","href":"https:\/\/api.w.org\/{rel}","templated":true}]}}