{"id":1078,"date":"2019-12-30T16:29:02","date_gmt":"2019-12-30T16:29:02","guid":{"rendered":"http:\/\/ebuild.muathemewordpress.net\/?page_id=1078"},"modified":"2019-12-30T16:29:02","modified_gmt":"2019-12-30T16:29:02","slug":"ban-hang-cung-ebuild-vn","status":"publish","type":"page","link":"https:\/\/webmaibinh.com\/w\/noithat192011\/ban-hang-cung-ebuild-vn\/","title":{"rendered":"B\u00e1n h\u00e0ng c\u00f9ng Ebuild.vn"},"content":{"rendered":"<p>B\u00e1n h\u00e0ng c\u00f9ng Ebuild.vn<\/p>\n<p>&nbsp;<\/p>\n","protected":false},"excerpt":{"rendered":"<p>B\u00e1n h\u00e0ng c\u00f9ng Ebuild.vn &nbsp;<\/p>\n","protected":false},"author":2,"featured_media":0,"parent":0,"menu_order":0,"comment_status":"closed","ping_status":"closed","template":"page-left-sidebar.php","meta":[],"_links":{"self":[{"href":"https:\/\/webmaibinh.com\/w\/noithat192011\/wp-json\/wp\/v2\/pages\/1078"}],"collection":[{"href":"https:\/\/webmaibinh.com\/w\/noithat192011\/wp-json\/wp\/v2\/pages"}],"about":[{"href":"https:\/\/webmaibinh.com\/w\/noithat192011\/wp-json\/wp\/v2\/types\/page"}],"author":[{"embeddable":true,"href":"https:\/\/webmaibinh.com\/w\/noithat192011\/wp-json\/wp\/v2\/users\/2"}],"replies":[{"embeddable":true,"href":"https:\/\/webmaibinh.com\/w\/noithat192011\/wp-json\/wp\/v2\/comments?post=1078"}],"version-history":[{"count":1,"href":"https:\/\/webmaibinh.com\/w\/noithat192011\/wp-json\/wp\/v2\/pages\/1078\/revisions"}],"predecessor-version":[{"id":1079,"href":"https:\/\/webmaibinh.com\/w\/noithat192011\/wp-json\/wp\/v2\/pages\/1078\/revisions\/1079"}],"wp:attachment":[{"href":"https:\/\/webmaibinh.com\/w\/noithat192011\/wp-json\/wp\/v2\/media?parent=1078"}],"curies":[{"name":"wp","href":"https:\/\/api.w.org\/{rel}","templated":true}]}}