{"id":95,"date":"2019-08-05T04:07:30","date_gmt":"2019-08-05T04:07:30","guid":{"rendered":"http:\/\/localhost\/teady.com.vn\/s\u1ea3n%20ph\u1ea9m\/bo%cc%a3-voi-cha%cc%a3u-lavabo-02\/"},"modified":"2019-08-05T04:07:30","modified_gmt":"2019-08-05T04:07:30","slug":"bo%cc%a3-voi-cha%cc%a3u-lavabo-02","status":"publish","type":"product","link":"https:\/\/webmaibinh.com\/w\/noithat182011\/san-pham\/bo%cc%a3-voi-cha%cc%a3u-lavabo-02\/","title":{"rendered":"B\u00d4\u0323 VO\u0300I CH\u00c2\u0323U LAVABO 02"},"content":{"rendered":"<div id=\"tab-description\" role=\"tabpanel\" aria-labelledby=\"tab-title-description\" readability=\"45.5\">\n<h2 class=\"woocommerce-description-title\">M\u00f4 t\u1ea3<\/h2>\n<p>V\u00f2i ch\u1eadu lavabo n\u00f3ng l\u1ea1nh thi\u1ebft k\u1ebf hi\u1ec7n \u0111\u1ea1i, tinh t\u1ebf, \u0111a n\u0103ng v\u1edbi \u0111\u1ea7u v\u00f2i t\u1ea1o b\u1ecdt kh\u00ed r\u1ea5t thu\u1eadn ti\u1ec7n khi s\u1eed d\u1ee5ng d\u00f9ng \u0111\u1ec3 l\u1eafp \u0111\u1eb7t trong nh\u00e0 t\u1eafm v\u1edbi ch\u1eadu r\u1eeda m\u1eb7t, r\u1eeda tay , tu\u0309 ch\u00e2\u0323u hay c\u1ea3 v\u1edbi b\u1ed3n t\u1eafm \u0111\u1ec1u r\u1ea5t ph\u00f9 h\u1ee3p. Cho b\u1ea1n tr\u1ea3i nghi\u1ec7m c\u00e1ch s\u1eed d\u1ee5ng n\u01b0\u1edbc hi\u1ec7n \u0111\u1ea1i, an to\u00e0n &#038; ti\u1ebft ki\u1ec7m nh\u1ea5t<\/p>\n<div readability=\"22\">\n<p>S\u1ea3n ph\u1ea9m \u0111\u01b0\u1ee3c \u0111\u00fac b\u1eb1ng \u0110\u1ed3ng, K\u1ebdm\u2026 \u0111\u1ed9 b\u1ec1n cao. B\u1ec1 m\u1eb7t v\u00f2i n\u01b0\u1edbc \u0111\u01b0\u1ee3c xi m\u1ea1 b\u1edfi Niken v\u00e0 Crom d\u00e0y, c\u00f3 \u0111\u1ed9 b\u00f3ng cao, ch\u1ed1ng b\u00e1m b\u1ea9n v\u00e0 d\u1ec5 d\u00e0ng l\u00e0m s\u1ea1ch ng\u0103n kh\u00f4ng cho vi khu\u1ea9n t\u00edch t\u1ee5 l\u00e2u ng\u00e0y g\u00e2y h\u1ea1i cho s\u1ee9c kh\u1ecfe.<\/p>\n<p>\u0110\u1ea7u v\u00f2i \u0111\u01b0\u1ee3c thi\u1ebft l\u1ecdc v\u00e0 t\u1ea1o b\u1ecdt trong d\u00f2ng ch\u1ea3y gi\u00fap ti\u1ebft ki\u1ec7m n\u01b0\u1edbc, kh\u00f4ng b\u1eafn n\u01b0\u1edbc.<\/p>\n<div readability=\"14\"><img loading=\"lazy\" src=\"https:\/\/nhadep.vn\/tinyeditor\/source\/voi-lavabo\/voi-lavabo-7.jpg\" alt=\"\" width=\"620\" height=\"582\">2 d\u00e2y c\u1ea5p n\u01b0\u1edbc ch\u1ecbu nhi\u1ec7t, ch\u1ecbu \u00e1p l\u1ef1c n\u01b0\u1edbc, v\u1ecf ngo\u00e0i b\u1eb1ng inox 304 si\u00eau b\u1ec1n, kh\u00f4ng hoen g\u1ec9, kh\u00f4ng xo\u1eafn, c\u00e1c \u0111\u1ea7u \u1ed1c c\u00f3 gio\u0103ng \u0111\u1ec7m tuy\u1ec7t \u0111\u1ed1i kh\u00f4ng b\u1ecb r\u00f2 n\u01b0\u1edbc.<\/div>\n<div readability=\"8\"><img loading=\"lazy\" src=\"https:\/\/nhadep.vn\/tinyeditor\/source\/voi-lavabo\/voi-lavabo-5.jpg\" alt=\"\" width=\"620\" height=\"425\">V\u00f2i ch\u1eadu r\u1eeda n\u00f3ng l\u1ea1nh kh\u00f4ng ch\u1ec9 ti\u1ec7n l\u1ee3i khi s\u1eed d\u1ee5ng c\u00f2n \u0111\u1ea3m b\u1ea3o v\u1ec7 sinh v\u00e0 gi\u00fap kh\u00f4ng gian ph\u00f2ng t\u1eafm th\u00eam sang tr\u1ecdng.<\/div>\n<\/div><\/div>\n","protected":false},"excerpt":{"rendered":"<p>M\u00f4 t\u1ea3 V\u00f2i ch\u1eadu lavabo n\u00f3ng l\u1ea1nh thi\u1ebft k\u1ebf hi\u1ec7n \u0111\u1ea1i, tinh t\u1ebf, \u0111a n\u0103ng v\u1edbi \u0111\u1ea7u v\u00f2i t\u1ea1o b\u1ecdt kh\u00ed r\u1ea5t thu\u1eadn ti\u1ec7n khi s\u1eed d\u1ee5ng d\u00f9ng \u0111\u1ec3 l\u1eafp \u0111\u1eb7t trong nh\u00e0 t\u1eafm v\u1edbi ch\u1eadu r\u1eeda m\u1eb7t, r\u1eeda tay , tu\u0309 ch\u00e2\u0323u hay c\u1ea3 v\u1edbi b\u1ed3n t\u1eafm \u0111\u1ec1u r\u1ea5t ph\u00f9 h\u1ee3p. Cho b\u1ea1n tr\u1ea3i&#8230;<\/p>\n","protected":false},"featured_media":96,"comment_status":"open","ping_status":"closed","template":"","meta":[],"_links":{"self":[{"href":"https:\/\/webmaibinh.com\/w\/noithat182011\/wp-json\/wp\/v2\/product\/95"}],"collection":[{"href":"https:\/\/webmaibinh.com\/w\/noithat182011\/wp-json\/wp\/v2\/product"}],"about":[{"href":"https:\/\/webmaibinh.com\/w\/noithat182011\/wp-json\/wp\/v2\/types\/product"}],"replies":[{"embeddable":true,"href":"https:\/\/webmaibinh.com\/w\/noithat182011\/wp-json\/wp\/v2\/comments?post=95"}],"wp:featuredmedia":[{"embeddable":true,"href":"https:\/\/webmaibinh.com\/w\/noithat182011\/wp-json\/wp\/v2\/media\/96"}],"wp:attachment":[{"href":"https:\/\/webmaibinh.com\/w\/noithat182011\/wp-json\/wp\/v2\/media?parent=95"}],"curies":[{"name":"wp","href":"https:\/\/api.w.org\/{rel}","templated":true}]}}