{"id":335,"date":"2019-08-05T11:42:18","date_gmt":"2019-08-05T04:42:18","guid":{"rendered":"http:\/\/localhost\/teady.com.vn\/chi-tiet\/voi-chau-rua-bat-elip-vc09"},"modified":"2019-08-05T11:42:18","modified_gmt":"2019-08-05T04:42:18","slug":"voi-chau-rua-bat-elip-vc09","status":"publish","type":"product","link":"https:\/\/webmaibinh.com\/w\/noithat182011\/san-pham\/voi-chau-rua-bat-elip-vc09\/","title":{"rendered":"V\u00d2I CH\u1eacU R\u1eecA B\u00c1T ELIP VC09"},"content":{"rendered":"<p>M\u00f4 t\u1ea3<\/p>\n<p>V\u00d2I CH\u1eacU R\u1eecA B\u00c1T<br \/>\n\u2013 S\u1ea3n xu\u1ea5t theo ti\u00eau chu\u1ea9n H\u00e0n Qu\u1ed1c<br \/>\n\u2013 Ch\u1ea5t li\u1ec7u \u0111\u01b0\u1ee3c l\u00e0m b\u1eb1ng \u0111\u1ed3ng thau . Kh\u00f4ng nhi\u1ec5m ch\u00ec , \u0111\u1ea3m b\u1ea3o an to\u00e0n s\u1ee9c kh\u1ecfe<br \/>\n\u2013 S\u1eed d\u1ee5ng c\u00f4ng ngh\u1ec7 m\u1ea1 crom &#038; niken s\u00e1ng b\u00f3ng. C\u00f3 t\u00ednh th\u1ea9m m\u1ef9 cao<br \/>\n\u2013 B\u1ea3o h\u00e0nh 05 n\u0103m<\/p>\n","protected":false},"excerpt":{"rendered":"<p>MSP : VC09<br \/>\nB\u1ea3o h\u00e0nh 05 n\u0103m<\/p>\n","protected":false},"featured_media":336,"comment_status":"open","ping_status":"closed","template":"","meta":[],"_links":{"self":[{"href":"https:\/\/webmaibinh.com\/w\/noithat182011\/wp-json\/wp\/v2\/product\/335"}],"collection":[{"href":"https:\/\/webmaibinh.com\/w\/noithat182011\/wp-json\/wp\/v2\/product"}],"about":[{"href":"https:\/\/webmaibinh.com\/w\/noithat182011\/wp-json\/wp\/v2\/types\/product"}],"replies":[{"embeddable":true,"href":"https:\/\/webmaibinh.com\/w\/noithat182011\/wp-json\/wp\/v2\/comments?post=335"}],"wp:featuredmedia":[{"embeddable":true,"href":"https:\/\/webmaibinh.com\/w\/noithat182011\/wp-json\/wp\/v2\/media\/336"}],"wp:attachment":[{"href":"https:\/\/webmaibinh.com\/w\/noithat182011\/wp-json\/wp\/v2\/media?parent=335"}],"curies":[{"name":"wp","href":"https:\/\/api.w.org\/{rel}","templated":true}]}}