{"id":313,"date":"2019-08-05T11:41:08","date_gmt":"2019-08-05T04:41:08","guid":{"rendered":"http:\/\/localhost\/teady.com.vn\/chi-tiet\/voi-chau-rua-bat-inox-dau-rut"},"modified":"2019-08-05T11:41:08","modified_gmt":"2019-08-05T04:41:08","slug":"voi-chau-rua-bat-inox-dau-rut","status":"publish","type":"product","link":"https:\/\/webmaibinh.com\/w\/noithat182011\/san-pham\/voi-chau-rua-bat-inox-dau-rut\/","title":{"rendered":"V\u00d2I CH\u1eacU R\u1eecA B\u00c1T INOX \u0110\u1ea6U R\u00daT"},"content":{"rendered":"<p>M\u00f4 t\u1ea3<\/p>\n<p>V\u00f2i r\u1eeda b\u00e1t n\u00f3ng l\u1ea1nh inox 304\u00a0<br \/>\n\u2013 Thi\u1ebft k\u1ebf \u0111\u1eb7c bi\u1ec7t v\u1eeba c\u00f3 th\u1ec3 s\u1eed d\u1ee5ng nh\u01b0 nh\u1eefng v\u00f2i r\u1eeda b\u00e1t th\u00f4ng th\u01b0\u1eddng v\u1eeba c\u00f3 th\u1ec3 k\u00e9o d\u00e0i nh\u01b0 v\u00f2i sen cho c\u00f4ng vi\u1ec7c r\u1eeda ch\u00e9n b\u00e1t, rau c\u1ee7 &#038; l\u1ea5y n\u01b0\u1edbc \u0111\u1ec3 \u0111un n\u1ea5u linh ho\u1ea1t h\u01a1n.<br \/>\n\u2013 Th\u00e2n v\u00f2i \u0111\u01b0\u1ee3c \u0111\u00fac t\u1eeb inox SUS304 cao c\u1ea5p kh\u00f4ng ch\u00ec \u0111\u1ea3m b\u1ea3o an to\u00e0n cho ngu\u1ed3n n\u01b0\u1edbc.<br \/>\n\u2013 \u0110\u1ea7u v\u00f2i c\u00f3 th\u1ec3 xoay t\u1eeb b\u1ed3n r\u1eeda b\u00ean n\u00e0y sang b\u00ean kia m\u1ed9t c\u00e1ch d\u1ec5 d\u00e0ng v\u1edbi \u0111\u0129a xoay si\u00eau b\u1ec1n, c\u00f3 th\u1ec3 s\u1eed d\u1ee5ng l\u00e2u d\u00e0i m\u00e0 kh\u00f4ng lo b\u1ecb r\u00f2 n\u01b0\u1edbc.<br \/>\n\u2013 C\u00f3 2 ch\u1ebf \u0111\u1ed9 x\u1ea3 n\u01b0\u1edbc cho b\u1ea1n l\u1ef1a ch\u1ecdn<br \/>\n\u2013 Ki\u1ec3u d\u00e1ng sang tr\u1ecdng hi\u1ec7n \u0111\u1ea1i th\u00edch h\u1ee3p v\u1edbi m\u1ecdi kh\u00f4ng gian b\u1ebfp<br \/>\nTh\u00f4ng tin chi ti\u1ebft:\u00a0<br \/>\n\u2013 T\u00ean s\u1ea3n ph\u1ea9m: V\u00f2i r\u1eeda b\u00e1t n\u00f3ng l\u1ea1nh inox 304 VC 3074<br \/>\n\u2013 B\u1ed9 s\u1ea3n ph\u1ea9m g\u1ed3m: 1 v\u00f2i r\u1eeda b\u00e1t, 2 d\u00e2y d\u1eabn<br \/>\n\u2013 Ch\u1ea5t li\u1ec7u: inox SUS304 (kh\u00f4ng ch\u00ec, 18% crome, 8% niken)<br \/>\n\u2013 \u00c1p l\u1ef1c n\u01b0\u1edbc: 0.05MPa ~ 0.65MPa<br \/>\n\u2013 Tr\u1ecdng l\u01b0\u1ee3ng: 1961g<\/p>\n","protected":false},"excerpt":{"rendered":"<p>V\u00d2I R\u1eecA B\u00c1T \u0110\u1ea6U D\u00c2Y R\u00daT<br \/>\nB\u1ea3o h\u00e0nh 05 n\u0103m<\/p>\n","protected":false},"featured_media":314,"comment_status":"open","ping_status":"closed","template":"","meta":[],"_links":{"self":[{"href":"https:\/\/webmaibinh.com\/w\/noithat182011\/wp-json\/wp\/v2\/product\/313"}],"collection":[{"href":"https:\/\/webmaibinh.com\/w\/noithat182011\/wp-json\/wp\/v2\/product"}],"about":[{"href":"https:\/\/webmaibinh.com\/w\/noithat182011\/wp-json\/wp\/v2\/types\/product"}],"replies":[{"embeddable":true,"href":"https:\/\/webmaibinh.com\/w\/noithat182011\/wp-json\/wp\/v2\/comments?post=313"}],"wp:featuredmedia":[{"embeddable":true,"href":"https:\/\/webmaibinh.com\/w\/noithat182011\/wp-json\/wp\/v2\/media\/314"}],"wp:attachment":[{"href":"https:\/\/webmaibinh.com\/w\/noithat182011\/wp-json\/wp\/v2\/media?parent=313"}],"curies":[{"name":"wp","href":"https:\/\/api.w.org\/{rel}","templated":true}]}}