{"id":307,"date":"2019-08-05T11:45:05","date_gmt":"2019-08-05T04:45:05","guid":{"rendered":"http:\/\/localhost\/teady.com.vn\/chi-tiet\/xit-phong-tam-inox-304"},"modified":"2019-08-05T11:45:05","modified_gmt":"2019-08-05T04:45:05","slug":"xit-phong-tam-inox-304","status":"publish","type":"product","link":"https:\/\/webmaibinh.com\/w\/noithat182011\/san-pham\/xit-phong-tam-inox-304\/","title":{"rendered":"X\u1ecaT PH\u00d2NG T\u1eaeM INOX 304"},"content":{"rendered":"<p>V\u00f2i x\u1ecbt v\u1ec7 sinh inox cao c\u1ea5p\u00a0<br \/>\n\u2013 \u0110\u1ea7u v\u00f2i x\u1ecbt \u0111\u01b0\u1ee3c thi\u1ebft k\u1ebf \u0111\u1eb7c bi\u1ec7t t\u1ea1o \u00e1p l\u1ef1c n\u01b0\u1edbc c\u1ef1c m\u1ea1nh v\u1edbi n\u00fat b\u1ea5m nh\u1eb9 &#038; d\u1ec5 thao t\u00e1c c\u00f9ng k\u00edch th\u01b0\u1edbc v\u1eeba v\u1eb7n v\u1edbi tay c\u1ea7m gi\u00fap c\u00f4ng vi\u1ec7c d\u1ecdn r\u1eeda tr\u1edf n\u00ean \u0111\u01a1n gi\u1ea3n &#038; nhanh ch\u00f3ng.<br \/>\n\u2013\u00a0Th\u00e2n v\u00f2i x\u1ecbt \u0111\u01b0\u1ee3c l\u00e0m t\u1eeb inox ma\u0323 crom d\u00e0y lu\u00f4n duy tr\u00ec \u0111\u1ed9 s\u00e1ng b\u00f3ng trong m\u00f4i tr\u01b0\u1eddng n\u01b0\u1edbc, ch\u1ed1ng b\u00e1m b\u1ea9n, t\u1ea1o c\u1ea3m gi\u00e1c s\u1ea1ch s\u1ebd cho ng\u01b0\u1eddi s\u1eed d\u1ee5ng.<br \/>\n\u2013 D\u00e2y d\u1eabn n\u01b0\u1edbc 2 l\u1edbp ch\u1ecbu \u00e1p, v\u1ecf ngo\u00e0i b\u0103ng inox<br \/>\n\u2013 Thao t\u00e1c l\u1eafp \u0111\u1eb7t \u0111\u01a1n gi\u1ea3n, gi\u00fap b\u1ea1n c\u00f3 th\u1ec3 t\u1ef1 m\u00ecnh thay v\u00f2i x\u1ecbt m\u1edbi t\u1ea1i nh\u00e0<\/p>\n<p>Th\u00f4ng s\u00f4\u0301 ky\u0303 thu\u00e2\u0323t<br \/>\n\u2013 Th\u00e2n v\u00f2i: INOX 304<br \/>\n\u2013 L\u00f5i\u00a0cartridge: INOX 304<br \/>\n\u2013 K\u00edch th\u01b0\u1edbc:<br \/>\n+ V\u00f2i x\u1ecbt: d\u00e0i 106x45mm<br \/>\n+ D\u00e2y d\u1eabn n\u01b0\u1edbc: 120cm<br \/>\n\u2013 Tr\u1ecdng l\u01b0\u1ee3ng t\u1ecbnh: 200g<br \/>\n\u2013 Tr\u1ecdng l\u01b0\u1ee3ng c\u1ea3 b\u1ed9: 400g<br \/>\n\u2013 \u00c1p l\u1ef1c n\u01b0\u1edbc : 0.1MPa ~ 1.0MPa<\/p>\n","protected":false},"excerpt":{"rendered":"<p>V\u00c2\u0323N CHUY\u00ca\u0309N MI\u00ca\u0303N PHI\u0301 TOA\u0300N QU\u00d4\u0301C<br \/>\nBa\u0309o ha\u0300nh : 36 tha\u0301ng<br \/>\nB\u00f4\u0323 sa\u0309n ph\u00e2\u0309m bao g\u00f4\u0300m\u00a0<\/p>\n<p>\u0110\u00e2\u0300u vo\u0300i xi\u0323t<br \/>\nD\u00e2y d\u00e2\u0303n n\u01b0\u01a1\u0301c<br \/>\n\u0110\u00ea\u0301 ca\u0300i va\u0300 \u00f4\u0301c vi\u0301t<\/p>\n","protected":false},"featured_media":308,"comment_status":"open","ping_status":"closed","template":"","meta":[],"_links":{"self":[{"href":"https:\/\/webmaibinh.com\/w\/noithat182011\/wp-json\/wp\/v2\/product\/307"}],"collection":[{"href":"https:\/\/webmaibinh.com\/w\/noithat182011\/wp-json\/wp\/v2\/product"}],"about":[{"href":"https:\/\/webmaibinh.com\/w\/noithat182011\/wp-json\/wp\/v2\/types\/product"}],"replies":[{"embeddable":true,"href":"https:\/\/webmaibinh.com\/w\/noithat182011\/wp-json\/wp\/v2\/comments?post=307"}],"wp:featuredmedia":[{"embeddable":true,"href":"https:\/\/webmaibinh.com\/w\/noithat182011\/wp-json\/wp\/v2\/media\/308"}],"wp:attachment":[{"href":"https:\/\/webmaibinh.com\/w\/noithat182011\/wp-json\/wp\/v2\/media?parent=307"}],"curies":[{"name":"wp","href":"https:\/\/api.w.org\/{rel}","templated":true}]}}