{"id":303,"date":"2019-08-05T11:44:52","date_gmt":"2019-08-05T04:44:52","guid":{"rendered":"http:\/\/localhost\/teady.com.vn\/chi-tiet\/ga-thoat-san-da-nang"},"modified":"2019-08-07T08:06:38","modified_gmt":"2019-08-07T01:06:38","slug":"ga-thoat-san-da-nang","status":"publish","type":"product","link":"https:\/\/webmaibinh.com\/w\/noithat182011\/san-pham\/ga-thoat-san-da-nang\/","title":{"rendered":"GA THO\u00c1T S\u00c0N \u0110A N\u0102NG"},"content":{"rendered":"<p>Ph\u1ec5u tho\u00e1t s\u00e0n ch\u1ed1ng m\u00f9i , ch\u0103\u0301n ra\u0301c va\u0300 c\u00f4n tru\u0300ng hi\u00ea\u0323u qua\u0309<br \/>\n\u2013 B\u00ea\u0300 m\u0103\u0323t \u0111\u01b0\u01a1\u0323c la\u0300m t\u01b0\u0300 INOX 304 v\u1edbi b\u1ec1 m\u1eb7t lu\u00f4n s\u00e1ng b\u00f3ng, kh\u00f4ng b\u1ecb g\u1ec9 s\u00e9t, ch\u1ecbu \u0111\u01b0\u1ee3c l\u1ef1c t\u00e1c \u0111\u1ed9ng b\u1ec1 m\u1eb7t l\u1edbn, kh\u00f4ng b\u1ecb cong v\u00eanh hay m\u00f3p m\u00e9o , Lo\u0303i thoa\u0301t sa\u0300n \u0111\u01b0\u01a1\u0323c la\u0300m t\u01b0\u0300 \u0111\u00f4\u0300ng b\u00ea\u0300n bi\u0309<\/p>\n<p>\u2013 Ph\u1ec5u tho\u00e1t s\u00e0n \u0111\u01b0\u1ee3c thi\u1ebft k\u1ebf th\u00f4ng minh gi\u00fap m\u00f9i h\u00f4i t\u1eeb \u0111\u01b0\u1eddng \u1ed1ng kh\u00f4ng th\u1ec3 x\u00f4ng l\u00ean g\u00e2y r\u1eafc r\u1ed1i cho b\u1ea1n.<br \/>\n\u2013 C\u00f3 2 l\u1edbp l\u01b0\u1edbi l\u1ecdc ng\u0103n t\u00f3c, r\u00e1c\u2026 l\u1ecdt xu\u1ed1ng \u0111\u01b0\u1eddng \u1ed1ng g\u00e2y t\u1eafc c\u1ed1ng.<br \/>\n\u2013 C\u00f3 th\u1ec3 th\u00e1o r\u1eddi t\u1ea5t c\u1ea3 c\u00e1c chi ti\u1ebft \u0111\u1ec3 v\u1ec7 sinh ho\u1eb7c khi c\u1ea7n x\u1ea3 n\u01b0\u1edbc nhanh.<br \/>\n\u2013 Ph\u1ec5u tho\u00e1t s\u00e0n ch\u1ed1ng m\u00f9i h\u00f4i c\u00f3 \u00d835mm ph\u00f9 h\u1ee3p v\u1edbi c\u00e1c \u0111\u01b0\u1eddng \u1ed1ng tho\u00e1t n\u01b0\u1edbc c\u00f3 \u00d840mm-&gt;\u00d890mm.<\/p>\n","protected":false},"excerpt":{"rendered":"<p>GA THOA\u0301T SA\u0300N \u0110A N\u0102NG<br \/>\nDU\u0300NG \u0110\u01af\u01a0\u0323C CHO T\u00c2\u0301T CA\u0309 CA\u0301C \u0110\u01af\u01a0\u0300NG \u00d4\u0301NG \u00d840mm-&gt;\u00d890mm<br \/>\nB\u1ea2O H\u00c0NH 05 N\u0102M<\/p>\n","protected":false},"featured_media":304,"comment_status":"open","ping_status":"closed","template":"","meta":[],"_links":{"self":[{"href":"https:\/\/webmaibinh.com\/w\/noithat182011\/wp-json\/wp\/v2\/product\/303"}],"collection":[{"href":"https:\/\/webmaibinh.com\/w\/noithat182011\/wp-json\/wp\/v2\/product"}],"about":[{"href":"https:\/\/webmaibinh.com\/w\/noithat182011\/wp-json\/wp\/v2\/types\/product"}],"replies":[{"embeddable":true,"href":"https:\/\/webmaibinh.com\/w\/noithat182011\/wp-json\/wp\/v2\/comments?post=303"}],"wp:featuredmedia":[{"embeddable":true,"href":"https:\/\/webmaibinh.com\/w\/noithat182011\/wp-json\/wp\/v2\/media\/304"}],"wp:attachment":[{"href":"https:\/\/webmaibinh.com\/w\/noithat182011\/wp-json\/wp\/v2\/media?parent=303"}],"curies":[{"name":"wp","href":"https:\/\/api.w.org\/{rel}","templated":true}]}}