{"id":295,"date":"2019-08-05T11:34:57","date_gmt":"2019-08-05T04:34:57","guid":{"rendered":"http:\/\/localhost\/teady.com.vn\/chi-tiet\/bo-phu-kien-6-mon-cao-cap-diamond"},"modified":"2019-08-05T11:34:57","modified_gmt":"2019-08-05T04:34:57","slug":"bo-phu-kien-6-mon-cao-cap-diamond","status":"publish","type":"product","link":"https:\/\/webmaibinh.com\/w\/noithat182011\/san-pham\/bo-phu-kien-6-mon-cao-cap-diamond\/","title":{"rendered":"B\u1ed8 PH\u1ee4 KI\u1ec6N 6 M\u00d3N CAO C\u00c2\u0301P DIAMOND"},"content":{"rendered":"<div id=\"product-1042\" readability=\"29.310975609756\">\n<div class=\"summary entry-summary\">\n<p class=\"price\">Li\u00ean h\u1ec7<\/p>\n<div class=\"woocommerce-product-details__short-description\">\n<h3>B\u1ed9 ph\u1ee5 ki\u1ec7n ph\u00f2ng t\u1eafm\u00a0<strong>6<\/strong>\u00a0m\u00f3n<strong>\u00a0g\u00f4\u0300m :<\/strong><\/h3>\n<ol>\n<li>Mo\u0301c treo kh\u0103n<\/li>\n<li>K\u1ec7 x\u00e0 ph\u00f2ng lan<\/li>\n<li>K\u1ec7 c\u1ed1c<\/li>\n<li>L\u00f4 gi\u1ea5y v\u1ec7 sinh<\/li>\n<li>Thanh v\u1eaft kh\u0103n<\/li>\n<li>M\u00f3c treo \u0111\u1ed3<\/li>\n<\/ol>\n<\/div><\/div>\n<div class=\"woocommerce-tabs wc-tabs-wrapper\" readability=\"13.668639053254\">\n<h2 class=\"woocommerce-description-title\">M\u00f4 t\u1ea3<\/h2>\n<h3>\u2013\u00a0<b>Ch\u1ea5t li\u1ec7u INOX 304 ma\u0323 va\u0300ng<\/b>\u00a0\u2013 kh\u00f4ng b\u1ecb g\u1ec9 s\u00e9t.<br \/>\u2013 S\u00e1ng v\u0129nh vi\u1ec5n, kh\u00f4ng b\u1ecb bong tr\u00f3c trong qu\u00e1 tr\u00ecnh s\u1eed d\u1ee5ng.<br \/>\u2013 Ch\u1ecbu \u0111\u01b0\u1ee3c l\u1ef1c l\u1edbn, kh\u00f3 b\u1ecb m\u00f3p m\u00e9o, g\u00e3y.<br \/>\u2013 Thi\u1ebft k\u1ebf tinh t\u1ebf, sang tr\u1ecdng ph\u00f9 h\u1ee3p cho m\u1ecdi c\u00f4ng tr\u00ecnh.<br \/>\u2013 Ch\u1ebf \u0111\u1ed9 b\u1ea3o h\u00e0nh 36 tha\u0301ng<\/h3>\n<\/p><\/div>\n<section class=\"related\">\n<\/section>\n<\/div>\n","protected":false},"excerpt":{"rendered":"<p>B\u1ed9 ph\u1ee5 ki\u1ec7n ph\u00f2ng t\u1eafm\u00a06\u00a0m\u00f3n\u00a0g\u00f4\u0300m :<\/p>\n<p>Mo\u0301c treo kh\u0103n<br \/>\nK\u1ec7 x\u00e0 ph\u00f2ng lan<br \/>\nK\u1ec7 c\u1ed1c<br \/>\nL\u00f4 gi\u1ea5y v\u1ec7 sinh<br \/>\nThanh v\u1eaft kh\u0103n<br \/>\nM\u00f3c treo \u0111\u1ed3<\/p>\n","protected":false},"featured_media":296,"comment_status":"open","ping_status":"closed","template":"","meta":[],"_links":{"self":[{"href":"https:\/\/webmaibinh.com\/w\/noithat182011\/wp-json\/wp\/v2\/product\/295"}],"collection":[{"href":"https:\/\/webmaibinh.com\/w\/noithat182011\/wp-json\/wp\/v2\/product"}],"about":[{"href":"https:\/\/webmaibinh.com\/w\/noithat182011\/wp-json\/wp\/v2\/types\/product"}],"replies":[{"embeddable":true,"href":"https:\/\/webmaibinh.com\/w\/noithat182011\/wp-json\/wp\/v2\/comments?post=295"}],"wp:featuredmedia":[{"embeddable":true,"href":"https:\/\/webmaibinh.com\/w\/noithat182011\/wp-json\/wp\/v2\/media\/296"}],"wp:attachment":[{"href":"https:\/\/webmaibinh.com\/w\/noithat182011\/wp-json\/wp\/v2\/media?parent=295"}],"curies":[{"name":"wp","href":"https:\/\/api.w.org\/{rel}","templated":true}]}}