{"id":293,"date":"2019-08-05T11:44:14","date_gmt":"2019-08-05T04:44:14","guid":{"rendered":"http:\/\/localhost\/teady.com.vn\/chi-tiet\/bo%cc%a3-day-bat-sen-tang-ap-02"},"modified":"2019-08-05T11:44:14","modified_gmt":"2019-08-05T04:44:14","slug":"bo%cc%a3-day-bat-sen-tang-ap-02","status":"publish","type":"product","link":"https:\/\/webmaibinh.com\/w\/noithat182011\/san-pham\/bo%cc%a3-day-bat-sen-tang-ap-02\/","title":{"rendered":"B\u00d4\u0323 D\u00c2Y B\u00c1T SEN T\u0102NG \u00c1P 02"},"content":{"rendered":"<p>D\u00e2y v\u00f2i sen t\u0103ng a\u0301p ch\u1ed1ng xo\u1eafn d\u00f9ng thay th\u1ebf cho d\u00e2y sen c\u0169 b\u1ecb h\u1ecfng.\u0110\u1ed9 d\u00e0i: 150cmC\u1ea5u t\u1ea1o 2 l\u1edbp: L\u1edbp b\u00ean trong l\u00e0 cao su d\u1ebbo ch\u1ecbu nhi\u1ec7t si\u00eau b\u1ec1n, b\u00ean ngo\u00e0i l\u00e0 h\u1ee3p kim m\u1ea1 crom b\u1ec1n \u0111\u1eb9pThi\u1ebft k\u1ebf \u0111\u1ea7u \u1ed1c ti\u00eau chu\u1ea9n c\u00f3 th\u1ec3 d\u1ec5 d\u00e0ng thay th\u1ebf cho t\u1ea5t c\u1ea3 c\u00e1c lo\u1ea1i v\u00f2i sen kh\u00e1c nhau.B\u00e1t sen t\u0103ng \u00e1pT\u0103ng \u00e1p l\u1ef1c h\u01a1n 300%, th\u00edch h\u1ee3p cho m\u1ecdi gia \u0111\u00ecnh, nh\u1ea5t l\u00e0 nh\u1eefng ph\u00f2ng t\u1eafm c\u00f3 \u00e1p l\u1ef1c n\u01b0\u1edbc y\u1ebfu.Ti\u1ebft ki\u1ec7m 30% n\u01b0\u1edbcCh\u00f9m t\u1eafm r\u1ed9ngKi\u1ec3u d\u00e1ng sang tr\u1ecdngV\u1eadt li\u1ec7u m\u1ea1 inox 304 si\u00eau b\u1ec1n, s\u00e1ng b\u00f3ng<\/p>\n","protected":false},"excerpt":{"rendered":"<p>B\u00f4\u0323 sa\u0309n ph\u00e2\u0309m bao g\u00f4\u0300m :<\/p>\n<p>Tay sen<br \/>\nCa\u0300i sen<br \/>\nD\u00e2y sen<\/p>\n","protected":false},"featured_media":294,"comment_status":"open","ping_status":"closed","template":"","meta":[],"_links":{"self":[{"href":"https:\/\/webmaibinh.com\/w\/noithat182011\/wp-json\/wp\/v2\/product\/293"}],"collection":[{"href":"https:\/\/webmaibinh.com\/w\/noithat182011\/wp-json\/wp\/v2\/product"}],"about":[{"href":"https:\/\/webmaibinh.com\/w\/noithat182011\/wp-json\/wp\/v2\/types\/product"}],"replies":[{"embeddable":true,"href":"https:\/\/webmaibinh.com\/w\/noithat182011\/wp-json\/wp\/v2\/comments?post=293"}],"wp:featuredmedia":[{"embeddable":true,"href":"https:\/\/webmaibinh.com\/w\/noithat182011\/wp-json\/wp\/v2\/media\/294"}],"wp:attachment":[{"href":"https:\/\/webmaibinh.com\/w\/noithat182011\/wp-json\/wp\/v2\/media?parent=293"}],"curies":[{"name":"wp","href":"https:\/\/api.w.org\/{rel}","templated":true}]}}