{"id":208,"date":"2019-08-05T11:19:06","date_gmt":"2019-08-05T04:19:06","guid":{"rendered":"http:\/\/localhost\/teady.com.vn\/chi-tiet\/voi-chau-rua-mat-lavabo-duong-ban-ma-den-v303b"},"modified":"2019-08-05T11:19:06","modified_gmt":"2019-08-05T04:19:06","slug":"voi-chau-rua-mat-lavabo-duong-ban-ma-den-v303b","status":"publish","type":"product","link":"https:\/\/webmaibinh.com\/w\/noithat182011\/san-pham\/voi-chau-rua-mat-lavabo-duong-ban-ma-den-v303b\/","title":{"rendered":"V\u00d2I CH\u1eacU R\u1eecA M\u1eb6T LAVABO D\u01af\u01a0NG B\u00c0N M\u1ea0 \u0110EN V303B"},"content":{"rendered":"<div id=\"tab-description\" role=\"tabpanel\" aria-labelledby=\"tab-title-description\" readability=\"42\">\n<h2 class=\"woocommerce-description-title\">M\u00f4 t\u1ea3<\/h2>\n<p><span><strong>V\u00d2I CH\u1eacU R\u1eecA M\u1eb6T LAVABO CONG TH\u00c2N \u0110EN V\u00c0NG.<\/strong><\/span><\/p>\n<p>\u2013 Chi\u1ec1u cao 30cm th\u00edch h\u1ee3p g\u1eafn tr\u00ean ch\u1eadu , tr\u00ean b\u00e0n<\/p>\n<p>\u2013 Ch\u1ea5t li\u1ec7u \u0111\u01b0\u1ee3c l\u00e0m t\u1eeb \u0111\u1ed3ng thau. Kh\u00f4ng nhi\u1ec3m ch\u00ec an to\u00e0n v\u1edbi s\u1ee9c kh\u1ecfe<\/p>\n<p>\u2013 B\u1ec1 m\u1eb7t s\u1ea3n ph\u1ea9m s\u1eed d\u1ee5ng c\u00f4ng ngh\u1ec7 m\u1ea1 nano s\u01a1n t\u0129nh \u0111i\u1ec7n , ch\u1ed1ng b\u00e1m b\u1ea9n, \u0111\u1ed9 b\u1ec1n cao.<\/p>\n<p><span><strong>B\u1ea2O H\u00c0NH 5 N\u0102M<\/strong><\/span><\/p>\n<\/p><\/div>\n","protected":false},"excerpt":{"rendered":"<p>MSP : V303B<br \/>\nB\u1ea2O H\u00c0NH 05 N\u0102M<\/p>\n","protected":false},"featured_media":209,"comment_status":"open","ping_status":"closed","template":"","meta":[],"_links":{"self":[{"href":"https:\/\/webmaibinh.com\/w\/noithat182011\/wp-json\/wp\/v2\/product\/208"}],"collection":[{"href":"https:\/\/webmaibinh.com\/w\/noithat182011\/wp-json\/wp\/v2\/product"}],"about":[{"href":"https:\/\/webmaibinh.com\/w\/noithat182011\/wp-json\/wp\/v2\/types\/product"}],"replies":[{"embeddable":true,"href":"https:\/\/webmaibinh.com\/w\/noithat182011\/wp-json\/wp\/v2\/comments?post=208"}],"wp:featuredmedia":[{"embeddable":true,"href":"https:\/\/webmaibinh.com\/w\/noithat182011\/wp-json\/wp\/v2\/media\/209"}],"wp:attachment":[{"href":"https:\/\/webmaibinh.com\/w\/noithat182011\/wp-json\/wp\/v2\/media?parent=208"}],"curies":[{"name":"wp","href":"https:\/\/api.w.org\/{rel}","templated":true}]}}