{"id":196,"date":"2019-08-05T11:18:22","date_gmt":"2019-08-05T04:18:22","guid":{"rendered":"http:\/\/localhost\/teady.com.vn\/chi-tiet\/voi-than-cao-ma-vang-v218b"},"modified":"2019-08-05T11:18:22","modified_gmt":"2019-08-05T04:18:22","slug":"voi-than-cao-ma-vang-v218b","status":"publish","type":"product","link":"https:\/\/webmaibinh.com\/w\/noithat182011\/san-pham\/voi-than-cao-ma-vang-v218b\/","title":{"rendered":"V\u00d2I  TH\u00c2N CAO M\u1ea0 V\u00c0NG V218B"},"content":{"rendered":"<div id=\"tab-description\" role=\"tabpanel\" aria-labelledby=\"tab-title-description\" readability=\"37\">\n<h2 class=\"woocommerce-description-title\">M\u00f4 t\u1ea3<\/h2>\n<p><strong><span>V\u00d2I CH\u1eacU LAVABO TH\u00c2N CAO V218B<\/span><\/strong><\/p>\n<p><strong><span>V\u00f2i Ch\u1eadu V218 V\u1edbi ch\u1ea5t li\u1ec7u inox 304 v\u00e0 \u0111\u1ed3ng m\u1ea1 crom ( Chi\u1ec1u d\u00e0i 30cm )<\/span><\/strong><\/p>\n<p><strong><span>S\u1ea3n ph\u1ea9m n\u00e0y \u0111em l\u1ea1i s\u1ef1 sang tr\u1ecdng qu\u00fd ph\u00e1i t\u00f4n n\u1ec1n cho kh\u00f4ng gian ph\u00f2ng t\u1eafm trong gia \u0111\u00ecnh b\u1ea1n<\/span><\/strong><\/p>\n<p><span><strong>B\u1ea2O H\u00c0NH 05 N\u0102M\u00a0<\/strong><\/span><\/p>\n<\/p><\/div>\n","protected":false},"excerpt":{"rendered":"<p>MSP : V218B<br \/>\nB\u1ea2O H\u00c0NH 05 N\u0102M\u00a0<\/p>\n","protected":false},"featured_media":197,"comment_status":"open","ping_status":"closed","template":"","meta":[],"_links":{"self":[{"href":"https:\/\/webmaibinh.com\/w\/noithat182011\/wp-json\/wp\/v2\/product\/196"}],"collection":[{"href":"https:\/\/webmaibinh.com\/w\/noithat182011\/wp-json\/wp\/v2\/product"}],"about":[{"href":"https:\/\/webmaibinh.com\/w\/noithat182011\/wp-json\/wp\/v2\/types\/product"}],"replies":[{"embeddable":true,"href":"https:\/\/webmaibinh.com\/w\/noithat182011\/wp-json\/wp\/v2\/comments?post=196"}],"wp:featuredmedia":[{"embeddable":true,"href":"https:\/\/webmaibinh.com\/w\/noithat182011\/wp-json\/wp\/v2\/media\/197"}],"wp:attachment":[{"href":"https:\/\/webmaibinh.com\/w\/noithat182011\/wp-json\/wp\/v2\/media?parent=196"}],"curies":[{"name":"wp","href":"https:\/\/api.w.org\/{rel}","templated":true}]}}