{"id":1131,"date":"2019-08-08T10:05:34","date_gmt":"2019-08-08T03:05:34","guid":{"rendered":"http:\/\/demo6.muathemewordpress.net\/?post_type=product&#038;p=1131"},"modified":"2019-08-08T10:27:44","modified_gmt":"2019-08-08T03:27:44","slug":"bo%cc%a3-phu%cc%a3-kie%cc%a3n-tu%cc%89-bep-cao-cap-pkb01","status":"publish","type":"product","link":"https:\/\/webmaibinh.com\/w\/noithat182011\/san-pham\/bo%cc%a3-phu%cc%a3-kie%cc%a3n-tu%cc%89-bep-cao-cap-pkb01\/","title":{"rendered":"B\u00d4\u0323 PHU\u0323 KI\u00ca\u0323N TU\u0309 B\u00ca\u0301P CAO C\u00c2\u0301P PKB01"},"content":{"rendered":"<p>Ph\u1ee5 ki\u1ec7n tu\u0309 b\u00ea\u0301p cao c\u00e2\u0301p<\/p>\n<p>Ch\u00e2\u0301t li\u1ec7u s\u1ea3n xu\u1ea5t: Nh\u00f4m cao c\u00e2\u0301p s\u01a1n ti\u0303nh \u0111i\u00ea\u0323n<\/p>\n<p>Ma\u0300u s\u0103\u0301c : \u0110en<\/p>\n<p>C\u00f4ng d\u1ee5ng: \u0110\u1ec3 l\u1ecd gia v\u1ecb, chai nh\u1ecf, \u0111\u1ec3 th\u00eca \u0111\u0169a, treo dao k\u00e9o, kh\u0103n lau, \u0111\u1ec3 vung xong n\u1ed3i\u2026<\/p>\n<p>L\u1eafp \u0111\u1eb7t: Vi\u0301t treo ho\u0103\u0323c da\u0301n tr\u00ean t\u01b0\u1eddng b\u00ean d\u01b0\u1edbi t\u1ee7 b\u1ebfp tr\u00ean<\/p>\n<p>Ph\u1ee5 ki\u1ec7n t\u1ee7 b\u1ebfp treo t\u01b0\u1eddng c\u00f3 th\u1ec3 t\u00e1ch r\u1eddi th\u00e0nh t\u1eebng m\u00f3n ph\u1ee5 ki\u1ec7n theo c\u00f4ng d\u1ee5ng ho\u1eb7c k\u1ebft h\u1ee3p nhi\u1ec1u m\u00f3n ph\u1ee5 ki\u1ec7n kh\u00e1c nhau \u0111\u1ec3 t\u1ea1o th\u00e0nh b\u1ed9 ph\u1ee5 ki\u1ec7n t\u1ee7 b\u1ebfp inox t\u00f9y theo nhu c\u1ea7u s\u1eed d\u1ee5ng v\u00e0 ph\u1ea1m vi n\u01a1i l\u1eafp \u0111\u1eb7t s\u1ea3n ph\u1ea9m.<\/p>\n<p>S\u1ea3n ph\u1ea9m ph\u1ee5 ki\u1ec7n t\u1ee7 b\u1ebfp inox treo tr\u00ean t\u01b0\u1eddng c\u00f3 c\u00e1c lo\u1ea1i ph\u1ee5 ki\u1ec7n sau:<\/p>\n<p>+ Gi\u00e1 treo \u0111\u1ec3 gia v\u1ecb 2 t\u1ea7ng<\/p>\n<p>+ Gi\u00e1 \u0111\u00ea\u0309 \u1ed1ng th\u00eca \u0111\u0169a treo<\/p>\n<p>+ Gi\u00e1 c\u00e0i dao th\u1edbt<\/p>\n<p>+ Gia\u0301 ca\u0300i n\u0103\u0301p xoong n\u00f4\u0300i<\/p>\n<p>+ Mo\u0301c treo<\/p>\n","protected":false},"excerpt":{"rendered":"<p>Ph\u1ee5 ki\u1ec7n tu\u0309 b\u00ea\u0301p cao c\u00e2\u0301p Ch\u00e2\u0301t li\u1ec7u s\u1ea3n xu\u1ea5t: Nh\u00f4m cao c\u00e2\u0301p s\u01a1n ti\u0303nh \u0111i\u00ea\u0323n Ma\u0300u s\u0103\u0301c : \u0110en C\u00f4ng d\u1ee5ng: \u0110\u1ec3 l\u1ecd gia v\u1ecb, chai nh\u1ecf, \u0111\u1ec3 th\u00eca \u0111\u0169a, treo dao k\u00e9o, kh\u0103n lau, \u0111\u1ec3 vung xong n\u1ed3i\u2026 L\u1eafp \u0111\u1eb7t: Vi\u0301t treo ho\u0103\u0323c da\u0301n tr\u00ean t\u01b0\u1eddng b\u00ean d\u01b0\u1edbi t\u1ee7 b\u1ebfp tr\u00ean Ph\u1ee5 ki\u1ec7n&#8230;<\/p>\n","protected":false},"featured_media":1132,"comment_status":"open","ping_status":"closed","template":"","meta":[],"_links":{"self":[{"href":"https:\/\/webmaibinh.com\/w\/noithat182011\/wp-json\/wp\/v2\/product\/1131"}],"collection":[{"href":"https:\/\/webmaibinh.com\/w\/noithat182011\/wp-json\/wp\/v2\/product"}],"about":[{"href":"https:\/\/webmaibinh.com\/w\/noithat182011\/wp-json\/wp\/v2\/types\/product"}],"replies":[{"embeddable":true,"href":"https:\/\/webmaibinh.com\/w\/noithat182011\/wp-json\/wp\/v2\/comments?post=1131"}],"wp:featuredmedia":[{"embeddable":true,"href":"https:\/\/webmaibinh.com\/w\/noithat182011\/wp-json\/wp\/v2\/media\/1132"}],"wp:attachment":[{"href":"https:\/\/webmaibinh.com\/w\/noithat182011\/wp-json\/wp\/v2\/media?parent=1131"}],"curies":[{"name":"wp","href":"https:\/\/api.w.org\/{rel}","templated":true}]}}