{"id":348,"date":"2019-09-10T14:59:53","date_gmt":"2019-09-10T14:59:53","guid":{"rendered":"http:\/\/demo19.muathemewordpress.net\/product\/ban-trang-diem-dep-ban-trang-diem-xam-xanh-04-ban-trang-diem-btdxx04\/"},"modified":"2019-09-10T15:00:08","modified_gmt":"2019-09-10T15:00:08","slug":"ban-trang-diem-dep-ban-trang-diem-xam-xanh-04-ban-trang-diem-btdxx04","status":"publish","type":"product","link":"https:\/\/webmaibinh.com\/w\/noithat152011\/san-pham\/ban-trang-diem-dep-ban-trang-diem-xam-xanh-04-ban-trang-diem-btdxx04\/","title":{"rendered":"B\u00e0n Trang \u0110i\u1ec3m \u0110\u1eb9p, B\u00e0n Trang \u0110i\u1ec3m X\u00e1m Xanh 04, B\u00e0n Trang \u0110i\u1ec3m BTDXX04"},"content":{"rendered":"","protected":false},"excerpt":{"rendered":"","protected":false},"featured_media":349,"comment_status":"open","ping_status":"closed","template":"","meta":[],"_links":{"self":[{"href":"https:\/\/webmaibinh.com\/w\/noithat152011\/wp-json\/wp\/v2\/product\/348"}],"collection":[{"href":"https:\/\/webmaibinh.com\/w\/noithat152011\/wp-json\/wp\/v2\/product"}],"about":[{"href":"https:\/\/webmaibinh.com\/w\/noithat152011\/wp-json\/wp\/v2\/types\/product"}],"replies":[{"embeddable":true,"href":"https:\/\/webmaibinh.com\/w\/noithat152011\/wp-json\/wp\/v2\/comments?post=348"}],"wp:featuredmedia":[{"embeddable":true,"href":"https:\/\/webmaibinh.com\/w\/noithat152011\/wp-json\/wp\/v2\/media\/349"}],"wp:attachment":[{"href":"https:\/\/webmaibinh.com\/w\/noithat152011\/wp-json\/wp\/v2\/media?parent=348"}],"curies":[{"name":"wp","href":"https:\/\/api.w.org\/{rel}","templated":true}]}}