{"id":336,"date":"2019-09-10T14:59:11","date_gmt":"2019-09-10T14:59:11","guid":{"rendered":"http:\/\/demo19.muathemewordpress.net\/product\/ban-trang-diem-xam-xanh-ban-trang-diem-mau-sac-tuoi-sang-ban-trang-diem-lam-lam-btdll\/"},"modified":"2019-09-10T14:59:17","modified_gmt":"2019-09-10T14:59:17","slug":"ban-trang-diem-xam-xanh-ban-trang-diem-mau-sac-tuoi-sang-ban-trang-diem-lam-lam-btdll","status":"publish","type":"product","link":"https:\/\/webmaibinh.com\/w\/noithat152011\/san-pham\/ban-trang-diem-xam-xanh-ban-trang-diem-mau-sac-tuoi-sang-ban-trang-diem-lam-lam-btdll\/","title":{"rendered":"B\u00e0n Trang \u0110i\u1ec3m X\u00e1m Xanh, B\u00e0n Trang \u0110i\u1ec3m M\u00e0u S\u1eafc T\u01b0\u01a1i S\u00e1ng, B\u00e0n Trang \u0110i\u1ec3m L\u00e2m L\u00e2m BTDLL"},"content":{"rendered":"","protected":false},"excerpt":{"rendered":"","protected":false},"featured_media":337,"comment_status":"open","ping_status":"closed","template":"","meta":[],"_links":{"self":[{"href":"https:\/\/webmaibinh.com\/w\/noithat152011\/wp-json\/wp\/v2\/product\/336"}],"collection":[{"href":"https:\/\/webmaibinh.com\/w\/noithat152011\/wp-json\/wp\/v2\/product"}],"about":[{"href":"https:\/\/webmaibinh.com\/w\/noithat152011\/wp-json\/wp\/v2\/types\/product"}],"replies":[{"embeddable":true,"href":"https:\/\/webmaibinh.com\/w\/noithat152011\/wp-json\/wp\/v2\/comments?post=336"}],"wp:featuredmedia":[{"embeddable":true,"href":"https:\/\/webmaibinh.com\/w\/noithat152011\/wp-json\/wp\/v2\/media\/337"}],"wp:attachment":[{"href":"https:\/\/webmaibinh.com\/w\/noithat152011\/wp-json\/wp\/v2\/media?parent=336"}],"curies":[{"name":"wp","href":"https:\/\/api.w.org\/{rel}","templated":true}]}}