{"id":310,"date":"2019-09-10T14:56:41","date_gmt":"2019-09-10T14:56:41","guid":{"rendered":"http:\/\/demo19.muathemewordpress.net\/product\/dong-ho-phat-tai-dong-ho-cu-cai-dong-ho-la-truc-dong-ho-phong-cach-bac-au\/"},"modified":"2019-09-10T14:56:46","modified_gmt":"2019-09-10T14:56:46","slug":"dong-ho-phat-tai-dong-ho-cu-cai-dong-ho-la-truc-dong-ho-phong-cach-bac-au","status":"publish","type":"product","link":"https:\/\/webmaibinh.com\/w\/noithat152011\/san-pham\/dong-ho-phat-tai-dong-ho-cu-cai-dong-ho-la-truc-dong-ho-phong-cach-bac-au\/","title":{"rendered":"\u0110\u1ed3ng h\u1ed3 ph\u00e1t t\u00e0i, \u0111\u1ed3ng h\u1ed3 c\u1ee7 c\u1ea3i, \u0111\u1ed3ng h\u1ed3 l\u00e1 tr\u00fac, \u0111\u1ed3ng h\u1ed3 phong c\u00e1ch b\u1eafc \u00e2u"},"content":{"rendered":"","protected":false},"excerpt":{"rendered":"","protected":false},"featured_media":312,"comment_status":"open","ping_status":"closed","template":"","meta":[],"_links":{"self":[{"href":"https:\/\/webmaibinh.com\/w\/noithat152011\/wp-json\/wp\/v2\/product\/310"}],"collection":[{"href":"https:\/\/webmaibinh.com\/w\/noithat152011\/wp-json\/wp\/v2\/product"}],"about":[{"href":"https:\/\/webmaibinh.com\/w\/noithat152011\/wp-json\/wp\/v2\/types\/product"}],"replies":[{"embeddable":true,"href":"https:\/\/webmaibinh.com\/w\/noithat152011\/wp-json\/wp\/v2\/comments?post=310"}],"wp:featuredmedia":[{"embeddable":true,"href":"https:\/\/webmaibinh.com\/w\/noithat152011\/wp-json\/wp\/v2\/media\/312"}],"wp:attachment":[{"href":"https:\/\/webmaibinh.com\/w\/noithat152011\/wp-json\/wp\/v2\/media?parent=310"}],"curies":[{"name":"wp","href":"https:\/\/api.w.org\/{rel}","templated":true}]}}