{"id":307,"date":"2019-09-10T14:56:34","date_gmt":"2019-09-10T14:56:34","guid":{"rendered":"http:\/\/demo19.muathemewordpress.net\/product\/dong-ho-trai-cay-dong-ho-trai-cam-dong-ho-dua-hau-dong-ho-kiwi\/"},"modified":"2019-09-10T14:56:38","modified_gmt":"2019-09-10T14:56:38","slug":"dong-ho-trai-cay-dong-ho-trai-cam-dong-ho-dua-hau-dong-ho-kiwi","status":"publish","type":"product","link":"https:\/\/webmaibinh.com\/w\/noithat152011\/san-pham\/dong-ho-trai-cay-dong-ho-trai-cam-dong-ho-dua-hau-dong-ho-kiwi\/","title":{"rendered":"\u0110\u1ed3ng h\u1ed3 tr\u00e1i c\u00e2y, \u0111\u1ed3ng h\u1ed3 tr\u00e1i cam, \u0111\u1ed3ng h\u1ed3 d\u01b0a h\u1ea5u, \u0111\u1ed3ng h\u1ed3 kiwi"},"content":{"rendered":"","protected":false},"excerpt":{"rendered":"","protected":false},"featured_media":308,"comment_status":"open","ping_status":"closed","template":"","meta":[],"_links":{"self":[{"href":"https:\/\/webmaibinh.com\/w\/noithat152011\/wp-json\/wp\/v2\/product\/307"}],"collection":[{"href":"https:\/\/webmaibinh.com\/w\/noithat152011\/wp-json\/wp\/v2\/product"}],"about":[{"href":"https:\/\/webmaibinh.com\/w\/noithat152011\/wp-json\/wp\/v2\/types\/product"}],"replies":[{"embeddable":true,"href":"https:\/\/webmaibinh.com\/w\/noithat152011\/wp-json\/wp\/v2\/comments?post=307"}],"wp:featuredmedia":[{"embeddable":true,"href":"https:\/\/webmaibinh.com\/w\/noithat152011\/wp-json\/wp\/v2\/media\/308"}],"wp:attachment":[{"href":"https:\/\/webmaibinh.com\/w\/noithat152011\/wp-json\/wp\/v2\/media?parent=307"}],"curies":[{"name":"wp","href":"https:\/\/api.w.org\/{rel}","templated":true}]}}