{"id":281,"date":"2019-09-10T14:46:56","date_gmt":"2019-09-10T14:46:56","guid":{"rendered":"http:\/\/demo19.muathemewordpress.net\/product\/ke-sach-dep-moi-nhat-tu-sach-xam-xanh-gia-re-ksxx02\/"},"modified":"2019-09-10T14:53:51","modified_gmt":"2019-09-10T14:53:51","slug":"ke-sach-dep-moi-nhat-tu-sach-xam-xanh-gia-re-ksxx02","status":"publish","type":"product","link":"https:\/\/webmaibinh.com\/w\/noithat152011\/san-pham\/ke-sach-dep-moi-nhat-tu-sach-xam-xanh-gia-re-ksxx02\/","title":{"rendered":"K\u1ec7 S\u00e1ch \u0110\u1eb9p M\u1edbi Nh\u1ea5t, T\u1ee7 S\u00e1ch X\u00e1m Xanh Gi\u00e1 R\u1ebb, KSXX02"},"content":{"rendered":"","protected":false},"excerpt":{"rendered":"","protected":false},"featured_media":282,"comment_status":"open","ping_status":"closed","template":"","meta":[],"_links":{"self":[{"href":"https:\/\/webmaibinh.com\/w\/noithat152011\/wp-json\/wp\/v2\/product\/281"}],"collection":[{"href":"https:\/\/webmaibinh.com\/w\/noithat152011\/wp-json\/wp\/v2\/product"}],"about":[{"href":"https:\/\/webmaibinh.com\/w\/noithat152011\/wp-json\/wp\/v2\/types\/product"}],"replies":[{"embeddable":true,"href":"https:\/\/webmaibinh.com\/w\/noithat152011\/wp-json\/wp\/v2\/comments?post=281"}],"wp:featuredmedia":[{"embeddable":true,"href":"https:\/\/webmaibinh.com\/w\/noithat152011\/wp-json\/wp\/v2\/media\/282"}],"wp:attachment":[{"href":"https:\/\/webmaibinh.com\/w\/noithat152011\/wp-json\/wp\/v2\/media?parent=281"}],"curies":[{"name":"wp","href":"https:\/\/api.w.org\/{rel}","templated":true}]}}