{"id":275,"date":"2019-09-10T14:44:36","date_gmt":"2019-09-10T14:44:36","guid":{"rendered":"http:\/\/demo19.muathemewordpress.net\/product\/tu-giay-vach-ngan-tu-vach-ngan-buc-binh-phong-tu-giay-xam-xanh-vach-ngan-tgxxvn-2\/"},"modified":"2019-09-11T08:12:32","modified_gmt":"2019-09-11T08:12:32","slug":"tu-giay-vach-ngan-tu-vach-ngan-buc-binh-phong-tu-giay-xam-xanh-vach-ngan-tgxxvn-2","status":"publish","type":"product","link":"https:\/\/webmaibinh.com\/w\/noithat152011\/san-pham\/tu-giay-vach-ngan-tu-vach-ngan-buc-binh-phong-tu-giay-xam-xanh-vach-ngan-tgxxvn-2\/","title":{"rendered":"T\u1ee7 Gi\u00e0y V\u00e1ch Ng\u0103n, T\u1ee7 V\u00e1ch Ng\u0103n, B\u1ee9c B\u00ecnh Phong, T\u1ee7 Gi\u00e0y X\u00e1m Xanh V\u00e1ch Ng\u0103n TGXXVN"},"content":{"rendered":"<p><img class=\"fr-fic fr-dib lazyloaded\" src=\"https:\/\/jemi.vn\/images\/867\/O1CN01a4ypGG1lDZhKbYnvn_!!2429534785.jpg\" data-src=\"https:\/\/jemi.vn\/images\/867\/O1CN01a4ypGG1lDZhKbYnvn_!!2429534785.jpg\" \/><\/p>\n<p><img class=\"fr-fic fr-dib lazyloaded\" src=\"https:\/\/jemi.vn\/images\/917\/O1CN01pBwEUj1lDZhKbP4WC_!!2429534785.jpg\" data-src=\"https:\/\/jemi.vn\/images\/917\/O1CN01pBwEUj1lDZhKbP4WC_!!2429534785.jpg\" \/><\/p>\n<p><img class=\"fr-fic fr-dib lazyloaded\" src=\"https:\/\/jemi.vn\/images\/1030\/1-ban-hoc-thong-minh-mio6.jpg\" data-src=\"https:\/\/jemi.vn\/images\/1030\/1-ban-hoc-thong-minh-mio6.jpg\" \/><\/p>\n<p><img class=\"fr-fic fr-dib lazyloaded\" src=\"https:\/\/jemi.vn\/images\/941\/3.jpg\" data-src=\"https:\/\/jemi.vn\/images\/941\/3.jpg\" \/><\/p>\n<p><img class=\"fr-fic fr-dib lazyloaded\" src=\"https:\/\/jemi.vn\/images\/940\/17.jpg\" data-src=\"https:\/\/jemi.vn\/images\/940\/17.jpg\" \/><\/p>\n<p><img class=\"fr-fic fr-dib lazyloaded\" src=\"https:\/\/jemi.vn\/images\/943\/5.jpg\" data-src=\"https:\/\/jemi.vn\/images\/943\/5.jpg\" \/><\/p>\n<p><img class=\"fr-fic fr-dib lazyloaded\" src=\"https:\/\/jemi.vn\/images\/1031\/ban-hoc-mio-6-thiet-ke-khoa-hoc.jpg\" data-src=\"https:\/\/jemi.vn\/images\/1031\/ban-hoc-mio-6-thiet-ke-khoa-hoc.jpg\" \/><\/p>\n<p><img class=\"fr-fic fr-dib lazyloaded\" src=\"https:\/\/jemi.vn\/images\/945\/7.jpg\" data-src=\"https:\/\/jemi.vn\/images\/945\/7.jpg\" \/><\/p>\n<p><img class=\"fr-fic fr-dib lazyloaded\" src=\"https:\/\/jemi.vn\/images\/1032\/mat-ban-hoc-mio-6-dieu-chinh-nghieng-60-do.jpg\" data-src=\"https:\/\/jemi.vn\/images\/1032\/mat-ban-hoc-mio-6-dieu-chinh-nghieng-60-do.jpg\" \/><\/p>\n<p><img class=\"fr-fic fr-dib lazyloaded\" src=\"https:\/\/jemi.vn\/images\/947\/O1CN01M18H6H1lDZgnmEA5A_!!2429534785.gif\" data-src=\"https:\/\/jemi.vn\/images\/947\/O1CN01M18H6H1lDZgnmEA5A_!!2429534785.gif\" \/><\/p>\n<p><img class=\"fr-fic fr-dib lazyloaded\" src=\"https:\/\/jemi.vn\/images\/1033\/he-thong-khop-nang-ban-hoc-thong-minh-mio-6.jpg\" data-src=\"https:\/\/jemi.vn\/images\/1033\/he-thong-khop-nang-ban-hoc-thong-minh-mio-6.jpg\" \/><\/p>\n<p><img class=\"fr-fic fr-dib ls-is-cached lazyloaded\" src=\"https:\/\/jemi.vn\/images\/962\/2.gif\" data-src=\"https:\/\/jemi.vn\/images\/962\/2.gif\" data-tags=\"\" \/><\/p>\n<p><img class=\"fr-fic fr-dib lazyloaded\" src=\"https:\/\/jemi.vn\/images\/1093\/3.jpg\" data-src=\"https:\/\/jemi.vn\/images\/1093\/3.jpg\" \/><\/p>\n<p><img class=\"fr-fic fr-dib lazyloaded\" src=\"https:\/\/jemi.vn\/images\/1034\/den-ban-hoc-mio-6-thiet-ke-dep-den-led-bao-ve-mat.jpg\" data-src=\"https:\/\/jemi.vn\/images\/1034\/den-ban-hoc-mio-6-thiet-ke-dep-den-led-bao-ve-mat.jpg\" \/><\/p>\n<p><img class=\"fr-fic fr-dib ls-is-cached lazyloaded\" src=\"https:\/\/jemi.vn\/images\/961\/13.jpg\" data-src=\"https:\/\/jemi.vn\/images\/961\/13.jpg\" \/><\/p>\n<p><img class=\"fr-fic fr-dib lazyloaded\" src=\"https:\/\/jemi.vn\/images\/963\/14.jpg\" data-src=\"https:\/\/jemi.vn\/images\/963\/14.jpg\" \/><\/p>\n<p><img class=\"fr-fic fr-dib lazyloaded\" src=\"https:\/\/jemi.vn\/images\/1035\/ban-hoc-mio-6-thiet-ke-ergonomic.jpg\" data-src=\"https:\/\/jemi.vn\/images\/1035\/ban-hoc-mio-6-thiet-ke-ergonomic.jpg\" \/><\/p>\n<p><img class=\"fr-fic fr-dib ls-is-cached lazyloaded\" src=\"https:\/\/jemi.vn\/images\/965\/TB2dEj8tpXXXXXiXpXXXXXXXXXX_!!2261181856.jpg\" data-src=\"https:\/\/jemi.vn\/images\/965\/TB2dEj8tpXXXXXiXpXXXXXXXXXX_!!2261181856.jpg\" \/><\/p>\n<p><img class=\"fr-fic fr-dib lazyloaded\" src=\"https:\/\/jemi.vn\/images\/966\/10.jpg\" data-src=\"https:\/\/jemi.vn\/images\/966\/10.jpg\" \/><\/p>\n<p><img class=\"fr-fic fr-dib lazyloaded\" src=\"https:\/\/jemi.vn\/images\/1036\/ban-hoc-mio-6-ti-mi-tung-chi-tiet.jpg\" data-src=\"https:\/\/jemi.vn\/images\/1036\/ban-hoc-mio-6-ti-mi-tung-chi-tiet.jpg\" \/><\/p>\n<p><img class=\"fr-fic fr-dib lazyloaded\" src=\"https:\/\/jemi.vn\/images\/968\/21.jpg\" data-src=\"https:\/\/jemi.vn\/images\/968\/21.jpg\" \/><\/p>\n<p><img class=\"fr-fic fr-dib lazyloaded\" src=\"https:\/\/jemi.vn\/images\/969\/23jpg.jpg\" data-src=\"https:\/\/jemi.vn\/images\/969\/23jpg.jpg\" \/><\/p>\n<p><img class=\"fr-fic fr-dib ls-is-cached lazyloaded\" src=\"https:\/\/jemi.vn\/images\/973\/22.jpg\" data-src=\"https:\/\/jemi.vn\/images\/973\/22.jpg\" \/><\/p>\n<p><img class=\"fr-fic fr-dib lazyloaded\" src=\"https:\/\/jemi.vn\/images\/970\/24.jpg\" data-src=\"https:\/\/jemi.vn\/images\/970\/24.jpg\" \/><\/p>\n<p><img class=\"fr-fic fr-dib lazyloaded\" src=\"https:\/\/jemi.vn\/images\/971\/25.jpg\" data-src=\"https:\/\/jemi.vn\/images\/971\/25.jpg\" \/><\/p>\n<p><img class=\"fr-fic fr-dib lazyloaded\" src=\"https:\/\/jemi.vn\/images\/972\/26.jpg\" data-src=\"https:\/\/jemi.vn\/images\/972\/26.jpg\" \/><\/p>\n<p><img class=\"fr-fic fr-dib lazyloaded\" src=\"https:\/\/jemi.vn\/images\/979\/17.jpg\" data-src=\"https:\/\/jemi.vn\/images\/979\/17.jpg\" data-tags=\"\" \/><\/p>\n<p><img class=\"fr-fic fr-dib lazyloaded\" src=\"https:\/\/jemi.vn\/images\/980\/18.jpg\" data-src=\"https:\/\/jemi.vn\/images\/980\/18.jpg\" data-tags=\"\" \/><\/p>\n<p><img class=\"fr-fic fr-dib lazyloaded\" src=\"https:\/\/jemi.vn\/images\/982\/27.jpg\" data-src=\"https:\/\/jemi.vn\/images\/982\/27.jpg\" \/><\/p>\n<p><img class=\"fr-fic fr-dib lazyloaded\" src=\"https:\/\/jemi.vn\/images\/981\/15.jpg\" data-src=\"https:\/\/jemi.vn\/images\/981\/15.jpg\" \/><\/p>\n<p><img class=\"fr-fic fr-dib lazyloaded\" src=\"https:\/\/jemi.vn\/images\/977\/16.jpg\" data-src=\"https:\/\/jemi.vn\/images\/977\/16.jpg\" \/><\/p>\n<p><img class=\"fr-fic fr-dib lazyloaded\" src=\"https:\/\/jemi.vn\/images\/1037\/phan-tich-chat-lieu-ban-hoc-thong-minh-mio-6.jpg\" data-src=\"https:\/\/jemi.vn\/images\/1037\/phan-tich-chat-lieu-ban-hoc-thong-minh-mio-6.jpg\" \/><\/p>\n<p><img class=\"fr-fic fr-dib lazyloaded\" src=\"https:\/\/jemi.vn\/images\/1038\/ban-hoc-mio-6-ban-hoc-chong-gu-chat-lieu-go-hdf-chong-am.jpg\" data-src=\"https:\/\/jemi.vn\/images\/1038\/ban-hoc-mio-6-ban-hoc-chong-gu-chat-lieu-go-hdf-chong-am.jpg\" \/><\/p>\n<p><img class=\"fr-fic fr-dib lazyloaded\" src=\"https:\/\/jemi.vn\/images\/1005\/chongtrayofficial.gif\" data-src=\"https:\/\/jemi.vn\/images\/1005\/chongtrayofficial.gif\" \/><\/p>\n<p><img class=\"fr-fic fr-dib lazyloaded\" src=\"https:\/\/jemi.vn\/images\/1007\/lauchuioffcial.gif\" data-src=\"https:\/\/jemi.vn\/images\/1007\/lauchuioffcial.gif\" \/><\/p>\n<p><img class=\"fr-fic fr-dib lazyloaded\" src=\"https:\/\/jemi.vn\/images\/1039\/ban-hoc-thong-minh-cho-be-mio-6-nhua-abs-chat-luong.jpg\" data-src=\"https:\/\/jemi.vn\/images\/1039\/ban-hoc-thong-minh-cho-be-mio-6-nhua-abs-chat-luong.jpg\" \/><\/p>\n<p><img class=\"fr-fic fr-dib lazyloaded\" src=\"https:\/\/jemi.vn\/images\/1012\/36.jpg\" data-src=\"https:\/\/jemi.vn\/images\/1012\/36.jpg\" \/><\/p>\n<p><img class=\"fr-fic fr-dib lazyloaded\" src=\"https:\/\/jemi.vn\/images\/1025\/35.gif\" data-src=\"https:\/\/jemi.vn\/images\/1025\/35.gif\" data-tags=\"\" \/><\/p>\n<p><img class=\"fr-fic fr-dib lazyloaded\" src=\"https:\/\/jemi.vn\/images\/1028\/38.jpg\" data-src=\"https:\/\/jemi.vn\/images\/1028\/38.jpg\" \/><\/p>\n<p><img class=\"fr-fic fr-dib lazyloaded\" src=\"https:\/\/jemi.vn\/images\/1040\/combo-ban-hoc-thong-minh-cho-be-mio-6-gia-uu-dai.jpg\" data-src=\"https:\/\/jemi.vn\/images\/1040\/combo-ban-hoc-thong-minh-cho-be-mio-6-gia-uu-dai.jpg\" \/><\/p>\n<p><img class=\"fr-fic fr-dib lazyloaded\" src=\"https:\/\/jemi.vn\/images\/1105\/37.2.jpg\" data-src=\"https:\/\/jemi.vn\/images\/1105\/37.2.jpg\" \/><\/p>\n<p><img class=\"fr-fic fr-dib lazyloaded\" src=\"https:\/\/jemi.vn\/images\/1041\/1.jpg\" data-src=\"https:\/\/jemi.vn\/images\/1041\/1.jpg\" \/><\/p>\n<p><img class=\"fr-fic fr-dib lazyloaded\" src=\"https:\/\/jemi.vn\/images\/1042\/6.jpg\" data-src=\"https:\/\/jemi.vn\/images\/1042\/6.jpg\" \/><\/p>\n<p><img class=\"fr-fic fr-dib lazyloaded\" src=\"https:\/\/jemi.vn\/images\/1043\/feedback-ban-hoc-mio-6-cho-be.jpg\" data-src=\"https:\/\/jemi.vn\/images\/1043\/feedback-ban-hoc-mio-6-cho-be.jpg\" \/><\/p>\n<p><img class=\"fr-fic fr-dib lazyloaded\" src=\"https:\/\/jemi.vn\/images\/1044\/feedback-ban-hoc-mio-6-cho-be-1.jpg\" data-src=\"https:\/\/jemi.vn\/images\/1044\/feedback-ban-hoc-mio-6-cho-be-1.jpg\" \/><\/p>\n<p><img class=\"fr-fic fr-dib lazyloaded\" src=\"https:\/\/jemi.vn\/images\/1045\/feedback-ban-hoc-mio-6-cho-be-2.jpg\" data-src=\"https:\/\/jemi.vn\/images\/1045\/feedback-ban-hoc-mio-6-cho-be-2.jpg\" \/><\/p>\n","protected":false},"excerpt":{"rendered":"","protected":false},"featured_media":276,"comment_status":"open","ping_status":"closed","template":"","meta":[],"_links":{"self":[{"href":"https:\/\/webmaibinh.com\/w\/noithat152011\/wp-json\/wp\/v2\/product\/275"}],"collection":[{"href":"https:\/\/webmaibinh.com\/w\/noithat152011\/wp-json\/wp\/v2\/product"}],"about":[{"href":"https:\/\/webmaibinh.com\/w\/noithat152011\/wp-json\/wp\/v2\/types\/product"}],"replies":[{"embeddable":true,"href":"https:\/\/webmaibinh.com\/w\/noithat152011\/wp-json\/wp\/v2\/comments?post=275"}],"wp:featuredmedia":[{"embeddable":true,"href":"https:\/\/webmaibinh.com\/w\/noithat152011\/wp-json\/wp\/v2\/media\/276"}],"wp:attachment":[{"href":"https:\/\/webmaibinh.com\/w\/noithat152011\/wp-json\/wp\/v2\/media?parent=275"}],"curies":[{"name":"wp","href":"https:\/\/api.w.org\/{rel}","templated":true}]}}