{"id":97,"date":"2019-09-04T14:19:37","date_gmt":"2019-09-04T07:19:37","guid":{"rendered":"http:\/\/demo18.muathemewordpress.net\/chi-tiet\/ban-tra-a2"},"modified":"2019-09-04T14:19:37","modified_gmt":"2019-09-04T07:19:37","slug":"ban-tra-a2","status":"publish","type":"product","link":"https:\/\/webmaibinh.com\/w\/noithat142011\/chi-tiet\/ban-tra-a2","title":{"rendered":"B\u00e0n tr\u00e0 A2"},"content":{"rendered":"<div readability=\"12.798449612403\">\n<p>\n                                                                        <span class=\"first_status\"> \u00a0<br \/>\n                                        |\u00a0 Tr\u1ea1ng th\u00e1i:<br \/>\n                                        <span class=\"status_name availabel\"><br \/>\n                                            C\u00f2n h\u00e0ng                                        <\/span><br \/>\n                                    <\/span>\n                                <\/p>\n<p>\n                                    <span class=\"special-price\"><span class=\"product-price\" itemprop=\"price\">3,500,000\u20ab<\/span><meta itemprop=\"priceCurrency\" content=\"VND\"><\/span><span class=\"old-price\"><del class=\"product-price-old\" itemprop=\"priceSpecification\">40,000,000\u20ab<\/del><meta itemprop=\"priceCurrency\" content=\"VND\"><\/span>                                    <meta itemprop=\"priceCurrency\" content=\"USD\">\n                                <\/p>\n<p>\n                                    (<span class=\"vat \">Ch\u01b0a bao g\u1ed3m VAT<\/span>)\n                                <\/p>\n<\/p><\/div>\n","protected":false},"excerpt":{"rendered":"<p>\u00a0 |\u00a0 Tr\u1ea1ng th\u00e1i: C\u00f2n h\u00e0ng 3,500,000\u20ab40,000,000\u20ab (Ch\u01b0a bao g\u1ed3m VAT)<\/p>\n","protected":false},"featured_media":98,"comment_status":"open","ping_status":"closed","template":"","meta":[],"_links":{"self":[{"href":"https:\/\/webmaibinh.com\/w\/noithat142011\/wp-json\/wp\/v2\/product\/97"}],"collection":[{"href":"https:\/\/webmaibinh.com\/w\/noithat142011\/wp-json\/wp\/v2\/product"}],"about":[{"href":"https:\/\/webmaibinh.com\/w\/noithat142011\/wp-json\/wp\/v2\/types\/product"}],"replies":[{"embeddable":true,"href":"https:\/\/webmaibinh.com\/w\/noithat142011\/wp-json\/wp\/v2\/comments?post=97"}],"wp:featuredmedia":[{"embeddable":true,"href":"https:\/\/webmaibinh.com\/w\/noithat142011\/wp-json\/wp\/v2\/media\/98"}],"wp:attachment":[{"href":"https:\/\/webmaibinh.com\/w\/noithat142011\/wp-json\/wp\/v2\/media?parent=97"}],"curies":[{"name":"wp","href":"https:\/\/api.w.org\/{rel}","templated":true}]}}