{"id":178,"date":"2019-09-04T14:35:36","date_gmt":"2019-09-04T07:35:36","guid":{"rendered":"http:\/\/demo18.muathemewordpress.net\/chi-tiet\/gia-de-sach-gia-tai-lieu-hien-dai-gia-re-ghs-2128"},"modified":"2019-09-04T14:35:39","modified_gmt":"2019-09-04T07:35:39","slug":"gia-de-sach-gia-tai-lieu-hien-dai-gia-re-ghs-2128","status":"publish","type":"product","link":"https:\/\/webmaibinh.com\/w\/noithat142011\/chi-tiet\/gia-de-sach-gia-tai-lieu-hien-dai-gia-re-ghs-2128","title":{"rendered":"Gi\u00e1 \u0111\u1ec3 s\u00e1ch, gi\u00e1 t\u00e0i li\u1ec7u hi\u1ec7n \u0111\u1ea1i gi\u00e1 r\u1ebb GHS-2128"},"content":{"rendered":"<p>\u0110ang c\u1eadp nh\u1eadt&#8230;.<\/p>\n","protected":false},"excerpt":{"rendered":"<p>\u0110ang c\u1eadp nh\u1eadt&#8230;.<\/p>\n","protected":false},"featured_media":179,"comment_status":"open","ping_status":"closed","template":"","meta":[],"_links":{"self":[{"href":"https:\/\/webmaibinh.com\/w\/noithat142011\/wp-json\/wp\/v2\/product\/178"}],"collection":[{"href":"https:\/\/webmaibinh.com\/w\/noithat142011\/wp-json\/wp\/v2\/product"}],"about":[{"href":"https:\/\/webmaibinh.com\/w\/noithat142011\/wp-json\/wp\/v2\/types\/product"}],"replies":[{"embeddable":true,"href":"https:\/\/webmaibinh.com\/w\/noithat142011\/wp-json\/wp\/v2\/comments?post=178"}],"wp:featuredmedia":[{"embeddable":true,"href":"https:\/\/webmaibinh.com\/w\/noithat142011\/wp-json\/wp\/v2\/media\/179"}],"wp:attachment":[{"href":"https:\/\/webmaibinh.com\/w\/noithat142011\/wp-json\/wp\/v2\/media?parent=178"}],"curies":[{"name":"wp","href":"https:\/\/api.w.org\/{rel}","templated":true}]}}