{"id":144,"date":"2019-09-04T14:27:54","date_gmt":"2019-09-04T07:27:54","guid":{"rendered":"http:\/\/demo18.muathemewordpress.net\/chi-tiet\/don-sofa-phong-khach-da-that-9029"},"modified":"2019-09-04T14:27:57","modified_gmt":"2019-09-04T07:27:57","slug":"don-sofa-phong-khach-da-that-9029","status":"publish","type":"product","link":"https:\/\/webmaibinh.com\/w\/noithat142011\/chi-tiet\/don-sofa-phong-khach-da-that-9029","title":{"rendered":"\u0110\u00f4n Sofa Ph\u00f2ng kh\u00e1ch da th\u1eadt 9029"},"content":{"rendered":"<p>\u0110ang c\u1eadp nh\u1eadt&#8230;.<\/p>\n","protected":false},"excerpt":{"rendered":"<p>\u0110ang c\u1eadp nh\u1eadt&#8230;.<\/p>\n","protected":false},"featured_media":145,"comment_status":"open","ping_status":"closed","template":"","meta":[],"_links":{"self":[{"href":"https:\/\/webmaibinh.com\/w\/noithat142011\/wp-json\/wp\/v2\/product\/144"}],"collection":[{"href":"https:\/\/webmaibinh.com\/w\/noithat142011\/wp-json\/wp\/v2\/product"}],"about":[{"href":"https:\/\/webmaibinh.com\/w\/noithat142011\/wp-json\/wp\/v2\/types\/product"}],"replies":[{"embeddable":true,"href":"https:\/\/webmaibinh.com\/w\/noithat142011\/wp-json\/wp\/v2\/comments?post=144"}],"wp:featuredmedia":[{"embeddable":true,"href":"https:\/\/webmaibinh.com\/w\/noithat142011\/wp-json\/wp\/v2\/media\/145"}],"wp:attachment":[{"href":"https:\/\/webmaibinh.com\/w\/noithat142011\/wp-json\/wp\/v2\/media?parent=144"}],"curies":[{"name":"wp","href":"https:\/\/api.w.org\/{rel}","templated":true}]}}