{"id":116,"date":"2019-09-04T14:23:52","date_gmt":"2019-09-04T07:23:52","guid":{"rendered":"http:\/\/demo18.muathemewordpress.net\/chi-tiet\/ban-lam-viec-hoa-phat-ntm120a"},"modified":"2019-09-04T14:23:56","modified_gmt":"2019-09-04T07:23:56","slug":"ban-lam-viec-hoa-phat-ntm120a","status":"publish","type":"product","link":"https:\/\/webmaibinh.com\/w\/noithat142011\/chi-tiet\/ban-lam-viec-hoa-phat-ntm120a","title":{"rendered":"B\u00e0n l\u00e0m vi\u1ec7c h\u00f2a ph\u00e1t NTM120A"},"content":{"rendered":"<p>\u0110ang c\u1eadp nh\u1eadt&#8230;.<\/p>\n","protected":false},"excerpt":{"rendered":"<p>\u0110ang c\u1eadp nh\u1eadt&#8230;.<\/p>\n","protected":false},"featured_media":117,"comment_status":"open","ping_status":"closed","template":"","meta":[],"_links":{"self":[{"href":"https:\/\/webmaibinh.com\/w\/noithat142011\/wp-json\/wp\/v2\/product\/116"}],"collection":[{"href":"https:\/\/webmaibinh.com\/w\/noithat142011\/wp-json\/wp\/v2\/product"}],"about":[{"href":"https:\/\/webmaibinh.com\/w\/noithat142011\/wp-json\/wp\/v2\/types\/product"}],"replies":[{"embeddable":true,"href":"https:\/\/webmaibinh.com\/w\/noithat142011\/wp-json\/wp\/v2\/comments?post=116"}],"wp:featuredmedia":[{"embeddable":true,"href":"https:\/\/webmaibinh.com\/w\/noithat142011\/wp-json\/wp\/v2\/media\/117"}],"wp:attachment":[{"href":"https:\/\/webmaibinh.com\/w\/noithat142011\/wp-json\/wp\/v2\/media?parent=116"}],"curies":[{"name":"wp","href":"https:\/\/api.w.org\/{rel}","templated":true}]}}