{"id":413,"date":"2019-10-07T23:10:20","date_gmt":"2019-10-07T16:10:20","guid":{"rendered":"http:\/\/shop2.ninhbinhweb.biz\/?post_type=product&#038;p=413"},"modified":"2019-11-05T11:29:37","modified_gmt":"2019-11-05T04:29:37","slug":"may-hut-mun-co-anh-sang-sinh-hoc-amida-d350","status":"publish","type":"product","link":"https:\/\/webmaibinh.com\/w\/noithat132011\/san-pham\/may-hut-mun-co-anh-sang-sinh-hoc-amida-d350\/","title":{"rendered":"M\u00e1y h\u00fat m\u1ee5n c\u00f3 \u00e1nh s\u00e1ng sinh h\u1ecdc Amida D350"},"content":{"rendered":"<h3><strong>T\u00ednh n\u0103ng \u0111\u1eb7c \u0111i\u1ec3m c\u1ee7a m\u00e1y h\u00fat m\u1ee5n Amida D350<\/strong><\/h3>\n<ul>\n<li>T\u00edch h\u1ee3p t\u00ednh n\u0103ng l\u00e0m \u0111\u1eb9p da b\u1eb1ng c\u00f4ng ngh\u1ec7 \u00e1nh s\u00e1ng sinh h\u1ecdc cao c\u1ea5p. V\u1edbi 3 m\u00e0u xanh d\u01b0\u01a1ng, \u0111\u1ecf v\u00e0 xanh l\u00e1 c\u00e2y.<\/li>\n<li>S\u1edf h\u1eefu m\u00e0n h\u00ecnh hi\u1ec3n th\u1ecb l\u1edbn nh\u1ea5t trong s\u1ed1 c\u00e1c d\u00f2ng m\u00e1y h\u00fat m\u1ee5n hi\u1ec7n nay. Hi\u1ec3n th\u1ecb c\u00e1c th\u00f4ng tin quan tr\u1ecdng nh\u01b0: C\u01b0\u1eddng \u0111\u1ed9 h\u00fat, dung l\u01b0\u1ee3ng pin, ch\u1ebf \u0111\u1ed9 \u00e1nh s\u00e1ng sinh h\u1ecdc<\/li>\n<li>C\u00f3 6 \u0111\u1ea7u h\u00fat thi\u1ebft k\u1ebf v\u1edbi c\u00e1c ch\u1ee9c n\u0103ng chuy\u00ean d\u1ee5ng nh\u01b0 h\u00fat m\u1ee5n c\u00e1m, m\u1ee5n \u0111\u1ea7u \u0111en, m\u1ee5n b\u1ecdc, massage da m\u1eb7t\u2026 Ri\u00eang \u0111\u1ea7u silicol d\u00f9ng \u0111\u1ec3 \u0111i d\u01b0\u1ee1ng ch\u1ea5t v\u00e0 1 \u0111\u1ea7u s\u1eed d\u1ee5ng cho \u00e1nh s\u00e1ng sinh h\u1ecdc.<\/li>\n<li>S\u1eed d\u1ee5ng pin s\u1ea1c lithium ti\u1ec7n d\u1ee5ng. \u0110\u1ea3m b\u1ea3o l\u1ef1c h\u00fat m\u1ea1nh h\u01a1n r\u1ea5t nhi\u1ec1u so v\u1edbi c\u00e1c d\u00f2ng m\u00e1y s\u1eed d\u1ee5ng pin ti\u1ec3u. Th\u1eddi gian s\u1eed d\u1ee5ng trung b\u00ecnh l\u00ean \u0111\u1ebfn 30 ng\u00e0y sau 1 l\u1ea7n s\u1ea1c.<\/li>\n<li>N\u00fat b\u1ea5m k\u1ebft h\u1ee3p 2 ch\u1ebf \u0111\u1ed9 b\u1eadt\/t\u1eaft v\u00e0 \u0111i\u1ec1u ch\u1ec9nh ch\u1ee9c n\u0103ng \u0111\u1eb7c bi\u1ec7t \u0111\u1ed1i v\u1edbi 3 lo\u1ea1i da kh\u00f4, da d\u1ea7u, da trung t\u00ednh<\/li>\n<li>Thi\u1ebft k\u1ebf n\u00fat \u0111i\u1ec1u ch\u1ec9nh c\u01b0\u1eddng \u0111\u1ed9 \u00e1nh s\u00e1ng sinh h\u1ecdc ri\u00eang bi\u1ec7t.<\/li>\n<li>Ki\u1ec3u d\u00e1ng thon g\u1ecdn, \u0111\u1eb9p m\u1eaft, thu\u1eadn ti\u1ec7n s\u1eed d\u1ee5ng cho c\u1ea3 nam v\u00e0 n\u1eef \u0111\u1eb7c bi\u1ec7t v\u1eeba tay c\u1ea7m cho c\u00e1c ch\u1ecb em.<\/li>\n<li>S\u1ea3n ph\u1ea9m c\u00f3 kh\u1ea3 n\u0103ng \u0111\u1ee9ng tr\u00ean m\u1ed9t m\u1eb7t ph\u1eb3ng nh\u01b0 b\u00e0n trang \u0111i\u1ec3m, nh\u00e0 t\u1eafm.<\/li>\n<\/ul>\n<h3><strong>L\u1ee3i \u00edch kh\u00e1ch h\u00e0ng nh\u1eadn \u0111\u01b0\u1ee3c<\/strong><\/h3>\n<ul>\n<li>S\u1ea3n ph\u1ea9m t\u00edch h\u1ee3p t\u00ednh n\u0103ng l\u00e0m \u0111\u1eb9p da b\u1eb1ng \u00e1nh s\u00e1ng sinh h\u1ecdc h\u1ed7 tr\u1ee3 \u0111i\u1ec1u tr\u1ecb m\u1ee5n, n\u00e1m, t\u00e0n nhang v\u00e0 \u0111\u1ed3i m\u1ed3i, cung c\u1ea5p d\u01b0\u1ee1ng ch\u1ea5t, l\u00e0m s\u0103n v\u00e0 m\u1ecbn m\u00e0ng da m\u1eb7t.<\/li>\n<li>\u0110\u1ed1i v\u1edbi m\u00e0n h\u00ecnh hi\u1ec3n th\u1ecb l\u1edbn gi\u00fap b\u1ea1n nh\u00ecn th\u1ea5y r\u00f5 r\u00e0ng c\u00e1c th\u00f4ng s\u1ed1 v\u1ec1 l\u01b0\u1ee3ng pin, ch\u1ebf \u0111\u1ed9 h\u00fat. Kh\u1eafc ph\u1ee5c t\u00ecnh tr\u1ea1ng m\u00e0n h\u00ecnh nh\u1ecf qu\u00e1 g\u00e2y nh\u1ea7m l\u1eabn c\u00e1c th\u00f4ng s\u1ed1 v\u1edbi nhau.<\/li>\n<li>B\u1ea1n kh\u00f4ng ph\u1ea3i t\u1ed1n th\u1eddi gian v\u00e0 r\u1ea5t nhi\u1ec1u ti\u1ec1n \u0111\u1ec3 \u0111i ch\u0103m s\u00f3c da m\u1eb7t t\u1ea1i spa. V\u1edbi m\u00e1y h\u00fat m\u1ee5n Amida D350 b\u1ea1n ho\u00e0n to\u00e0n c\u00f3 th\u1ec3 h\u00fat m\u1ee5n v\u00e0 ch\u0103m s\u00f3c da m\u1eb7t t\u1ea1i nh\u00e0.<\/li>\n<li>S\u1ea3n ph\u1ea9m cao c\u1ea5p b\u1ea3o h\u00e0nh 12 th\u00e1ng k\u1ec3 t\u1eeb ng\u00e0y mua s\u1ea3n ph\u1ea9m.<\/li>\n<\/ul>\n<h3><strong>B\u1ed9 s\u1ea3n ph\u1ea9m ch\u00ednh h\u00e3ng bao g\u1ed3m:<\/strong><\/h3>\n<ul>\n<li>1 m\u00e1y h\u00fat m\u1ee5n Amida D350<\/li>\n<li>6 \u0111\u1ea7u h\u00fat m\u1ee5n bao g\u1ed3m: 1 \u0111\u1ea7u h\u00fat silicol m\u1ec1m, 1 \u0111\u1ea7u h\u00fat tr\u00f2n to, 1 \u0111\u1ea7u h\u00fat tr\u00f2n nh\u1ecf, 1 \u0111\u1ea7u h\u00fat m\u1ee5n h\u00ecnh oval, 1 \u0111\u1ea7u chi\u1ebfu \u00e1nh s\u00e1ng sinh h\u1ecdc, 1 \u0111\u1ea7u h\u00fat kim c\u01b0\u01a1ng.<\/li>\n<li>1 d\u00e2y n\u1ed1i s\u1ea1c pin c\u1ed5ng USB<\/li>\n<li>12 \u00a0\u0111\u1ea7u b\u00f4ng l\u1ecdc kh\u00e1ng khu\u1ea9n<\/li>\n<li>1 phi\u1ebfu b\u1ea3o h\u00e0nh 12 th\u00e1ng<\/li>\n<li>1 h\u01b0\u1edbng d\u1eabn s\u1eed d\u1ee5ng<\/li>\n<\/ul>\n","protected":false},"excerpt":{"rendered":"<p>M\u00e1y h\u00fat m\u1ee5n Amida D350 cao c\u1ea5p t\u00edch h\u1ee3p t\u00ednh n\u0103ng l\u00e0m \u0111\u1eb9p da b\u1eb1ng c\u00f4ng ngh\u1ec7 \u00e1nh s\u00e1ng sinh h\u1ecdc \u0111\u1ec3 massage da m\u1eb7t, \u0111i\u1ec1u tr\u1ecb n\u00e1m, t\u00e0n nhang v\u00e0 \u0111\u1ed3i m\u1ed3i. Ngo\u00e0i ra s\u1ea3n ph\u1ea9m \u0111i k\u00e8m 6 \u0111\u1ea7u h\u00fat m\u1ee5n v\u1edbi l\u1ef1c h\u00fat m\u1ea1nh gi\u00fap b\u1ea1n h\u00fat s\u1ea1ch t\u1ea5t c\u1ea3 c\u00e1c lo\u1ea1i m\u1ee5n. S\u1ea3n ph\u1ea9m \u0111ang \u0111\u01b0\u1ee3c r\u1ea5t nhi\u1ec1u ng\u01b0\u1eddi \u01b0a chu\u1ed9ng v\u00e0 s\u1edf h\u1eefu.<\/p>\n","protected":false},"featured_media":1101,"comment_status":"open","ping_status":"closed","template":"","meta":[],"_links":{"self":[{"href":"https:\/\/webmaibinh.com\/w\/noithat132011\/wp-json\/wp\/v2\/product\/413"}],"collection":[{"href":"https:\/\/webmaibinh.com\/w\/noithat132011\/wp-json\/wp\/v2\/product"}],"about":[{"href":"https:\/\/webmaibinh.com\/w\/noithat132011\/wp-json\/wp\/v2\/types\/product"}],"replies":[{"embeddable":true,"href":"https:\/\/webmaibinh.com\/w\/noithat132011\/wp-json\/wp\/v2\/comments?post=413"}],"wp:featuredmedia":[{"embeddable":true,"href":"https:\/\/webmaibinh.com\/w\/noithat132011\/wp-json\/wp\/v2\/media\/1101"}],"wp:attachment":[{"href":"https:\/\/webmaibinh.com\/w\/noithat132011\/wp-json\/wp\/v2\/media?parent=413"}],"curies":[{"name":"wp","href":"https:\/\/api.w.org\/{rel}","templated":true}]}}