{"id":397,"date":"2019-10-07T23:05:12","date_gmt":"2019-10-07T16:05:12","guid":{"rendered":"http:\/\/shop2.ninhbinhweb.biz\/?post_type=product&#038;p=397"},"modified":"2019-11-05T11:34:42","modified_gmt":"2019-11-05T04:34:42","slug":"may-hut-mun-cuc-manh-co-6-dau-hut-comedo-m280","status":"publish","type":"product","link":"https:\/\/webmaibinh.com\/w\/noithat132011\/san-pham\/may-hut-mun-cuc-manh-co-6-dau-hut-comedo-m280\/","title":{"rendered":"M\u00e1y h\u00fat m\u1ee5n c\u1ef1c m\u1ea1nh c\u00f3 6 \u0111\u1ea7u h\u00fat Comedo M280"},"content":{"rendered":"<h3><strong>\u0110\u1eb6C \u0110I\u1ec2M C\u1ee6A M\u00c1Y H\u00daT M\u1ee4N COMEDO M280:<\/strong><\/h3>\n<p>M\u00e1y h\u00fat m\u1ee5n Comedo Suction Master l\u00e0 d\u00f2ng m\u00e1y h\u00fat m\u1ee5n chuy\u00ean d\u1ee5ng v\u1edbi 6 \u0111\u1ea7u ch\u1ee9c n\u0103ng. M\u00e1y s\u1eed d\u1ee5ng m\u00e0n h\u00ecnh LED l\u1edbn h\u01a1n v\u00e0 c\u00e1c ph\u00edm ch\u1ee9c n\u0103ng to d\u1ec5 d\u00e0ng thao t\u00e1c c\u00f9ng thi\u1ebft k\u1ebf ki\u1ec3u d\u00e1ng \u0111\u1ee9ng quen thu\u1ed9c. B\u1ea1n \u0111\u00e3 s\u1eb5n s\u00e0ng s\u1edf h\u1eefu g\u01b0\u01a1ng m\u1eb7t r\u1ea1ng ng\u1eddi, t\u01b0\u01a1i tr\u1ebb c\u00f9ng Comedo Suction Master?<\/p>\n<p><img loading=\"lazy\" class=\"size-full wp-image-34744 aligncenter lazyloaded\" src=\"https:\/\/cdn.shortpixel.ai\/client\/to_webp,q_lossy,ret_img,w_1000\/https:\/\/hangtotnhapkhau.com\/wp-content\/uploads\/may-hut-mun-comedo-m280-100719-09.jpg\" sizes=\"(max-width: 1000px) 100vw, 1000px\" srcset=\"https:\/\/cdn.shortpixel.ai\/client\/to_webp,q_lossy,ret_img,w_1000\/https:\/\/hangtotnhapkhau.com\/wp-content\/uploads\/may-hut-mun-comedo-m280-100719-09.jpg 1000w, https:\/\/cdn.shortpixel.ai\/client\/q_lossy,ret_img,w_768\/https:\/\/hangtotnhapkhau.com\/wp-content\/uploads\/may-hut-mun-comedo-m280-100719-09-768x768.jpg 768w, https:\/\/cdn.shortpixel.ai\/client\/q_lossy,ret_img,w_300\/https:\/\/hangtotnhapkhau.com\/wp-content\/uploads\/may-hut-mun-comedo-m280-100719-09-300x300.jpg 300w, https:\/\/cdn.shortpixel.ai\/client\/q_lossy,ret_img,w_600\/https:\/\/hangtotnhapkhau.com\/wp-content\/uploads\/may-hut-mun-comedo-m280-100719-09-600x600.jpg 600w, https:\/\/cdn.shortpixel.ai\/client\/q_lossy,ret_img,w_100\/https:\/\/hangtotnhapkhau.com\/wp-content\/uploads\/may-hut-mun-comedo-m280-100719-09-100x100.jpg 100w, https:\/\/cdn.shortpixel.ai\/client\/q_lossy,ret_img,w_64\/https:\/\/hangtotnhapkhau.com\/wp-content\/uploads\/may-hut-mun-comedo-m280-100719-09-64x64.jpg 64w\" alt=\"may-hut-mun-comedo-m280-100719-09\" width=\"1000\" height=\"1000\" data-src=\"https:\/\/cdn.shortpixel.ai\/client\/to_webp,q_lossy,ret_img,w_1000\/https:\/\/hangtotnhapkhau.com\/wp-content\/uploads\/may-hut-mun-comedo-m280-100719-09.jpg\" data-srcset=\"https:\/\/cdn.shortpixel.ai\/client\/to_webp,q_lossy,ret_img,w_1000\/https:\/\/hangtotnhapkhau.com\/wp-content\/uploads\/may-hut-mun-comedo-m280-100719-09.jpg 1000w, https:\/\/cdn.shortpixel.ai\/client\/q_lossy,ret_img,w_768\/https:\/\/hangtotnhapkhau.com\/wp-content\/uploads\/may-hut-mun-comedo-m280-100719-09-768x768.jpg 768w, https:\/\/cdn.shortpixel.ai\/client\/q_lossy,ret_img,w_300\/https:\/\/hangtotnhapkhau.com\/wp-content\/uploads\/may-hut-mun-comedo-m280-100719-09-300x300.jpg 300w, https:\/\/cdn.shortpixel.ai\/client\/q_lossy,ret_img,w_600\/https:\/\/hangtotnhapkhau.com\/wp-content\/uploads\/may-hut-mun-comedo-m280-100719-09-600x600.jpg 600w, https:\/\/cdn.shortpixel.ai\/client\/q_lossy,ret_img,w_100\/https:\/\/hangtotnhapkhau.com\/wp-content\/uploads\/may-hut-mun-comedo-m280-100719-09-100x100.jpg 100w, https:\/\/cdn.shortpixel.ai\/client\/q_lossy,ret_img,w_64\/https:\/\/hangtotnhapkhau.com\/wp-content\/uploads\/may-hut-mun-comedo-m280-100719-09-64x64.jpg 64w\" data-sizes=\"(max-width: 1000px) 100vw, 1000px\" \/><\/p>\n<p>M\u00e1y h\u00fat m\u1ee5n Comedo Suction Master xu\u1ea5t hi\u1ec7n nh\u01b0 m\u1ed9t l\u1eddi kh\u1eb3ng \u0111\u1ecbnh v\u1ec1 d\u00f2ng m\u00e1y h\u00fat m\u1ee5n chuy\u00ean d\u1ee5ng b\u00e1n ch\u1ea1y h\u00e0ng \u0111\u1ea7u tr\u00ean th\u1ecb tr\u01b0\u1eddng.<\/p>\n<p>V\u1edbi vi\u1ec7c t\u0103ng l\u1ef1c h\u00fat v\u00e0 b\u1ed5 sung th\u00eam 2 \u0111\u1ea7u ch\u1ee9c n\u0103ng \u0111\u1ed3ng th\u1eddi n\u00e2ng c\u1ea5p m\u00e0n h\u00ecnh hi\u1ec3n th\u1ecb tr\u1ef1c quan v\u00e0 r\u00f5 r\u00e0ng h\u01a1n. M\u00e1y \u0111\u00e3 khi\u1ebfn nhi\u1ec1u kh\u00e1ch h\u00e0ng ph\u1ea3i ch\u1edd \u0111\u1ee3i v\u00ec li\u00ean t\u1ee5c trong tr\u1ea1ng th\u00e1i ch\u00e1y h\u00e0ng.<\/p>\n<p><img loading=\"lazy\" class=\"size-full wp-image-34742 aligncenter lazyloaded\" src=\"https:\/\/cdn.shortpixel.ai\/client\/to_webp,q_lossy,ret_img,w_1000\/https:\/\/hangtotnhapkhau.com\/wp-content\/uploads\/may-hut-mun-comedo-m280-100719-07.jpg\" sizes=\"(max-width: 1000px) 100vw, 1000px\" srcset=\"https:\/\/cdn.shortpixel.ai\/client\/to_webp,q_lossy,ret_img,w_1000\/https:\/\/hangtotnhapkhau.com\/wp-content\/uploads\/may-hut-mun-comedo-m280-100719-07.jpg 1000w, https:\/\/cdn.shortpixel.ai\/client\/q_lossy,ret_img,w_768\/https:\/\/hangtotnhapkhau.com\/wp-content\/uploads\/may-hut-mun-comedo-m280-100719-07-768x768.jpg 768w, https:\/\/cdn.shortpixel.ai\/client\/q_lossy,ret_img,w_300\/https:\/\/hangtotnhapkhau.com\/wp-content\/uploads\/may-hut-mun-comedo-m280-100719-07-300x300.jpg 300w, https:\/\/cdn.shortpixel.ai\/client\/q_lossy,ret_img,w_600\/https:\/\/hangtotnhapkhau.com\/wp-content\/uploads\/may-hut-mun-comedo-m280-100719-07-600x600.jpg 600w, https:\/\/cdn.shortpixel.ai\/client\/q_lossy,ret_img,w_100\/https:\/\/hangtotnhapkhau.com\/wp-content\/uploads\/may-hut-mun-comedo-m280-100719-07-100x100.jpg 100w, https:\/\/cdn.shortpixel.ai\/client\/q_lossy,ret_img,w_64\/https:\/\/hangtotnhapkhau.com\/wp-content\/uploads\/may-hut-mun-comedo-m280-100719-07-64x64.jpg 64w\" alt=\"may-hut-mun-comedo-m280-100719-07\" width=\"1000\" height=\"1000\" data-src=\"https:\/\/cdn.shortpixel.ai\/client\/to_webp,q_lossy,ret_img,w_1000\/https:\/\/hangtotnhapkhau.com\/wp-content\/uploads\/may-hut-mun-comedo-m280-100719-07.jpg\" data-srcset=\"https:\/\/cdn.shortpixel.ai\/client\/to_webp,q_lossy,ret_img,w_1000\/https:\/\/hangtotnhapkhau.com\/wp-content\/uploads\/may-hut-mun-comedo-m280-100719-07.jpg 1000w, https:\/\/cdn.shortpixel.ai\/client\/q_lossy,ret_img,w_768\/https:\/\/hangtotnhapkhau.com\/wp-content\/uploads\/may-hut-mun-comedo-m280-100719-07-768x768.jpg 768w, https:\/\/cdn.shortpixel.ai\/client\/q_lossy,ret_img,w_300\/https:\/\/hangtotnhapkhau.com\/wp-content\/uploads\/may-hut-mun-comedo-m280-100719-07-300x300.jpg 300w, https:\/\/cdn.shortpixel.ai\/client\/q_lossy,ret_img,w_600\/https:\/\/hangtotnhapkhau.com\/wp-content\/uploads\/may-hut-mun-comedo-m280-100719-07-600x600.jpg 600w, https:\/\/cdn.shortpixel.ai\/client\/q_lossy,ret_img,w_100\/https:\/\/hangtotnhapkhau.com\/wp-content\/uploads\/may-hut-mun-comedo-m280-100719-07-100x100.jpg 100w, https:\/\/cdn.shortpixel.ai\/client\/q_lossy,ret_img,w_64\/https:\/\/hangtotnhapkhau.com\/wp-content\/uploads\/may-hut-mun-comedo-m280-100719-07-64x64.jpg 64w\" data-sizes=\"(max-width: 1000px) 100vw, 1000px\" \/><\/p>\n<p>Ngay \u1edf m\u1ee9c c\u01b0\u1eddng \u0111\u1ed9 th\u1ea5p nh\u1ea5t, Comedo Suction Master c\u0169ng d\u1ec5 d\u00e0ng b\u00e1m d\u00ednh tr\u00ean da l\u00f2ng b\u00e0n tay. \u1ede c\u00e1c m\u1ee9c \u0111\u1ed9 cao h\u01a1n, t\u1ea5t c\u1ea3 c\u00e1c lo\u1ea1i m\u1ee5n s\u1ebd \u0111\u1ec1u khi\u1ebfp s\u1ee3 v\u00ec ch\u1ec9 c\u1ea7n m\u1ed9t v\u00e0i thao t\u00e1c nh\u1ecf l\u00e0 ch\u00fang l\u1eadp t\u1ee9c chia tay l\u00e0n da c\u1ee7a b\u1ea1n.<\/p>\n<p>Vi\u1ec7c b\u1ed5 sung th\u00ea \u0111\u1ea7u h\u00fat tr\u00f2n c\u1ef1c \u0111\u1ea1i v\u00e0 \u0111\u1ea7u bi l\u0103n gi\u00fap kh\u00e1ch h\u00e0ng c\u00f3 nhi\u1ec1u l\u1ef1a ch\u1ecdn h\u01a1n trong vi\u1ec7c l\u00e0m \u0111\u1eb9p. Duy nh\u1ea5t ch\u1ec9 c\u00f3 t\u1ea1i Comedo Suction Master l\u00e0 \u0111\u1ea7u bi l\u0103n gi\u00fap t\u0103ng c\u01b0\u1eddng l\u01b0u th\u00f4ng m\u00e1u v\u00e0 trao \u0111\u1ed5i ch\u1ea5t cho l\u00e0n da. T\u1eeb \u0111\u00f3 gi\u1ea3m b\u1edbt s\u1ef1 h\u00ecnh th\u00e0nh c\u00e1c lo\u1ea1i m\u1ee5n c\u00e1m, m\u1ee5n \u0111\u1ea7u \u0111en, tr\u1ee9ng c\u00e1.<\/p>\n<p><img loading=\"lazy\" class=\"size-full wp-image-34745 aligncenter lazyloaded\" src=\"https:\/\/cdn.shortpixel.ai\/client\/to_webp,q_lossy,ret_img,w_1000\/https:\/\/hangtotnhapkhau.com\/wp-content\/uploads\/may-hut-mun-comedo-m280-100719-10.jpg\" sizes=\"(max-width: 1000px) 100vw, 1000px\" srcset=\"https:\/\/cdn.shortpixel.ai\/client\/to_webp,q_lossy,ret_img,w_1000\/https:\/\/hangtotnhapkhau.com\/wp-content\/uploads\/may-hut-mun-comedo-m280-100719-10.jpg 1000w, https:\/\/cdn.shortpixel.ai\/client\/q_lossy,ret_img,w_768\/https:\/\/hangtotnhapkhau.com\/wp-content\/uploads\/may-hut-mun-comedo-m280-100719-10-768x768.jpg 768w, https:\/\/cdn.shortpixel.ai\/client\/q_lossy,ret_img,w_300\/https:\/\/hangtotnhapkhau.com\/wp-content\/uploads\/may-hut-mun-comedo-m280-100719-10-300x300.jpg 300w, https:\/\/cdn.shortpixel.ai\/client\/q_lossy,ret_img,w_600\/https:\/\/hangtotnhapkhau.com\/wp-content\/uploads\/may-hut-mun-comedo-m280-100719-10-600x600.jpg 600w, https:\/\/cdn.shortpixel.ai\/client\/q_lossy,ret_img,w_100\/https:\/\/hangtotnhapkhau.com\/wp-content\/uploads\/may-hut-mun-comedo-m280-100719-10-100x100.jpg 100w, https:\/\/cdn.shortpixel.ai\/client\/q_lossy,ret_img,w_64\/https:\/\/hangtotnhapkhau.com\/wp-content\/uploads\/may-hut-mun-comedo-m280-100719-10-64x64.jpg 64w\" alt=\"may-hut-mun-comedo-m280-100719-10\" width=\"1000\" height=\"1000\" data-src=\"https:\/\/cdn.shortpixel.ai\/client\/to_webp,q_lossy,ret_img,w_1000\/https:\/\/hangtotnhapkhau.com\/wp-content\/uploads\/may-hut-mun-comedo-m280-100719-10.jpg\" data-srcset=\"https:\/\/cdn.shortpixel.ai\/client\/to_webp,q_lossy,ret_img,w_1000\/https:\/\/hangtotnhapkhau.com\/wp-content\/uploads\/may-hut-mun-comedo-m280-100719-10.jpg 1000w, https:\/\/cdn.shortpixel.ai\/client\/q_lossy,ret_img,w_768\/https:\/\/hangtotnhapkhau.com\/wp-content\/uploads\/may-hut-mun-comedo-m280-100719-10-768x768.jpg 768w, https:\/\/cdn.shortpixel.ai\/client\/q_lossy,ret_img,w_300\/https:\/\/hangtotnhapkhau.com\/wp-content\/uploads\/may-hut-mun-comedo-m280-100719-10-300x300.jpg 300w, https:\/\/cdn.shortpixel.ai\/client\/q_lossy,ret_img,w_600\/https:\/\/hangtotnhapkhau.com\/wp-content\/uploads\/may-hut-mun-comedo-m280-100719-10-600x600.jpg 600w, https:\/\/cdn.shortpixel.ai\/client\/q_lossy,ret_img,w_100\/https:\/\/hangtotnhapkhau.com\/wp-content\/uploads\/may-hut-mun-comedo-m280-100719-10-100x100.jpg 100w, https:\/\/cdn.shortpixel.ai\/client\/q_lossy,ret_img,w_64\/https:\/\/hangtotnhapkhau.com\/wp-content\/uploads\/may-hut-mun-comedo-m280-100719-10-64x64.jpg 64w\" data-sizes=\"(max-width: 1000px) 100vw, 1000px\" \/><\/p>\n<p>Tr\u00ean th\u00e2n m\u00e1y c\u00f3 c\u1ed5ng USB \u0111\u1ec3 s\u1ea1c pin. Khi s\u1ea1c \u0111\u1ea7y, b\u1ea1n c\u00f3 th\u1ec3 s\u1eed d\u1ee5ng m\u00e1y c\u1ea3 th\u00e1ng m\u00e0 kh\u00f4ng c\u1ea7n ph\u1ea3i s\u1ea1c l\u1ea1i. \u0110\u1ed3ng th\u1eddi \u0111\u00e2y l\u00e0 lo\u1ea1i pin m\u1edbi ho\u00e0n to\u00e0n th\u00e2n thi\u1ec7n v\u1edbi m\u00f4i tr\u01b0\u1eddng v\u00e0 an to\u00e0n cho ng\u01b0\u1eddi s\u1eed d\u1ee5ng.<\/p>\n","protected":false},"excerpt":{"rendered":"<p>S\u1edf h\u1eefu 6 \u0111\u1ea7u h\u00fat chuy\u00ean d\u1ee5ng v\u00e0 l\u1ef1c h\u00fat m\u1ea1nh. M\u00e1y h\u00fat m\u1ee5n Comedo M280 l\u00e0 m\u1ed9t trong nh\u1eefng d\u00f2ng m\u00e1y h\u00fat m\u1ee5n \u0111\u01b0\u1ee3c y\u00eau th\u00edch nh\u1ea5t hi\u1ec7n nay. Kh\u00f4ng ch\u1ec9 h\u00fat s\u1ea1ch c\u00e1c lo\u1ea1i m\u1ee5n c\u1ee9ng \u0111\u1ea7u, Comedo M280 c\u00f2n gi\u00fap t\u1ea9y da ch\u1ebft v\u00e0 massage da m\u1eb7t hi\u1ec7u qu\u1ea3.<\/p>\n","protected":false},"featured_media":1120,"comment_status":"open","ping_status":"closed","template":"","meta":[],"_links":{"self":[{"href":"https:\/\/webmaibinh.com\/w\/noithat132011\/wp-json\/wp\/v2\/product\/397"}],"collection":[{"href":"https:\/\/webmaibinh.com\/w\/noithat132011\/wp-json\/wp\/v2\/product"}],"about":[{"href":"https:\/\/webmaibinh.com\/w\/noithat132011\/wp-json\/wp\/v2\/types\/product"}],"replies":[{"embeddable":true,"href":"https:\/\/webmaibinh.com\/w\/noithat132011\/wp-json\/wp\/v2\/comments?post=397"}],"wp:featuredmedia":[{"embeddable":true,"href":"https:\/\/webmaibinh.com\/w\/noithat132011\/wp-json\/wp\/v2\/media\/1120"}],"wp:attachment":[{"href":"https:\/\/webmaibinh.com\/w\/noithat132011\/wp-json\/wp\/v2\/media?parent=397"}],"curies":[{"name":"wp","href":"https:\/\/api.w.org\/{rel}","templated":true}]}}